{"id":3663,"date":"2022-03-01T10:15:23","date_gmt":"2022-03-01T09:15:23","guid":{"rendered":"https:\/\/www.promostudio.info\/?post_type=product&#038;p=3663"},"modified":"2022-04-13T19:05:42","modified_gmt":"2022-04-13T17:05:42","slug":"bernardi-lorenzo","status":"publish","type":"product","link":"https:\/\/www.promostudio.info\/en\/speakers\/bernardi-lorenzo\/","title":{"rendered":"Bernardi, Lorenzo"},"content":{"rendered":"\n<style type=\"text\/css\" data-created_by=\"avia_inline_auto\" id=\"style-css-av-14oz9t3-79ec0b4decb01dce87dbd6edab13d65c\">\n.avia-section.av-14oz9t3-79ec0b4decb01dce87dbd6edab13d65c{\nbackground-color:#ededed;\nbackground-image:url(https:\/\/www.promostudio.info\/wp-content\/uploads\/2021\/01\/Professional-Speakers-650x380-1.jpg);\nbackground-repeat:no-repeat;\nbackground-position:50% 100%;\nbackground-attachment:fixed;\n}\n.avia-section.av-14oz9t3-79ec0b4decb01dce87dbd6edab13d65c .av-section-color-overlay{\nopacity:0.8;\nbackground-color:#0a0a0a;\n}\n<\/style>\n<div id='av_section_1'  class='avia-section av-14oz9t3-79ec0b4decb01dce87dbd6edab13d65c main_color avia-section-default avia-no-border-styling  avia-builder-el-0  el_before_av_section  avia-builder-el-first  avia-full-stretch avia-bg-style-fixed av-section-color-overlay-active av-minimum-height av-minimum-height-50 av-height-50  container_wrap sidebar_right'  data-section-bg-repeat='stretch' data-av_minimum_height_pc='50' data-av_min_height_opt='50'><div class=\"av-section-color-overlay-wrap\"><div class=\"av-section-color-overlay\"><\/div><div class='container av-section-cont-open' ><main  role=\"main\" itemprop=\"mainContentOfPage\"  class='template-page content  av-content-small alpha units'><div class='post-entry post-entry-type-page post-entry-3663'><div class='entry-content-wrapper clearfix'>\n<div  class='flex_column av-130vzpz-4656a84f09406459bc19199b25f966d4 av_three_fourth  avia-builder-el-1  el_before_av_one_fourth  avia-builder-el-first  first flex_column_div  '     ><p>\n<style type=\"text\/css\" data-created_by=\"avia_inline_auto\" id=\"style-css-av-kylaj28i-ec9e2a3b30bf7cc0697a74574eb4d706\">\n#top .av-special-heading.av-kylaj28i-ec9e2a3b30bf7cc0697a74574eb4d706{\npadding-bottom:10px;\ncolor:#ffffff;\n}\nbody .av-special-heading.av-kylaj28i-ec9e2a3b30bf7cc0697a74574eb4d706 .av-special-heading-tag .heading-char{\nfont-size:25px;\n}\n.av-special-heading.av-kylaj28i-ec9e2a3b30bf7cc0697a74574eb4d706 .special-heading-inner-border{\nborder-color:#ffffff;\n}\n.av-special-heading.av-kylaj28i-ec9e2a3b30bf7cc0697a74574eb4d706 .av-subheading{\nfont-size:15px;\n}\n<\/style>\n<div  class='av-special-heading av-kylaj28i-ec9e2a3b30bf7cc0697a74574eb4d706 av-special-heading-h1 custom-color-heading blockquote modern-quote  avia-builder-el-2  el_before_av_hr  avia-builder-el-first '><h1 class='av-special-heading-tag '  itemprop=\"headline\"  >Lorenzo Bernardi<\/h1><div class=\"special-heading-border\"><div class=\"special-heading-inner-border\"><\/div><\/div><\/div><br \/>\n<div  class='hr av-11pn8vb-d8e20f3f7a867c62673888576d511f8a hr-default  avia-builder-el-3  el_after_av_heading  el_before_av_heading '><span class='hr-inner '><span class=\"hr-inner-style\"><\/span><\/span><\/div><br \/>\n\n<style type=\"text\/css\" data-created_by=\"avia_inline_auto\" id=\"style-css-av-kylaj8e4-08010e02efc1f17fd871ff6b98b78b66\">\n#top .av-special-heading.av-kylaj8e4-08010e02efc1f17fd871ff6b98b78b66{\npadding-bottom:10px;\ncolor:#ffffff;\n}\nbody .av-special-heading.av-kylaj8e4-08010e02efc1f17fd871ff6b98b78b66 .av-special-heading-tag .heading-char{\nfont-size:25px;\n}\n.av-special-heading.av-kylaj8e4-08010e02efc1f17fd871ff6b98b78b66 .special-heading-inner-border{\nborder-color:#ffffff;\n}\n.av-special-heading.av-kylaj8e4-08010e02efc1f17fd871ff6b98b78b66 .av-subheading{\nfont-size:15px;\n}\n<\/style>\n<div  class='av-special-heading av-kylaj8e4-08010e02efc1f17fd871ff6b98b78b66 av-special-heading-h3 custom-color-heading blockquote modern-quote  avia-builder-el-4  el_after_av_hr  avia-builder-el-last '><h3 class='av-special-heading-tag '  itemprop=\"headline\"  >Allenatore di pallavolo, ex campione di pallavolo, formatore<\/h3><div class=\"special-heading-border\"><div class=\"special-heading-inner-border\"><\/div><\/div><\/div><\/p><\/div><div  class='flex_column av-106ash3-f45575ce3d2f996c69e46f86fcc1ba61 av_one_fourth  avia-builder-el-5  el_after_av_three_fourth  el_before_av_three_fourth  flex_column_div  '     ><div  class='avia-slideshow av-kylail20-08fdb287f07344b7c38d7193fe1d8333 avia-slideshow-medium av_slideshow avia-slide-slider  avia-builder-el-6  avia-builder-el-no-sibling  av-slideshow-ui av-control-default av-slideshow-manual av-loop-once av-loop-manual-endless av-default-height-applied avia-slideshow-1' data-slideshow-options=\"{&quot;animation&quot;:&quot;slide&quot;,&quot;autoplay&quot;:false,&quot;loop_autoplay&quot;:&quot;once&quot;,&quot;interval&quot;:5,&quot;loop_manual&quot;:&quot;manual-endless&quot;,&quot;autoplay_stopper&quot;:false,&quot;noNavigation&quot;:false,&quot;bg_slider&quot;:false,&quot;keep_padding&quot;:false,&quot;hoverpause&quot;:false,&quot;show_slide_delay&quot;:0}\"  itemprop=\"image\" itemscope=\"itemscope\" itemtype=\"https:\/\/schema.org\/ImageObject\" ><ul class='avia-slideshow-inner ' style='padding-bottom: 120%;'><li  class='avia-slideshow-slide av-kylail20-08fdb287f07344b7c38d7193fe1d8333__0  av-single-slide slide-1 slide-odd'><div data-rel='slideshow-1' class='avia-slide-wrap '   ><img decoding=\"async\" fetchpriority=\"high\" class=\"wp-image-4301 avia-img-lazy-loading-not-4301\"  src=\"https:\/\/www.promostudio.info\/wp-content\/uploads\/2022\/01\/lorenzo-bernardi.jpg\" width=\"250\" height=\"300\" title='lorenzo-bernardi' alt=''  itemprop=\"thumbnailUrl\"   \/><\/div><\/li><\/ul><\/div><\/div><div class='flex_column_table av-y24lc7-a8fb979250679155b689f22d147d5699 sc-av_three_fourth av-equal-height-column-flextable'><div  class='flex_column av-y24lc7-a8fb979250679155b689f22d147d5699 av_three_fourth  avia-builder-el-7  el_after_av_one_fourth  el_before_av_one_fourth  first flex_column_table_cell av-equal-height-column av-align-top  column-top-margin'     ><\/div><div class='av-flex-placeholder'><\/div><div  class='flex_column av-rj4l5j-9fac91cc9de78e3bdff5b863b6574bf6 av_one_fourth  avia-builder-el-9  el_after_av_three_fourth  avia-builder-el-last  flex_column_table_cell av-equal-height-column av-align-top  column-top-margin'     ><\/div><\/div><!--close column table wrapper. Autoclose: 1 -->\n\n<\/div><\/div><\/main><!-- close content main element --><\/div><\/div><\/div><div id='av_section_2'  class='avia-section av-pf5w2v-26561d0b045ba6fb0333d5b4999b8f9f main_color avia-section-default avia-no-border-styling  avia-builder-el-10  el_after_av_section  avia-builder-el-last  avia-bg-style-scroll container_wrap sidebar_right'  ><div class='container av-section-cont-open' ><div class='template-page content  av-content-small alpha units'><div class='post-entry post-entry-type-page post-entry-3663'><div class='entry-content-wrapper clearfix'>\n\n<style type=\"text\/css\" data-created_by=\"avia_inline_auto\" id=\"style-css-av-nmw5br-00a3f9318ce079332dba3b0cd5787959\">\n@keyframes av_boxShadowEffect_av-nmw5br-00a3f9318ce079332dba3b0cd5787959-column {\n0%   { box-shadow:  0 0 0 0 #a8a8a8; opacity: 1; }\n100% { box-shadow:  0 0 10px 0 #a8a8a8; opacity: 1; }\n}\n.flex_column.av-nmw5br-00a3f9318ce079332dba3b0cd5787959{\nbox-shadow: 0 0 10px 0 #a8a8a8;\nborder-width:1px;\nborder-color:#bfbfbf;\nborder-style:solid;\npadding:30px 30px 30px 30px;\nbackground-color:#ffffff;\n}\n<\/style>\n<div  class='flex_column av-nmw5br-00a3f9318ce079332dba3b0cd5787959 av_two_third  avia-builder-el-11  el_before_av_one_third  avia-builder-el-first  first flex_column_div shadow-not-animated  '     ><p>\n<style type=\"text\/css\" data-created_by=\"avia_inline_auto\" id=\"style-css-av-mgrxzr-a8ca1e0776e02d11118d7ba8126ddedd\">\n#top .av-special-heading.av-mgrxzr-a8ca1e0776e02d11118d7ba8126ddedd{\npadding-bottom:10px;\n}\nbody .av-special-heading.av-mgrxzr-a8ca1e0776e02d11118d7ba8126ddedd .av-special-heading-tag .heading-char{\nfont-size:25px;\n}\n.av-special-heading.av-mgrxzr-a8ca1e0776e02d11118d7ba8126ddedd .av-subheading{\nfont-size:15px;\n}\n<\/style>\n<div  class='av-special-heading av-mgrxzr-a8ca1e0776e02d11118d7ba8126ddedd av-special-heading-h2 blockquote modern-quote  avia-builder-el-12  el_before_av_textblock  avia-builder-el-first '><h2 class='av-special-heading-tag '  itemprop=\"headline\"  >Ambiti Principali:<\/h2><div class=\"special-heading-border\"><div class=\"special-heading-inner-border\"><\/div><\/div><\/div><br \/>\n<section  class='av_textblock_section av-kylajyvh-21796b2e0e193c523b015394e0301698 '   itemscope=\"itemscope\" itemtype=\"https:\/\/schema.org\/CreativeWork\" ><div class='avia_textblock'  itemprop=\"text\" ><ul>\n<li>Il valore della squadra (chi \u00e8 in campo e chi \u00e8 fuori dal campo)<\/li>\n<li>Obiettivo personale e obiettivo di squadra<\/li>\n<li>Team working: suddivisione dei ruoli e delle responsabilit\u00e0, partecipazione a un progetto comune<\/li>\n<li>Come rendere un sogno realt\u00e0<\/li>\n<li>Leadership<\/li>\n<li>Gestione dello stress e lavorare sotto pressione<\/li>\n<li>Gestione del cambiamento<\/li>\n<li>Imparare dagli errori e trasformarli in opportunit\u00e0 di crescita e miglioramento<\/li>\n<li>Motivazione e resilienza<\/li>\n<li>Come distruggere gli alibi<\/li>\n<li>Come guidare un gruppo e trasformarlo in una Squadra vincente<\/li>\n<li>Creare obiettivi raggiungibili e vincenti<\/li>\n<li>Trovare la motivazione dentro noi stessi<\/li>\n<\/ul>\n<\/div><\/section><br \/>\n\n<style type=\"text\/css\" data-created_by=\"avia_inline_auto\" id=\"style-css-av-l5yuev-140462bcc01f1474e8095ec0e3cde7a3\">\n#top .av-special-heading.av-l5yuev-140462bcc01f1474e8095ec0e3cde7a3{\npadding-bottom:10px;\n}\nbody .av-special-heading.av-l5yuev-140462bcc01f1474e8095ec0e3cde7a3 .av-special-heading-tag .heading-char{\nfont-size:25px;\n}\n.av-special-heading.av-l5yuev-140462bcc01f1474e8095ec0e3cde7a3 .av-subheading{\nfont-size:15px;\n}\n<\/style>\n<div  class='av-special-heading av-l5yuev-140462bcc01f1474e8095ec0e3cde7a3 av-special-heading-h2 blockquote modern-quote  avia-builder-el-14  el_after_av_textblock  el_before_av_textblock '><h2 class='av-special-heading-tag '  itemprop=\"headline\"  >Profilo Professionale:<\/h2><div class=\"special-heading-border\"><div class=\"special-heading-inner-border\"><\/div><\/div><\/div><br \/>\n<section  class='av_textblock_section av-kylas358-5b4ecf1c56075642f69adaa8a9754062 '   itemscope=\"itemscope\" itemtype=\"https:\/\/schema.org\/CreativeWork\" ><div class='avia_textblock'  itemprop=\"text\" ><p><b>Lorenzo Bernardi<\/b> \u00e8 un allenatore di pallavolo ed ex pallavolista italiano.<\/p>\n<p>Nel 2001 \u00e8 stato eletto dalla FIVB &#8220;Miglior giocatore di pallavolo del XX secolo&#8221; assieme allo statunitense Karch Kiraly ed \u00e8 per questo considerato come il pallavolista pi\u00f9 forte di tutti i tempi, oltre che un simbolo in Italia della cosiddetta generazione di fenomeni.<\/p>\n<p>Inizi\u00f2 la sua carriera come palleggiatore negli anni ottanta, giocando per il CUS Trento (ottenne una promozione in Serie B nel 1983); debutt\u00f2 poi in Serie A1 con l&#8217;Americanino Padova nella stagione 1984-85 e venne dunque ingaggiato dalla Panini Modena di Julio Velasco, che allenandolo ne intu\u00ec le doti di schiacciatore. Con la squadra modenese vinse quattro scudetti e una lunga serie di trofei minori e di coppe europee. Dopo la crisi finanziaria a cui Modena and\u00f2 incontro nei primi anni novanta, Bernardi fu ingaggiato dall&#8217;ambizioso Volley Treviso, con cui gioc\u00f2 tredici stagioni inanellando una nuova serie di successi.<\/p>\n<p>Velasco divenne presto il principale punto di riferimento della sua carriera, anche in Nazionale. Dopo il debutto, avvenuto sotto la gestione Skiba il 27 maggio 1987 in Portogallo durante il torneo di qualificazione agli Europei, Bernardi divenne uno dei principali artefici dei successi dell&#8217;Italia allenata da Velasco negli anni novanta. Vanta un totale di 306 presenze in maglia azzurra. Nel 1994 venne eletto miglior giocatore del Mondiale e la stessa cosa accade l&#8217;anno successivo agli Europei.<\/p>\n<p>Nella stagione 2001-02 vinse il nono scudetto della sua carriera; detiene dunque ancora oggi, assieme a Gian Franco Zanetti, il record di atleta pi\u00f9 scudettato nel campionato italiano. Successivamente vest\u00ec la maglia di varie squadre, tra cui quella dell&#8217;Itas Trentino (2002-2004); gioc\u00f2 anche, per un breve periodo, in Grecia e poi in Qatar.<\/p>\n<p>Nel 2007 si \u00e8 ritirato dalla pallavolo professionistica, lasciando la serie A per spostarsi in Trentino all&#8217;Anaune Cles, in B1. Lasciata la squadra trentina dopo la promozione in Serie A2 (2008-09), gli \u00e8 stata affidata la Nazionale juniores, con cui ha vinto la medaglia d&#8217;oro ai Giochi del Mediterraneo di Pescara.<\/p>\n<p>Per la stagione 2009-10 \u00e8 stato ingaggiato dalla Pallavolo Padova, in A2, ma viene esonerato a met\u00e0 campionato dopo la sconfitta con Quasar Massa Carrara. Nella stagione successiva (2010-11) viene ingaggiato (sostituendo l&#8217;allenatore Igor Prielozny) per condurre il Klub Sportowy Jastrz\u0119bski W\u0119giel[1], squadra militante nella massima categoria polacca dove ha raggiunto due final four di coppa dei campioni da squadra assolutamente non favorita. Nel 2014, diventa l&#8217;allenatore della squadra turca della capitale, l&#8217;Halkbank Ankara dove ha vinto tutti i trofei nazionali . Il 10 novembre 2016 viene chiamato a sostituire Slobodan Kova\u010d sulla panchina della Sir Safety Umbria Volley.<\/p>\n<p>Dopo essere stato eletto il migliore giocatore al mondo grazie anche alle vittorie con la nazionale di pallavolo maschile degli anni &#8217;90, oggi \u00e8 l&#8217;allenatore campione d&#8217;Italia.<\/p>\n<p>Nella stagione 2017-2018 a Perugia ha vinto lo Scudetto, la Coppa Italia e Super Coppa.<\/p>\n<p>Bernardi \u00e8 anche un opinionista (SKY e RAI) e un testimonial di eccezione, intervenendo all&#8217;interno di convention aziendali in qualit\u00e0 di motivatore e formatore. Dal 2016, fa parte del consiglio Nazionale del CONI.<\/p>\n<p>Alcune aziende che hanno apprezzato i suoi interventi:<br \/>\nEngineering, DHL, Deutsche Bank, Mediolanum, Fineco Bank.<\/p>\n<\/div><\/section><\/p><\/div><div  class='flex_column av-fljhbr-371efa7a2fa3edb37a15c57741a7ea6b av_one_third  avia-builder-el-16  el_after_av_two_third  avia-builder-el-last  flex_column_div  '     ><div  class='avia-builder-widget-area clearfix  avia-builder-el-17  avia-builder-el-no-sibling '><div id=\"custom_html-3\" class=\"widget_text widget clearfix widget_custom_html\"><div class=\"textwidget custom-html-widget\">\n<style type=\"text\/css\" data-created_by=\"avia_inline_auto\" id=\"style-css-av-dskg1y-7640993e4bf78f89128063a9fecf1497\">\n.av_promobox.av-dskg1y-7640993e4bf78f89128063a9fecf1497{\ncolor:#ffffff;\nbackground:#444444;\nborder-color:#333333;\n}\n<\/style>\n<div  class='av_promobox av-dskg1y-7640993e4bf78f89128063a9fecf1497 avia-button-no'><div class='avia-promocontent'><h3 style=\"text-align: center;\"><span style=\"color: #ffffff;\">To know costs and availability<\/span><\/h3>\n<\/div><\/div>\r\n<form action=\"https:\/\/www.promostudio.info\/en\/speakers\/bernardi-lorenzo\/\" method=\"post\" data-fields-with-error=\"Found errors in the following field(s):\" class=\"avia_ajax_form av-form-labels-hidden    \" data-avia-form-id=\"1\" data-avia-redirect='' ><h3 class=''>Fill out the form<\/h3><fieldset><p class='  first_form  form_element form_element_half' id='element_avia_1_1'><label for=\"avia_1_1\">Name <abbr class=\"required\" title=\"required\">*<\/abbr><\/label> <input name=\"avia_1_1\" class=\"text_input is_empty\" type=\"text\" id=\"avia_1_1\" value=\"\"  placeholder='Name*'\/><\/p><p class='  form_element form_element_half' id='element_avia_2_1'><label for=\"avia_2_1\">Surname <abbr class=\"required\" title=\"required\">*<\/abbr><\/label> <input name=\"avia_2_1\" class=\"text_input is_empty\" type=\"text\" id=\"avia_2_1\" value=\"\"  placeholder='Surname*'\/><\/p><p class='  first_form  form_element form_fullwidth' id='element_avia_3_1'><label for=\"avia_3_1\">Company <abbr class=\"required\" title=\"required\">*<\/abbr><\/label> <input name=\"avia_3_1\" class=\"text_input is_empty\" type=\"text\" id=\"avia_3_1\" value=\"\"  placeholder='Company*'\/><\/p><p class='  first_form  form_element form_element_half' id='element_avia_4_1'><label for=\"avia_4_1\">E-mail <abbr class=\"required\" title=\"required\">*<\/abbr><\/label> <input name=\"avia_4_1\" class=\"text_input is_email\" type=\"text\" id=\"avia_4_1\" value=\"\"  placeholder='E-mail*'\/><\/p><p class='  form_element form_element_half' id='element_avia_5_1'><label for=\"avia_5_1\">Phone <abbr class=\"required\" title=\"required\">*<\/abbr><\/label> <input name=\"avia_5_1\" class=\"text_input is_number\" type=\"text\" id=\"avia_5_1\" value=\"\"  placeholder='Phone*'\/><\/p><p class='  first_form  form_element form_fullwidth' id='element_avia_6_1'><label for=\"avia_6_1\">Speaker of your interest <abbr class=\"required\" title=\"required\">*<\/abbr><\/label> <input name=\"avia_6_1\" class=\"text_input is_empty\" type=\"text\" id=\"avia_6_1\" value=\"\"  placeholder='Speaker of your interest*'\/><\/p><p class='  first_form  form_element form_fullwidth' id='element_avia_7_1'><label for=\"avia_7_1\" class=\"textare_label hidden textare_label_avia_7_1\">Message <abbr class=\"required\" title=\"required\">*<\/abbr><\/label><textarea  placeholder='Message*' name=\"avia_7_1\" class=\"text_area is_empty\" cols=\"40\" rows=\"7\" id=\"avia_7_1\" ><\/textarea><\/p><p class=\"hidden\"><input type=\"text\" name=\"avia_8_1\" class=\"hidden \" id=\"avia_8_1\" value=\"\" \/><\/p><p class=' av_form_privacy_check av_contact_privacy_check first_form  form_element form_fullwidth' id='element_avia_9_1'><input  name=\"avia_9_1\" class=\"input_checkbox is_empty\" type=\"checkbox\" id=\"avia_9_1\" value=\"true\"\/><label class=\"input_checkbox_label\" for=\"avia_9_1\">I consent to the processing of my data according to our <a href='https:\/\/www.promostudio.info\/privacy-policy\/' target='_blank'>Privacy Policy<\/a> (GDPR Ue 2016\/679) <abbr class=\"required\" title=\"required\">*<\/abbr><\/label><\/p><p class=\"form_element \"><input type=\"hidden\" value=\"1\" name=\"avia_generated_form1\" \/><input type=\"submit\" value=\"Submit your request\" class=\"button\"  data-sending-label=\"Sending\"\/><\/p><\/fieldset><\/form><div id=\"ajaxresponse_1\" class=\"ajaxresponse ajaxresponse_1 hidden\"><\/div><\/div><\/div><\/div><\/div><\/div><\/div><\/div><!-- close content main div --><\/div><\/div><div id='after_section_2'  class='main_color av_default_container_wrap container_wrap sidebar_right'  ><div class='container av-section-cont-open' ><div class='template-page content  av-content-small alpha units'><div class='post-entry post-entry-type-page post-entry-3663'><div class='entry-content-wrapper clearfix'>\n","protected":false},"excerpt":{"rendered":"","protected":false},"featured_media":3496,"comment_status":"closed","ping_status":"closed","template":"","meta":[],"product_brand":[],"product_cat":[42],"product_tag":[],"class_list":{"0":"post-3663","1":"product","2":"type-product","3":"status-publish","4":"has-post-thumbnail","6":"product_cat-sportivi","8":"first","9":"instock","10":"shipping-taxable","11":"product-type-simple"},"_links":{"self":[{"href":"https:\/\/www.promostudio.info\/en\/wp-json\/wp\/v2\/product\/3663","targetHints":{"allow":["GET"]}}],"collection":[{"href":"https:\/\/www.promostudio.info\/en\/wp-json\/wp\/v2\/product"}],"about":[{"href":"https:\/\/www.promostudio.info\/en\/wp-json\/wp\/v2\/types\/product"}],"replies":[{"embeddable":true,"href":"https:\/\/www.promostudio.info\/en\/wp-json\/wp\/v2\/comments?post=3663"}],"wp:featuredmedia":[{"embeddable":true,"href":"https:\/\/www.promostudio.info\/en\/wp-json\/wp\/v2\/media\/3496"}],"wp:attachment":[{"href":"https:\/\/www.promostudio.info\/en\/wp-json\/wp\/v2\/media?parent=3663"}],"wp:term":[{"taxonomy":"product_brand","embeddable":true,"href":"https:\/\/www.promostudio.info\/en\/wp-json\/wp\/v2\/product_brand?post=3663"},{"taxonomy":"product_cat","embeddable":true,"href":"https:\/\/www.promostudio.info\/en\/wp-json\/wp\/v2\/product_cat?post=3663"},{"taxonomy":"product_tag","embeddable":true,"href":"https:\/\/www.promostudio.info\/en\/wp-json\/wp\/v2\/product_tag?post=3663"}],"curies":[{"name":"wp","href":"https:\/\/api.w.org\/{rel}","templated":true}]}}