{"id":3804,"date":"2022-03-02T15:27:45","date_gmt":"2022-03-02T14:27:45","guid":{"rendered":"https:\/\/www.promostudio.info\/speakers\/liera-marco-copy\/"},"modified":"2022-04-13T18:43:22","modified_gmt":"2022-04-13T16:43:22","slug":"lomborg-bjorn","status":"publish","type":"product","link":"https:\/\/www.promostudio.info\/en\/speakers\/lomborg-bjorn\/","title":{"rendered":"Lomborg, Bj\u00f8rn"},"content":{"rendered":"\n<style type=\"text\/css\" data-created_by=\"avia_inline_auto\" id=\"style-css-av-12wsjaq-6003a4942ca86f205a4aff7e78d16ed4\">\n.avia-section.av-12wsjaq-6003a4942ca86f205a4aff7e78d16ed4{\nbackground-color:#ededed;\nbackground-image:url(https:\/\/www.promostudio.info\/wp-content\/uploads\/2021\/01\/Professional-Speakers-650x380-1.jpg);\nbackground-repeat:no-repeat;\nbackground-position:50% 100%;\nbackground-attachment:fixed;\n}\n.avia-section.av-12wsjaq-6003a4942ca86f205a4aff7e78d16ed4 .av-section-color-overlay{\nopacity:0.8;\nbackground-color:#0a0a0a;\n}\n<\/style>\n<div id='av_section_1'  class='avia-section av-12wsjaq-6003a4942ca86f205a4aff7e78d16ed4 main_color avia-section-default avia-no-border-styling  avia-builder-el-0  el_before_av_section  avia-builder-el-first  avia-full-stretch avia-bg-style-fixed av-section-color-overlay-active av-minimum-height av-minimum-height-50 av-height-50  container_wrap sidebar_right'  data-section-bg-repeat='stretch' data-av_minimum_height_pc='50' data-av_min_height_opt='50'><div class=\"av-section-color-overlay-wrap\"><div class=\"av-section-color-overlay\"><\/div><div class='container av-section-cont-open' ><main  role=\"main\" itemprop=\"mainContentOfPage\"  class='template-page content  av-content-small alpha units'><div class='post-entry post-entry-type-page post-entry-3804'><div class='entry-content-wrapper clearfix'>\n<div  class='flex_column av-113nxfm-4ee6e13ac9ea4225f2c633f40d797b27 av_three_fourth  avia-builder-el-1  el_before_av_one_fourth  avia-builder-el-first  first flex_column_div  '     ><p>\n<style type=\"text\/css\" data-created_by=\"avia_inline_auto\" id=\"style-css-av-l09fgnox-e32a57425ae9207c8856b3c3d57da80c\">\n#top .av-special-heading.av-l09fgnox-e32a57425ae9207c8856b3c3d57da80c{\npadding-bottom:10px;\ncolor:#ffffff;\n}\nbody .av-special-heading.av-l09fgnox-e32a57425ae9207c8856b3c3d57da80c .av-special-heading-tag .heading-char{\nfont-size:25px;\n}\n.av-special-heading.av-l09fgnox-e32a57425ae9207c8856b3c3d57da80c .special-heading-inner-border{\nborder-color:#ffffff;\n}\n.av-special-heading.av-l09fgnox-e32a57425ae9207c8856b3c3d57da80c .av-subheading{\nfont-size:15px;\n}\n<\/style>\n<div  class='av-special-heading av-l09fgnox-e32a57425ae9207c8856b3c3d57da80c av-special-heading-h1 custom-color-heading blockquote modern-quote  avia-builder-el-2  el_before_av_hr  avia-builder-el-first '><h1 class='av-special-heading-tag '  itemprop=\"headline\"  >Bj\u00f8rn Lomborg<\/h1><div class=\"special-heading-border\"><div class=\"special-heading-inner-border\"><\/div><\/div><\/div><br \/>\n<div  class='hr av-107m5xu-92d3456da97b56fc6e771779363b34ad hr-default  avia-builder-el-3  el_after_av_heading  el_before_av_heading '><span class='hr-inner '><span class=\"hr-inner-style\"><\/span><\/span><\/div><br \/>\n\n<style type=\"text\/css\" data-created_by=\"avia_inline_auto\" id=\"style-css-av-l09fhrqx-97c65fce6665b4889aa1c74a6c41689d\">\n#top .av-special-heading.av-l09fhrqx-97c65fce6665b4889aa1c74a6c41689d{\npadding-bottom:10px;\ncolor:#ffffff;\n}\nbody .av-special-heading.av-l09fhrqx-97c65fce6665b4889aa1c74a6c41689d .av-special-heading-tag .heading-char{\nfont-size:25px;\n}\n.av-special-heading.av-l09fhrqx-97c65fce6665b4889aa1c74a6c41689d .special-heading-inner-border{\nborder-color:#ffffff;\n}\n.av-special-heading.av-l09fhrqx-97c65fce6665b4889aa1c74a6c41689d .av-subheading{\nfont-size:15px;\n}\n<\/style>\n<div  class='av-special-heading av-l09fhrqx-97c65fce6665b4889aa1c74a6c41689d av-special-heading-h3 custom-color-heading blockquote modern-quote  avia-builder-el-4  el_after_av_hr  avia-builder-el-last '><h3 class='av-special-heading-tag '  itemprop=\"headline\"  >Adjunct professor<\/h3><div class='av_custom_color av-subheading av-subheading_below'><p>alla Copenhagen Business School<br \/>\nDirettore dell\u2019Environmental Assessment Institute di Danimarca<br \/>\nOrganizzatore del Copenhagen Consensus<\/p>\n<\/div><div class=\"special-heading-border\"><div class=\"special-heading-inner-border\"><\/div><\/div><\/div><\/p><\/div><div  class='flex_column av-y9gnqa-416f2c649ba0a07cdf22311ccd266591 av_one_fourth  avia-builder-el-5  el_after_av_three_fourth  el_before_av_three_fourth  flex_column_div  '     ><div  class='avia-slideshow av-l09fh95t-525481ce172ced3c03dbff51fc8d91ba avia-slideshow-medium av_slideshow avia-slide-slider  avia-builder-el-6  avia-builder-el-no-sibling  av-slideshow-ui av-control-default av-slideshow-manual av-loop-once av-loop-manual-endless av-default-height-applied avia-slideshow-1' data-slideshow-options=\"{&quot;animation&quot;:&quot;slide&quot;,&quot;autoplay&quot;:false,&quot;loop_autoplay&quot;:&quot;once&quot;,&quot;interval&quot;:5,&quot;loop_manual&quot;:&quot;manual-endless&quot;,&quot;autoplay_stopper&quot;:false,&quot;noNavigation&quot;:false,&quot;bg_slider&quot;:false,&quot;keep_padding&quot;:false,&quot;hoverpause&quot;:false,&quot;show_slide_delay&quot;:0}\"  itemprop=\"image\" itemscope=\"itemscope\" itemtype=\"https:\/\/schema.org\/ImageObject\" ><ul class='avia-slideshow-inner ' style='padding-bottom: 120%;'><li  class='avia-slideshow-slide av-l09fh95t-525481ce172ced3c03dbff51fc8d91ba__0  av-single-slide slide-1 slide-odd'><div data-rel='slideshow-1' class='avia-slide-wrap '   ><img decoding=\"async\" fetchpriority=\"high\" class=\"wp-image-4356 avia-img-lazy-loading-not-4356\"  src=\"https:\/\/www.promostudio.info\/wp-content\/uploads\/2022\/03\/Bjorn-Lomborg.jpg\" width=\"250\" height=\"300\" title='Bj\u00f8rn-Lomborg' alt=''  itemprop=\"thumbnailUrl\"   \/><\/div><\/li><\/ul><\/div><\/div><div class='flex_column_table av-vpu1qa-aa3675015a16d824156b6a78136fc8ce sc-av_three_fourth av-equal-height-column-flextable'><div  class='flex_column av-vpu1qa-aa3675015a16d824156b6a78136fc8ce av_three_fourth  avia-builder-el-7  el_after_av_one_fourth  el_before_av_one_fourth  first flex_column_table_cell av-equal-height-column av-align-top  column-top-margin'     ><\/div><div class='av-flex-placeholder'><\/div><div  class='flex_column av-pinhwi-2707b421751ea244cb801cf36d0226ed av_one_fourth  avia-builder-el-9  el_after_av_three_fourth  avia-builder-el-last  flex_column_table_cell av-equal-height-column av-align-top  column-top-margin'     ><\/div><\/div><!--close column table wrapper. Autoclose: 1 -->\n\n<\/div><\/div><\/main><!-- close content main element --><\/div><\/div><\/div><div id='av_section_2'  class='avia-section av-nvcama-bac09288142fadeb64e2b1828cf2837a main_color avia-section-default avia-no-border-styling  avia-builder-el-10  el_after_av_section  avia-builder-el-last  avia-bg-style-scroll container_wrap sidebar_right'  ><div class='container av-section-cont-open' ><div class='template-page content  av-content-small alpha units'><div class='post-entry post-entry-type-page post-entry-3804'><div class='entry-content-wrapper clearfix'>\n\n<style type=\"text\/css\" data-created_by=\"avia_inline_auto\" id=\"style-css-av-m3fmjm-f283e020f3ba691d27f5ab9096532ac5\">\n@keyframes av_boxShadowEffect_av-m3fmjm-f283e020f3ba691d27f5ab9096532ac5-column {\n0%   { box-shadow:  0 0 0 0 #a8a8a8; opacity: 1; }\n100% { box-shadow:  0 0 10px 0 #a8a8a8; opacity: 1; }\n}\n.flex_column.av-m3fmjm-f283e020f3ba691d27f5ab9096532ac5{\nbox-shadow: 0 0 10px 0 #a8a8a8;\nborder-width:1px;\nborder-color:#bfbfbf;\nborder-style:solid;\npadding:30px 30px 30px 30px;\nbackground-color:#ffffff;\n}\n<\/style>\n<div  class='flex_column av-m3fmjm-f283e020f3ba691d27f5ab9096532ac5 av_two_third  avia-builder-el-11  el_before_av_one_third  avia-builder-el-first  first flex_column_div shadow-not-animated  '     ><p>\n<style type=\"text\/css\" data-created_by=\"avia_inline_auto\" id=\"style-css-av-k7dkdu-afc69b8232d291796ba07c45a0a2a081\">\n#top .av-special-heading.av-k7dkdu-afc69b8232d291796ba07c45a0a2a081{\npadding-bottom:10px;\n}\nbody .av-special-heading.av-k7dkdu-afc69b8232d291796ba07c45a0a2a081 .av-special-heading-tag .heading-char{\nfont-size:25px;\n}\n.av-special-heading.av-k7dkdu-afc69b8232d291796ba07c45a0a2a081 .av-subheading{\nfont-size:15px;\n}\n<\/style>\n<div  class='av-special-heading av-k7dkdu-afc69b8232d291796ba07c45a0a2a081 av-special-heading-h2 blockquote modern-quote  avia-builder-el-12  el_before_av_textblock  avia-builder-el-first '><h2 class='av-special-heading-tag '  itemprop=\"headline\"  >Ambiti Principali:<\/h2><div class=\"special-heading-border\"><div class=\"special-heading-inner-border\"><\/div><\/div><\/div><br \/>\n<section  class='av_textblock_section av-l09fiknh-5c2eb651f66a1bc98761e9e9219e836b '   itemscope=\"itemscope\" itemtype=\"https:\/\/schema.org\/CreativeWork\" ><div class='avia_textblock'  itemprop=\"text\" ><ul>\n<li>Economia politica<\/li>\n<li>Temi relativi alla popolazione, all\u2019ambiente e di rilevanza mondiale<\/li>\n<li>Soluzioni globali<\/li>\n<li>Simulazione di strategie in questioni che richiedono azioni collettive<\/li>\n<li>Dibattiti attuali su questioni politiche, culturali e sociali<\/li>\n<\/ul>\n<blockquote>\n<p><a href=\"https:\/\/www.promostudio.info\/wp-content\/uploads\/2022\/03\/BL_HelpThePoor.pdf\" target=\"_blank\" rel=\"noopener\">In evidenza: Help the Poor With Free Trade | Scarica il PDF<\/a><\/p>\n<\/blockquote>\n<\/div><\/section><br \/>\n\n<style type=\"text\/css\" data-created_by=\"avia_inline_auto\" id=\"style-css-av-ip1z5e-4c18bf9f4492b1df50bceccb792a2496\">\n#top .av-special-heading.av-ip1z5e-4c18bf9f4492b1df50bceccb792a2496{\npadding-bottom:10px;\n}\nbody .av-special-heading.av-ip1z5e-4c18bf9f4492b1df50bceccb792a2496 .av-special-heading-tag .heading-char{\nfont-size:25px;\n}\n.av-special-heading.av-ip1z5e-4c18bf9f4492b1df50bceccb792a2496 .av-subheading{\nfont-size:15px;\n}\n<\/style>\n<div  class='av-special-heading av-ip1z5e-4c18bf9f4492b1df50bceccb792a2496 av-special-heading-h2 blockquote modern-quote  avia-builder-el-14  el_after_av_textblock  el_before_av_textblock '><h2 class='av-special-heading-tag '  itemprop=\"headline\"  >Profilo Professionale:<\/h2><div class=\"special-heading-border\"><div class=\"special-heading-inner-border\"><\/div><\/div><\/div><br \/>\n<section  class='av_textblock_section av-l09flr60-448be07bb9eab3bdc8ef366beefe607f '   itemscope=\"itemscope\" itemtype=\"https:\/\/schema.org\/CreativeWork\" ><div class='avia_textblock'  itemprop=\"text\" ><p>Lomborg \u00e8\u00a0<i>adjunct professor<\/i>\u00a0alla\u00a0<i>Copenhagen Business School<\/i>\u00a0e autore del best seller\u00a0<i>The Skeptical Environmentalist<\/i>\u00a0in cui sfida le tradizionali preoccupazioni sull\u2019ambiente e sottolinea il dovere di occuparsi prima dei problemi pi\u00f9 importanti.<\/p>\n<blockquote>\n<p>Bj\u00f8rn Lomborg stabilisce le priorit\u00e0 globali e non teme di dar voce alle opinioni pi\u00f9 impopolari<\/p>\n<\/blockquote>\n<p>Il libro \u00e8 stato ideato nel 1998, quando Lomborg lavorava come professore associato di statistica al Dipartimento di Scienze Politiche dell\u2019Universit\u00e0 di Aarhus in Danimarca. Allora Lomborg pubblic\u00f2 quattro lunghi articoli sullo stato dell\u2019ambiente in uno dei pi\u00f9 importanti quotidiani danesi, generando un dibattito che produsse pi\u00f9 di 400 altri articoli nei maggiori quotidiani del paese. Proprio quegli articoli portarono alla pubblicazione di <i>The Skeptical Environmentalist<\/i> nel 2001, libro oggi tradotto nelle pi\u00f9 importanti lingue del mondo.<\/p>\n<p>Dalla pubblicazione di\u00a0<i>The Skeptical Environmentalist<\/i>, Lomborg ha spesso partecipato ai dibattiti pubblici. Le sue considerazioni sono apparse regolarmente in prestigiosi giornali quali il\u00a0<i>New York Times<\/i>,\u00a0<i>The Wall Street Journal<\/i>,\u00a0<i>Globe &amp; Mail<\/i>,\u00a0<i>The Guardian<\/i>,\u00a0<i>The Daily<\/i>\u00a0e il\u00a0<i>Sunday Telegraph,<\/i>\u00a0<i>The Times<\/i>,\u00a0<i>The Australian<\/i>,\u00a0<i>the Economist<\/i>. Lomborg \u00e8 anche apparso in show televisivi quali\u00a0<i>Politically Incorrect<\/i>\u00a0e\u00a0<i>ABC 60 minutes<\/i>, come anche in programmi della CNN, BBC, CNBC e PBS.<\/p>\n<p>Nel 2004 Lomborg ha organizzato il\u00a0<i>Copenhagen Consensus<\/i>, un progetto che ha riunito alcuni dei\u00a0<i>top economists<\/i>\u00a0del mondo allo scopo di trovare le migliori soluzioni per i problemi del mondo odierno. La domanda sostanziale che Lomborg ha fatto a questi esperti \u00e8 stata: con risorse limitate, come possiamo fare il meglio possible? Il\u00a0<i>Copenhagen Consensus<\/i>\u00a0ha provato per la prima volta a dare delle priorit\u00e0 alle pi\u00f9 grandi sfide che il mondo di oggi deve raccogliere basandosi su un impiego migliore delle risorse finanziarie (<i>bang-for-the-buck breakdown<\/i>) per affrontare problemi quali il riscaldamento globale, la povert\u00e0 e le malattie.<\/p>\n<p>Nel giugno 2006 ha di nuovo riunito il\u00a0<i>Copenhagen Consensus<\/i>, ma questa volta convocando i pi\u00f9 importanti ambasciatori delle Nazioni Unite invece che gli economisti. Erano presenti ambasciatori della Cina, dell\u2019India e degli USA che insieme rappresentavano met\u00e0 della popolazione mondiale. La loro graduatoria di soluzioni per le sfide che il mondo deve affrontare \u00e8 stata la prima nel suo genere per l\u2019ONU.<\/p>\n<p>Queste due conferenze e i loro risultati sono confluiti in due libri:\u00a0<i>Global Crises, Global Solutions<\/i>\u00a0e\u00a0<i>How to Spend Billion to Make the World a Better Place<\/i>. Il prossimo\u00a0<i>Copenhagen Consensus<\/i> sar\u00e0 nel 2008.<\/p>\n<p>Nel settembre 2007, Lomborg ha pubblicato\u00a0<i>Cool It: The Skeptical Environmentalist&#8217;s Guide to Climate Change<\/i>, un libro pionieristico che sta gi\u00e0 trasformando il dibattito sul riscaldamento globale poich\u00e9 offre una nuova visione basata sia sui bisogni umani che sulle preoccupazioni per l\u2019ambiente.<br \/>\nDal febbraio 2002 al luglio 2004 Lomborg \u00e8 stato Direttore dell\u2019Istituto nazionale di Danimarca per la valutazione ambientale.<\/p>\n<blockquote>\n<ul class=\"arrow2\">\n<li>Nel 2005 Lomborg \u00e8 stato definito\u00a0<i>Young Global Leader<\/i>\u00a0dal\u00a0<i>World Economic Forum<\/i>\u00a0e compariva al 14\u00b0 posto nell\u2019elenco dei pi\u00f9 influenti intellettuali del mondo stilato dal\u00a0<i>Foreign Policy and Prospect Magazine<\/i><\/li>\n<li>Lomborg \u00e8 stato anche definito una delle 100 persone pi\u00f9 influenti del mondo dalla rivista\u00a0<i>Time<\/i>\u00a0e una delle 50 stelle dell\u2019Europa dal\u00a0<i>Business Week\u00a0<\/i>per essere stato uno dei 9\u00a0<i>agenda setters<\/i>\u00a0in Europa.<\/li>\n<li>Per il 2008 Lomborg \u00e8 stato annoverato dal\u00a0<i>Guardian<\/i>\u00a0tra le 50 persone che possono salvare il mondo insieme al cancelliere Tedesco Angela Merkel, ad Al Gore, a Leonardo Di Caprio, al genetista Craig Venter, al sindaco di Londra Ken Livingstone, al Premio Nobel Wangari Maathai e al Ministro dell\u2019Ambiente australiano Peter Garrett.<\/li>\n<\/ul>\n<\/blockquote>\n<\/div><\/section><br \/>\n\n<style type=\"text\/css\" data-created_by=\"avia_inline_auto\" id=\"style-css-av-l09mrbcg-5891e9025de7e4e558184bf4ff8254a5\">\n#top .av-special-heading.av-l09mrbcg-5891e9025de7e4e558184bf4ff8254a5{\npadding-bottom:10px;\n}\nbody .av-special-heading.av-l09mrbcg-5891e9025de7e4e558184bf4ff8254a5 .av-special-heading-tag .heading-char{\nfont-size:25px;\n}\n.av-special-heading.av-l09mrbcg-5891e9025de7e4e558184bf4ff8254a5 .av-subheading{\nfont-size:15px;\n}\n<\/style>\n<div  class='av-special-heading av-l09mrbcg-5891e9025de7e4e558184bf4ff8254a5 av-special-heading-h2 blockquote modern-quote  avia-builder-el-16  el_after_av_textblock  el_before_av_textblock '><h2 class='av-special-heading-tag '  itemprop=\"headline\"  >Profilo Accademico:<\/h2><div class=\"special-heading-border\"><div class=\"special-heading-inner-border\"><\/div><\/div><\/div><br \/>\n<section  class='av_textblock_section av-l09mrp1f-6a8858ec28f6ddc02b116798af58db10 '   itemscope=\"itemscope\" itemtype=\"https:\/\/schema.org\/CreativeWork\" ><div class='avia_textblock'  itemprop=\"text\" ><ul>\n<li>M.A. in scienze politiche, Universit\u00e0 di Copenhagen, 1991<\/li>\n<li>Ph.D. in Scienze Politiche, Universit\u00e0 di Copenhagen, 1994<\/li>\n<\/ul>\n<\/div><\/section><br \/>\n\n<style type=\"text\/css\" data-created_by=\"avia_inline_auto\" id=\"style-css-av-l09ms7f4-0839ee3f456b393eed5da0cef89113e5\">\n#top .av-special-heading.av-l09ms7f4-0839ee3f456b393eed5da0cef89113e5{\npadding-bottom:10px;\n}\nbody .av-special-heading.av-l09ms7f4-0839ee3f456b393eed5da0cef89113e5 .av-special-heading-tag .heading-char{\nfont-size:25px;\n}\n.av-special-heading.av-l09ms7f4-0839ee3f456b393eed5da0cef89113e5 .av-subheading{\nfont-size:15px;\n}\n<\/style>\n<div  class='av-special-heading av-l09ms7f4-0839ee3f456b393eed5da0cef89113e5 av-special-heading-h2 blockquote modern-quote  avia-builder-el-18  el_after_av_textblock  el_before_av_textblock '><h2 class='av-special-heading-tag '  itemprop=\"headline\"  >Principali Pubblicazioni:<\/h2><div class=\"special-heading-border\"><div class=\"special-heading-inner-border\"><\/div><\/div><\/div><br \/>\n<section  class='av_textblock_section av-l09msf5i-56b6092ed45bb7e3eac06749b62a9b52 '   itemscope=\"itemscope\" itemtype=\"https:\/\/schema.org\/CreativeWork\" ><div class='avia_textblock'  itemprop=\"text\" ><ul>\n<li>B. Lomborg, The Skeptical Enviromentalist, 2001<\/li>\n<li>B. Lomborg, Cool it \u2013 The Skeptical Environmentalist&#8217;s Guide To Global Warming, 2007<\/li>\n<\/ul>\n<\/div><\/section><\/p><\/div><div  class='flex_column av-g377ci-a92c220aaa3725fb198153f32089dd34 av_one_third  avia-builder-el-20  el_after_av_two_third  avia-builder-el-last  flex_column_div  '     ><div  class='avia-builder-widget-area clearfix  avia-builder-el-21  avia-builder-el-no-sibling '><div id=\"custom_html-3\" class=\"widget_text widget clearfix widget_custom_html\"><div class=\"textwidget custom-html-widget\">\n<style type=\"text\/css\" data-created_by=\"avia_inline_auto\" id=\"style-css-av-dskg1y-7640993e4bf78f89128063a9fecf1497\">\n.av_promobox.av-dskg1y-7640993e4bf78f89128063a9fecf1497{\ncolor:#ffffff;\nbackground:#444444;\nborder-color:#333333;\n}\n<\/style>\n<div  class='av_promobox av-dskg1y-7640993e4bf78f89128063a9fecf1497 avia-button-no'><div class='avia-promocontent'><h3 style=\"text-align: center;\"><span style=\"color: #ffffff;\">To know costs and availability<\/span><\/h3>\n<\/div><\/div>\r\n<form action=\"https:\/\/www.promostudio.info\/en\/speakers\/lomborg-bjorn\/\" method=\"post\" data-fields-with-error=\"Found errors in the following field(s):\" class=\"avia_ajax_form av-form-labels-hidden    \" data-avia-form-id=\"1\" data-avia-redirect='' ><h3 class=''>Fill out the form<\/h3><fieldset><p class='  first_form  form_element form_element_half' id='element_avia_1_1'><label for=\"avia_1_1\">Name <abbr class=\"required\" title=\"required\">*<\/abbr><\/label> <input name=\"avia_1_1\" class=\"text_input is_empty\" type=\"text\" id=\"avia_1_1\" value=\"\"  placeholder='Name*'\/><\/p><p class='  form_element form_element_half' id='element_avia_2_1'><label for=\"avia_2_1\">Surname <abbr class=\"required\" title=\"required\">*<\/abbr><\/label> <input name=\"avia_2_1\" class=\"text_input is_empty\" type=\"text\" id=\"avia_2_1\" value=\"\"  placeholder='Surname*'\/><\/p><p class='  first_form  form_element form_fullwidth' id='element_avia_3_1'><label for=\"avia_3_1\">Company <abbr class=\"required\" title=\"required\">*<\/abbr><\/label> <input name=\"avia_3_1\" class=\"text_input is_empty\" type=\"text\" id=\"avia_3_1\" value=\"\"  placeholder='Company*'\/><\/p><p class='  first_form  form_element form_element_half' id='element_avia_4_1'><label for=\"avia_4_1\">E-mail <abbr class=\"required\" title=\"required\">*<\/abbr><\/label> <input name=\"avia_4_1\" class=\"text_input is_email\" type=\"text\" id=\"avia_4_1\" value=\"\"  placeholder='E-mail*'\/><\/p><p class='  form_element form_element_half' id='element_avia_5_1'><label for=\"avia_5_1\">Phone <abbr class=\"required\" title=\"required\">*<\/abbr><\/label> <input name=\"avia_5_1\" class=\"text_input is_number\" type=\"text\" id=\"avia_5_1\" value=\"\"  placeholder='Phone*'\/><\/p><p class='  first_form  form_element form_fullwidth' id='element_avia_6_1'><label for=\"avia_6_1\">Speaker of your interest <abbr class=\"required\" title=\"required\">*<\/abbr><\/label> <input name=\"avia_6_1\" class=\"text_input is_empty\" type=\"text\" id=\"avia_6_1\" value=\"\"  placeholder='Speaker of your interest*'\/><\/p><p class='  first_form  form_element form_fullwidth' id='element_avia_7_1'><label for=\"avia_7_1\" class=\"textare_label hidden textare_label_avia_7_1\">Message <abbr class=\"required\" title=\"required\">*<\/abbr><\/label><textarea  placeholder='Message*' name=\"avia_7_1\" class=\"text_area is_empty\" cols=\"40\" rows=\"7\" id=\"avia_7_1\" ><\/textarea><\/p><p class=\"hidden\"><input type=\"text\" name=\"avia_8_1\" class=\"hidden \" id=\"avia_8_1\" value=\"\" \/><\/p><p class=' av_form_privacy_check av_contact_privacy_check first_form  form_element form_fullwidth' id='element_avia_9_1'><input  name=\"avia_9_1\" class=\"input_checkbox is_empty\" type=\"checkbox\" id=\"avia_9_1\" value=\"true\"\/><label class=\"input_checkbox_label\" for=\"avia_9_1\">I consent to the processing of my data according to our <a href='https:\/\/www.promostudio.info\/privacy-policy\/' target='_blank'>Privacy Policy<\/a> (GDPR Ue 2016\/679) <abbr class=\"required\" title=\"required\">*<\/abbr><\/label><\/p><p class=\"form_element \"><input type=\"hidden\" value=\"1\" name=\"avia_generated_form1\" \/><input type=\"submit\" value=\"Submit your request\" class=\"button\"  data-sending-label=\"Sending\"\/><\/p><\/fieldset><\/form><div id=\"ajaxresponse_1\" class=\"ajaxresponse ajaxresponse_1 hidden\"><\/div><\/div><\/div><\/div><\/div><\/div><\/div><\/div><!-- close content main div --><\/div><\/div><div id='after_section_2'  class='main_color av_default_container_wrap container_wrap sidebar_right'  ><div class='container av-section-cont-open' ><div class='template-page content  av-content-small alpha units'><div class='post-entry post-entry-type-page post-entry-3804'><div class='entry-content-wrapper clearfix'>\n","protected":false},"excerpt":{"rendered":"","protected":false},"featured_media":3806,"comment_status":"closed","ping_status":"closed","template":"","meta":[],"product_brand":[],"product_cat":[36,37],"product_tag":[],"class_list":{"0":"post-3804","1":"product","2":"type-product","3":"status-publish","4":"has-post-thumbnail","6":"product_cat-economia-ambientale","7":"product_cat-economia-e-finanza","9":"first","10":"instock","11":"shipping-taxable","12":"product-type-simple"},"_links":{"self":[{"href":"https:\/\/www.promostudio.info\/en\/wp-json\/wp\/v2\/product\/3804","targetHints":{"allow":["GET"]}}],"collection":[{"href":"https:\/\/www.promostudio.info\/en\/wp-json\/wp\/v2\/product"}],"about":[{"href":"https:\/\/www.promostudio.info\/en\/wp-json\/wp\/v2\/types\/product"}],"replies":[{"embeddable":true,"href":"https:\/\/www.promostudio.info\/en\/wp-json\/wp\/v2\/comments?post=3804"}],"wp:featuredmedia":[{"embeddable":true,"href":"https:\/\/www.promostudio.info\/en\/wp-json\/wp\/v2\/media\/3806"}],"wp:attachment":[{"href":"https:\/\/www.promostudio.info\/en\/wp-json\/wp\/v2\/media?parent=3804"}],"wp:term":[{"taxonomy":"product_brand","embeddable":true,"href":"https:\/\/www.promostudio.info\/en\/wp-json\/wp\/v2\/product_brand?post=3804"},{"taxonomy":"product_cat","embeddable":true,"href":"https:\/\/www.promostudio.info\/en\/wp-json\/wp\/v2\/product_cat?post=3804"},{"taxonomy":"product_tag","embeddable":true,"href":"https:\/\/www.promostudio.info\/en\/wp-json\/wp\/v2\/product_tag?post=3804"}],"curies":[{"name":"wp","href":"https:\/\/api.w.org\/{rel}","templated":true}]}}