{"id":4009,"date":"2022-03-04T11:12:43","date_gmt":"2022-03-04T10:12:43","guid":{"rendered":"https:\/\/www.promostudio.info\/speakers\/gino-francesca-copy\/"},"modified":"2022-04-13T12:31:34","modified_gmt":"2022-04-13T10:31:34","slug":"milani-leonardo","status":"publish","type":"product","link":"https:\/\/www.promostudio.info\/en\/speakers\/milani-leonardo\/","title":{"rendered":"Milani, Leonardo"},"content":{"rendered":"\n<style type=\"text\/css\" data-created_by=\"avia_inline_auto\" id=\"style-css-av-108cygw-d6651d9a081aa75e9849e8f60e85125c\">\n.avia-section.av-108cygw-d6651d9a081aa75e9849e8f60e85125c{\nbackground-color:#ededed;\nbackground-image:url(https:\/\/www.promostudio.info\/wp-content\/uploads\/2021\/01\/Professional-Speakers-650x380-1.jpg);\nbackground-repeat:no-repeat;\nbackground-position:50% 100%;\nbackground-attachment:fixed;\n}\n.avia-section.av-108cygw-d6651d9a081aa75e9849e8f60e85125c .av-section-color-overlay{\nopacity:0.8;\nbackground-color:#0a0a0a;\n}\n<\/style>\n<div id='av_section_1'  class='avia-section av-108cygw-d6651d9a081aa75e9849e8f60e85125c main_color avia-section-default avia-no-border-styling  avia-builder-el-0  el_before_av_section  avia-builder-el-first  avia-full-stretch avia-bg-style-fixed av-section-color-overlay-active av-minimum-height av-minimum-height-50 av-height-50  container_wrap sidebar_right'  data-section-bg-repeat='stretch' data-av_minimum_height_pc='50' data-av_min_height_opt='50'><div class=\"av-section-color-overlay-wrap\"><div class=\"av-section-color-overlay\"><\/div><div class='container av-section-cont-open' ><main  role=\"main\" itemprop=\"mainContentOfPage\"  class='template-page content  av-content-small alpha units'><div class='post-entry post-entry-type-page post-entry-4009'><div class='entry-content-wrapper clearfix'>\n<div  class='flex_column av-y3b92o-c44cd479ab1679fdda6fbc5c0aba0a57 av_three_fourth  avia-builder-el-1  el_before_av_one_fourth  avia-builder-el-first  first flex_column_div  '     ><p>\n<style type=\"text\/css\" data-created_by=\"avia_inline_auto\" id=\"style-css-av-l09nui5v-c4744ffd390497530a0b98cb61b4f3b7\">\n#top .av-special-heading.av-l09nui5v-c4744ffd390497530a0b98cb61b4f3b7{\npadding-bottom:10px;\ncolor:#ffffff;\n}\nbody .av-special-heading.av-l09nui5v-c4744ffd390497530a0b98cb61b4f3b7 .av-special-heading-tag .heading-char{\nfont-size:25px;\n}\n.av-special-heading.av-l09nui5v-c4744ffd390497530a0b98cb61b4f3b7 .special-heading-inner-border{\nborder-color:#ffffff;\n}\n.av-special-heading.av-l09nui5v-c4744ffd390497530a0b98cb61b4f3b7 .av-subheading{\nfont-size:15px;\n}\n<\/style>\n<div  class='av-special-heading av-l09nui5v-c4744ffd390497530a0b98cb61b4f3b7 av-special-heading-h1 custom-color-heading blockquote modern-quote  avia-builder-el-2  el_before_av_hr  avia-builder-el-first '><h1 class='av-special-heading-tag '  itemprop=\"headline\"  >Leonardo Milani<\/h1><div class=\"special-heading-border\"><div class=\"special-heading-inner-border\"><\/div><\/div><\/div><br \/>\n<div  class='hr av-39y9lc-38fc1f437ef3da0af5555c7d7ed856b7 hr-default  avia-builder-el-3  el_after_av_heading  el_before_av_heading '><span class='hr-inner '><span class=\"hr-inner-style\"><\/span><\/span><\/div><br \/>\n\n<style type=\"text\/css\" data-created_by=\"avia_inline_auto\" id=\"style-css-av-l09nwjx0-f0dff1539165b52ab85e19c263e1430b\">\n#top .av-special-heading.av-l09nwjx0-f0dff1539165b52ab85e19c263e1430b{\npadding-bottom:10px;\ncolor:#ffffff;\n}\nbody .av-special-heading.av-l09nwjx0-f0dff1539165b52ab85e19c263e1430b .av-special-heading-tag .heading-char{\nfont-size:25px;\n}\n.av-special-heading.av-l09nwjx0-f0dff1539165b52ab85e19c263e1430b .special-heading-inner-border{\nborder-color:#ffffff;\n}\n.av-special-heading.av-l09nwjx0-f0dff1539165b52ab85e19c263e1430b .av-subheading{\nfont-size:15px;\n}\n<\/style>\n<div  class='av-special-heading av-l09nwjx0-f0dff1539165b52ab85e19c263e1430b av-special-heading-h3 custom-color-heading blockquote modern-quote  avia-builder-el-4  el_after_av_hr  avia-builder-el-last '><h3 class='av-special-heading-tag '  itemprop=\"headline\"  >Psicologo, docente di psicologia del benessere<\/h3><div class='av_custom_color av-subheading av-subheading_below'><p>dirige l\u2019Istituto di Psicologia del Benessere Mental Trainer della Pattuglia Acrobatica Italiana, Frecce Tricolori Docente di Leadership interiore presso l\u2019Istituto di Scienze Militari Aeronautiche dell\u2019Aeronautica Militare Italiana<\/p>\n<\/div><div class=\"special-heading-border\"><div class=\"special-heading-inner-border\"><\/div><\/div><\/div><\/p><\/div><div  class='flex_column av-v0hmj4-0c48f8c775d55ae4a6f96cba9b868149 av_one_fourth  avia-builder-el-5  el_after_av_three_fourth  el_before_av_three_fourth  flex_column_div  '     ><div  class='avia-slideshow av-l09nusd9-4e5caf181d2e35b75c0e6c674ad24a08 avia-slideshow-medium av_slideshow avia-slide-slider  avia-builder-el-6  avia-builder-el-no-sibling  av-slideshow-ui av-control-default av-slideshow-manual av-loop-once av-loop-manual-endless av-default-height-applied avia-slideshow-1' data-slideshow-options=\"{&quot;animation&quot;:&quot;slide&quot;,&quot;autoplay&quot;:false,&quot;loop_autoplay&quot;:&quot;once&quot;,&quot;interval&quot;:5,&quot;loop_manual&quot;:&quot;manual-endless&quot;,&quot;autoplay_stopper&quot;:false,&quot;noNavigation&quot;:false,&quot;bg_slider&quot;:false,&quot;keep_padding&quot;:false,&quot;hoverpause&quot;:false,&quot;show_slide_delay&quot;:0}\"  itemprop=\"image\" itemscope=\"itemscope\" itemtype=\"https:\/\/schema.org\/ImageObject\" ><ul class='avia-slideshow-inner ' style='padding-bottom: 120%;'><li  class='avia-slideshow-slide av-l09nusd9-4e5caf181d2e35b75c0e6c674ad24a08__0  av-single-slide slide-1 slide-odd'><div data-rel='slideshow-1' class='avia-slide-wrap '   ><img decoding=\"async\" fetchpriority=\"high\" class=\"wp-image-4426 avia-img-lazy-loading-not-4426\"  src=\"https:\/\/www.promostudio.info\/wp-content\/uploads\/2022\/03\/Leonardo-Milani.jpg\" width=\"250\" height=\"300\" title='Leonardo-Milani' alt=''  itemprop=\"thumbnailUrl\"   \/><\/div><\/li><\/ul><\/div><\/div><div class='flex_column_table av-t10r2o-958312173f7dec8ed43153ac64b3a6dc sc-av_three_fourth av-equal-height-column-flextable'><div  class='flex_column av-t10r2o-958312173f7dec8ed43153ac64b3a6dc av_three_fourth  avia-builder-el-7  el_after_av_one_fourth  el_before_av_one_fourth  first flex_column_table_cell av-equal-height-column av-align-top  column-top-margin'     ><\/div><div class='av-flex-placeholder'><\/div><div  class='flex_column av-qb40n4-8809355afa840be72041ea2473dc7e60 av_one_fourth  avia-builder-el-9  el_after_av_three_fourth  avia-builder-el-last  flex_column_table_cell av-equal-height-column av-align-top  column-top-margin'     ><\/div><\/div><!--close column table wrapper. Autoclose: 1 -->\n\n<\/div><\/div><\/main><!-- close content main element --><\/div><\/div><\/div><div id='av_section_2'  class='avia-section av-nu7klc-b36ccafcc837df15268562b59ce6b142 main_color avia-section-default avia-no-border-styling  avia-builder-el-10  el_after_av_section  avia-builder-el-last  avia-bg-style-scroll container_wrap sidebar_right'  ><div class='container av-section-cont-open' ><div class='template-page content  av-content-small alpha units'><div class='post-entry post-entry-type-page post-entry-4009'><div class='entry-content-wrapper clearfix'>\n\n<style type=\"text\/css\" data-created_by=\"avia_inline_auto\" id=\"style-css-av-luf4gw-82e368508a27c627ea16aaea44bda8a3\">\n@keyframes av_boxShadowEffect_av-luf4gw-82e368508a27c627ea16aaea44bda8a3-column {\n0%   { box-shadow:  0 0 0 0 #a8a8a8; opacity: 1; }\n100% { box-shadow:  0 0 10px 0 #a8a8a8; opacity: 1; }\n}\n.flex_column.av-luf4gw-82e368508a27c627ea16aaea44bda8a3{\nbox-shadow: 0 0 10px 0 #a8a8a8;\nborder-width:1px;\nborder-color:#bfbfbf;\nborder-style:solid;\npadding:30px 30px 30px 30px;\nbackground-color:#ffffff;\n}\n<\/style>\n<div  class='flex_column av-luf4gw-82e368508a27c627ea16aaea44bda8a3 av_two_third  avia-builder-el-11  el_before_av_one_third  avia-builder-el-first  first flex_column_div shadow-not-animated  '     ><p>\n<style type=\"text\/css\" data-created_by=\"avia_inline_auto\" id=\"style-css-av-kmo6xs-ff18f3ba73f0d88b2188287349360031\">\n#top .av-special-heading.av-kmo6xs-ff18f3ba73f0d88b2188287349360031{\npadding-bottom:10px;\n}\nbody .av-special-heading.av-kmo6xs-ff18f3ba73f0d88b2188287349360031 .av-special-heading-tag .heading-char{\nfont-size:25px;\n}\n.av-special-heading.av-kmo6xs-ff18f3ba73f0d88b2188287349360031 .av-subheading{\nfont-size:15px;\n}\n<\/style>\n<div  class='av-special-heading av-kmo6xs-ff18f3ba73f0d88b2188287349360031 av-special-heading-h2 blockquote modern-quote  avia-builder-el-12  el_before_av_textblock  avia-builder-el-first '><h2 class='av-special-heading-tag '  itemprop=\"headline\"  >Ambiti Principali:<\/h2><div class=\"special-heading-border\"><div class=\"special-heading-inner-border\"><\/div><\/div><\/div><br \/>\n<section  class='av_textblock_section av-l09nx9p8-5355aee62b6ad61beb193c91fe80a8d5 '   itemscope=\"itemscope\" itemtype=\"https:\/\/schema.org\/CreativeWork\" ><div class='avia_textblock'  itemprop=\"text\" ><ul>\n<li>L\u2019alchimia del Team, Squadre vincenti (la metafora delle Frecce Tricolori)<\/li>\n<li>Rimanere in equilibrio<\/li>\n<li>Alte prestazioni e stress<\/li>\n<li>Gestire gli errori in ottica di miglioramento continuo<\/li>\n<li>Leadership interiore<\/li>\n<li>Team Coaching, Executive Coaching ed Emotional Coaching<\/li>\n<li>La comunicazione breve<\/li>\n<li>Vincere con l\u2019atteggiamento mentale<\/li>\n<li>Il conflitto come opportunit\u00e0<\/li>\n<li>Psicologia del benessere<\/li>\n<li>Intelligenza Emotiva<\/li>\n<\/ul>\n<\/div><\/section><br \/>\n\n<style type=\"text\/css\" data-created_by=\"avia_inline_auto\" id=\"style-css-av-j1okww-e52b994a1170aece6ec46f08c2c403ef\">\n#top .av-special-heading.av-j1okww-e52b994a1170aece6ec46f08c2c403ef{\npadding-bottom:10px;\n}\nbody .av-special-heading.av-j1okww-e52b994a1170aece6ec46f08c2c403ef .av-special-heading-tag .heading-char{\nfont-size:25px;\n}\n.av-special-heading.av-j1okww-e52b994a1170aece6ec46f08c2c403ef .av-subheading{\nfont-size:15px;\n}\n<\/style>\n<div  class='av-special-heading av-j1okww-e52b994a1170aece6ec46f08c2c403ef av-special-heading-h2 blockquote modern-quote  avia-builder-el-14  el_after_av_textblock  el_before_av_textblock '><h2 class='av-special-heading-tag '  itemprop=\"headline\"  >Profilo Professionale:<\/h2><div class=\"special-heading-border\"><div class=\"special-heading-inner-border\"><\/div><\/div><\/div><br \/>\n<section  class='av_textblock_section av-l09nyh2l-b799fdc5d84775e71ca0e3609e54ca9e '   itemscope=\"itemscope\" itemtype=\"https:\/\/schema.org\/CreativeWork\" ><div class='avia_textblock'  itemprop=\"text\" ><p>Psicologo, Ordine degli Psicologi dell\u2019Emilia Romagna, fondatore e docente di psicologia del benessere. Direttore, dal 1989, dell\u2019omonimo Istituto. Da oltre 20 anni mental trainer della pattuglia acrobatica italiana\u201cFrecce Tricolori\u201d. Docente di tecniche di auto-miglioramento e di autostima.<\/p>\n<p>Cattedra di Leadership Interiore presso l\u2019Istituto Studi Militari Aeronautici dell\u2019Aeronautica Militare Italiana.<\/p>\n<p>E\u2019 stato docente di \u201cPsicologia dell\u2019organizzazione\u201d, Corso di Laurea in Scienze Aeronautiche, Facolt\u00e0 di Scienze Politiche, Universit\u00e0 di Firenze.<\/p>\n<p>Ha collaborato con le Redazioni di RaiUno. RaiSport, Tg Due Salute, Medicina 33, SkySport e con RadioUNO per servizi legati al tema del miglioramento.<\/p>\n<p>Collabora con numerose riviste per servizi ed interviste legate al tema del benessere.<\/p>\n<p>Si occupa della formazione di atleti di interesse nazionale ed internazionale, soprattutto in campo motoristico.<\/p>\n<p>Milani \u00e8 stato uno dei primi ad avere inserito la visione olistica dell\u2019essere umano nell\u2019ambito formativo-aziendale.<\/p>\n<p>Nel 1980 ha fondato l\u2019Istituto Ricerche in Dinamiche Educative, oggi Istituto di Psicologia del Benessere, dove ha insegnato, e tuttora insegna personalmente, le tecniche di automiglioramento e di autostima. Negli anni successivi viene inviato, come ricercatore, in vari paesi del mondo dove conosce le pi\u00f9 svariate tecniche di controllo della mente, sia da un punto di vista scientifico sia spirituale, nei vari rituali di autoguarigione e purificazione. E\u2019 in quest\u2019ottica che ha sviluppato conoscenze e strumenti atti a comandare i processi cognitivi che determinano la gestione delle energie e della realt\u00e0 cercando sempre risposte scientifiche a supporto di ogni tecnica mentale o psicofisica.<\/p>\n<p>Nel 1984 si diploma come Istruttore di Dinamica Mentale con la tesi: \u201cLo sviluppo globale della persona secondo un approccio neuropsicologico\u201d. Successivamente \u00e8 incaricato dal Ministero Pubblica Istruzione per una ricerca sperimentale sul tema \u201cLo sviluppo dell\u2019immaginazione creativa nel contesto di una educazione globale e negli apprendimenti\u201d. La parte pi\u00f9 significativa dell\u2019elaborazione delle tecniche di psicologia del benessere, e questo la differenzia dagli altri metodi di sviluppo personale, riguarda:<\/p>\n<ul>\n<li>l\u2019inserimento dei \u2018suoni armonici\u2019 di terapia musicale che ha sviluppato con l\u2019aiuto di Filippo Massara, musicologo della Ludi Suonds,casa editrice specializzata in terapia della musica; l\u2019evoluzione del concetto dell\u2019immagine del s\u00e9 e delle risposte chimiche che i pensieri determinano quando sono prodotti in stato di rilassamento;<\/li>\n<li>la strutturazione di tecniche psicofisiche, all\u2019interno di un modulo corporeo, che riescono a liberare tensioni ed emozioni negative specialmente quando queste condizionano il presente e la realizzazione di s\u00e8.<\/li>\n<\/ul>\n<p>Ha fondato la Scuola di Formazione per Docenti di Psicologia del benessere.<\/p>\n<p>Nonostante non ami scrivere, ma essere a contatto con le persone, \u00e8 autore di pubblicazioni relative al benessere. La pi\u00f9 recente \u00e8 stata pubblicata dall\u2019editore Tecniche Nuove nel 2004,\u201dLa Psicologia del benessere, un percorso positivo per la mente\u201d.<\/p>\n<p>Inserito in numerosi ambiti formativi, scolastici, sportivi ed aziendali il metodo di psicologia del benessere ha ottenuto eccellenti risultati forse anche per la semplicit\u00e0 di esposizione e di conduzione di Milani, capace di far comprendere in modo chiaro anche i concetti pi\u00f9 elaborati sul cervello e su come gestire le energie mentali.<\/p>\n<p><strong><span class=\"contentheading\">ATTIVIT\u00c0:<\/span><\/strong><\/p>\n<ul>\n<li>Psicologo, docente di psicologia del benessere, Ordine degli Psicologi dell\u2019Emilia Romagna, dirige l\u2019Istituto di Psicologia del Benessere<\/li>\n<li>Mental Trainer della Pattuglia Acrobatica Italiana, Frecce Tricolori.<\/li>\n<li>Docente di Leadership interiore presso l\u2019Istituto di Scienze Militari Aeronautiche dell\u2019Aeronautica Militare Italiana.<\/li>\n<li>Ha insegnato \u201cPsicologia dell\u2019organizzazione\u201d presso il Corso di Laurea in Scienze Aeronautiche, Facolt\u00e0 di Scienze Politiche, Universit\u00e0 di Firenze.<\/li>\n<li>Si occupa della preparazione mentale di alcuni atleti in preparazione dell\u2019anno olimpico. In particolare atleti di sci, piloti di automobilismo, F2 Series, scherma, tennis, pugilato, tiro con l\u2019arco, calcio).<\/li>\n<li>Gestisce lo sportello scolastico e la formazione docenti (scuole elementari, medie e superiori) presso l\u2019Istituto Gardascuola di Arco (Tn).<\/li>\n<li>E\u2019 stato incaricato dal Ministero della Difesa Aeronautica, Ispettorato della Sicurezza del Volo, a svolgere formazione nell\u2019ambito della prevenzione incidenti con le tecniche di ottimizzazione della prestazione mentale.<\/li>\n<li>Ha collaborato con le Redazioni del Tg Due Salute, Medicina 33 e con RadioUNO per servizi legati al tema del benessere e con Sky Sport per trasmissioni focalizzate sul miglioramento delle prestazioni.<\/li>\n<li>Psicologo, Mental Trainer della Pattuglia Acrobatica Nazionale, Frecce Tricolori.<\/li>\n<li>Cattedra di Leadership Interiore presso l\u2019Istituto Scienze Militari Aeronautiche.<\/li>\n<li>Docente di psicologia del benessere Coach di atleti professionisti<\/li>\n<\/ul>\n<p><strong><span class=\"contentheading\">VIDEO:<\/span><\/strong><\/p>\n<ul>\n<li><b>TEDx Modena &#8220;Vola come una Freccia&#8221;\u00a0<\/b>:\u00a0<a href=\"https:\/\/youtu.be\/5nLsguVg4ak&#039;target=\" target=\"_blank\" rel=\"noopener\">https:\/\/youtu.be\/5nLsguVg4ak<\/a><\/li>\n<li><b>Rai sport, air show Grosseto<\/b>:\u00a0<a href=\"https:\/\/youtu.be\/yKPfb65kCuo&#039;target=\" target=\"_blank\" rel=\"noopener\">https:\/\/youtu.be\/yKPfb65kCuo<\/a><\/li>\n<li><b>Icarus Frecce Tricolori<\/b>:\u00a0<a href=\"https:\/\/youtu.be\/4j0bgxKE-cI&#039;target=\" target=\"_blank\" rel=\"noopener\">https:\/\/youtu.be\/4j0bgxKE-cI<\/a><\/li>\n<li><b>Icarus ep. 12, Le Frecce Tricolori<\/b>:\u00a0<a href=\"https:\/\/youtu.be\/j4InxyBuEeI&#039;target=\" target=\"_blank\" rel=\"noopener\">https:\/\/youtu.be\/j4InxyBuEeI<\/a><\/li>\n<\/ul>\n<\/div><\/section><\/p><\/div><div  class='flex_column av-gfmqhc-ae98b246db5647bed779646d72fbbb60 av_one_third  avia-builder-el-16  el_after_av_two_third  avia-builder-el-last  flex_column_div  '     ><div  class='avia-builder-widget-area clearfix  avia-builder-el-17  avia-builder-el-no-sibling '><div id=\"custom_html-3\" class=\"widget_text widget clearfix widget_custom_html\"><div class=\"textwidget custom-html-widget\">\n<style type=\"text\/css\" data-created_by=\"avia_inline_auto\" id=\"style-css-av-dskg1y-7640993e4bf78f89128063a9fecf1497\">\n.av_promobox.av-dskg1y-7640993e4bf78f89128063a9fecf1497{\ncolor:#ffffff;\nbackground:#444444;\nborder-color:#333333;\n}\n<\/style>\n<div  class='av_promobox av-dskg1y-7640993e4bf78f89128063a9fecf1497 avia-button-no'><div class='avia-promocontent'><h3 style=\"text-align: center;\"><span style=\"color: #ffffff;\">To know costs and availability<\/span><\/h3>\n<\/div><\/div>\r\n<form action=\"https:\/\/www.promostudio.info\/en\/speakers\/milani-leonardo\/\" method=\"post\" data-fields-with-error=\"Found errors in the following field(s):\" class=\"avia_ajax_form av-form-labels-hidden    \" data-avia-form-id=\"1\" data-avia-redirect='' ><h3 class=''>Fill out the form<\/h3><fieldset><p class='  first_form  form_element form_element_half' id='element_avia_1_1'><label for=\"avia_1_1\">Name <abbr class=\"required\" title=\"required\">*<\/abbr><\/label> <input name=\"avia_1_1\" class=\"text_input is_empty\" type=\"text\" id=\"avia_1_1\" value=\"\"  placeholder='Name*'\/><\/p><p class='  form_element form_element_half' id='element_avia_2_1'><label for=\"avia_2_1\">Surname <abbr class=\"required\" title=\"required\">*<\/abbr><\/label> <input name=\"avia_2_1\" class=\"text_input is_empty\" type=\"text\" id=\"avia_2_1\" value=\"\"  placeholder='Surname*'\/><\/p><p class='  first_form  form_element form_fullwidth' id='element_avia_3_1'><label for=\"avia_3_1\">Company <abbr class=\"required\" title=\"required\">*<\/abbr><\/label> <input name=\"avia_3_1\" class=\"text_input is_empty\" type=\"text\" id=\"avia_3_1\" value=\"\"  placeholder='Company*'\/><\/p><p class='  first_form  form_element form_element_half' id='element_avia_4_1'><label for=\"avia_4_1\">E-mail <abbr class=\"required\" title=\"required\">*<\/abbr><\/label> <input name=\"avia_4_1\" class=\"text_input is_email\" type=\"text\" id=\"avia_4_1\" value=\"\"  placeholder='E-mail*'\/><\/p><p class='  form_element form_element_half' id='element_avia_5_1'><label for=\"avia_5_1\">Phone <abbr class=\"required\" title=\"required\">*<\/abbr><\/label> <input name=\"avia_5_1\" class=\"text_input is_number\" type=\"text\" id=\"avia_5_1\" value=\"\"  placeholder='Phone*'\/><\/p><p class='  first_form  form_element form_fullwidth' id='element_avia_6_1'><label for=\"avia_6_1\">Speaker of your interest <abbr class=\"required\" title=\"required\">*<\/abbr><\/label> <input name=\"avia_6_1\" class=\"text_input is_empty\" type=\"text\" id=\"avia_6_1\" value=\"\"  placeholder='Speaker of your interest*'\/><\/p><p class='  first_form  form_element form_fullwidth' id='element_avia_7_1'><label for=\"avia_7_1\" class=\"textare_label hidden textare_label_avia_7_1\">Message <abbr class=\"required\" title=\"required\">*<\/abbr><\/label><textarea  placeholder='Message*' name=\"avia_7_1\" class=\"text_area is_empty\" cols=\"40\" rows=\"7\" id=\"avia_7_1\" ><\/textarea><\/p><p class=\"hidden\"><input type=\"text\" name=\"avia_8_1\" class=\"hidden \" id=\"avia_8_1\" value=\"\" \/><\/p><p class=' av_form_privacy_check av_contact_privacy_check first_form  form_element form_fullwidth' id='element_avia_9_1'><input  name=\"avia_9_1\" class=\"input_checkbox is_empty\" type=\"checkbox\" id=\"avia_9_1\" value=\"true\"\/><label class=\"input_checkbox_label\" for=\"avia_9_1\">I consent to the processing of my data according to our <a href=\"https:\/\/www.promostudio.info\/privacy-policy\/\" target=\"_blank\">Privacy Policy<\/a> (GDPR Ue 2016\/679) <abbr class=\"required\" title=\"required\">*<\/abbr><\/label><\/p><p class=\"form_element \"><input type=\"hidden\" value=\"1\" name=\"avia_generated_form1\" \/><input type=\"submit\" value=\"Submit your request\" class=\"button\"  data-sending-label=\"Sending\"\/><\/p><\/fieldset><\/form><div id=\"ajaxresponse_1\" class=\"ajaxresponse ajaxresponse_1 hidden\"><\/div><\/div><\/div><\/div><\/div><\/div><\/div><\/div><!-- close content main div --><\/div><\/div><div id='after_section_2'  class='main_color av_default_container_wrap container_wrap sidebar_right'  ><div class='container av-section-cont-open' ><div class='template-page content  av-content-small alpha units'><div class='post-entry post-entry-type-page post-entry-4009'><div class='entry-content-wrapper clearfix'>\n","protected":false},"excerpt":{"rendered":"","protected":false},"featured_media":4010,"comment_status":"closed","ping_status":"closed","template":"","meta":[],"product_brand":[],"product_cat":[39],"product_tag":[],"class_list":{"0":"post-4009","1":"product","2":"type-product","3":"status-publish","4":"has-post-thumbnail","6":"product_cat-management","8":"first","9":"instock","10":"shipping-taxable","11":"product-type-simple"},"_links":{"self":[{"href":"https:\/\/www.promostudio.info\/en\/wp-json\/wp\/v2\/product\/4009","targetHints":{"allow":["GET"]}}],"collection":[{"href":"https:\/\/www.promostudio.info\/en\/wp-json\/wp\/v2\/product"}],"about":[{"href":"https:\/\/www.promostudio.info\/en\/wp-json\/wp\/v2\/types\/product"}],"replies":[{"embeddable":true,"href":"https:\/\/www.promostudio.info\/en\/wp-json\/wp\/v2\/comments?post=4009"}],"wp:featuredmedia":[{"embeddable":true,"href":"https:\/\/www.promostudio.info\/en\/wp-json\/wp\/v2\/media\/4010"}],"wp:attachment":[{"href":"https:\/\/www.promostudio.info\/en\/wp-json\/wp\/v2\/media?parent=4009"}],"wp:term":[{"taxonomy":"product_brand","embeddable":true,"href":"https:\/\/www.promostudio.info\/en\/wp-json\/wp\/v2\/product_brand?post=4009"},{"taxonomy":"product_cat","embeddable":true,"href":"https:\/\/www.promostudio.info\/en\/wp-json\/wp\/v2\/product_cat?post=4009"},{"taxonomy":"product_tag","embeddable":true,"href":"https:\/\/www.promostudio.info\/en\/wp-json\/wp\/v2\/product_tag?post=4009"}],"curies":[{"name":"wp","href":"https:\/\/api.w.org\/{rel}","templated":true}]}}