{"id":4034,"date":"2022-03-04T15:33:16","date_gmt":"2022-03-04T14:33:16","guid":{"rendered":"https:\/\/www.promostudio.info\/speakers\/ridderstrale-jonas-copy\/"},"modified":"2022-04-13T12:28:46","modified_gmt":"2022-04-13T10:28:46","slug":"rinaldi-matteo","status":"publish","type":"product","link":"https:\/\/www.promostudio.info\/en\/speakers\/rinaldi-matteo\/","title":{"rendered":"Rinaldi, Matteo"},"content":{"rendered":"\n<style type=\"text\/css\" data-created_by=\"avia_inline_auto\" id=\"style-css-av-108cygw-d6651d9a081aa75e9849e8f60e85125c\">\n.avia-section.av-108cygw-d6651d9a081aa75e9849e8f60e85125c{\nbackground-color:#ededed;\nbackground-image:url(https:\/\/www.promostudio.info\/wp-content\/uploads\/2021\/01\/Professional-Speakers-650x380-1.jpg);\nbackground-repeat:no-repeat;\nbackground-position:50% 100%;\nbackground-attachment:fixed;\n}\n.avia-section.av-108cygw-d6651d9a081aa75e9849e8f60e85125c .av-section-color-overlay{\nopacity:0.8;\nbackground-color:#0a0a0a;\n}\n<\/style>\n<div id='av_section_1'  class='avia-section av-108cygw-d6651d9a081aa75e9849e8f60e85125c main_color avia-section-default avia-no-border-styling  avia-builder-el-0  el_before_av_section  avia-builder-el-first  avia-full-stretch avia-bg-style-fixed av-section-color-overlay-active av-minimum-height av-minimum-height-50 av-height-50  container_wrap sidebar_right'  data-section-bg-repeat='stretch' data-av_minimum_height_pc='50' data-av_min_height_opt='50'><div class=\"av-section-color-overlay-wrap\"><div class=\"av-section-color-overlay\"><\/div><div class='container av-section-cont-open' ><main  role=\"main\" itemprop=\"mainContentOfPage\"  class='template-page content  av-content-small alpha units'><div class='post-entry post-entry-type-page post-entry-4034'><div class='entry-content-wrapper clearfix'>\n<div  class='flex_column av-y3b92o-c44cd479ab1679fdda6fbc5c0aba0a57 av_three_fourth  avia-builder-el-1  el_before_av_one_fourth  avia-builder-el-first  first flex_column_div  '     ><p>\n<style type=\"text\/css\" data-created_by=\"avia_inline_auto\" id=\"style-css-av-l09nui5v-30cb8386108151f92b43ccb91a57b955\">\n#top .av-special-heading.av-l09nui5v-30cb8386108151f92b43ccb91a57b955{\npadding-bottom:10px;\ncolor:#ffffff;\n}\nbody .av-special-heading.av-l09nui5v-30cb8386108151f92b43ccb91a57b955 .av-special-heading-tag .heading-char{\nfont-size:25px;\n}\n.av-special-heading.av-l09nui5v-30cb8386108151f92b43ccb91a57b955 .special-heading-inner-border{\nborder-color:#ffffff;\n}\n.av-special-heading.av-l09nui5v-30cb8386108151f92b43ccb91a57b955 .av-subheading{\nfont-size:15px;\n}\n<\/style>\n<div  class='av-special-heading av-l09nui5v-30cb8386108151f92b43ccb91a57b955 av-special-heading-h1 custom-color-heading blockquote modern-quote  avia-builder-el-2  el_before_av_hr  avia-builder-el-first '><h1 class='av-special-heading-tag '  itemprop=\"headline\"  >Matteo Rinaldi<\/h1><div class=\"special-heading-border\"><div class=\"special-heading-inner-border\"><\/div><\/div><\/div><br \/>\n<div  class='hr av-39y9lc-38fc1f437ef3da0af5555c7d7ed856b7 hr-default  avia-builder-el-3  el_after_av_heading  el_before_av_heading '><span class='hr-inner '><span class=\"hr-inner-style\"><\/span><\/span><\/div><br \/>\n\n<style type=\"text\/css\" data-created_by=\"avia_inline_auto\" id=\"style-css-av-l09nwjx0-79d260b2b03fed28540b0a31446e7414\">\n#top .av-special-heading.av-l09nwjx0-79d260b2b03fed28540b0a31446e7414{\npadding-bottom:10px;\ncolor:#ffffff;\n}\nbody .av-special-heading.av-l09nwjx0-79d260b2b03fed28540b0a31446e7414 .av-special-heading-tag .heading-char{\nfont-size:25px;\n}\n.av-special-heading.av-l09nwjx0-79d260b2b03fed28540b0a31446e7414 .special-heading-inner-border{\nborder-color:#ffffff;\n}\n.av-special-heading.av-l09nwjx0-79d260b2b03fed28540b0a31446e7414 .av-subheading{\nfont-size:15px;\n}\n<\/style>\n<div  class='av-special-heading av-l09nwjx0-79d260b2b03fed28540b0a31446e7414 av-special-heading-h3 custom-color-heading blockquote modern-quote  avia-builder-el-4  el_after_av_hr  avia-builder-el-last '><h3 class='av-special-heading-tag '  itemprop=\"headline\"  >Adjunct Professor LUISS Business School<\/h3><div class='av_custom_color av-subheading av-subheading_below'><p>Strategic Marketing Consultant, Autore<\/p>\n<\/div><div class=\"special-heading-border\"><div class=\"special-heading-inner-border\"><\/div><\/div><\/div><\/p><\/div><div  class='flex_column av-v0hmj4-0c48f8c775d55ae4a6f96cba9b868149 av_one_fourth  avia-builder-el-5  el_after_av_three_fourth  el_before_av_three_fourth  flex_column_div  '     ><div  class='avia-slideshow av-l09nusd9-4e5caf181d2e35b75c0e6c674ad24a08 avia-slideshow-medium av_slideshow avia-slide-slider  avia-builder-el-6  avia-builder-el-no-sibling  av-slideshow-ui av-control-default av-slideshow-manual av-loop-once av-loop-manual-endless av-default-height-applied avia-slideshow-1' data-slideshow-options=\"{&quot;animation&quot;:&quot;slide&quot;,&quot;autoplay&quot;:false,&quot;loop_autoplay&quot;:&quot;once&quot;,&quot;interval&quot;:5,&quot;loop_manual&quot;:&quot;manual-endless&quot;,&quot;autoplay_stopper&quot;:false,&quot;noNavigation&quot;:false,&quot;bg_slider&quot;:false,&quot;keep_padding&quot;:false,&quot;hoverpause&quot;:false,&quot;show_slide_delay&quot;:0}\"  itemprop=\"image\" itemscope=\"itemscope\" itemtype=\"https:\/\/schema.org\/ImageObject\" ><ul class='avia-slideshow-inner ' style='padding-bottom: 120%;'><li  class='avia-slideshow-slide av-l09nusd9-4e5caf181d2e35b75c0e6c674ad24a08__0  av-single-slide slide-1 slide-odd'><div data-rel='slideshow-1' class='avia-slide-wrap '   ><img decoding=\"async\" fetchpriority=\"high\" class=\"wp-image-4434 avia-img-lazy-loading-not-4434\"  src=\"https:\/\/www.promostudio.info\/wp-content\/uploads\/2022\/03\/Matteo-Rinaldi.jpg\" width=\"250\" height=\"300\" title='Matteo-Rinaldi' alt=''  itemprop=\"thumbnailUrl\"   \/><\/div><\/li><\/ul><\/div><\/div><div class='flex_column_table av-t10r2o-958312173f7dec8ed43153ac64b3a6dc sc-av_three_fourth av-equal-height-column-flextable'><div  class='flex_column av-t10r2o-958312173f7dec8ed43153ac64b3a6dc av_three_fourth  avia-builder-el-7  el_after_av_one_fourth  el_before_av_one_fourth  first flex_column_table_cell av-equal-height-column av-align-top  column-top-margin'     ><\/div><div class='av-flex-placeholder'><\/div><div  class='flex_column av-qb40n4-8809355afa840be72041ea2473dc7e60 av_one_fourth  avia-builder-el-9  el_after_av_three_fourth  avia-builder-el-last  flex_column_table_cell av-equal-height-column av-align-top  column-top-margin'     ><\/div><\/div><!--close column table wrapper. Autoclose: 1 -->\n\n<\/div><\/div><\/main><!-- close content main element --><\/div><\/div><\/div><div id='av_section_2'  class='avia-section av-nu7klc-b36ccafcc837df15268562b59ce6b142 main_color avia-section-default avia-no-border-styling  avia-builder-el-10  el_after_av_section  avia-builder-el-last  avia-bg-style-scroll container_wrap sidebar_right'  ><div class='container av-section-cont-open' ><div class='template-page content  av-content-small alpha units'><div class='post-entry post-entry-type-page post-entry-4034'><div class='entry-content-wrapper clearfix'>\n\n<style type=\"text\/css\" data-created_by=\"avia_inline_auto\" id=\"style-css-av-luf4gw-82e368508a27c627ea16aaea44bda8a3\">\n@keyframes av_boxShadowEffect_av-luf4gw-82e368508a27c627ea16aaea44bda8a3-column {\n0%   { box-shadow:  0 0 0 0 #a8a8a8; opacity: 1; }\n100% { box-shadow:  0 0 10px 0 #a8a8a8; opacity: 1; }\n}\n.flex_column.av-luf4gw-82e368508a27c627ea16aaea44bda8a3{\nbox-shadow: 0 0 10px 0 #a8a8a8;\nborder-width:1px;\nborder-color:#bfbfbf;\nborder-style:solid;\npadding:30px 30px 30px 30px;\nbackground-color:#ffffff;\n}\n<\/style>\n<div  class='flex_column av-luf4gw-82e368508a27c627ea16aaea44bda8a3 av_two_third  avia-builder-el-11  el_before_av_one_third  avia-builder-el-first  first flex_column_div shadow-not-animated  '     ><p>\n<style type=\"text\/css\" data-created_by=\"avia_inline_auto\" id=\"style-css-av-kmo6xs-ff18f3ba73f0d88b2188287349360031\">\n#top .av-special-heading.av-kmo6xs-ff18f3ba73f0d88b2188287349360031{\npadding-bottom:10px;\n}\nbody .av-special-heading.av-kmo6xs-ff18f3ba73f0d88b2188287349360031 .av-special-heading-tag .heading-char{\nfont-size:25px;\n}\n.av-special-heading.av-kmo6xs-ff18f3ba73f0d88b2188287349360031 .av-subheading{\nfont-size:15px;\n}\n<\/style>\n<div  class='av-special-heading av-kmo6xs-ff18f3ba73f0d88b2188287349360031 av-special-heading-h2 blockquote modern-quote  avia-builder-el-12  el_before_av_textblock  avia-builder-el-first '><h2 class='av-special-heading-tag '  itemprop=\"headline\"  >Ambiti Principali:<\/h2><div class=\"special-heading-border\"><div class=\"special-heading-inner-border\"><\/div><\/div><\/div><br \/>\n<section  class='av_textblock_section av-l09nx9p8-5355aee62b6ad61beb193c91fe80a8d5 '   itemscope=\"itemscope\" itemtype=\"https:\/\/schema.org\/CreativeWork\" ><div class='avia_textblock'  itemprop=\"text\" ><ul>\n<li>\u00a0Human-Centric Brand Marketing Strategies<\/li>\n<li>Big Data<\/li>\n<li>Da strategia ad esecuzione<\/li>\n<li>Human-Centric Digital Strategies<\/li>\n<li>Trade Marketing e brand activation<\/li>\n<li>Creare una Strategia Oceano Blu<\/li>\n<li>Portfolio Optimization<\/li>\n<li>Tribal Marketing strategies<\/li>\n<li>Brand Archetypes<\/li>\n<li>Le \u201cpersonas\u201d- libretto d\u2019istruzione<\/li>\n<\/ul>\n<\/div><\/section><br \/>\n\n<style type=\"text\/css\" data-created_by=\"avia_inline_auto\" id=\"style-css-av-j1okww-e52b994a1170aece6ec46f08c2c403ef\">\n#top .av-special-heading.av-j1okww-e52b994a1170aece6ec46f08c2c403ef{\npadding-bottom:10px;\n}\nbody .av-special-heading.av-j1okww-e52b994a1170aece6ec46f08c2c403ef .av-special-heading-tag .heading-char{\nfont-size:25px;\n}\n.av-special-heading.av-j1okww-e52b994a1170aece6ec46f08c2c403ef .av-subheading{\nfont-size:15px;\n}\n<\/style>\n<div  class='av-special-heading av-j1okww-e52b994a1170aece6ec46f08c2c403ef av-special-heading-h2 blockquote modern-quote  avia-builder-el-14  el_after_av_textblock  el_before_av_textblock '><h2 class='av-special-heading-tag '  itemprop=\"headline\"  >Profilo Professionale:<\/h2><div class=\"special-heading-border\"><div class=\"special-heading-inner-border\"><\/div><\/div><\/div><br \/>\n<section  class='av_textblock_section av-l09nyh2l-b799fdc5d84775e71ca0e3609e54ca9e '   itemscope=\"itemscope\" itemtype=\"https:\/\/schema.org\/CreativeWork\" ><div class='avia_textblock'  itemprop=\"text\" ><p>Matteo Rinaldi \u00e8 il Co-Founder di Human Centric Group. Studia prima alla Luiss Guido Carli di Roma e poi alla Bocconi di Milano dove avr\u00e0 la possibilit\u00e0 di studiare alla UCLA (University of California Los Angeles) e alla National Chengchi University di Taipei.<\/p>\n<p>Inizia la sua carriera lavorativa con un Internship in un\u2019azienda di caff\u00e8 a Sydney per poi tornare in Italia dove lavora prima in L\u2019Or\u00e9al e poi in Coca-Cola HBC a Milano. La voglia di conoscere aziende diverse e mercati diversi lo portano ad approdare in Garrison Group dove in pochi anni ha la possibilit\u00e0 di lavorare in pi\u00f9 di venti mercati con alcuni dei marchi pi\u00f9 famosi al mondo, tra cui Danone, Carlsberg, Ikea, VISA, Carrefour, Sanofi Aventis, Revlon, Juventus e tanti altri.<\/p>\n<p>A poco pi\u00f9 di trent\u2019anni diventa il Partner pi\u00f9 giovane del gruppo al quale gli viene affidato il compito di espandere la societ\u00e0 in Africa ed in Sud America, e di costruire un team a Milano che lo possa affiancare.<\/p>\n<p>Da 3 anni, \u00e8 inoltre Professore Aggiunto alla LUISS Business School dove insegna Marketing Strategico e Branding sia a Master di primo livello che Executives. Mentre \u00e8 stato Guest Lecturer alla Tuck School of di<\/p>\n<p>Dartmouth, all\u2019universit\u00e0 Insper di San Paolo, alla Corvinus University diBudapest, alla Cracow Business School (Polonia) dove continua ad insegnare marketing a livello EMBA.<\/p>\n<p>Scrive per diverse riviste di settore,<b>\u00a0\u201cHuman Centric Marketing, prima di consumatori siamo tutti persone\u201d<\/b>\u00a0\u00e8 il suo primo libro. Rinaldi viene spesso invitato come keynote speaker a molti eventi in giro per il mondo, la sua passione pi\u00f9 grande \u00e8 quella, infatti, di mostrare al mondo il lato pi\u00f9 umano e rivoluzionario del marketing.<\/p>\n<\/div><\/section><br \/>\n\n<style type=\"text\/css\" data-created_by=\"avia_inline_auto\" id=\"style-css-av-2j71s6-79c1c50f1bcdabab2ddbe8530b550b12\">\n#top .av-special-heading.av-2j71s6-79c1c50f1bcdabab2ddbe8530b550b12{\npadding-bottom:10px;\n}\nbody .av-special-heading.av-2j71s6-79c1c50f1bcdabab2ddbe8530b550b12 .av-special-heading-tag .heading-char{\nfont-size:25px;\n}\n.av-special-heading.av-2j71s6-79c1c50f1bcdabab2ddbe8530b550b12 .av-subheading{\nfont-size:15px;\n}\n<\/style>\n<div  class='av-special-heading av-2j71s6-79c1c50f1bcdabab2ddbe8530b550b12 av-special-heading-h2 blockquote modern-quote  avia-builder-el-16  el_after_av_textblock  el_before_av_textblock '><h2 class='av-special-heading-tag '  itemprop=\"headline\"  >Principali Pubblicazioni:<\/h2><div class=\"special-heading-border\"><div class=\"special-heading-inner-border\"><\/div><\/div><\/div><br \/>\n<section  class='av_textblock_section av-l0c4lyqn-83134116f0103b8d30139ff116e37f30 '   itemscope=\"itemscope\" itemtype=\"https:\/\/schema.org\/CreativeWork\" ><div class='avia_textblock'  itemprop=\"text\" ><p><b>\u201cQuesto libro nasce con l\u2019intento di raccontare il lato umano del marketing, come credo non sia mai stato fatto prima\u201d.<\/b><\/p>\n<p>Ho ascoltato, studiato e preso parte a molte storie di marketing e posso dirvi che quelle di maggior successo hanno una cosa in comune, partono tutte da una profonda comprensione delle persone. Mentre molti libri ora parlano di AI (Intelligenza Artificiale) e digitalizzazione, questo libro vuole riportare l&#8217;attenzione sugli \u201cesseri umani&#8221;: Human-Centric-Marketing.<\/p>\n<p>In questo libro, racconto storie sull&#8217;affascinante campo in cui lavoro, usando le esperienze dei miei clienti, dei miei colleghi, dei miei studenti e di alcune persone che non hanno nulla a che fare con il mondo del marketing, condividendo i risultati di questo fantastico viaggio.<\/p>\n<p>Insieme ci immergeremo nei comportamenti, nelle credenze e nella psicologia dei consumatori. Cercheremo di capire le loro paure, le loro tensioni e le loro preoccupazioni. Esploreremo i modi in cui i marchi di successo comprendono le persone ed interagiscono con loro, comunicando al momento giusto, nel posto giusto. Sara\u00cc\u20ac un viaggio molto emozionante e divertente, che mostrera\u00cc\u20ac il lato umano e rivoluzionario del marketing<\/p>\n<\/div><\/section><\/p><\/div><div  class='flex_column av-gfmqhc-ae98b246db5647bed779646d72fbbb60 av_one_third  avia-builder-el-18  el_after_av_two_third  avia-builder-el-last  flex_column_div  '     ><div  class='avia-builder-widget-area clearfix  avia-builder-el-19  avia-builder-el-no-sibling '><div id=\"custom_html-3\" class=\"widget_text widget clearfix widget_custom_html\"><div class=\"textwidget custom-html-widget\">\n<style type=\"text\/css\" data-created_by=\"avia_inline_auto\" id=\"style-css-av-dskg1y-7640993e4bf78f89128063a9fecf1497\">\n.av_promobox.av-dskg1y-7640993e4bf78f89128063a9fecf1497{\ncolor:#ffffff;\nbackground:#444444;\nborder-color:#333333;\n}\n<\/style>\n<div  class='av_promobox av-dskg1y-7640993e4bf78f89128063a9fecf1497 avia-button-no'><div class='avia-promocontent'><h3 style=\"text-align: center;\"><span style=\"color: #ffffff;\">To know costs and availability<\/span><\/h3>\n<\/div><\/div>\r\n<form action=\"https:\/\/www.promostudio.info\/en\/speakers\/rinaldi-matteo\/\" method=\"post\" data-fields-with-error=\"Found errors in the following field(s):\" class=\"avia_ajax_form av-form-labels-hidden    \" data-avia-form-id=\"1\" data-avia-redirect='' ><h3 class=''>Fill out the form<\/h3><fieldset><p class='  first_form  form_element form_element_half' id='element_avia_1_1'><label for=\"avia_1_1\">Name <abbr class=\"required\" title=\"required\">*<\/abbr><\/label> <input name=\"avia_1_1\" class=\"text_input is_empty\" type=\"text\" id=\"avia_1_1\" value=\"\"  placeholder='Name*'\/><\/p><p class='  form_element form_element_half' id='element_avia_2_1'><label for=\"avia_2_1\">Surname <abbr class=\"required\" title=\"required\">*<\/abbr><\/label> <input name=\"avia_2_1\" class=\"text_input is_empty\" type=\"text\" id=\"avia_2_1\" value=\"\"  placeholder='Surname*'\/><\/p><p class='  first_form  form_element form_fullwidth' id='element_avia_3_1'><label for=\"avia_3_1\">Company <abbr class=\"required\" title=\"required\">*<\/abbr><\/label> <input name=\"avia_3_1\" class=\"text_input is_empty\" type=\"text\" id=\"avia_3_1\" value=\"\"  placeholder='Company*'\/><\/p><p class='  first_form  form_element form_element_half' id='element_avia_4_1'><label for=\"avia_4_1\">E-mail <abbr class=\"required\" title=\"required\">*<\/abbr><\/label> <input name=\"avia_4_1\" class=\"text_input is_email\" type=\"text\" id=\"avia_4_1\" value=\"\"  placeholder='E-mail*'\/><\/p><p class='  form_element form_element_half' id='element_avia_5_1'><label for=\"avia_5_1\">Phone <abbr class=\"required\" title=\"required\">*<\/abbr><\/label> <input name=\"avia_5_1\" class=\"text_input is_number\" type=\"text\" id=\"avia_5_1\" value=\"\"  placeholder='Phone*'\/><\/p><p class='  first_form  form_element form_fullwidth' id='element_avia_6_1'><label for=\"avia_6_1\">Speaker of your interest <abbr class=\"required\" title=\"required\">*<\/abbr><\/label> <input name=\"avia_6_1\" class=\"text_input is_empty\" type=\"text\" id=\"avia_6_1\" value=\"\"  placeholder='Speaker of your interest*'\/><\/p><p class='  first_form  form_element form_fullwidth' id='element_avia_7_1'><label for=\"avia_7_1\" class=\"textare_label hidden textare_label_avia_7_1\">Message <abbr class=\"required\" title=\"required\">*<\/abbr><\/label><textarea  placeholder='Message*' name=\"avia_7_1\" class=\"text_area is_empty\" cols=\"40\" rows=\"7\" id=\"avia_7_1\" ><\/textarea><\/p><p class=\"hidden\"><input type=\"text\" name=\"avia_8_1\" class=\"hidden \" id=\"avia_8_1\" value=\"\" \/><\/p><p class=' av_form_privacy_check av_contact_privacy_check first_form  form_element form_fullwidth' id='element_avia_9_1'><input  name=\"avia_9_1\" class=\"input_checkbox is_empty\" type=\"checkbox\" id=\"avia_9_1\" value=\"true\"\/><label class=\"input_checkbox_label\" for=\"avia_9_1\">I consent to the processing of my data according to our <a href='https:\/\/www.promostudio.info\/privacy-policy\/' target='_blank'>Privacy Policy<\/a> (GDPR Ue 2016\/679) <abbr class=\"required\" title=\"required\">*<\/abbr><\/label><\/p><p class=\"form_element \"><input type=\"hidden\" value=\"1\" name=\"avia_generated_form1\" \/><input type=\"submit\" value=\"Submit your request\" class=\"button\"  data-sending-label=\"Sending\"\/><\/p><\/fieldset><\/form><div id=\"ajaxresponse_1\" class=\"ajaxresponse ajaxresponse_1 hidden\"><\/div><\/div><\/div><\/div><\/div><\/div><\/div><\/div><!-- close content main div --><\/div><\/div><div id='after_section_2'  class='main_color av_default_container_wrap container_wrap sidebar_right'  ><div class='container av-section-cont-open' ><div class='template-page content  av-content-small alpha units'><div class='post-entry post-entry-type-page post-entry-4034'><div class='entry-content-wrapper clearfix'>\n","protected":false},"excerpt":{"rendered":"","protected":false},"featured_media":4035,"comment_status":"closed","ping_status":"closed","template":"","meta":[],"product_brand":[],"product_cat":[39],"product_tag":[],"class_list":{"0":"post-4034","1":"product","2":"type-product","3":"status-publish","4":"has-post-thumbnail","6":"product_cat-management","8":"first","9":"instock","10":"shipping-taxable","11":"product-type-simple"},"_links":{"self":[{"href":"https:\/\/www.promostudio.info\/en\/wp-json\/wp\/v2\/product\/4034","targetHints":{"allow":["GET"]}}],"collection":[{"href":"https:\/\/www.promostudio.info\/en\/wp-json\/wp\/v2\/product"}],"about":[{"href":"https:\/\/www.promostudio.info\/en\/wp-json\/wp\/v2\/types\/product"}],"replies":[{"embeddable":true,"href":"https:\/\/www.promostudio.info\/en\/wp-json\/wp\/v2\/comments?post=4034"}],"wp:featuredmedia":[{"embeddable":true,"href":"https:\/\/www.promostudio.info\/en\/wp-json\/wp\/v2\/media\/4035"}],"wp:attachment":[{"href":"https:\/\/www.promostudio.info\/en\/wp-json\/wp\/v2\/media?parent=4034"}],"wp:term":[{"taxonomy":"product_brand","embeddable":true,"href":"https:\/\/www.promostudio.info\/en\/wp-json\/wp\/v2\/product_brand?post=4034"},{"taxonomy":"product_cat","embeddable":true,"href":"https:\/\/www.promostudio.info\/en\/wp-json\/wp\/v2\/product_cat?post=4034"},{"taxonomy":"product_tag","embeddable":true,"href":"https:\/\/www.promostudio.info\/en\/wp-json\/wp\/v2\/product_tag?post=4034"}],"curies":[{"name":"wp","href":"https:\/\/api.w.org\/{rel}","templated":true}]}}