{"id":4112,"date":"2022-03-09T23:02:24","date_gmt":"2022-03-09T22:02:24","guid":{"rendered":"https:\/\/www.promostudio.info\/speakers\/ballentine-roger-copy\/"},"modified":"2022-04-13T11:55:48","modified_gmt":"2022-04-13T09:55:48","slug":"melis-maurizio","status":"publish","type":"product","link":"https:\/\/www.promostudio.info\/en\/speakers\/melis-maurizio\/","title":{"rendered":"Melis, Maurizio"},"content":{"rendered":"\n<style type=\"text\/css\" data-created_by=\"avia_inline_auto\" id=\"style-css-av-108cygw-d6651d9a081aa75e9849e8f60e85125c\">\n.avia-section.av-108cygw-d6651d9a081aa75e9849e8f60e85125c{\nbackground-color:#ededed;\nbackground-image:url(https:\/\/www.promostudio.info\/wp-content\/uploads\/2021\/01\/Professional-Speakers-650x380-1.jpg);\nbackground-repeat:no-repeat;\nbackground-position:50% 100%;\nbackground-attachment:fixed;\n}\n.avia-section.av-108cygw-d6651d9a081aa75e9849e8f60e85125c .av-section-color-overlay{\nopacity:0.8;\nbackground-color:#0a0a0a;\n}\n<\/style>\n<div id='av_section_1'  class='avia-section av-108cygw-d6651d9a081aa75e9849e8f60e85125c main_color avia-section-default avia-no-border-styling  avia-builder-el-0  el_before_av_section  avia-builder-el-first  avia-full-stretch avia-bg-style-fixed av-section-color-overlay-active av-minimum-height av-minimum-height-50 av-height-50  container_wrap sidebar_right'  data-section-bg-repeat='stretch' data-av_minimum_height_pc='50' data-av_min_height_opt='50'><div class=\"av-section-color-overlay-wrap\"><div class=\"av-section-color-overlay\"><\/div><div class='container av-section-cont-open' ><main  role=\"main\" itemprop=\"mainContentOfPage\"  class='template-page content  av-content-small alpha units'><div class='post-entry post-entry-type-page post-entry-4112'><div class='entry-content-wrapper clearfix'>\n<div  class='flex_column av-y3b92o-c44cd479ab1679fdda6fbc5c0aba0a57 av_three_fourth  avia-builder-el-1  el_before_av_one_fourth  avia-builder-el-first  first flex_column_div  '     ><p>\n<style type=\"text\/css\" data-created_by=\"avia_inline_auto\" id=\"style-css-av-l09nui5v-cb16ca9efbb3806ef8fe19827f9ed549\">\n#top .av-special-heading.av-l09nui5v-cb16ca9efbb3806ef8fe19827f9ed549{\npadding-bottom:10px;\ncolor:#ffffff;\n}\nbody .av-special-heading.av-l09nui5v-cb16ca9efbb3806ef8fe19827f9ed549 .av-special-heading-tag .heading-char{\nfont-size:25px;\n}\n.av-special-heading.av-l09nui5v-cb16ca9efbb3806ef8fe19827f9ed549 .special-heading-inner-border{\nborder-color:#ffffff;\n}\n.av-special-heading.av-l09nui5v-cb16ca9efbb3806ef8fe19827f9ed549 .av-subheading{\nfont-size:15px;\n}\n<\/style>\n<div  class='av-special-heading av-l09nui5v-cb16ca9efbb3806ef8fe19827f9ed549 av-special-heading-h1 custom-color-heading blockquote modern-quote  avia-builder-el-2  el_before_av_hr  avia-builder-el-first '><h1 class='av-special-heading-tag '  itemprop=\"headline\"  >Maurizio Melis<\/h1><div class=\"special-heading-border\"><div class=\"special-heading-inner-border\"><\/div><\/div><\/div><br \/>\n<div  class='hr av-39y9lc-38fc1f437ef3da0af5555c7d7ed856b7 hr-default  avia-builder-el-3  el_after_av_heading  el_before_av_heading '><span class='hr-inner '><span class=\"hr-inner-style\"><\/span><\/span><\/div><br \/>\n\n<style type=\"text\/css\" data-created_by=\"avia_inline_auto\" id=\"style-css-av-l09nwjx0-9a11bc222828299ea9c8c863cbb6e98d\">\n#top .av-special-heading.av-l09nwjx0-9a11bc222828299ea9c8c863cbb6e98d{\npadding-bottom:10px;\ncolor:#ffffff;\n}\nbody .av-special-heading.av-l09nwjx0-9a11bc222828299ea9c8c863cbb6e98d .av-special-heading-tag .heading-char{\nfont-size:25px;\n}\n.av-special-heading.av-l09nwjx0-9a11bc222828299ea9c8c863cbb6e98d .special-heading-inner-border{\nborder-color:#ffffff;\n}\n.av-special-heading.av-l09nwjx0-9a11bc222828299ea9c8c863cbb6e98d .av-subheading{\nfont-size:15px;\n}\n<\/style>\n<div  class='av-special-heading av-l09nwjx0-9a11bc222828299ea9c8c863cbb6e98d av-special-heading-h3 custom-color-heading blockquote modern-quote  avia-builder-el-4  el_after_av_hr  avia-builder-el-last '><h3 class='av-special-heading-tag '  itemprop=\"headline\"  >Giornalista e conduttore radiofonico<\/h3><div class='av_custom_color av-subheading av-subheading_below'><p>Divulgatore di scienza e tecnologia, moderatore e speaker<\/p>\n<\/div><div class=\"special-heading-border\"><div class=\"special-heading-inner-border\"><\/div><\/div><\/div><\/p><\/div><div  class='flex_column av-v0hmj4-0c48f8c775d55ae4a6f96cba9b868149 av_one_fourth  avia-builder-el-5  el_after_av_three_fourth  el_before_av_three_fourth  flex_column_div  '     ><div  class='avia-slideshow av-l09nusd9-4e5caf181d2e35b75c0e6c674ad24a08 avia-slideshow-medium av_slideshow avia-slide-slider  avia-builder-el-6  avia-builder-el-no-sibling  av-slideshow-ui av-control-default av-slideshow-manual av-loop-once av-loop-manual-endless av-default-height-applied avia-slideshow-1' data-slideshow-options=\"{&quot;animation&quot;:&quot;slide&quot;,&quot;autoplay&quot;:false,&quot;loop_autoplay&quot;:&quot;once&quot;,&quot;interval&quot;:5,&quot;loop_manual&quot;:&quot;manual-endless&quot;,&quot;autoplay_stopper&quot;:false,&quot;noNavigation&quot;:false,&quot;bg_slider&quot;:false,&quot;keep_padding&quot;:false,&quot;hoverpause&quot;:false,&quot;show_slide_delay&quot;:0}\"  itemprop=\"image\" itemscope=\"itemscope\" itemtype=\"https:\/\/schema.org\/ImageObject\" ><ul class='avia-slideshow-inner ' style='padding-bottom: 120%;'><li  class='avia-slideshow-slide av-l09nusd9-4e5caf181d2e35b75c0e6c674ad24a08__0  av-single-slide slide-1 slide-odd'><div data-rel='slideshow-1' class='avia-slide-wrap '   ><img decoding=\"async\" fetchpriority=\"high\" class=\"wp-image-4460 avia-img-lazy-loading-not-4460\"  src=\"https:\/\/www.promostudio.info\/wp-content\/uploads\/2022\/03\/Maurizio-Melis.jpg\" width=\"250\" height=\"300\" title='Maurizio-Melis' alt=''  itemprop=\"thumbnailUrl\"   \/><\/div><\/li><\/ul><\/div><\/div><div class='flex_column_table av-t10r2o-958312173f7dec8ed43153ac64b3a6dc sc-av_three_fourth av-equal-height-column-flextable'><div  class='flex_column av-t10r2o-958312173f7dec8ed43153ac64b3a6dc av_three_fourth  avia-builder-el-7  el_after_av_one_fourth  el_before_av_one_fourth  first flex_column_table_cell av-equal-height-column av-align-top  column-top-margin'     ><\/div><div class='av-flex-placeholder'><\/div><div  class='flex_column av-qb40n4-8809355afa840be72041ea2473dc7e60 av_one_fourth  avia-builder-el-9  el_after_av_three_fourth  avia-builder-el-last  flex_column_table_cell av-equal-height-column av-align-top  column-top-margin'     ><\/div><\/div><!--close column table wrapper. Autoclose: 1 -->\n\n<\/div><\/div><\/main><!-- close content main element --><\/div><\/div><\/div><div id='av_section_2'  class='avia-section av-nu7klc-b36ccafcc837df15268562b59ce6b142 main_color avia-section-default avia-no-border-styling  avia-builder-el-10  el_after_av_section  avia-builder-el-last  avia-bg-style-scroll container_wrap sidebar_right'  ><div class='container av-section-cont-open' ><div class='template-page content  av-content-small alpha units'><div class='post-entry post-entry-type-page post-entry-4112'><div class='entry-content-wrapper clearfix'>\n\n<style type=\"text\/css\" data-created_by=\"avia_inline_auto\" id=\"style-css-av-luf4gw-82e368508a27c627ea16aaea44bda8a3\">\n@keyframes av_boxShadowEffect_av-luf4gw-82e368508a27c627ea16aaea44bda8a3-column {\n0%   { box-shadow:  0 0 0 0 #a8a8a8; opacity: 1; }\n100% { box-shadow:  0 0 10px 0 #a8a8a8; opacity: 1; }\n}\n.flex_column.av-luf4gw-82e368508a27c627ea16aaea44bda8a3{\nbox-shadow: 0 0 10px 0 #a8a8a8;\nborder-width:1px;\nborder-color:#bfbfbf;\nborder-style:solid;\npadding:30px 30px 30px 30px;\nbackground-color:#ffffff;\n}\n<\/style>\n<div  class='flex_column av-luf4gw-82e368508a27c627ea16aaea44bda8a3 av_two_third  avia-builder-el-11  el_before_av_one_third  avia-builder-el-first  first flex_column_div shadow-not-animated  '     ><p>\n<style type=\"text\/css\" data-created_by=\"avia_inline_auto\" id=\"style-css-av-kmo6xs-ff18f3ba73f0d88b2188287349360031\">\n#top .av-special-heading.av-kmo6xs-ff18f3ba73f0d88b2188287349360031{\npadding-bottom:10px;\n}\nbody .av-special-heading.av-kmo6xs-ff18f3ba73f0d88b2188287349360031 .av-special-heading-tag .heading-char{\nfont-size:25px;\n}\n.av-special-heading.av-kmo6xs-ff18f3ba73f0d88b2188287349360031 .av-subheading{\nfont-size:15px;\n}\n<\/style>\n<div  class='av-special-heading av-kmo6xs-ff18f3ba73f0d88b2188287349360031 av-special-heading-h2 blockquote modern-quote  avia-builder-el-12  el_before_av_textblock  avia-builder-el-first '><h2 class='av-special-heading-tag '  itemprop=\"headline\"  >Ambiti Principali:<\/h2><div class=\"special-heading-border\"><div class=\"special-heading-inner-border\"><\/div><\/div><\/div><br \/>\n<section  class='av_textblock_section av-l09nx9p8-5355aee62b6ad61beb193c91fe80a8d5 '   itemscope=\"itemscope\" itemtype=\"https:\/\/schema.org\/CreativeWork\" ><div class='avia_textblock'  itemprop=\"text\" ><ul>\n<li>Energia<\/li>\n<li>Smart Cities<\/li>\n<li>Economia Circolare<\/li>\n<li>Green Economy<\/li>\n<li>Sostenibilit\u00e0<\/li>\n<li>Trend digitali e pi\u00f9 in generale i processi di innovazione<\/li>\n<li>Comunicazione della scienza<\/li>\n<\/ul>\n<\/div><\/section><br \/>\n\n<style type=\"text\/css\" data-created_by=\"avia_inline_auto\" id=\"style-css-av-j1okww-e52b994a1170aece6ec46f08c2c403ef\">\n#top .av-special-heading.av-j1okww-e52b994a1170aece6ec46f08c2c403ef{\npadding-bottom:10px;\n}\nbody .av-special-heading.av-j1okww-e52b994a1170aece6ec46f08c2c403ef .av-special-heading-tag .heading-char{\nfont-size:25px;\n}\n.av-special-heading.av-j1okww-e52b994a1170aece6ec46f08c2c403ef .av-subheading{\nfont-size:15px;\n}\n<\/style>\n<div  class='av-special-heading av-j1okww-e52b994a1170aece6ec46f08c2c403ef av-special-heading-h2 blockquote modern-quote  avia-builder-el-14  el_after_av_textblock  el_before_av_textblock '><h2 class='av-special-heading-tag '  itemprop=\"headline\"  >Profilo Professionale:<\/h2><div class=\"special-heading-border\"><div class=\"special-heading-inner-border\"><\/div><\/div><\/div><br \/>\n<section  class='av_textblock_section av-l09nyh2l-b799fdc5d84775e71ca0e3609e54ca9e '   itemscope=\"itemscope\" itemtype=\"https:\/\/schema.org\/CreativeWork\" ><div class='avia_textblock'  itemprop=\"text\" ><p>Maurizio Melis, giornalista scientifico, conduce la trasmissione quotidiana \u201cSmart City, Voci e Luoghi dell&#8217;Innovazione\u201d su Radio 24 \u2013 Il sole 24 Ore. Per Radio24 \u00e8 stato inoltre autore e conduttore di altri format tra cui la rubrica dedicata all&#8217;efficienza energetica e alle rinnovabili \u201cMr Kilowatt\u201d.<br \/>\nHa collaborato con programmi televisivi come GEO (Rai 3) e il Cristina Parodi Show (La7), e con testate giornalistiche tra cui Il Sole 24 Ore, Equilibri, Newton.<\/p>\n<p>Autore di tre saggi pubblicati per Il Sole 24 Ore svolge un&#8217;intensa attivit\u00e0 convegnistica e di formazione rivolta tanto al pubblico generico quanto alle amministrazioni pubbliche, a studenti di ogni grado, a imprese e altri attori economici, occupandosi di temi quali l&#8217;energia, le smart city, l&#8217;economia circolare, la green economy, i trend digitali e pi\u00f9 in generale i processi di innovazione, oltre alla comunicazione della scienza. Vincitore di vari premi giornalistici tra cui il premio \u201cItalia in Classe A\u201d del MiSE.<br \/>\nMusicista a tempo perso (ma non del tutto), ama mischiare divulgazione e musica.<\/p>\n<\/div><\/section><br \/>\n\n<style type=\"text\/css\" data-created_by=\"avia_inline_auto\" id=\"style-css-av-l0ckq8j9-f692effcbcedc64ee3e8f46ffa21cc18\">\n#top .av-special-heading.av-l0ckq8j9-f692effcbcedc64ee3e8f46ffa21cc18{\npadding-bottom:10px;\n}\nbody .av-special-heading.av-l0ckq8j9-f692effcbcedc64ee3e8f46ffa21cc18 .av-special-heading-tag .heading-char{\nfont-size:25px;\n}\n.av-special-heading.av-l0ckq8j9-f692effcbcedc64ee3e8f46ffa21cc18 .av-subheading{\nfont-size:15px;\n}\n<\/style>\n<div  class='av-special-heading av-l0ckq8j9-f692effcbcedc64ee3e8f46ffa21cc18 av-special-heading-h2 blockquote modern-quote  avia-builder-el-16  el_after_av_textblock  el_before_av_textblock '><h2 class='av-special-heading-tag '  itemprop=\"headline\"  >Curriculum Vitae:<\/h2><div class=\"special-heading-border\"><div class=\"special-heading-inner-border\"><\/div><\/div><\/div><br \/>\n<section  class='av_textblock_section av-l0ckqfyz-5a1e60ab4980e9ddd1b0d1f69cafffa4 '   itemscope=\"itemscope\" itemtype=\"https:\/\/schema.org\/CreativeWork\" ><div class='avia_textblock'  itemprop=\"text\" ><p>Classe 1973, Laurea in Ingegneria Elettronica Biomedica nel 1999 al Politecnico di Milano, seguita da un\u2019esperienza lavorativa in IBM e poi in Ars Edizioni informatiche. Nel 2005 il cambio di rotta professionale, con il conseguimento di un Master in Comunicazione della Scienza all&#8217;Universit\u00e0 Statale di Milano per seguire la passione per la divulgazione scientifica, gi\u00e0 coltivata in giovent\u00f9 in circa un decennio di volontario presso l&#8217;Associazione Astronomica G.V. Shiaparelli.<\/p>\n<p>Dopo il master l&#8217;approdo a Ticonuno, societ\u00e0 di servizi editoriali che dal 2007 cura e produce Moebius, la trasmissione di scienza di Radio24 \u2013 Il Sole 24 Ore, di cui \u00e8 una delle voci dalla prima puntata e curatore del sito.<\/p>\n<p>Nel Novembre 2009 arriva la conduzione di &#8220;Mr Kilowatt&#8221;, fortunata rubrica quotidiana dedicata al mondo dell&#8217;efficienza energetica e delle rinnovabili, che prosegue fino a tutto il 2011.<\/p>\n<p>Da gennaio 2012 conduce \u201cSmart City\u201d, trasmissione radiofonica quotidiana dedicata all\u2019innovazione. Nel frattempo conduce altri format estivi di intrattenimento dedicati alla scienza quali &#8220;Archimede, in viaggio tra passato e futuro\u201d, &#8220;Odissea 2011\u201d, \u201cCanale 24\u201d e \u201cSound of science\u201d.<\/p>\n<p>Negli stessi anni collabora con trasmissioni televisive tra cui Buongiorno Regione (Rai3) e il Cristina Parodi Show (La7), e cura per GEO (RAI3) la rubrica settimanale Futuro Prossimo, dedicata all&#8217;informazione sul risparmio energetico e le tecnologie a favore dell&#8217;ambiente.<\/p>\n<\/div><\/section><br \/>\n\n<style type=\"text\/css\" data-created_by=\"avia_inline_auto\" id=\"style-css-av-2cduqa-aa84b42a385ad29b3b3689af622d9d05\">\n#top .av-special-heading.av-2cduqa-aa84b42a385ad29b3b3689af622d9d05{\npadding-bottom:10px;\n}\nbody .av-special-heading.av-2cduqa-aa84b42a385ad29b3b3689af622d9d05 .av-special-heading-tag .heading-char{\nfont-size:25px;\n}\n.av-special-heading.av-2cduqa-aa84b42a385ad29b3b3689af622d9d05 .av-subheading{\nfont-size:15px;\n}\n<\/style>\n<div  class='av-special-heading av-2cduqa-aa84b42a385ad29b3b3689af622d9d05 av-special-heading-h2 blockquote modern-quote  avia-builder-el-18  el_after_av_textblock  el_before_av_textblock '><h2 class='av-special-heading-tag '  itemprop=\"headline\"  >Principali Pubblicazioni:<\/h2><div class=\"special-heading-border\"><div class=\"special-heading-inner-border\"><\/div><\/div><\/div><br \/>\n<section  class='av_textblock_section av-l0grw6h2-0d48d6c754f117df84430bbe05dee339 '   itemscope=\"itemscope\" itemtype=\"https:\/\/schema.org\/CreativeWork\" ><div class='avia_textblock'  itemprop=\"text\" ><p>Ha pubblicato per Il Sole 24 Ore tre libri: &#8220;Mr Kilowatt, alla ricerca dell&#8217;energia perduta&#8221;; &#8220;Landi Renzo e la mobilit\u00e0 sostenibile &#8211; Storia di un imprenditore reggiano e delle sue innovazioni nella terra dei motori&#8221;, e infine &#8220;ECO &amp; GREEN CAR &#8211; guida all\u2019auto ecologica e sostenibile&#8221;. Occasionalmente ha scritto per riviste e quotidiani come AQUA, Newton, Il Sole 24 Ore.<\/p>\n<p><strong>Attivit\u00e0 convegnistiche:<\/strong><\/p>\n<p>Ha moderato centinaia tra dibattiti, convegni e tavole rotonde organizzati da imprese, fondazioni, associazioni di categoria, universit\u00e0 e istituzioni pubbliche (alcuni esempi dell&#8217;ultimo tipo sono: Commissione Europea, Ministero Ambiente, MISE, Regione Emilia Romagna, ENEA, GSE, AEEG, Cassa Depositi e Prestiti, Joint Researh Center, Politecnico di Milano e di Torino, Univ. Cattolica del Sacro Cuore, IULM, Universit\u00e0 di Padova, Universit\u00e0 di Pisa, Universit\u00e0 di Bologna, Campus Biomedico di Roma, Universit\u00e0 di Sassari, Tsinghua University &#8211; Beijing).<br \/>\nSvolge regolarmente seminari rivolti sia alle maggiori imprese italiane sia al largo pubblico su tematiche legate all\u2019innovazione e alla comunicazione scientifica.<\/p>\n<p><strong>Premi:<\/strong><\/p>\n<ul>\n<li>2012 Vincitore prima edizione del premio giornalistico EOLO.<\/li>\n<li>2017 \u201cItalia in Classe A\u201d, concorso organizzato da ENEA e Ministero dello Sviluppo Economico. Premio a Smart City come migliore testata giornalistica nazionale per l\u2019informazione sul tema dell\u2019efficienza energetica.<\/li>\n<li>2017 Vincitore premio Giornalisti per la Sostenibilit\u00e0 &#8211; Categoria Radio (Associazione Pentapolis) 2020 Vincitore premio giornalistico di Ecofuturo<br \/>\nMusica &amp; Altro:<\/li>\n<\/ul>\n<p>Varie esperienze in band elettriche e acustiche. Con la Compagnia della Gru ha svolto un\u2019intensa attivit\u00e0 artistica nel canto gospel, nel musical e nell\u2019edutainment, tra cui si segnalano il primo posto in due concorsi internazionali e la collaborazione con il centro di cultura Afroamericana di Cleveland (Ohio-USA). Co-autore di Star Trek, in cammino verso le Stelle, conferenza in musica rappresentata, tra l\u2019altro, a Spoleto Scienza, all\u2019interno del Festival dei Due Mondi; autore su Radio 24 della trasmissione Sound of Science, che intrecciava storia della scienza e musica dal vivo; e di \u201cE non lasciano l\u2019erba\u2026\u201d, conferenza in musica sulla storia della contestazione ecologica, attualmente in produzione.<\/p>\n<p>E\u2019 stato ideatore e co-fondatore di Storie di Scienza, Festival della scienza di Varese. Parla inglese e francese e una volta ha passato un mese tra i Masai, in Kenya, a costruire una scuola.<\/p>\n<\/div><\/section><\/p><\/div><div  class='flex_column av-gfmqhc-ae98b246db5647bed779646d72fbbb60 av_one_third  avia-builder-el-20  el_after_av_two_third  avia-builder-el-last  flex_column_div  '     ><div  class='avia-builder-widget-area clearfix  avia-builder-el-21  avia-builder-el-no-sibling '><div id=\"custom_html-3\" class=\"widget_text widget clearfix widget_custom_html\"><div class=\"textwidget custom-html-widget\">\n<style type=\"text\/css\" data-created_by=\"avia_inline_auto\" id=\"style-css-av-dskg1y-7640993e4bf78f89128063a9fecf1497\">\n.av_promobox.av-dskg1y-7640993e4bf78f89128063a9fecf1497{\ncolor:#ffffff;\nbackground:#444444;\nborder-color:#333333;\n}\n<\/style>\n<div  class='av_promobox av-dskg1y-7640993e4bf78f89128063a9fecf1497 avia-button-no'><div class='avia-promocontent'><h3 style=\"text-align: center;\"><span style=\"color: #ffffff;\">To know costs and availability<\/span><\/h3>\n<\/div><\/div>\r\n<form action=\"https:\/\/www.promostudio.info\/en\/speakers\/melis-maurizio\/\" method=\"post\" data-fields-with-error=\"Found errors in the following field(s):\" class=\"avia_ajax_form av-form-labels-hidden    \" data-avia-form-id=\"1\" data-avia-redirect='' ><h3 class=''>Fill out the form<\/h3><fieldset><p class='  first_form  form_element form_element_half' id='element_avia_1_1'><label for=\"avia_1_1\">Name <abbr class=\"required\" title=\"required\">*<\/abbr><\/label> <input name=\"avia_1_1\" class=\"text_input is_empty\" type=\"text\" id=\"avia_1_1\" value=\"\"  placeholder='Name*'\/><\/p><p class='  form_element form_element_half' id='element_avia_2_1'><label for=\"avia_2_1\">Surname <abbr class=\"required\" title=\"required\">*<\/abbr><\/label> <input name=\"avia_2_1\" class=\"text_input is_empty\" type=\"text\" id=\"avia_2_1\" value=\"\"  placeholder='Surname*'\/><\/p><p class='  first_form  form_element form_fullwidth' id='element_avia_3_1'><label for=\"avia_3_1\">Company <abbr class=\"required\" title=\"required\">*<\/abbr><\/label> <input name=\"avia_3_1\" class=\"text_input is_empty\" type=\"text\" id=\"avia_3_1\" value=\"\"  placeholder='Company*'\/><\/p><p class='  first_form  form_element form_element_half' id='element_avia_4_1'><label for=\"avia_4_1\">E-mail <abbr class=\"required\" title=\"required\">*<\/abbr><\/label> <input name=\"avia_4_1\" class=\"text_input is_email\" type=\"text\" id=\"avia_4_1\" value=\"\"  placeholder='E-mail*'\/><\/p><p class='  form_element form_element_half' id='element_avia_5_1'><label for=\"avia_5_1\">Phone <abbr class=\"required\" title=\"required\">*<\/abbr><\/label> <input name=\"avia_5_1\" class=\"text_input is_number\" type=\"text\" id=\"avia_5_1\" value=\"\"  placeholder='Phone*'\/><\/p><p class='  first_form  form_element form_fullwidth' id='element_avia_6_1'><label for=\"avia_6_1\">Speaker of your interest <abbr class=\"required\" title=\"required\">*<\/abbr><\/label> <input name=\"avia_6_1\" class=\"text_input is_empty\" type=\"text\" id=\"avia_6_1\" value=\"\"  placeholder='Speaker of your interest*'\/><\/p><p class='  first_form  form_element form_fullwidth' id='element_avia_7_1'><label for=\"avia_7_1\" class=\"textare_label hidden textare_label_avia_7_1\">Message <abbr class=\"required\" title=\"required\">*<\/abbr><\/label><textarea  placeholder='Message*' name=\"avia_7_1\" class=\"text_area is_empty\" cols=\"40\" rows=\"7\" id=\"avia_7_1\" ><\/textarea><\/p><p class=\"hidden\"><input type=\"text\" name=\"avia_8_1\" class=\"hidden \" id=\"avia_8_1\" value=\"\" \/><\/p><p class=' av_form_privacy_check av_contact_privacy_check first_form  form_element form_fullwidth' id='element_avia_9_1'><input  name=\"avia_9_1\" class=\"input_checkbox is_empty\" type=\"checkbox\" id=\"avia_9_1\" value=\"true\"\/><label class=\"input_checkbox_label\" for=\"avia_9_1\">I consent to the processing of my data according to our <a href='https:\/\/www.promostudio.info\/privacy-policy\/' target='_blank'>Privacy Policy<\/a> (GDPR Ue 2016\/679) <abbr class=\"required\" title=\"required\">*<\/abbr><\/label><\/p><p class=\"form_element \"><input type=\"hidden\" value=\"1\" name=\"avia_generated_form1\" \/><input type=\"submit\" value=\"Submit your request\" class=\"button\"  data-sending-label=\"Sending\"\/><\/p><\/fieldset><\/form><div id=\"ajaxresponse_1\" class=\"ajaxresponse ajaxresponse_1 hidden\"><\/div><\/div><\/div><\/div><\/div><\/div><\/div><\/div><!-- close content main div --><\/div><\/div><div id='after_section_2'  class='main_color av_default_container_wrap container_wrap sidebar_right'  ><div class='container av-section-cont-open' ><div class='template-page content  av-content-small alpha units'><div class='post-entry post-entry-type-page post-entry-4112'><div class='entry-content-wrapper clearfix'>\n","protected":false},"excerpt":{"rendered":"","protected":false},"featured_media":4113,"comment_status":"closed","ping_status":"closed","template":"","meta":[],"product_brand":[],"product_cat":[36,38],"product_tag":[],"class_list":{"0":"post-4112","1":"product","2":"type-product","3":"status-publish","4":"has-post-thumbnail","6":"product_cat-economia-ambientale","7":"product_cat-etica-e-sostenibilita","9":"first","10":"instock","11":"shipping-taxable","12":"product-type-simple"},"_links":{"self":[{"href":"https:\/\/www.promostudio.info\/en\/wp-json\/wp\/v2\/product\/4112","targetHints":{"allow":["GET"]}}],"collection":[{"href":"https:\/\/www.promostudio.info\/en\/wp-json\/wp\/v2\/product"}],"about":[{"href":"https:\/\/www.promostudio.info\/en\/wp-json\/wp\/v2\/types\/product"}],"replies":[{"embeddable":true,"href":"https:\/\/www.promostudio.info\/en\/wp-json\/wp\/v2\/comments?post=4112"}],"wp:featuredmedia":[{"embeddable":true,"href":"https:\/\/www.promostudio.info\/en\/wp-json\/wp\/v2\/media\/4113"}],"wp:attachment":[{"href":"https:\/\/www.promostudio.info\/en\/wp-json\/wp\/v2\/media?parent=4112"}],"wp:term":[{"taxonomy":"product_brand","embeddable":true,"href":"https:\/\/www.promostudio.info\/en\/wp-json\/wp\/v2\/product_brand?post=4112"},{"taxonomy":"product_cat","embeddable":true,"href":"https:\/\/www.promostudio.info\/en\/wp-json\/wp\/v2\/product_cat?post=4112"},{"taxonomy":"product_tag","embeddable":true,"href":"https:\/\/www.promostudio.info\/en\/wp-json\/wp\/v2\/product_tag?post=4112"}],"curies":[{"name":"wp","href":"https:\/\/api.w.org\/{rel}","templated":true}]}}