{"id":4137,"date":"2022-03-08T14:31:48","date_gmt":"2022-03-08T13:31:48","guid":{"rendered":"https:\/\/www.promostudio.info\/speakers\/bertoli-franco-copy\/"},"modified":"2022-04-13T12:13:33","modified_gmt":"2022-04-13T10:13:33","slug":"bonansea-barbara","status":"publish","type":"product","link":"https:\/\/www.promostudio.info\/en\/speakers\/bonansea-barbara\/","title":{"rendered":"Bonansea, Barbara"},"content":{"rendered":"\n<style type=\"text\/css\" data-created_by=\"avia_inline_auto\" id=\"style-css-av-108cygw-d6651d9a081aa75e9849e8f60e85125c\">\n.avia-section.av-108cygw-d6651d9a081aa75e9849e8f60e85125c{\nbackground-color:#ededed;\nbackground-image:url(https:\/\/www.promostudio.info\/wp-content\/uploads\/2021\/01\/Professional-Speakers-650x380-1.jpg);\nbackground-repeat:no-repeat;\nbackground-position:50% 100%;\nbackground-attachment:fixed;\n}\n.avia-section.av-108cygw-d6651d9a081aa75e9849e8f60e85125c .av-section-color-overlay{\nopacity:0.8;\nbackground-color:#0a0a0a;\n}\n<\/style>\n<div id='av_section_1'  class='avia-section av-108cygw-d6651d9a081aa75e9849e8f60e85125c main_color avia-section-default avia-no-border-styling  avia-builder-el-0  el_before_av_section  avia-builder-el-first  avia-full-stretch avia-bg-style-fixed av-section-color-overlay-active av-minimum-height av-minimum-height-50 av-height-50  container_wrap sidebar_right'  data-section-bg-repeat='stretch' data-av_minimum_height_pc='50' data-av_min_height_opt='50'><div class=\"av-section-color-overlay-wrap\"><div class=\"av-section-color-overlay\"><\/div><div class='container av-section-cont-open' ><main  role=\"main\" itemprop=\"mainContentOfPage\"  class='template-page content  av-content-small alpha units'><div class='post-entry post-entry-type-page post-entry-4137'><div class='entry-content-wrapper clearfix'>\n<div  class='flex_column av-y3b92o-c44cd479ab1679fdda6fbc5c0aba0a57 av_three_fourth  avia-builder-el-1  el_before_av_one_fourth  avia-builder-el-first  first flex_column_div  '     ><p>\n<style type=\"text\/css\" data-created_by=\"avia_inline_auto\" id=\"style-css-av-l09nui5v-e18a02df13ca37670c89021adf9c9aaa\">\n#top .av-special-heading.av-l09nui5v-e18a02df13ca37670c89021adf9c9aaa{\npadding-bottom:10px;\ncolor:#ffffff;\n}\nbody .av-special-heading.av-l09nui5v-e18a02df13ca37670c89021adf9c9aaa .av-special-heading-tag .heading-char{\nfont-size:25px;\n}\n.av-special-heading.av-l09nui5v-e18a02df13ca37670c89021adf9c9aaa .special-heading-inner-border{\nborder-color:#ffffff;\n}\n.av-special-heading.av-l09nui5v-e18a02df13ca37670c89021adf9c9aaa .av-subheading{\nfont-size:15px;\n}\n<\/style>\n<div  class='av-special-heading av-l09nui5v-e18a02df13ca37670c89021adf9c9aaa av-special-heading-h1 custom-color-heading blockquote modern-quote  avia-builder-el-2  el_before_av_hr  avia-builder-el-first '><h1 class='av-special-heading-tag '  itemprop=\"headline\"  >Barbara Bonansea<\/h1><div class=\"special-heading-border\"><div class=\"special-heading-inner-border\"><\/div><\/div><\/div><br \/>\n<div  class='hr av-39y9lc-38fc1f437ef3da0af5555c7d7ed856b7 hr-default  avia-builder-el-3  el_after_av_heading  el_before_av_heading '><span class='hr-inner '><span class=\"hr-inner-style\"><\/span><\/span><\/div><br \/>\n\n<style type=\"text\/css\" data-created_by=\"avia_inline_auto\" id=\"style-css-av-l09nwjx0-fe3865cae5fe6e0b63b43c2dee56d96f\">\n#top .av-special-heading.av-l09nwjx0-fe3865cae5fe6e0b63b43c2dee56d96f{\npadding-bottom:10px;\ncolor:#ffffff;\n}\nbody .av-special-heading.av-l09nwjx0-fe3865cae5fe6e0b63b43c2dee56d96f .av-special-heading-tag .heading-char{\nfont-size:25px;\n}\n.av-special-heading.av-l09nwjx0-fe3865cae5fe6e0b63b43c2dee56d96f .special-heading-inner-border{\nborder-color:#ffffff;\n}\n.av-special-heading.av-l09nwjx0-fe3865cae5fe6e0b63b43c2dee56d96f .av-subheading{\nfont-size:15px;\n}\n<\/style>\n<div  class='av-special-heading av-l09nwjx0-fe3865cae5fe6e0b63b43c2dee56d96f av-special-heading-h3 custom-color-heading blockquote modern-quote  avia-builder-el-4  el_after_av_hr  avia-builder-el-last '><h3 class='av-special-heading-tag '  itemprop=\"headline\"  >Fooball Player<\/h3><div class=\"special-heading-border\"><div class=\"special-heading-inner-border\"><\/div><\/div><\/div><\/p><\/div><div  class='flex_column av-v0hmj4-0c48f8c775d55ae4a6f96cba9b868149 av_one_fourth  avia-builder-el-5  el_after_av_three_fourth  el_before_av_three_fourth  flex_column_div  '     ><div  class='avia-slideshow av-l09nusd9-4e5caf181d2e35b75c0e6c674ad24a08 avia-slideshow-medium av_slideshow avia-slide-slider  avia-builder-el-6  avia-builder-el-no-sibling  av-slideshow-ui av-control-default av-slideshow-manual av-loop-once av-loop-manual-endless av-default-height-applied avia-slideshow-1' data-slideshow-options=\"{&quot;animation&quot;:&quot;slide&quot;,&quot;autoplay&quot;:false,&quot;loop_autoplay&quot;:&quot;once&quot;,&quot;interval&quot;:5,&quot;loop_manual&quot;:&quot;manual-endless&quot;,&quot;autoplay_stopper&quot;:false,&quot;noNavigation&quot;:false,&quot;bg_slider&quot;:false,&quot;keep_padding&quot;:false,&quot;hoverpause&quot;:false,&quot;show_slide_delay&quot;:0}\"  itemprop=\"image\" itemscope=\"itemscope\" itemtype=\"https:\/\/schema.org\/ImageObject\" ><ul class='avia-slideshow-inner ' style='padding-bottom: 120%;'><li  class='avia-slideshow-slide av-l09nusd9-4e5caf181d2e35b75c0e6c674ad24a08__0  av-single-slide slide-1 slide-odd'><div data-rel='slideshow-1' class='avia-slide-wrap '   ><img decoding=\"async\" fetchpriority=\"high\" class=\"wp-image-4499 avia-img-lazy-loading-not-4499\"  src=\"https:\/\/www.promostudio.info\/wp-content\/uploads\/2022\/03\/Barbara-Bonansea1.jpg\" width=\"250\" height=\"300\" title='Barbara-Bonansea1' alt=''  itemprop=\"thumbnailUrl\"   \/><\/div><\/li><\/ul><\/div><\/div><div class='flex_column_table av-t10r2o-958312173f7dec8ed43153ac64b3a6dc sc-av_three_fourth av-equal-height-column-flextable'><div  class='flex_column av-t10r2o-958312173f7dec8ed43153ac64b3a6dc av_three_fourth  avia-builder-el-7  el_after_av_one_fourth  el_before_av_one_fourth  first flex_column_table_cell av-equal-height-column av-align-top  column-top-margin'     ><\/div><div class='av-flex-placeholder'><\/div><div  class='flex_column av-qb40n4-8809355afa840be72041ea2473dc7e60 av_one_fourth  avia-builder-el-9  el_after_av_three_fourth  avia-builder-el-last  flex_column_table_cell av-equal-height-column av-align-top  column-top-margin'     ><\/div><\/div><!--close column table wrapper. Autoclose: 1 -->\n\n<\/div><\/div><\/main><!-- close content main element --><\/div><\/div><\/div><div id='av_section_2'  class='avia-section av-nu7klc-b36ccafcc837df15268562b59ce6b142 main_color avia-section-default avia-no-border-styling  avia-builder-el-10  el_after_av_section  avia-builder-el-last  avia-bg-style-scroll container_wrap sidebar_right'  ><div class='container av-section-cont-open' ><div class='template-page content  av-content-small alpha units'><div class='post-entry post-entry-type-page post-entry-4137'><div class='entry-content-wrapper clearfix'>\n\n<style type=\"text\/css\" data-created_by=\"avia_inline_auto\" id=\"style-css-av-luf4gw-82e368508a27c627ea16aaea44bda8a3\">\n@keyframes av_boxShadowEffect_av-luf4gw-82e368508a27c627ea16aaea44bda8a3-column {\n0%   { box-shadow:  0 0 0 0 #a8a8a8; opacity: 1; }\n100% { box-shadow:  0 0 10px 0 #a8a8a8; opacity: 1; }\n}\n.flex_column.av-luf4gw-82e368508a27c627ea16aaea44bda8a3{\nbox-shadow: 0 0 10px 0 #a8a8a8;\nborder-width:1px;\nborder-color:#bfbfbf;\nborder-style:solid;\npadding:30px 30px 30px 30px;\nbackground-color:#ffffff;\n}\n<\/style>\n<div  class='flex_column av-luf4gw-82e368508a27c627ea16aaea44bda8a3 av_two_third  avia-builder-el-11  el_before_av_one_third  avia-builder-el-first  first flex_column_div shadow-not-animated  '     ><p>\n<style type=\"text\/css\" data-created_by=\"avia_inline_auto\" id=\"style-css-av-kmo6xs-ff18f3ba73f0d88b2188287349360031\">\n#top .av-special-heading.av-kmo6xs-ff18f3ba73f0d88b2188287349360031{\npadding-bottom:10px;\n}\nbody .av-special-heading.av-kmo6xs-ff18f3ba73f0d88b2188287349360031 .av-special-heading-tag .heading-char{\nfont-size:25px;\n}\n.av-special-heading.av-kmo6xs-ff18f3ba73f0d88b2188287349360031 .av-subheading{\nfont-size:15px;\n}\n<\/style>\n<div  class='av-special-heading av-kmo6xs-ff18f3ba73f0d88b2188287349360031 av-special-heading-h2 blockquote modern-quote  avia-builder-el-12  el_before_av_textblock  avia-builder-el-first '><h2 class='av-special-heading-tag '  itemprop=\"headline\"  >Ambiti Principali:<\/h2><div class=\"special-heading-border\"><div class=\"special-heading-inner-border\"><\/div><\/div><\/div><br \/>\n<section  class='av_textblock_section av-l09nx9p8-5355aee62b6ad61beb193c91fe80a8d5 '   itemscope=\"itemscope\" itemtype=\"https:\/\/schema.org\/CreativeWork\" ><div class='avia_textblock'  itemprop=\"text\" ><ul>\n<li>Calcio e sport femminile, andare contro i pregiudizi<\/li>\n<li>Spirito di gruppo<\/li>\n<li>La competizione in ambito femminile<\/li>\n<li>Motivazione<\/li>\n<li>Sacrificio, Coraggio e Passione<\/li>\n<li>I Valori dello Sport<\/li>\n<li>Studio e Sport<\/li>\n<\/ul>\n<\/div><\/section><br \/>\n\n<style type=\"text\/css\" data-created_by=\"avia_inline_auto\" id=\"style-css-av-3acmtb-32ac01d17562f3a09eff287973b47f78\">\n#top .av-special-heading.av-3acmtb-32ac01d17562f3a09eff287973b47f78{\npadding-bottom:10px;\n}\nbody .av-special-heading.av-3acmtb-32ac01d17562f3a09eff287973b47f78 .av-special-heading-tag .heading-char{\nfont-size:25px;\n}\n.av-special-heading.av-3acmtb-32ac01d17562f3a09eff287973b47f78 .av-subheading{\nfont-size:15px;\n}\n<\/style>\n<div  class='av-special-heading av-3acmtb-32ac01d17562f3a09eff287973b47f78 av-special-heading-h2 blockquote modern-quote  avia-builder-el-14  el_after_av_textblock  el_before_av_textblock '><h2 class='av-special-heading-tag '  itemprop=\"headline\"  >Profilo Professionale:<\/h2><div class=\"special-heading-border\"><div class=\"special-heading-inner-border\"><\/div><\/div><\/div><br \/>\n<section  class='av_textblock_section av-l09nyh2l-b799fdc5d84775e71ca0e3609e54ca9e '   itemscope=\"itemscope\" itemtype=\"https:\/\/schema.org\/CreativeWork\" ><div class='avia_textblock'  itemprop=\"text\" ><p>Ha vinto quattro scudetti, tre volte la Coppa Italia e altrettante la Supercoppa, gioca al centro dell&#8217;attacco nella Juventus, ed \u00e8 stata protagonista con l&#8217;Italia nel giugno scorso ai Mondiali di calcio femminile in Francia. E&#8217; Barbara Bonansea, diventata una delle calciatrici italiane pi\u00f9 note e apprezzate e che ora si racconta nel libro&#8221;Il mio calcio libero&#8221;, scritto con il giornalista Marco Pastonesi.<\/p>\n<p>Babara Bonansea \u00e8 nata a Pinerolo e inizia ad avvicinarsi al mondo del calcio fino da piccola grazie al padre e al fratello Giorgio. Entrambi infatti la coinvolgono nelle partite del cortile di casa fino a che il suo talento convince il padre a portarla nella squadra della citt\u00e0. Inizialmente gioca in una squadra mista per poi passare nel 2007 al Torino Calcio.<\/p>\n<p>Giocher\u00e0 nella primavera del Torino per ben tre anni fino ad approdare in prima squadra nel Brescia sua citt\u00e0 di adozione. contemporaneamente studia prima al Liceo Scientifico e poi si iscrive all\u2019universit\u00e0 di Torino per studiare Economia. Nel frattempo passa alla squadra della Juventus Woman.<\/p>\n<p>La sua carriera inizia a maggio del 2007 quando esordisce con il Torino in Coppa Italia, nella semifinale di ritorno contro l\u2019Agliana. Nella stagione successiva, debutta in Supercoppa, per poi arrivare, a settembre dello stesso anno, a debuttare in Serie A contro l\u2019Atalanta. Nel luglio del 2012 viene ingaggiata dal Brescia e segna il suo primo gol.Tra il 2012 e il 2013 totalizza 22 reti in 30 presenze, riuscendo a far guadagnare al Brescia il 3\u00b0 posto con 70 punti in classifica. Nell\u2019anno 2014-2015 esordisce in una competizione UEFA la Champions League di categoria.<\/p>\n<p>Passa a giocare nella Juventus Woman nella stagione 2017\/2018 dove sar\u00e0 la giocatrice che ha segnato pi\u00f9 gol di tutta la sua squadra guidando di fatto la Juventus verso lo Scudetto.<\/p>\n<p>Dal 2012 fa parte della nazionale maggiore di calcio e nell\u2019estate 2019 durante i mondiali femminili da un contributo importante alla realizzazione delle prestazioni degne di nota realizzate dalla nostra rappresentativa.<\/p>\n<p>Segna il primi due goal ai Mondiali in Francia (9 giugno, vs Australia), premiata Player of the Match.<\/p>\n<\/div><\/section><br \/>\n\n<style type=\"text\/css\" data-created_by=\"avia_inline_auto\" id=\"style-css-av-l0i6b73p-f7ddeef6f888debe4c215fea69fa81ae\">\n#top .av-special-heading.av-l0i6b73p-f7ddeef6f888debe4c215fea69fa81ae{\npadding-bottom:10px;\n}\nbody .av-special-heading.av-l0i6b73p-f7ddeef6f888debe4c215fea69fa81ae .av-special-heading-tag .heading-char{\nfont-size:25px;\n}\n.av-special-heading.av-l0i6b73p-f7ddeef6f888debe4c215fea69fa81ae .av-subheading{\nfont-size:15px;\n}\n<\/style>\n<div  class='av-special-heading av-l0i6b73p-f7ddeef6f888debe4c215fea69fa81ae av-special-heading-h2 blockquote modern-quote  avia-builder-el-16  el_after_av_textblock  el_before_av_textblock '><h2 class='av-special-heading-tag '  itemprop=\"headline\"  >Profilo Accademico:<\/h2><div class=\"special-heading-border\"><div class=\"special-heading-inner-border\"><\/div><\/div><\/div><br \/>\n<section  class='av_textblock_section av-l0i6auv4-8aaefe0e9bd34d04574ffd2b013d94b2 '   itemscope=\"itemscope\" itemtype=\"https:\/\/schema.org\/CreativeWork\" ><div class='avia_textblock'  itemprop=\"text\" ><p>Si \u00e8 laureata in\u00a0<b>Economia Aziendale<\/b>\u00a0con un\u2019analisi comparativa tra il lavoro delle donne nel campionato inglese e quello italiano.<\/p>\n<\/div><\/section><br \/>\n\n<style type=\"text\/css\" data-created_by=\"avia_inline_auto\" id=\"style-css-av-l0i6beqv-b03e960417a276dcc113f1cca1ea8815\">\n#top .av-special-heading.av-l0i6beqv-b03e960417a276dcc113f1cca1ea8815{\npadding-bottom:10px;\n}\nbody .av-special-heading.av-l0i6beqv-b03e960417a276dcc113f1cca1ea8815 .av-special-heading-tag .heading-char{\nfont-size:25px;\n}\n.av-special-heading.av-l0i6beqv-b03e960417a276dcc113f1cca1ea8815 .av-subheading{\nfont-size:15px;\n}\n<\/style>\n<div  class='av-special-heading av-l0i6beqv-b03e960417a276dcc113f1cca1ea8815 av-special-heading-h2 blockquote modern-quote  avia-builder-el-18  el_after_av_textblock  el_before_av_textblock '><h2 class='av-special-heading-tag '  itemprop=\"headline\"  >Principali Pubblicazioni:<\/h2><div class=\"special-heading-border\"><div class=\"special-heading-inner-border\"><\/div><\/div><\/div><br \/>\n<section  class='av_textblock_section av-l0i6dhpm-d7450557994ab207a4d089c6bd721200 '   itemscope=\"itemscope\" itemtype=\"https:\/\/schema.org\/CreativeWork\" ><div class='avia_textblock'  itemprop=\"text\" ><ul>\n<li>IL MIO CALCIO LIBERO (2019)<\/li>\n<\/ul>\n<p>\u201cUn libro dedicato a tutte le bambine e le ragazze che vorrebbero entrare in un mondo quasi totalmente al maschile e che si sono stufate di star l\u00ec solo a guardare, ma anzi hanno deciso di entrare in campo e non uscirne pi\u00f9\u201d<\/p>\n<p>Quello di Bonansea non \u00e8 un semplice libro autobiografico, ma una confessione dell&#8217;amore smisurato di questa ragazza piemontese, nata a Pinerolo nel 1991, per lo sport e il calcio in particolare.<\/p>\n<p>&#8220;Avevo tre o quattro anni al massimo -scrive- e i miei pomeriggi trascorrevano con gli occhi incollati al prato, attratta da un desiderio fortissimo di giocare, ma ancora muto. Il primo a dargli voce fu l&#8217;allenatore di mio fratello: un giorno si avvicin\u00f2 e mi chiese se non ero stufa di guardare gli altri giocare. Sono entrata in campo e, da allora, nessuno \u00e8 pi\u00f9 riuscito a farmi uscire&#8221;.<\/p>\n<p>Questo libro apre una finestra sul mondo interiore di Bonansea, nel quale lo sport occupa un posto di primo piano, o forse \u00e8 il primo piano. L&#8217;atleta sembra parlare con s\u00e9 stessa, quasi una seduta di autocoscienza, alla ricerca della sua via.<\/p>\n<p>Poi la confessione, diretta e libera come un canto: &#8220;Adoro il calcio, amo lo sport -scrive in un altro passaggio. Se non ci fosse stato il calcio mi sarei dedicata, che ne so, all&#8217;atletica, credo che la mia specialit\u00e0 ideale sarebbero potuti essere i 200 metri; o al pattinaggio, al tennis o al beach volley- alla ginnastica -parallele asimmetriche, corpo libero&#8230;non sono uno spettacolo di bellezza? &#8211; ma non al rugby perch\u00e8 neppure conosco le sue regole, non al basket n\u00e9 al ciclismo perch\u00e8, lo confesso, non mi piacciono. Lo sport mi ha cambiato la vita. Se non ci fosse stato lo sport, forse sarei diventata, che ne so, una teppistella o una suora, ma c&#8217;era il calcio, si vede che doveva andare cos\u00ec&#8221;.<\/p>\n<\/div><\/section><\/p><\/div><div  class='flex_column av-gfmqhc-ae98b246db5647bed779646d72fbbb60 av_one_third  avia-builder-el-20  el_after_av_two_third  avia-builder-el-last  flex_column_div  '     ><div  class='avia-builder-widget-area clearfix  avia-builder-el-21  avia-builder-el-no-sibling '><div id=\"custom_html-3\" class=\"widget_text widget clearfix widget_custom_html\"><div class=\"textwidget custom-html-widget\">\n<style type=\"text\/css\" data-created_by=\"avia_inline_auto\" id=\"style-css-av-dskg1y-7640993e4bf78f89128063a9fecf1497\">\n.av_promobox.av-dskg1y-7640993e4bf78f89128063a9fecf1497{\ncolor:#ffffff;\nbackground:#444444;\nborder-color:#333333;\n}\n<\/style>\n<div  class='av_promobox av-dskg1y-7640993e4bf78f89128063a9fecf1497 avia-button-no'><div class='avia-promocontent'><h3 style=\"text-align: center;\"><span style=\"color: #ffffff;\">To know costs and availability<\/span><\/h3>\n<\/div><\/div>\r\n<form action=\"https:\/\/www.promostudio.info\/en\/speakers\/bonansea-barbara\/\" method=\"post\" data-fields-with-error=\"Found errors in the following field(s):\" class=\"avia_ajax_form av-form-labels-hidden    \" data-avia-form-id=\"1\" data-avia-redirect='' ><h3 class=''>Fill out the form<\/h3><fieldset><p class='  first_form  form_element form_element_half' id='element_avia_1_1'><label for=\"avia_1_1\">Name <abbr class=\"required\" title=\"required\">*<\/abbr><\/label> <input name=\"avia_1_1\" class=\"text_input is_empty\" type=\"text\" id=\"avia_1_1\" value=\"\"  placeholder='Name*'\/><\/p><p class='  form_element form_element_half' id='element_avia_2_1'><label for=\"avia_2_1\">Surname <abbr class=\"required\" title=\"required\">*<\/abbr><\/label> <input name=\"avia_2_1\" class=\"text_input is_empty\" type=\"text\" id=\"avia_2_1\" value=\"\"  placeholder='Surname*'\/><\/p><p class='  first_form  form_element form_fullwidth' id='element_avia_3_1'><label for=\"avia_3_1\">Company <abbr class=\"required\" title=\"required\">*<\/abbr><\/label> <input name=\"avia_3_1\" class=\"text_input is_empty\" type=\"text\" id=\"avia_3_1\" value=\"\"  placeholder='Company*'\/><\/p><p class='  first_form  form_element form_element_half' id='element_avia_4_1'><label for=\"avia_4_1\">E-mail <abbr class=\"required\" title=\"required\">*<\/abbr><\/label> <input name=\"avia_4_1\" class=\"text_input is_email\" type=\"text\" id=\"avia_4_1\" value=\"\"  placeholder='E-mail*'\/><\/p><p class='  form_element form_element_half' id='element_avia_5_1'><label for=\"avia_5_1\">Phone <abbr class=\"required\" title=\"required\">*<\/abbr><\/label> <input name=\"avia_5_1\" class=\"text_input is_number\" type=\"text\" id=\"avia_5_1\" value=\"\"  placeholder='Phone*'\/><\/p><p class='  first_form  form_element form_fullwidth' id='element_avia_6_1'><label for=\"avia_6_1\">Speaker of your interest <abbr class=\"required\" title=\"required\">*<\/abbr><\/label> <input name=\"avia_6_1\" class=\"text_input is_empty\" type=\"text\" id=\"avia_6_1\" value=\"\"  placeholder='Speaker of your interest*'\/><\/p><p class='  first_form  form_element form_fullwidth' id='element_avia_7_1'><label for=\"avia_7_1\" class=\"textare_label hidden textare_label_avia_7_1\">Message <abbr class=\"required\" title=\"required\">*<\/abbr><\/label><textarea  placeholder='Message*' name=\"avia_7_1\" class=\"text_area is_empty\" cols=\"40\" rows=\"7\" id=\"avia_7_1\" ><\/textarea><\/p><p class=\"hidden\"><input type=\"text\" name=\"avia_8_1\" class=\"hidden \" id=\"avia_8_1\" value=\"\" \/><\/p><p class=' av_form_privacy_check av_contact_privacy_check first_form  form_element form_fullwidth' id='element_avia_9_1'><input  name=\"avia_9_1\" class=\"input_checkbox is_empty\" type=\"checkbox\" id=\"avia_9_1\" value=\"true\"\/><label class=\"input_checkbox_label\" for=\"avia_9_1\">I consent to the processing of my data according to our <a href='https:\/\/www.promostudio.info\/privacy-policy\/' target='_blank'>Privacy Policy<\/a> (GDPR Ue 2016\/679) <abbr class=\"required\" title=\"required\">*<\/abbr><\/label><\/p><p class=\"form_element \"><input type=\"hidden\" value=\"1\" name=\"avia_generated_form1\" \/><input type=\"submit\" value=\"Submit your request\" class=\"button\"  data-sending-label=\"Sending\"\/><\/p><\/fieldset><\/form><div id=\"ajaxresponse_1\" class=\"ajaxresponse ajaxresponse_1 hidden\"><\/div><\/div><\/div><\/div><\/div><\/div><\/div><\/div><!-- close content main div --><\/div><\/div><div id='after_section_2'  class='main_color av_default_container_wrap container_wrap sidebar_right'  ><div class='container av-section-cont-open' ><div class='template-page content  av-content-small alpha units'><div class='post-entry post-entry-type-page post-entry-4137'><div class='entry-content-wrapper clearfix'>\n","protected":false},"excerpt":{"rendered":"","protected":false},"featured_media":4498,"comment_status":"closed","ping_status":"closed","template":"","meta":[],"product_brand":[],"product_cat":[42],"product_tag":[],"class_list":{"0":"post-4137","1":"product","2":"type-product","3":"status-publish","4":"has-post-thumbnail","6":"product_cat-sportivi","8":"first","9":"instock","10":"shipping-taxable","11":"product-type-simple"},"_links":{"self":[{"href":"https:\/\/www.promostudio.info\/en\/wp-json\/wp\/v2\/product\/4137","targetHints":{"allow":["GET"]}}],"collection":[{"href":"https:\/\/www.promostudio.info\/en\/wp-json\/wp\/v2\/product"}],"about":[{"href":"https:\/\/www.promostudio.info\/en\/wp-json\/wp\/v2\/types\/product"}],"replies":[{"embeddable":true,"href":"https:\/\/www.promostudio.info\/en\/wp-json\/wp\/v2\/comments?post=4137"}],"wp:featuredmedia":[{"embeddable":true,"href":"https:\/\/www.promostudio.info\/en\/wp-json\/wp\/v2\/media\/4498"}],"wp:attachment":[{"href":"https:\/\/www.promostudio.info\/en\/wp-json\/wp\/v2\/media?parent=4137"}],"wp:term":[{"taxonomy":"product_brand","embeddable":true,"href":"https:\/\/www.promostudio.info\/en\/wp-json\/wp\/v2\/product_brand?post=4137"},{"taxonomy":"product_cat","embeddable":true,"href":"https:\/\/www.promostudio.info\/en\/wp-json\/wp\/v2\/product_cat?post=4137"},{"taxonomy":"product_tag","embeddable":true,"href":"https:\/\/www.promostudio.info\/en\/wp-json\/wp\/v2\/product_tag?post=4137"}],"curies":[{"name":"wp","href":"https:\/\/api.w.org\/{rel}","templated":true}]}}