{"id":4146,"date":"2022-03-08T14:50:40","date_gmt":"2022-03-08T13:50:40","guid":{"rendered":"https:\/\/www.promostudio.info\/speakers\/cacciatori-maurizia-copy\/"},"modified":"2022-04-13T12:11:48","modified_gmt":"2022-04-13T10:11:48","slug":"cassani-davide","status":"publish","type":"product","link":"https:\/\/www.promostudio.info\/en\/speakers\/cassani-davide\/","title":{"rendered":"Cassani, Davide"},"content":{"rendered":"\n<style type=\"text\/css\" data-created_by=\"avia_inline_auto\" id=\"style-css-av-108cygw-d6651d9a081aa75e9849e8f60e85125c\">\n.avia-section.av-108cygw-d6651d9a081aa75e9849e8f60e85125c{\nbackground-color:#ededed;\nbackground-image:url(https:\/\/www.promostudio.info\/wp-content\/uploads\/2021\/01\/Professional-Speakers-650x380-1.jpg);\nbackground-repeat:no-repeat;\nbackground-position:50% 100%;\nbackground-attachment:fixed;\n}\n.avia-section.av-108cygw-d6651d9a081aa75e9849e8f60e85125c .av-section-color-overlay{\nopacity:0.8;\nbackground-color:#0a0a0a;\n}\n<\/style>\n<div id='av_section_1'  class='avia-section av-108cygw-d6651d9a081aa75e9849e8f60e85125c main_color avia-section-default avia-no-border-styling  avia-builder-el-0  el_before_av_section  avia-builder-el-first  avia-full-stretch avia-bg-style-fixed av-section-color-overlay-active av-minimum-height av-minimum-height-50 av-height-50  container_wrap sidebar_right'  data-section-bg-repeat='stretch' data-av_minimum_height_pc='50' data-av_min_height_opt='50'><div class=\"av-section-color-overlay-wrap\"><div class=\"av-section-color-overlay\"><\/div><div class='container av-section-cont-open' ><main  role=\"main\" itemprop=\"mainContentOfPage\"  class='template-page content  av-content-small alpha units'><div class='post-entry post-entry-type-page post-entry-4146'><div class='entry-content-wrapper clearfix'>\n<div  class='flex_column av-y3b92o-c44cd479ab1679fdda6fbc5c0aba0a57 av_three_fourth  avia-builder-el-1  el_before_av_one_fourth  avia-builder-el-first  first flex_column_div  '     ><p>\n<style type=\"text\/css\" data-created_by=\"avia_inline_auto\" id=\"style-css-av-l09nui5v-6faec3d073fe39cf4d0e9623b5160ab8\">\n#top .av-special-heading.av-l09nui5v-6faec3d073fe39cf4d0e9623b5160ab8{\npadding-bottom:10px;\ncolor:#ffffff;\n}\nbody .av-special-heading.av-l09nui5v-6faec3d073fe39cf4d0e9623b5160ab8 .av-special-heading-tag .heading-char{\nfont-size:25px;\n}\n.av-special-heading.av-l09nui5v-6faec3d073fe39cf4d0e9623b5160ab8 .special-heading-inner-border{\nborder-color:#ffffff;\n}\n.av-special-heading.av-l09nui5v-6faec3d073fe39cf4d0e9623b5160ab8 .av-subheading{\nfont-size:15px;\n}\n<\/style>\n<div  class='av-special-heading av-l09nui5v-6faec3d073fe39cf4d0e9623b5160ab8 av-special-heading-h1 custom-color-heading blockquote modern-quote  avia-builder-el-2  el_before_av_hr  avia-builder-el-first '><h1 class='av-special-heading-tag '  itemprop=\"headline\"  >Davide Cassani<\/h1><div class=\"special-heading-border\"><div class=\"special-heading-inner-border\"><\/div><\/div><\/div><br \/>\n<div  class='hr av-39y9lc-38fc1f437ef3da0af5555c7d7ed856b7 hr-default  avia-builder-el-3  el_after_av_heading  el_before_av_heading '><span class='hr-inner '><span class=\"hr-inner-style\"><\/span><\/span><\/div><br \/>\n\n<style type=\"text\/css\" data-created_by=\"avia_inline_auto\" id=\"style-css-av-l09nwjx0-ca1f67084517ed9be862c64beadfe7fc\">\n#top .av-special-heading.av-l09nwjx0-ca1f67084517ed9be862c64beadfe7fc{\npadding-bottom:10px;\ncolor:#ffffff;\n}\nbody .av-special-heading.av-l09nwjx0-ca1f67084517ed9be862c64beadfe7fc .av-special-heading-tag .heading-char{\nfont-size:25px;\n}\n.av-special-heading.av-l09nwjx0-ca1f67084517ed9be862c64beadfe7fc .special-heading-inner-border{\nborder-color:#ffffff;\n}\n.av-special-heading.av-l09nwjx0-ca1f67084517ed9be862c64beadfe7fc .av-subheading{\nfont-size:15px;\n}\n<\/style>\n<div  class='av-special-heading av-l09nwjx0-ca1f67084517ed9be862c64beadfe7fc av-special-heading-h3 custom-color-heading blockquote modern-quote  avia-builder-el-4  el_after_av_hr  avia-builder-el-last '><h3 class='av-special-heading-tag '  itemprop=\"headline\"  >Commissario Tecnico della nazionale ciclismo<\/h3><div class=\"special-heading-border\"><div class=\"special-heading-inner-border\"><\/div><\/div><\/div><\/p><\/div><div  class='flex_column av-v0hmj4-0c48f8c775d55ae4a6f96cba9b868149 av_one_fourth  avia-builder-el-5  el_after_av_three_fourth  el_before_av_three_fourth  flex_column_div  '     ><div  class='avia-slideshow av-l09nusd9-4e5caf181d2e35b75c0e6c674ad24a08 avia-slideshow-medium av_slideshow avia-slide-slider  avia-builder-el-6  avia-builder-el-no-sibling  av-slideshow-ui av-control-default av-slideshow-manual av-loop-once av-loop-manual-endless av-default-height-applied avia-slideshow-1' data-slideshow-options=\"{&quot;animation&quot;:&quot;slide&quot;,&quot;autoplay&quot;:false,&quot;loop_autoplay&quot;:&quot;once&quot;,&quot;interval&quot;:5,&quot;loop_manual&quot;:&quot;manual-endless&quot;,&quot;autoplay_stopper&quot;:false,&quot;noNavigation&quot;:false,&quot;bg_slider&quot;:false,&quot;keep_padding&quot;:false,&quot;hoverpause&quot;:false,&quot;show_slide_delay&quot;:0}\"  itemprop=\"image\" itemscope=\"itemscope\" itemtype=\"https:\/\/schema.org\/ImageObject\" ><ul class='avia-slideshow-inner ' style='padding-bottom: 120%;'><li  class='avia-slideshow-slide av-l09nusd9-4e5caf181d2e35b75c0e6c674ad24a08__0  av-single-slide slide-1 slide-odd'><div data-rel='slideshow-1' class='avia-slide-wrap '   ><img decoding=\"async\" fetchpriority=\"high\" class=\"wp-image-4501 avia-img-lazy-loading-not-4501\"  src=\"https:\/\/www.promostudio.info\/wp-content\/uploads\/2022\/03\/Davide-Cassani1.jpg\" width=\"250\" height=\"300\" title='Davide-Cassani1' alt=''  itemprop=\"thumbnailUrl\"   \/><\/div><\/li><\/ul><\/div><\/div><div class='flex_column_table av-t10r2o-958312173f7dec8ed43153ac64b3a6dc sc-av_three_fourth av-equal-height-column-flextable'><div  class='flex_column av-t10r2o-958312173f7dec8ed43153ac64b3a6dc av_three_fourth  avia-builder-el-7  el_after_av_one_fourth  el_before_av_one_fourth  first flex_column_table_cell av-equal-height-column av-align-top  column-top-margin'     ><\/div><div class='av-flex-placeholder'><\/div><div  class='flex_column av-qb40n4-8809355afa840be72041ea2473dc7e60 av_one_fourth  avia-builder-el-9  el_after_av_three_fourth  avia-builder-el-last  flex_column_table_cell av-equal-height-column av-align-top  column-top-margin'     ><\/div><\/div><!--close column table wrapper. Autoclose: 1 -->\n\n<\/div><\/div><\/main><!-- close content main element --><\/div><\/div><\/div><div id='av_section_2'  class='avia-section av-nu7klc-b36ccafcc837df15268562b59ce6b142 main_color avia-section-default avia-no-border-styling  avia-builder-el-10  el_after_av_section  avia-builder-el-last  avia-bg-style-scroll container_wrap sidebar_right'  ><div class='container av-section-cont-open' ><div class='template-page content  av-content-small alpha units'><div class='post-entry post-entry-type-page post-entry-4146'><div class='entry-content-wrapper clearfix'>\n\n<style type=\"text\/css\" data-created_by=\"avia_inline_auto\" id=\"style-css-av-luf4gw-82e368508a27c627ea16aaea44bda8a3\">\n@keyframes av_boxShadowEffect_av-luf4gw-82e368508a27c627ea16aaea44bda8a3-column {\n0%   { box-shadow:  0 0 0 0 #a8a8a8; opacity: 1; }\n100% { box-shadow:  0 0 10px 0 #a8a8a8; opacity: 1; }\n}\n.flex_column.av-luf4gw-82e368508a27c627ea16aaea44bda8a3{\nbox-shadow: 0 0 10px 0 #a8a8a8;\nborder-width:1px;\nborder-color:#bfbfbf;\nborder-style:solid;\npadding:30px 30px 30px 30px;\nbackground-color:#ffffff;\n}\n<\/style>\n<div  class='flex_column av-luf4gw-82e368508a27c627ea16aaea44bda8a3 av_two_third  avia-builder-el-11  el_before_av_one_third  avia-builder-el-first  first flex_column_div shadow-not-animated  '     ><p>\n<style type=\"text\/css\" data-created_by=\"avia_inline_auto\" id=\"style-css-av-kmo6xs-ff18f3ba73f0d88b2188287349360031\">\n#top .av-special-heading.av-kmo6xs-ff18f3ba73f0d88b2188287349360031{\npadding-bottom:10px;\n}\nbody .av-special-heading.av-kmo6xs-ff18f3ba73f0d88b2188287349360031 .av-special-heading-tag .heading-char{\nfont-size:25px;\n}\n.av-special-heading.av-kmo6xs-ff18f3ba73f0d88b2188287349360031 .av-subheading{\nfont-size:15px;\n}\n<\/style>\n<div  class='av-special-heading av-kmo6xs-ff18f3ba73f0d88b2188287349360031 av-special-heading-h2 blockquote modern-quote  avia-builder-el-12  el_before_av_textblock  avia-builder-el-first '><h2 class='av-special-heading-tag '  itemprop=\"headline\"  >Ambiti Principali:<\/h2><div class=\"special-heading-border\"><div class=\"special-heading-inner-border\"><\/div><\/div><\/div><br \/>\n<section  class='av_textblock_section av-l09nx9p8-5355aee62b6ad61beb193c91fe80a8d5 '   itemscope=\"itemscope\" itemtype=\"https:\/\/schema.org\/CreativeWork\" ><div class='avia_textblock'  itemprop=\"text\" ><ul>\n<li>Concetto di squadra<\/li>\n<li>Teambuilding<\/li>\n<li>Teamworking<\/li>\n<li>Importanza della fiducia reciproca<\/li>\n<li>Raggiungimento degli obiettivi<\/li>\n<li>Vivere e realizzare i propri sogni<\/li>\n<\/ul>\n<\/div><\/section><br \/>\n\n<style type=\"text\/css\" data-created_by=\"avia_inline_auto\" id=\"style-css-av-3acmtb-32ac01d17562f3a09eff287973b47f78\">\n#top .av-special-heading.av-3acmtb-32ac01d17562f3a09eff287973b47f78{\npadding-bottom:10px;\n}\nbody .av-special-heading.av-3acmtb-32ac01d17562f3a09eff287973b47f78 .av-special-heading-tag .heading-char{\nfont-size:25px;\n}\n.av-special-heading.av-3acmtb-32ac01d17562f3a09eff287973b47f78 .av-subheading{\nfont-size:15px;\n}\n<\/style>\n<div  class='av-special-heading av-3acmtb-32ac01d17562f3a09eff287973b47f78 av-special-heading-h2 blockquote modern-quote  avia-builder-el-14  el_after_av_textblock  el_before_av_textblock '><h2 class='av-special-heading-tag '  itemprop=\"headline\"  >Profilo Professionale:<\/h2><div class=\"special-heading-border\"><div class=\"special-heading-inner-border\"><\/div><\/div><\/div><br \/>\n<section  class='av_textblock_section av-l09nyh2l-b799fdc5d84775e71ca0e3609e54ca9e '   itemscope=\"itemscope\" itemtype=\"https:\/\/schema.org\/CreativeWork\" ><div class='avia_textblock'  itemprop=\"text\" ><p>Chi sono? Beh \u00e8 sempre difficile cercare di spiegare a parole la complessa personalit\u00e0 di ognuno di noi per capire davvero come e chi siamo fino in fondo.<\/p>\n<p>Posso dire che voi mi conoscete gi\u00e0 per come mi conosco io, mi vedete per come sono avendomi vissuto e vivendomi tutt\u2019ora nella mia carriera.<\/p>\n<p>Nato nell\u2019anno 1961 sotto il segno del Capricorno fin da piccolissimo ho avuto le idee ben chiare e precise sulla mia vita, avido di conoscere e conseguire quello che oggi \u00e8 il mio modo di vivere: il ciclismo.<\/p>\n<p>Si, perch\u00e8 per me non \u00e8 solo una passione, uno sport, un lavoro; \u00e8 tutto. E\u2019 parte integrante di ogni mio istante.<\/p>\n<p>Quel sabato del 1968 alla vittoria di Adorni capii limpidamente ci\u00f2 che volevo fare.<\/p>\n<p>Di certo non mi sarei mai immaginato di poter ricoprire in futuro il ruolo del CT della Nazionale, anzi se qualcuno me lo avesse anche solo accennato mi sarei messo a ridere; considerando soprattutto che in quegli anni pensare di poter vivere della tua passione era visto come un\u2019utopia.<\/p>\n<p>All\u2019et\u00e0 di nove anni chiesi ai miei genitori di regalarmi una bicicletta, la risposta inappellabile di mio padre fu: \u201cSei troppo piccolo Davide\u201d e quella di mia madre: \u201cSe il babbo ha detto cos\u00ec, non si discute\u201d.<\/p>\n<p>Eh certo, ma io da bravo bambino testardo lo richiesi a dieci anni, a undici, dodici, finch\u00e8 al mio tredicesimo compleanno dovettero cedere ed io, tronfio di aver conquistato il mio primo sogno, andai subito in cima ai 3 Monti.<\/p>\n<p>La sensazione che provai fu come ricevere in regalo il calore, la sicurezza, l\u2019amore, la gioia di tutti gli abbracci delle mamme del mondo per i propri figli, in un solo istante. Sembra un po eccessivo magari, ma chi \u00e8 innamorato come me della bicicletta sa di cosa parlo.<\/p>\n<p>Questa sensazione ritornava ogni volta che gareggiavo, alla prima vittoria del Solarese nel \u201977 o nel 1987 in azzurro ai mondiali.<\/p>\n<p>La maglia azzurra \u00e8 una cosa straordinaria, anche mio padre era talmente fiero di me che la radio CB del suo camion si chiamava \u201cDavide Azzurro\u201d.<\/p>\n<p>Ho sempre dedicato anima, mente e corpo al ciclismo e devo dire che me lo sono guadagnato con tanta fatica e sudore e non con poche preoccupazioni; spesso e volentieri prima di ogni gara avevo degli incubi terribili, palazzi, case che ad un certo punto mi crollavano addosso e Dio solo sa quanto abbia turbato le notti dei miei compagni di stanza.<\/p>\n<p>Crescendo e andando avanti nella carriera questi incubi sono diminuiti piano piano finch\u00e8 un giorno, nell\u2019apice della mia carriera, quel maledetto incidente cambi\u00f2 i miei progetti.<\/p>\n<p>Era il 1996 quando venni investito da un\u2019automobile mettendo fine alla mia carriera da corridore, per un attimo sentii che il mondo mi fran\u00f2 addosso proprio come i miei incubi.<\/p>\n<p>Le nove convocazioni alla maglia azzurra mi hanno portato all\u2019opportunit\u00e0 di lavorare con una squadra meravigliosa rimanendo nel campo della mia passione, facendo un lavoro che mi gratificava e mi riusciva. Quale miglior fortuna?<\/p>\n<p>Devo dire per\u00f2 a posteriori, che \u00e8 stata anche una benedizione perch\u00e8 mi ha fatto capire che dovevo cambiare strada, che quello era il momento giusto per rivedere i miei piani e fu cos\u00ec che mi offrirono l\u2019opportunit\u00e0 di fare il commentatore in Rai delle gare ciclistiche.<\/p>\n<p>Poi arriviamo al 28 dicembre 2013, la chiamata per il CT nazionale.<\/p>\n<p>Non ci sono parole per descrivere la gioia che provai, non ci ho pensato mezzo secondo alla risposta, anche perch\u00e8 penso che la vita sia straordinaria, magnifica e dentro di te senti quando una chiamata, una proposta pu\u00f2 essere quella giusta o no; non devi fare le valutazioni in base ai compensi che prendi ma quello che il tuo cuore e la tua anima ti suggerisce perch\u00e8 ai sogni non si pu\u00f2 dire di no.<\/p>\n<p>L\u2019ufficialit\u00e0 arriva il 4 gennaio 2014 a casa del mio secondo babbo Alfredo Martini, proprio il giorno del compleannno del mio vero babbo, a pochi mesi dalla sua scomparsa.<\/p>\n<p>Il ciclismo \u00e8 uno sport dove prevalgono rispetto, onest\u00e0 e generosit\u00e0; \u00e8 fatto di tanti \u201cpoco\u201d che arrivano al \u201ctanto\u201d, \u00e8 costruito su costanza e dedizione, esiste perch\u00e8 sorretto da persone e personalit\u00e0.<\/p>\n<p>La mia intenzione con la Nazionale \u00e8 di fare del mio meglio, attraverso la mia esperienza di corridore e studiando, curiosando in tutte quegli aspetti che ancora non conosco bene, per portare i ragazzi al top del loro valore.<\/p>\n<p>Ho cominciato a praticare ciclismo a 15 anni. Dopo essermi diplomato ragioniere passo professionista nel 1982.<\/p>\n<p>15 anni: 12 giri d\u2019Italia, 9 tour de France 9 campionati del mondo 27 vittorie totali tra cui 2 tappe al Giro.<\/p>\n<p>Un incidente il 13 febbraio 1996 pone fine alla mia carriera ma mi permette di cominciarne un\u2019altra da commentatore tecnico in RAI.<\/p>\n<p>Per 18 anni ho commentato tutte le corse pi\u00f9 importanti comprese le Olimpiadi.<\/p>\n<p>A gennaio del 2014 divento CT della nazionale di ciclismo professionisti<\/p>\n<\/div><\/section><\/p><\/div><div  class='flex_column av-gfmqhc-ae98b246db5647bed779646d72fbbb60 av_one_third  avia-builder-el-16  el_after_av_two_third  avia-builder-el-last  flex_column_div  '     ><div  class='avia-builder-widget-area clearfix  avia-builder-el-17  avia-builder-el-no-sibling '><div id=\"custom_html-3\" class=\"widget_text widget clearfix widget_custom_html\"><div class=\"textwidget custom-html-widget\">\n<style type=\"text\/css\" data-created_by=\"avia_inline_auto\" id=\"style-css-av-dskg1y-7640993e4bf78f89128063a9fecf1497\">\n.av_promobox.av-dskg1y-7640993e4bf78f89128063a9fecf1497{\ncolor:#ffffff;\nbackground:#444444;\nborder-color:#333333;\n}\n<\/style>\n<div  class='av_promobox av-dskg1y-7640993e4bf78f89128063a9fecf1497 avia-button-no'><div class='avia-promocontent'><h3 style=\"text-align: center;\"><span style=\"color: #ffffff;\">To know costs and availability<\/span><\/h3>\n<\/div><\/div>\r\n<form action=\"https:\/\/www.promostudio.info\/en\/speakers\/cassani-davide\/\" method=\"post\" data-fields-with-error=\"Found errors in the following field(s):\" class=\"avia_ajax_form av-form-labels-hidden    \" data-avia-form-id=\"1\" data-avia-redirect='' ><h3 class=''>Fill out the form<\/h3><fieldset><p class='  first_form  form_element form_element_half' id='element_avia_1_1'><label for=\"avia_1_1\">Name <abbr class=\"required\" title=\"required\">*<\/abbr><\/label> <input name=\"avia_1_1\" class=\"text_input is_empty\" type=\"text\" id=\"avia_1_1\" value=\"\"  placeholder='Name*'\/><\/p><p class='  form_element form_element_half' id='element_avia_2_1'><label for=\"avia_2_1\">Surname <abbr class=\"required\" title=\"required\">*<\/abbr><\/label> <input name=\"avia_2_1\" class=\"text_input is_empty\" type=\"text\" id=\"avia_2_1\" value=\"\"  placeholder='Surname*'\/><\/p><p class='  first_form  form_element form_fullwidth' id='element_avia_3_1'><label for=\"avia_3_1\">Company <abbr class=\"required\" title=\"required\">*<\/abbr><\/label> <input name=\"avia_3_1\" class=\"text_input is_empty\" type=\"text\" id=\"avia_3_1\" value=\"\"  placeholder='Company*'\/><\/p><p class='  first_form  form_element form_element_half' id='element_avia_4_1'><label for=\"avia_4_1\">E-mail <abbr class=\"required\" title=\"required\">*<\/abbr><\/label> <input name=\"avia_4_1\" class=\"text_input is_email\" type=\"text\" id=\"avia_4_1\" value=\"\"  placeholder='E-mail*'\/><\/p><p class='  form_element form_element_half' id='element_avia_5_1'><label for=\"avia_5_1\">Phone <abbr class=\"required\" title=\"required\">*<\/abbr><\/label> <input name=\"avia_5_1\" class=\"text_input is_number\" type=\"text\" id=\"avia_5_1\" value=\"\"  placeholder='Phone*'\/><\/p><p class='  first_form  form_element form_fullwidth' id='element_avia_6_1'><label for=\"avia_6_1\">Speaker of your interest <abbr class=\"required\" title=\"required\">*<\/abbr><\/label> <input name=\"avia_6_1\" class=\"text_input is_empty\" type=\"text\" id=\"avia_6_1\" value=\"\"  placeholder='Speaker of your interest*'\/><\/p><p class='  first_form  form_element form_fullwidth' id='element_avia_7_1'><label for=\"avia_7_1\" class=\"textare_label hidden textare_label_avia_7_1\">Message <abbr class=\"required\" title=\"required\">*<\/abbr><\/label><textarea  placeholder='Message*' name=\"avia_7_1\" class=\"text_area is_empty\" cols=\"40\" rows=\"7\" id=\"avia_7_1\" ><\/textarea><\/p><p class=\"hidden\"><input type=\"text\" name=\"avia_8_1\" class=\"hidden \" id=\"avia_8_1\" value=\"\" \/><\/p><p class=' av_form_privacy_check av_contact_privacy_check first_form  form_element form_fullwidth' id='element_avia_9_1'><input  name=\"avia_9_1\" class=\"input_checkbox is_empty\" type=\"checkbox\" id=\"avia_9_1\" value=\"true\"\/><label class=\"input_checkbox_label\" for=\"avia_9_1\">I consent to the processing of my data according to our <a href='https:\/\/www.promostudio.info\/privacy-policy\/' target='_blank'>Privacy Policy<\/a> (GDPR Ue 2016\/679) <abbr class=\"required\" title=\"required\">*<\/abbr><\/label><\/p><p class=\"form_element \"><input type=\"hidden\" value=\"1\" name=\"avia_generated_form1\" \/><input type=\"submit\" value=\"Submit your request\" class=\"button\"  data-sending-label=\"Sending\"\/><\/p><\/fieldset><\/form><div id=\"ajaxresponse_1\" class=\"ajaxresponse ajaxresponse_1 hidden\"><\/div><\/div><\/div><\/div><\/div><\/div><\/div><\/div><!-- close content main div --><\/div><\/div><div id='after_section_2'  class='main_color av_default_container_wrap container_wrap sidebar_right'  ><div class='container av-section-cont-open' ><div class='template-page content  av-content-small alpha units'><div class='post-entry post-entry-type-page post-entry-4146'><div class='entry-content-wrapper clearfix'>\n","protected":false},"excerpt":{"rendered":"","protected":false},"featured_media":4500,"comment_status":"closed","ping_status":"closed","template":"","meta":[],"product_brand":[],"product_cat":[42],"product_tag":[],"class_list":{"0":"post-4146","1":"product","2":"type-product","3":"status-publish","4":"has-post-thumbnail","6":"product_cat-sportivi","8":"first","9":"instock","10":"shipping-taxable","11":"product-type-simple"},"_links":{"self":[{"href":"https:\/\/www.promostudio.info\/en\/wp-json\/wp\/v2\/product\/4146","targetHints":{"allow":["GET"]}}],"collection":[{"href":"https:\/\/www.promostudio.info\/en\/wp-json\/wp\/v2\/product"}],"about":[{"href":"https:\/\/www.promostudio.info\/en\/wp-json\/wp\/v2\/types\/product"}],"replies":[{"embeddable":true,"href":"https:\/\/www.promostudio.info\/en\/wp-json\/wp\/v2\/comments?post=4146"}],"wp:featuredmedia":[{"embeddable":true,"href":"https:\/\/www.promostudio.info\/en\/wp-json\/wp\/v2\/media\/4500"}],"wp:attachment":[{"href":"https:\/\/www.promostudio.info\/en\/wp-json\/wp\/v2\/media?parent=4146"}],"wp:term":[{"taxonomy":"product_brand","embeddable":true,"href":"https:\/\/www.promostudio.info\/en\/wp-json\/wp\/v2\/product_brand?post=4146"},{"taxonomy":"product_cat","embeddable":true,"href":"https:\/\/www.promostudio.info\/en\/wp-json\/wp\/v2\/product_cat?post=4146"},{"taxonomy":"product_tag","embeddable":true,"href":"https:\/\/www.promostudio.info\/en\/wp-json\/wp\/v2\/product_tag?post=4146"}],"curies":[{"name":"wp","href":"https:\/\/api.w.org\/{rel}","templated":true}]}}