{"id":4152,"date":"2022-03-08T14:56:56","date_gmt":"2022-03-08T13:56:56","guid":{"rendered":"https:\/\/www.promostudio.info\/speakers\/cheli-maurizio-copy\/"},"modified":"2022-04-13T12:10:51","modified_gmt":"2022-04-13T10:10:51","slug":"confortola-marco","status":"publish","type":"product","link":"https:\/\/www.promostudio.info\/en\/speakers\/confortola-marco\/","title":{"rendered":"Confortola, Marco"},"content":{"rendered":"\n<style type=\"text\/css\" data-created_by=\"avia_inline_auto\" id=\"style-css-av-108cygw-d6651d9a081aa75e9849e8f60e85125c\">\n.avia-section.av-108cygw-d6651d9a081aa75e9849e8f60e85125c{\nbackground-color:#ededed;\nbackground-image:url(https:\/\/www.promostudio.info\/wp-content\/uploads\/2021\/01\/Professional-Speakers-650x380-1.jpg);\nbackground-repeat:no-repeat;\nbackground-position:50% 100%;\nbackground-attachment:fixed;\n}\n.avia-section.av-108cygw-d6651d9a081aa75e9849e8f60e85125c .av-section-color-overlay{\nopacity:0.8;\nbackground-color:#0a0a0a;\n}\n<\/style>\n<div id='av_section_1'  class='avia-section av-108cygw-d6651d9a081aa75e9849e8f60e85125c main_color avia-section-default avia-no-border-styling  avia-builder-el-0  el_before_av_section  avia-builder-el-first  avia-full-stretch avia-bg-style-fixed av-section-color-overlay-active av-minimum-height av-minimum-height-50 av-height-50  container_wrap sidebar_right'  data-section-bg-repeat='stretch' data-av_minimum_height_pc='50' data-av_min_height_opt='50'><div class=\"av-section-color-overlay-wrap\"><div class=\"av-section-color-overlay\"><\/div><div class='container av-section-cont-open' ><main  role=\"main\" itemprop=\"mainContentOfPage\"  class='template-page content  av-content-small alpha units'><div class='post-entry post-entry-type-page post-entry-4152'><div class='entry-content-wrapper clearfix'>\n<div  class='flex_column av-y3b92o-c44cd479ab1679fdda6fbc5c0aba0a57 av_three_fourth  avia-builder-el-1  el_before_av_one_fourth  avia-builder-el-first  first flex_column_div  '     ><p>\n<style type=\"text\/css\" data-created_by=\"avia_inline_auto\" id=\"style-css-av-l09nui5v-3dc276145838b92bf68d036115422359\">\n#top .av-special-heading.av-l09nui5v-3dc276145838b92bf68d036115422359{\npadding-bottom:10px;\ncolor:#ffffff;\n}\nbody .av-special-heading.av-l09nui5v-3dc276145838b92bf68d036115422359 .av-special-heading-tag .heading-char{\nfont-size:25px;\n}\n.av-special-heading.av-l09nui5v-3dc276145838b92bf68d036115422359 .special-heading-inner-border{\nborder-color:#ffffff;\n}\n.av-special-heading.av-l09nui5v-3dc276145838b92bf68d036115422359 .av-subheading{\nfont-size:15px;\n}\n<\/style>\n<div  class='av-special-heading av-l09nui5v-3dc276145838b92bf68d036115422359 av-special-heading-h1 custom-color-heading blockquote modern-quote  avia-builder-el-2  el_before_av_hr  avia-builder-el-first '><h1 class='av-special-heading-tag '  itemprop=\"headline\"  >Marco Confortola<\/h1><div class=\"special-heading-border\"><div class=\"special-heading-inner-border\"><\/div><\/div><\/div><br \/>\n<div  class='hr av-39y9lc-38fc1f437ef3da0af5555c7d7ed856b7 hr-default  avia-builder-el-3  el_after_av_heading  el_before_av_heading '><span class='hr-inner '><span class=\"hr-inner-style\"><\/span><\/span><\/div><br \/>\n\n<style type=\"text\/css\" data-created_by=\"avia_inline_auto\" id=\"style-css-av-l09nwjx0-5dc89773d5445c5df83dc4acab3a5b57\">\n#top .av-special-heading.av-l09nwjx0-5dc89773d5445c5df83dc4acab3a5b57{\npadding-bottom:10px;\ncolor:#ffffff;\n}\nbody .av-special-heading.av-l09nwjx0-5dc89773d5445c5df83dc4acab3a5b57 .av-special-heading-tag .heading-char{\nfont-size:25px;\n}\n.av-special-heading.av-l09nwjx0-5dc89773d5445c5df83dc4acab3a5b57 .special-heading-inner-border{\nborder-color:#ffffff;\n}\n.av-special-heading.av-l09nwjx0-5dc89773d5445c5df83dc4acab3a5b57 .av-subheading{\nfont-size:15px;\n}\n<\/style>\n<div  class='av-special-heading av-l09nwjx0-5dc89773d5445c5df83dc4acab3a5b57 av-special-heading-h3 custom-color-heading blockquote modern-quote  avia-builder-el-4  el_after_av_hr  avia-builder-el-last '><h3 class='av-special-heading-tag '  itemprop=\"headline\"  >Alpinista<\/h3><div class='av_custom_color av-subheading av-subheading_below'><p>Himalaysta &#8211; Tecnico elisoccorso &#8211; Formatore aziendale<\/p>\n<\/div><div class=\"special-heading-border\"><div class=\"special-heading-inner-border\"><\/div><\/div><\/div><\/p><\/div><div  class='flex_column av-v0hmj4-0c48f8c775d55ae4a6f96cba9b868149 av_one_fourth  avia-builder-el-5  el_after_av_three_fourth  el_before_av_three_fourth  flex_column_div  '     ><div  class='avia-slideshow av-l09nusd9-4e5caf181d2e35b75c0e6c674ad24a08 avia-slideshow-medium av_slideshow avia-slide-slider  avia-builder-el-6  avia-builder-el-no-sibling  av-slideshow-ui av-control-default av-slideshow-manual av-loop-once av-loop-manual-endless av-default-height-applied avia-slideshow-1' data-slideshow-options=\"{&quot;animation&quot;:&quot;slide&quot;,&quot;autoplay&quot;:false,&quot;loop_autoplay&quot;:&quot;once&quot;,&quot;interval&quot;:5,&quot;loop_manual&quot;:&quot;manual-endless&quot;,&quot;autoplay_stopper&quot;:false,&quot;noNavigation&quot;:false,&quot;bg_slider&quot;:false,&quot;keep_padding&quot;:false,&quot;hoverpause&quot;:false,&quot;show_slide_delay&quot;:0}\"  itemprop=\"image\" itemscope=\"itemscope\" itemtype=\"https:\/\/schema.org\/ImageObject\" ><ul class='avia-slideshow-inner ' style='padding-bottom: 120%;'><li  class='avia-slideshow-slide av-l09nusd9-4e5caf181d2e35b75c0e6c674ad24a08__0  av-single-slide slide-1 slide-odd'><div data-rel='slideshow-1' class='avia-slide-wrap '   ><img decoding=\"async\" fetchpriority=\"high\" class=\"wp-image-4505 avia-img-lazy-loading-not-4505\"  src=\"https:\/\/www.promostudio.info\/wp-content\/uploads\/2022\/03\/Marco-Confortola1.jpg\" width=\"250\" height=\"300\" title='Marco-Confortola1' alt=''  itemprop=\"thumbnailUrl\"   \/><\/div><\/li><\/ul><\/div><\/div><div class='flex_column_table av-t10r2o-958312173f7dec8ed43153ac64b3a6dc sc-av_three_fourth av-equal-height-column-flextable'><div  class='flex_column av-t10r2o-958312173f7dec8ed43153ac64b3a6dc av_three_fourth  avia-builder-el-7  el_after_av_one_fourth  el_before_av_one_fourth  first flex_column_table_cell av-equal-height-column av-align-top  column-top-margin'     ><\/div><div class='av-flex-placeholder'><\/div><div  class='flex_column av-qb40n4-8809355afa840be72041ea2473dc7e60 av_one_fourth  avia-builder-el-9  el_after_av_three_fourth  avia-builder-el-last  flex_column_table_cell av-equal-height-column av-align-top  column-top-margin'     ><\/div><\/div><!--close column table wrapper. Autoclose: 1 -->\n\n<\/div><\/div><\/main><!-- close content main element --><\/div><\/div><\/div><div id='av_section_2'  class='avia-section av-nu7klc-b36ccafcc837df15268562b59ce6b142 main_color avia-section-default avia-no-border-styling  avia-builder-el-10  el_after_av_section  avia-builder-el-last  avia-bg-style-scroll container_wrap sidebar_right'  ><div class='container av-section-cont-open' ><div class='template-page content  av-content-small alpha units'><div class='post-entry post-entry-type-page post-entry-4152'><div class='entry-content-wrapper clearfix'>\n\n<style type=\"text\/css\" data-created_by=\"avia_inline_auto\" id=\"style-css-av-luf4gw-82e368508a27c627ea16aaea44bda8a3\">\n@keyframes av_boxShadowEffect_av-luf4gw-82e368508a27c627ea16aaea44bda8a3-column {\n0%   { box-shadow:  0 0 0 0 #a8a8a8; opacity: 1; }\n100% { box-shadow:  0 0 10px 0 #a8a8a8; opacity: 1; }\n}\n.flex_column.av-luf4gw-82e368508a27c627ea16aaea44bda8a3{\nbox-shadow: 0 0 10px 0 #a8a8a8;\nborder-width:1px;\nborder-color:#bfbfbf;\nborder-style:solid;\npadding:30px 30px 30px 30px;\nbackground-color:#ffffff;\n}\n<\/style>\n<div  class='flex_column av-luf4gw-82e368508a27c627ea16aaea44bda8a3 av_two_third  avia-builder-el-11  el_before_av_one_third  avia-builder-el-first  first flex_column_div shadow-not-animated  '     ><p>\n<style type=\"text\/css\" data-created_by=\"avia_inline_auto\" id=\"style-css-av-kmo6xs-ff18f3ba73f0d88b2188287349360031\">\n#top .av-special-heading.av-kmo6xs-ff18f3ba73f0d88b2188287349360031{\npadding-bottom:10px;\n}\nbody .av-special-heading.av-kmo6xs-ff18f3ba73f0d88b2188287349360031 .av-special-heading-tag .heading-char{\nfont-size:25px;\n}\n.av-special-heading.av-kmo6xs-ff18f3ba73f0d88b2188287349360031 .av-subheading{\nfont-size:15px;\n}\n<\/style>\n<div  class='av-special-heading av-kmo6xs-ff18f3ba73f0d88b2188287349360031 av-special-heading-h2 blockquote modern-quote  avia-builder-el-12  el_before_av_textblock  avia-builder-el-first '><h2 class='av-special-heading-tag '  itemprop=\"headline\"  >Ambiti Principali:<\/h2><div class=\"special-heading-border\"><div class=\"special-heading-inner-border\"><\/div><\/div><\/div><br \/>\n<section  class='av_textblock_section av-l09nx9p8-5355aee62b6ad61beb193c91fe80a8d5 '   itemscope=\"itemscope\" itemtype=\"https:\/\/schema.org\/CreativeWork\" ><div class='avia_textblock'  itemprop=\"text\" ><ul>\n<li>Resilienza<\/li>\n<li>Ricerca dell&#8217;obiettivo<\/li>\n<li>Pianificazione<\/li>\n<li>Team<\/li>\n<li>Comunicazione<\/li>\n<li>Problem solving<\/li>\n<li>Pensiero laterale<\/li>\n<li>Connessione<\/li>\n<li>Attesa<\/li>\n<li>Physical and mental change<\/li>\n<li>Summit<\/li>\n<\/ul>\n<p>Marco Confortola , vi accompagner\u00e0 nel suo fantastico mondo: L&#8217;ALPINISMO.<\/p>\n<p>Potrebbe apparire lontano il mondo Alpinistico da quello Aziendale, ma i parallelismi sono infiniti. Gli obiettivi da sostenere nel tempo anche attraverso l&#8217;endurance, la resistenza alla fatica, la tolleranza e la sopportazione.<\/p>\n<p>Aristotele afferm\u00f2 che &#8220;il tutto \u00e8 maggiore della somma delle sue parti&#8221;, quando parliamo di Team , la sua forza non \u00e8 data dal talento, dalle potenzialit\u00e0 di un singolo individuo ma dall&#8217;Unione del talento e dalle potenzialit\u00e0 di ogni singolo componente.<\/p>\n<p>La differenza tra un gruppo e un team?<\/p>\n<p>Un gruppo \u00e8 un insieme di persone che magari stanno bene insieme, ma non condividono nessun obiettivo e non hanno ruoli assegnati. Un team ha un obiettivo chiaro, una sua consapevolezza e dei ruoli stabil\u00ec che nel &#8220;gruppo&#8221; non ci sono. Questi ruoli devono essere accettati, allenati , sviluppati. Solo avendo consapevolezza dei ruoli e degli obiettivi si diventa un team.<\/p>\n<p>Ovvero = obiettivo + metodo di lavoro + consapevolezza = struttura per avere successo.<\/p>\n<p>L&#8217;importanza del metodo \u00e8 essenziale nel mondo dell&#8217;Alpinismo cos\u00ec come in quello Aziendale, la pianificazione e l&#8217;importanza del metodo sono il motore per il raggiungimento di un obiettivo, senza questo, si avrebbe solo &#8220;improvvisazione&#8221;, che come si sa \u00e8 nemica del risultato.<\/p>\n<p>La velocit\u00e0 nell&#8217;avere successo equivale a dire velocit\u00e0 del fallimento, il successo passa anche e soprattutto dagli insuccessi.<\/p>\n<p>Imparare ad analizzare i feedback e fare esperienza di quello che succede nell&#8217;arco della pianificazione.<\/p>\n<p>Le nostre emozioni sono una componente centrale in qualunque ruolo lavorativo. Imparare a riconoscerle e a gestirle correttamente, soprattutto in situazioni di tensione, \u00e8 fondamentale per mantenere relazioni positive con i propri colleghi e collaboratori, ma anche per migliorare la produttivit\u00e0 ed il benessere in azienda.<\/p>\n<p>Splitteremo la gestione dello stress sulla Resilienza.<\/p>\n<p>La resilienza \u00e8 la capacit\u00e0 di resistere nonostante gli ostacoli e le difficolt\u00e0, impariamo ad allenarla. Una persona resiliente presenta delle caratteristiche psicologiche particolari: \u00e8 un ottimista ed \u00e8 portato a leggere le difficolt\u00e0 come momentanee e circoscritte, tende a vedere i cambiamenti come opportunit\u00e0 per crescere ed imparare ed \u00e8 profondamente motivato a raggiungere le mete che si \u00e8 prefissato. Lo sport viene considerato una palestra di vita perch\u00e8 ti costringe a sviluppare le potenzialit\u00e0 necessarie per affrontare gli ostacoli, la frustrazione, l&#8217;insuccesso.<\/p>\n<p>La resilienza \u00e8 una disciplina, non si diventa pi\u00f9 resilienti da un giorno all&#8217;altro, ma si ottiene in cambio di impegno e dedizione.<\/p>\n<p>Si pu\u00f2 imparare a gestire una situazione di stress lavorativo interpretando i cambiamenti come una sfida e come un&#8217;opportunit\u00e0 piuttosto che come una minaccia.<\/p>\n<p>Attraverso il pensiero laterale, ovvero la capacit\u00e0 di strutturarsi creativamente, si pu\u00f2 abbandonare la logica dei meccanismi cercando di sfruttare nuove strade che ci aiutino ad uscire dai binari verticali ed essere quindi pi\u00f9 creativi.<\/p>\n<p>In alta quota il proprio organismo \u00e8 portato e costretto a vivere parecchio stress. In tal senso il metodo, la conoscenza e competenza sono fondamentali per mettere in atto soluzioni di acclimatamento per non incorrere in problematiche fisiche. L&#8217;Alpinismo in tal senso, rispetto ad altri sport, richiede una dolse di attenzione e precauzione maggiore.<\/p>\n<p>Nello Speech che vi proponiamo, Marco toccher\u00e0 tutti questi punti con l&#8217;ausilio di uno dei suoi filmati Himalayani.<\/p>\n<\/div><\/section><br \/>\n\n<style type=\"text\/css\" data-created_by=\"avia_inline_auto\" id=\"style-css-av-3acmtb-32ac01d17562f3a09eff287973b47f78\">\n#top .av-special-heading.av-3acmtb-32ac01d17562f3a09eff287973b47f78{\npadding-bottom:10px;\n}\nbody .av-special-heading.av-3acmtb-32ac01d17562f3a09eff287973b47f78 .av-special-heading-tag .heading-char{\nfont-size:25px;\n}\n.av-special-heading.av-3acmtb-32ac01d17562f3a09eff287973b47f78 .av-subheading{\nfont-size:15px;\n}\n<\/style>\n<div  class='av-special-heading av-3acmtb-32ac01d17562f3a09eff287973b47f78 av-special-heading-h2 blockquote modern-quote  avia-builder-el-14  el_after_av_textblock  el_before_av_textblock '><h2 class='av-special-heading-tag '  itemprop=\"headline\"  >Profilo Professionale:<\/h2><div class=\"special-heading-border\"><div class=\"special-heading-inner-border\"><\/div><\/div><\/div><br \/>\n<section  class='av_textblock_section av-l09nyh2l-b799fdc5d84775e71ca0e3609e54ca9e '   itemscope=\"itemscope\" itemtype=\"https:\/\/schema.org\/CreativeWork\" ><div class='avia_textblock'  itemprop=\"text\" ><p>Nato a Bormio il 22 maggio 1971 Residente in Valfurva SO &#8211; Valtellina<\/p>\n<p>Di seguito la sua presentazione professionale:<\/p>\n<ul>\n<li>Il 17 settembre del 1990 diventa Aspirante Guida Alpina, la pi\u00f9 giovane d&#8217;Italia per 5 anni.<\/li>\n<li>Il 28 giugno diventa Guida Alpina Internazionale, la pi\u00f9 giovane d&#8217;Europa per 4 anni. Dal 14 settembre 1995 sono Maestro di sci, disciplina Alpina.<\/li>\n<li>Faccio parte del Corpo Nazionale di Soccorso Alpino: dal 1994.<\/li>\n<li>Dal 1995 come tecnico di Elisoccorso 118 di base a Caiolo (Sondrio).<\/li>\n<li>Dal 1990 al 2003 come vice capo stazione di S. Caterina Valfurva.<\/li>\n<li>Dal 2011 sono formatore presso la scuola di Formazione TEC\/Bosch.<\/li>\n<li>Dal 2015 faccio parte del team di atleti di\u00a0<b>&#8220;Allenarsi per il Futuro &#8220;<\/b>, progetto di alternanza scuola\/lavoro supportato e ideato da Bosch e Randstad portando ai giovani<b>\u00a0&#8221; il futuro del mondo&#8221;\u00a0<\/b>le mie esperienze di Alpinista-guida-soccorritore.<\/li>\n<\/ul>\n<p>Esperienze Himalayane:<\/p>\n<ul>\n<li>2004 &#8211; Prima salita valtellinese monte Everest 8848 mt. versante nord<\/li>\n<li>2005 &#8211; Shisha-Pangma (cima centrale 8017 mt.)<\/li>\n<li>2006 &#8211; Shisha &#8211; Pangma (cima principale 8027 mt.)<\/li>\n<li>2006 &#8211; Annapurna 8091mt. versante nord<\/li>\n<li>2007 &#8211; Cho Oyu 8200 mt. (salita veloce campo base cima-campo base 24 ore)<\/li>\n<li>2007 &#8211; Broad Peak mt. 8047<\/li>\n<li>2008 &#8211; Durante la spedizione Share Everest 08 ho collaborato assieme a Gnaro Mondinelli e Michele Enzio all&#8217;istallazione della stazione meteo pi\u00f9 alta del Mondo a quota 8.000 mt. sul Colle Sud del monte Everest<\/li>\n<li>2008 &#8211; K2 via Sperone Abruzzi. Durante la spedizione si \u00e8 consumata una delle peggiori tragedie alpinistiche, 11 alpinisti hanno perso la vita mentre io sono riuscito a rientrare al base grazie alla fortuna, alla forza fisica, alla determinazione a NON MOLLARE. Purtroppo ho riportato gravissimi congelamenti e l&#8217;amputazione di tutte 10 le dita dei piedi passando da un 43 a 35 di numero di scarpe.<br \/>\nLa riabilitazione \u00e8 stata veramente lunga e difficile e ancora una volta la mia determinazione ha fatto la differenza.<\/li>\n<li>2010 &#8211; Lhotse &#8211; Ho dovuto rinunciare a quota 7.900 mt a causa del forte freddo.<\/li>\n<li>2011 &#8211; A causa di una caduta con gli sci e alla conseguente operazione alla testa, ho dovuto rinunciare alla spedizione in programma per la primavera al Dhaulagiri.<\/li>\n<li>2012 &#8211; In primavera sono partito per il Dhaulagiri purtroppo per\u00f2 ho dovuto abbandonare il mio tentativo di vetta a quota 7.500 mt. ca. a causa del forte freddo ai piedi.<\/li>\n<li>2012 &#8211; in autunno ho raggiunto la cima del mio SETTIMO &#8220;ottomila&#8221; ovvero il Manaslu 8.163 m.<\/li>\n<li>2013 &#8211; 21 Maggio, raggiungo la vetta del Lhotse, la quarta montagna pi\u00f9 alta della Terra con i suoi 8.516 m.<\/li>\n<li>2014 &#8211; 8450 mt del Kanchenjunga (rinuncio a 100 m dalla cima per un ulteriore problema ai piedi dove dal piede sinistro esce &#8220;causa la precedente amputazione&#8221; un pezzo di osso che perfora la cute).<\/li>\n<li>2015 &#8211; Dhaulagiri &#8211; spedizione interrotta a causa del terribile terremoto che ha coinvolto il Nepal.<\/li>\n<li>2016 &#8211; Makalu 8.463 mt &#8211; vetta raggiunta il 23 maggio (compagno di spezzone Marco Camandona).<\/li>\n<li>2017 &#8211; Dhaulagiri 8167 m. raggiunto il 20.05.2017 portando cos\u00ec a 10 ottomila raggiunti senza ossigeno.<br \/>\nIl 23.05.2017 appena rientrato dalla salita al Dhaulagiri insieme a dei piloti italiani recupero ben 7 persone &#8220;agganciato al baricentrico di un elicottero &#8221; in grande difficolt\u00e0 (C1 5600m- C2 6600m-C3 7300m) mettendo in gioco la mia propria vita. Con la salita del Dhaulagiri si chiude un cerchio iniziato nel 2015 quando il 25 aprile un disastroso terremoto colpisce il Nepal distruggendo villaggi interi. Con i collaboratori Bosch, Finale for nepal, Ass. 17 abbiamo ricostruito una scuola per 200 bambini.<\/li>\n<li>2018 &#8211; Kanchenjunga 8586m m, dopo quasi due mesi di spedizione , raggiungo gli 8.000 m di questo colosso Himalayani e rinuncio al tentativo di vetta a causa delle temperature.<\/li>\n<li>2019 &#8211; 18 luglio raggiunto la cima del Gasherbrum II 8.035 m.<\/li>\n<\/ul>\n<p>Ho scritto 4 libri\u00a0<b>&#8220;Giorni di Ghiaccio&#8221; <\/b>e\u00a0<b>&#8220;Ricominciare&#8221;<\/b> editi da Baldini e Castoldi . Il mio 3 libro edito dalla casa editrice Hoepli si intitola &#8220;<b>IL CACCIATORE di 8000&#8243;<\/b> il 4 libro con Mondadori dal titolo:<b> &#8220;LE LEZIONI DELLA MONTAGNA&#8221;<\/b>\u00a0( 12 gennaio 2021 ).<\/p>\n<p>A dicembre 2017 \u00e8 uscito il mio nuovo gioco in scatola &#8220;<b>La sfida agli 8.000&#8243; <\/b>che insegna sostanzialmente le regole di sicurezza in montagna\/regole comportamentali in montagna. Nel mese di dicembre 2020 \u00e8 uscita la seconda edizione in italiano e inglese.<\/p>\n<p>Da settembre 2020 inizio una nuova collaborazione con MEDIASET, su canale FOCUS 35 che avranno il seguente titolo: MARCO CONFORTOLA DALLE ALPI AL TETTO DEL MONDO.<\/p>\n<p>Il mio prossimo obiettivo Alpinistico \u00e8 quello di tentare il raggiungimento delle due cime Pakistane (Nanga Parbat e Gasherbrum I) e l&#8217;ultima in Nepal (Kanchenjunga).<\/p>\n<p>Dal 2010 effettuo regolarmente Speech Aziendali e attivit\u00e0 di Team Building.<\/p>\n<p>Faccio parte della scuola di Formazione del gruppo Bosch\/Tec e del progetto legato alla formazione di Randastad SPORT.<\/p>\n<\/div><\/section><\/p><\/div><div  class='flex_column av-gfmqhc-ae98b246db5647bed779646d72fbbb60 av_one_third  avia-builder-el-16  el_after_av_two_third  avia-builder-el-last  flex_column_div  '     ><div  class='avia-builder-widget-area clearfix  avia-builder-el-17  avia-builder-el-no-sibling '><div id=\"custom_html-3\" class=\"widget_text widget clearfix widget_custom_html\"><div class=\"textwidget custom-html-widget\">\n<style type=\"text\/css\" data-created_by=\"avia_inline_auto\" id=\"style-css-av-dskg1y-7640993e4bf78f89128063a9fecf1497\">\n.av_promobox.av-dskg1y-7640993e4bf78f89128063a9fecf1497{\ncolor:#ffffff;\nbackground:#444444;\nborder-color:#333333;\n}\n<\/style>\n<div  class='av_promobox av-dskg1y-7640993e4bf78f89128063a9fecf1497 avia-button-no'><div class='avia-promocontent'><h3 style=\"text-align: center;\"><span style=\"color: #ffffff;\">To know costs and availability<\/span><\/h3>\n<\/div><\/div>\r\n<form action=\"https:\/\/www.promostudio.info\/en\/speakers\/confortola-marco\/\" method=\"post\" data-fields-with-error=\"Found errors in the following field(s):\" class=\"avia_ajax_form av-form-labels-hidden    \" data-avia-form-id=\"1\" data-avia-redirect='' ><h3 class=''>Fill out the form<\/h3><fieldset><p class='  first_form  form_element form_element_half' id='element_avia_1_1'><label for=\"avia_1_1\">Name <abbr class=\"required\" title=\"required\">*<\/abbr><\/label> <input name=\"avia_1_1\" class=\"text_input is_empty\" type=\"text\" id=\"avia_1_1\" value=\"\"  placeholder='Name*'\/><\/p><p class='  form_element form_element_half' id='element_avia_2_1'><label for=\"avia_2_1\">Surname <abbr class=\"required\" title=\"required\">*<\/abbr><\/label> <input name=\"avia_2_1\" class=\"text_input is_empty\" type=\"text\" id=\"avia_2_1\" value=\"\"  placeholder='Surname*'\/><\/p><p class='  first_form  form_element form_fullwidth' id='element_avia_3_1'><label for=\"avia_3_1\">Company <abbr class=\"required\" title=\"required\">*<\/abbr><\/label> <input name=\"avia_3_1\" class=\"text_input is_empty\" type=\"text\" id=\"avia_3_1\" value=\"\"  placeholder='Company*'\/><\/p><p class='  first_form  form_element form_element_half' id='element_avia_4_1'><label for=\"avia_4_1\">E-mail <abbr class=\"required\" title=\"required\">*<\/abbr><\/label> <input name=\"avia_4_1\" class=\"text_input is_email\" type=\"text\" id=\"avia_4_1\" value=\"\"  placeholder='E-mail*'\/><\/p><p class='  form_element form_element_half' id='element_avia_5_1'><label for=\"avia_5_1\">Phone <abbr class=\"required\" title=\"required\">*<\/abbr><\/label> <input name=\"avia_5_1\" class=\"text_input is_number\" type=\"text\" id=\"avia_5_1\" value=\"\"  placeholder='Phone*'\/><\/p><p class='  first_form  form_element form_fullwidth' id='element_avia_6_1'><label for=\"avia_6_1\">Speaker of your interest <abbr class=\"required\" title=\"required\">*<\/abbr><\/label> <input name=\"avia_6_1\" class=\"text_input is_empty\" type=\"text\" id=\"avia_6_1\" value=\"\"  placeholder='Speaker of your interest*'\/><\/p><p class='  first_form  form_element form_fullwidth' id='element_avia_7_1'><label for=\"avia_7_1\" class=\"textare_label hidden textare_label_avia_7_1\">Message <abbr class=\"required\" title=\"required\">*<\/abbr><\/label><textarea  placeholder='Message*' name=\"avia_7_1\" class=\"text_area is_empty\" cols=\"40\" rows=\"7\" id=\"avia_7_1\" ><\/textarea><\/p><p class=\"hidden\"><input type=\"text\" name=\"avia_8_1\" class=\"hidden \" id=\"avia_8_1\" value=\"\" \/><\/p><p class=' av_form_privacy_check av_contact_privacy_check first_form  form_element form_fullwidth' id='element_avia_9_1'><input  name=\"avia_9_1\" class=\"input_checkbox is_empty\" type=\"checkbox\" id=\"avia_9_1\" value=\"true\"\/><label class=\"input_checkbox_label\" for=\"avia_9_1\">I consent to the processing of my data according to our <a href='https:\/\/www.promostudio.info\/privacy-policy\/' target='_blank'>Privacy Policy<\/a> (GDPR Ue 2016\/679) <abbr class=\"required\" title=\"required\">*<\/abbr><\/label><\/p><p class=\"form_element \"><input type=\"hidden\" value=\"1\" name=\"avia_generated_form1\" \/><input type=\"submit\" value=\"Submit your request\" class=\"button\"  data-sending-label=\"Sending\"\/><\/p><\/fieldset><\/form><div id=\"ajaxresponse_1\" class=\"ajaxresponse ajaxresponse_1 hidden\"><\/div><\/div><\/div><\/div><\/div><\/div><\/div><\/div><!-- close content main div --><\/div><\/div><div id='after_section_2'  class='main_color av_default_container_wrap container_wrap sidebar_right'  ><div class='container av-section-cont-open' ><div class='template-page content  av-content-small alpha units'><div class='post-entry post-entry-type-page post-entry-4152'><div class='entry-content-wrapper clearfix'>\n","protected":false},"excerpt":{"rendered":"","protected":false},"featured_media":4504,"comment_status":"closed","ping_status":"closed","template":"","meta":[],"product_brand":[],"product_cat":[42],"product_tag":[],"class_list":{"0":"post-4152","1":"product","2":"type-product","3":"status-publish","4":"has-post-thumbnail","6":"product_cat-sportivi","8":"first","9":"instock","10":"shipping-taxable","11":"product-type-simple"},"_links":{"self":[{"href":"https:\/\/www.promostudio.info\/en\/wp-json\/wp\/v2\/product\/4152","targetHints":{"allow":["GET"]}}],"collection":[{"href":"https:\/\/www.promostudio.info\/en\/wp-json\/wp\/v2\/product"}],"about":[{"href":"https:\/\/www.promostudio.info\/en\/wp-json\/wp\/v2\/types\/product"}],"replies":[{"embeddable":true,"href":"https:\/\/www.promostudio.info\/en\/wp-json\/wp\/v2\/comments?post=4152"}],"wp:featuredmedia":[{"embeddable":true,"href":"https:\/\/www.promostudio.info\/en\/wp-json\/wp\/v2\/media\/4504"}],"wp:attachment":[{"href":"https:\/\/www.promostudio.info\/en\/wp-json\/wp\/v2\/media?parent=4152"}],"wp:term":[{"taxonomy":"product_brand","embeddable":true,"href":"https:\/\/www.promostudio.info\/en\/wp-json\/wp\/v2\/product_brand?post=4152"},{"taxonomy":"product_cat","embeddable":true,"href":"https:\/\/www.promostudio.info\/en\/wp-json\/wp\/v2\/product_cat?post=4152"},{"taxonomy":"product_tag","embeddable":true,"href":"https:\/\/www.promostudio.info\/en\/wp-json\/wp\/v2\/product_tag?post=4152"}],"curies":[{"name":"wp","href":"https:\/\/api.w.org\/{rel}","templated":true}]}}