{"id":4161,"date":"2022-03-08T18:39:18","date_gmt":"2022-03-08T17:39:18","guid":{"rendered":"https:\/\/www.promostudio.info\/speakers\/ferrara-ciro-copy\/"},"modified":"2022-04-13T12:09:50","modified_gmt":"2022-04-13T10:09:50","slug":"mazzon-andrea","status":"publish","type":"product","link":"https:\/\/www.promostudio.info\/en\/speakers\/mazzon-andrea\/","title":{"rendered":"Mazzon, Andrea"},"content":{"rendered":"\n<style type=\"text\/css\" data-created_by=\"avia_inline_auto\" id=\"style-css-av-108cygw-d6651d9a081aa75e9849e8f60e85125c\">\n.avia-section.av-108cygw-d6651d9a081aa75e9849e8f60e85125c{\nbackground-color:#ededed;\nbackground-image:url(https:\/\/www.promostudio.info\/wp-content\/uploads\/2021\/01\/Professional-Speakers-650x380-1.jpg);\nbackground-repeat:no-repeat;\nbackground-position:50% 100%;\nbackground-attachment:fixed;\n}\n.avia-section.av-108cygw-d6651d9a081aa75e9849e8f60e85125c .av-section-color-overlay{\nopacity:0.8;\nbackground-color:#0a0a0a;\n}\n<\/style>\n<div id='av_section_1'  class='avia-section av-108cygw-d6651d9a081aa75e9849e8f60e85125c main_color avia-section-default avia-no-border-styling  avia-builder-el-0  el_before_av_section  avia-builder-el-first  avia-full-stretch avia-bg-style-fixed av-section-color-overlay-active av-minimum-height av-minimum-height-50 av-height-50  container_wrap sidebar_right'  data-section-bg-repeat='stretch' data-av_minimum_height_pc='50' data-av_min_height_opt='50'><div class=\"av-section-color-overlay-wrap\"><div class=\"av-section-color-overlay\"><\/div><div class='container av-section-cont-open' ><main  role=\"main\" itemprop=\"mainContentOfPage\"  class='template-page content  av-content-small alpha units'><div class='post-entry post-entry-type-page post-entry-4161'><div class='entry-content-wrapper clearfix'>\n<div  class='flex_column av-y3b92o-c44cd479ab1679fdda6fbc5c0aba0a57 av_three_fourth  avia-builder-el-1  el_before_av_one_fourth  avia-builder-el-first  first flex_column_div  '     ><p>\n<style type=\"text\/css\" data-created_by=\"avia_inline_auto\" id=\"style-css-av-l09nui5v-d53ffbd9b8d187aec75480a2d201709b\">\n#top .av-special-heading.av-l09nui5v-d53ffbd9b8d187aec75480a2d201709b{\npadding-bottom:10px;\ncolor:#ffffff;\n}\nbody .av-special-heading.av-l09nui5v-d53ffbd9b8d187aec75480a2d201709b .av-special-heading-tag .heading-char{\nfont-size:25px;\n}\n.av-special-heading.av-l09nui5v-d53ffbd9b8d187aec75480a2d201709b .special-heading-inner-border{\nborder-color:#ffffff;\n}\n.av-special-heading.av-l09nui5v-d53ffbd9b8d187aec75480a2d201709b .av-subheading{\nfont-size:15px;\n}\n<\/style>\n<div  class='av-special-heading av-l09nui5v-d53ffbd9b8d187aec75480a2d201709b av-special-heading-h1 custom-color-heading blockquote modern-quote  avia-builder-el-2  el_before_av_hr  avia-builder-el-first '><h1 class='av-special-heading-tag '  itemprop=\"headline\"  >Andrea Mazzon<\/h1><div class=\"special-heading-border\"><div class=\"special-heading-inner-border\"><\/div><\/div><\/div><br \/>\n<div  class='hr av-39y9lc-38fc1f437ef3da0af5555c7d7ed856b7 hr-default  avia-builder-el-3  el_after_av_heading  el_before_av_heading '><span class='hr-inner '><span class=\"hr-inner-style\"><\/span><\/span><\/div><br \/>\n\n<style type=\"text\/css\" data-created_by=\"avia_inline_auto\" id=\"style-css-av-l09nwjx0-a37d8ea718bcc5e72b5bbac02cd6e6e3\">\n#top .av-special-heading.av-l09nwjx0-a37d8ea718bcc5e72b5bbac02cd6e6e3{\npadding-bottom:10px;\ncolor:#ffffff;\n}\nbody .av-special-heading.av-l09nwjx0-a37d8ea718bcc5e72b5bbac02cd6e6e3 .av-special-heading-tag .heading-char{\nfont-size:25px;\n}\n.av-special-heading.av-l09nwjx0-a37d8ea718bcc5e72b5bbac02cd6e6e3 .special-heading-inner-border{\nborder-color:#ffffff;\n}\n.av-special-heading.av-l09nwjx0-a37d8ea718bcc5e72b5bbac02cd6e6e3 .av-subheading{\nfont-size:15px;\n}\n<\/style>\n<div  class='av-special-heading av-l09nwjx0-a37d8ea718bcc5e72b5bbac02cd6e6e3 av-special-heading-h3 custom-color-heading blockquote modern-quote  avia-builder-el-4  el_after_av_hr  avia-builder-el-last '><h3 class='av-special-heading-tag '  itemprop=\"headline\"  >Basketball Head Coach e Motivatore<\/h3><div class=\"special-heading-border\"><div class=\"special-heading-inner-border\"><\/div><\/div><\/div><\/p><\/div><div  class='flex_column av-v0hmj4-0c48f8c775d55ae4a6f96cba9b868149 av_one_fourth  avia-builder-el-5  el_after_av_three_fourth  el_before_av_three_fourth  flex_column_div  '     ><div  class='avia-slideshow av-l09nusd9-4e5caf181d2e35b75c0e6c674ad24a08 avia-slideshow-medium av_slideshow avia-slide-slider  avia-builder-el-6  avia-builder-el-no-sibling  av-slideshow-ui av-control-default av-slideshow-manual av-loop-once av-loop-manual-endless av-default-height-applied avia-slideshow-1' data-slideshow-options=\"{&quot;animation&quot;:&quot;slide&quot;,&quot;autoplay&quot;:false,&quot;loop_autoplay&quot;:&quot;once&quot;,&quot;interval&quot;:5,&quot;loop_manual&quot;:&quot;manual-endless&quot;,&quot;autoplay_stopper&quot;:false,&quot;noNavigation&quot;:false,&quot;bg_slider&quot;:false,&quot;keep_padding&quot;:false,&quot;hoverpause&quot;:false,&quot;show_slide_delay&quot;:0}\"  itemprop=\"image\" itemscope=\"itemscope\" itemtype=\"https:\/\/schema.org\/ImageObject\" ><ul class='avia-slideshow-inner ' style='padding-bottom: 120%;'><li  class='avia-slideshow-slide av-l09nusd9-4e5caf181d2e35b75c0e6c674ad24a08__0  av-single-slide slide-1 slide-odd'><div data-rel='slideshow-1' class='avia-slide-wrap '   ><img decoding=\"async\" fetchpriority=\"high\" class=\"wp-image-4476 avia-img-lazy-loading-not-4476\"  src=\"https:\/\/www.promostudio.info\/wp-content\/uploads\/2022\/03\/Andrea-Mazzon.jpg\" width=\"250\" height=\"300\" title='Andrea-Mazzon' alt=''  itemprop=\"thumbnailUrl\"   \/><\/div><\/li><\/ul><\/div><\/div><div class='flex_column_table av-t10r2o-958312173f7dec8ed43153ac64b3a6dc sc-av_three_fourth av-equal-height-column-flextable'><div  class='flex_column av-t10r2o-958312173f7dec8ed43153ac64b3a6dc av_three_fourth  avia-builder-el-7  el_after_av_one_fourth  el_before_av_one_fourth  first flex_column_table_cell av-equal-height-column av-align-top  column-top-margin'     ><\/div><div class='av-flex-placeholder'><\/div><div  class='flex_column av-qb40n4-8809355afa840be72041ea2473dc7e60 av_one_fourth  avia-builder-el-9  el_after_av_three_fourth  avia-builder-el-last  flex_column_table_cell av-equal-height-column av-align-top  column-top-margin'     ><\/div><\/div><!--close column table wrapper. Autoclose: 1 -->\n\n<\/div><\/div><\/main><!-- close content main element --><\/div><\/div><\/div><div id='av_section_2'  class='avia-section av-nu7klc-b36ccafcc837df15268562b59ce6b142 main_color avia-section-default avia-no-border-styling  avia-builder-el-10  el_after_av_section  avia-builder-el-last  avia-bg-style-scroll container_wrap sidebar_right'  ><div class='container av-section-cont-open' ><div class='template-page content  av-content-small alpha units'><div class='post-entry post-entry-type-page post-entry-4161'><div class='entry-content-wrapper clearfix'>\n\n<style type=\"text\/css\" data-created_by=\"avia_inline_auto\" id=\"style-css-av-luf4gw-82e368508a27c627ea16aaea44bda8a3\">\n@keyframes av_boxShadowEffect_av-luf4gw-82e368508a27c627ea16aaea44bda8a3-column {\n0%   { box-shadow:  0 0 0 0 #a8a8a8; opacity: 1; }\n100% { box-shadow:  0 0 10px 0 #a8a8a8; opacity: 1; }\n}\n.flex_column.av-luf4gw-82e368508a27c627ea16aaea44bda8a3{\nbox-shadow: 0 0 10px 0 #a8a8a8;\nborder-width:1px;\nborder-color:#bfbfbf;\nborder-style:solid;\npadding:30px 30px 30px 30px;\nbackground-color:#ffffff;\n}\n<\/style>\n<div  class='flex_column av-luf4gw-82e368508a27c627ea16aaea44bda8a3 av_two_third  avia-builder-el-11  el_before_av_one_third  avia-builder-el-first  first flex_column_div shadow-not-animated  '     ><p>\n<style type=\"text\/css\" data-created_by=\"avia_inline_auto\" id=\"style-css-av-kmo6xs-ff18f3ba73f0d88b2188287349360031\">\n#top .av-special-heading.av-kmo6xs-ff18f3ba73f0d88b2188287349360031{\npadding-bottom:10px;\n}\nbody .av-special-heading.av-kmo6xs-ff18f3ba73f0d88b2188287349360031 .av-special-heading-tag .heading-char{\nfont-size:25px;\n}\n.av-special-heading.av-kmo6xs-ff18f3ba73f0d88b2188287349360031 .av-subheading{\nfont-size:15px;\n}\n<\/style>\n<div  class='av-special-heading av-kmo6xs-ff18f3ba73f0d88b2188287349360031 av-special-heading-h2 blockquote modern-quote  avia-builder-el-12  el_before_av_textblock  avia-builder-el-first '><h2 class='av-special-heading-tag '  itemprop=\"headline\"  >Ambiti Principali:<\/h2><div class=\"special-heading-border\"><div class=\"special-heading-inner-border\"><\/div><\/div><\/div><br \/>\n<section  class='av_textblock_section av-l09nx9p8-5355aee62b6ad61beb193c91fe80a8d5 '   itemscope=\"itemscope\" itemtype=\"https:\/\/schema.org\/CreativeWork\" ><div class='avia_textblock'  itemprop=\"text\" ><ul>\n<li>Motivazione<\/li>\n<li>Team Building<\/li>\n<li>Gestione del Gruppo<\/li>\n<li>Cambiamento e Leadership<\/li>\n<li>Tecniche per abbattere lo stress e sviluppare autostima<\/li>\n<\/ul>\n<\/div><\/section><br \/>\n\n<style type=\"text\/css\" data-created_by=\"avia_inline_auto\" id=\"style-css-av-3acmtb-32ac01d17562f3a09eff287973b47f78\">\n#top .av-special-heading.av-3acmtb-32ac01d17562f3a09eff287973b47f78{\npadding-bottom:10px;\n}\nbody .av-special-heading.av-3acmtb-32ac01d17562f3a09eff287973b47f78 .av-special-heading-tag .heading-char{\nfont-size:25px;\n}\n.av-special-heading.av-3acmtb-32ac01d17562f3a09eff287973b47f78 .av-subheading{\nfont-size:15px;\n}\n<\/style>\n<div  class='av-special-heading av-3acmtb-32ac01d17562f3a09eff287973b47f78 av-special-heading-h2 blockquote modern-quote  avia-builder-el-14  el_after_av_textblock  el_before_av_textblock '><h2 class='av-special-heading-tag '  itemprop=\"headline\"  >Profilo Professionale:<\/h2><div class=\"special-heading-border\"><div class=\"special-heading-inner-border\"><\/div><\/div><\/div><br \/>\n<section  class='av_textblock_section av-l09nyh2l-b799fdc5d84775e71ca0e3609e54ca9e '   itemscope=\"itemscope\" itemtype=\"https:\/\/schema.org\/CreativeWork\" ><div class='avia_textblock'  itemprop=\"text\" ><p>Andrea Mazzon \u00e8 nato a Venezia nel 1966 appassionato di sport fin da piccolo si \u00e8 diviso tra sci, pallacanestro, tennis, baseball e vela.<\/p>\n<p>La sua passione per lo sport lo ha portato giovanissimo ad insegnare minibasket mentre ancora giocava a pallacanestro nella provincia di Venezia. Fin da giovane si \u00e8 distinto come ottimo reclutatore di talenti e sono davvero molteplici in 30 anni i giocatori che Andrea ha lanciato ad ogni livello. Nell\u2019ultima sua stagione (2016), 3 giocatori che allenava sono addirittura approdati in NBA e uno di questi ha incredibilmente fatto parte della squadra che ha vinto il famoso anello NBA, i Cleveland Cavaliers di Lebron James.<\/p>\n<p>A 22 anni si trasferisce a Verona diventando responsabile del settore giovanile in et\u00e0 giovanissima; a 29 anni diviene poi capo allenatore in A1 (uno dei piu giovani di sempre).<\/p>\n<p>Passa dall\u2019Italia alla Grecia mietendo riconoscimenti internazionali e partecipando a ben tre finali Europee.<\/p>\n<p>Si laurea allenatore dell\u2019anno in Italia ed in Grecia ripetute volte e dopo anni di girovagare viene richiamato a Venezia dall\u2019attuale Sindaco Brugnaro, allora presidente della Reyer, e la rilancia riportandola dalla serie A2 al top del palcoscenico Italiano.<\/p>\n<p>Decide nel 2014 di tentare di approdare in NBA e dopo un anno passato in America riesce ad ottenere un ruolo come allenatore di sviluppo per i Philadelphia 76ers, storica franchigia NBA, e Vice Allenatore della Lega di sviluppo NBA Dleague Delaware 87ers.<\/p>\n<p>\u00c8 il secondo italiano della storia che approda in NBA dopo, guarda caso, un&#8217;altro veneziano: Ettore Messina.<\/p>\n<p>Andrea ha fatto centinaia di speeches in tutto il mondo, tra Italia, Grecia, Spagna, Germania, Svizzera, Austria, Stati Uniti ed Israele. Proverbiale \u00e8 la sua capacit\u00e0 di coinvolgimento del pubblico e soprattutto la sua volont\u00e0 di lasciare input positivi e innovativi per la gestione dei gruppi, sportivi e di business.<\/p>\n<p>Come speaker l\u2019obiettivo principale di Andrea \u00e8 generare una vera interazione tra le persone ed addirittura essere lui che \u201cruba\u201d opinioni, per poi trasformarle con genialit\u00e0 ed ironia.<\/p>\n<p>Si autodefinisce una persona che da energia ed emozioni e che spesso adora sottolineare le contraddizioni, per renderle opportunit\u00e0 e non blocchi.<\/p>\n<p>Crede fermamente in alcune cose che si possono facilmente riassumere in queste citazioni:<\/p>\n<ul>\n<li>Non esistono problemi ma soluzioni<\/li>\n<li>I limiti come le paure spesso sono solo un\u2019illusione<\/li>\n<li>Passiamo e perdiamo tempo per prepararci ad eventi negativi che poi scopriamo non avvengono quasi mai<\/li>\n<\/ul>\n<\/div><\/section><br \/>\n\n<style type=\"text\/css\" data-created_by=\"avia_inline_auto\" id=\"style-css-av-l0iesdxn-d970f0c8dbd492f1b9c704b60362cad4\">\n#top .av-special-heading.av-l0iesdxn-d970f0c8dbd492f1b9c704b60362cad4{\npadding-bottom:10px;\n}\nbody .av-special-heading.av-l0iesdxn-d970f0c8dbd492f1b9c704b60362cad4 .av-special-heading-tag .heading-char{\nfont-size:25px;\n}\n.av-special-heading.av-l0iesdxn-d970f0c8dbd492f1b9c704b60362cad4 .av-subheading{\nfont-size:15px;\n}\n<\/style>\n<div  class='av-special-heading av-l0iesdxn-d970f0c8dbd492f1b9c704b60362cad4 av-special-heading-h2 blockquote modern-quote  avia-builder-el-16  el_after_av_textblock  el_before_av_textblock '><h2 class='av-special-heading-tag '  itemprop=\"headline\"  >Principali Pubblicazioni:<\/h2><div class=\"special-heading-border\"><div class=\"special-heading-inner-border\"><\/div><\/div><\/div><br \/>\n<section  class='av_textblock_section av-l0ieuios-d6d50e1cb542c7e30a28a9f48f9eae38 '   itemscope=\"itemscope\" itemtype=\"https:\/\/schema.org\/CreativeWork\" ><div class='avia_textblock'  itemprop=\"text\" ><p><strong>LIBRI<\/strong><\/p>\n<p><strong>&#8220;Ho visto Diego e dico &#8216;o vero&#8221;\u00a0<\/strong><\/p>\n<p>Diego Armando Maradona compie sessant\u2019anni. Per tutti coloro che lo hanno amato rimane semplicemente il \u00abmito\u00bb, il piccolo grande uomo che \u00e8 arrivato in una citt\u00e0 come Napoli a cambiarne per sempre e irrimediabilmente la storia. 1984-1991: sette anni che valgono infinitamente di pi\u00f9, sette anni che sono una favola in cui il posto della bacchetta magica viene preso da un piede sinistro. A raccontarla, questa fantastica storia, \u00e8 Ciro Ferrara, uno dei pochissimi nella cerchia degli \u00abeletti\u00bb, di quelli che hanno potuto ammirare con i propri occhi la verit\u00e0. Uno che ha \u00abvisto\u00bb Diego, nel vero senso della parola. Quando Maradona \u00e8 giunto a Napoli, Ciro era un giovanissimo difensore. Si sono ritrovati compagni nella prima squadra e, quando quel Napoli ha vinto tutto, insieme sono diventati protagonisti di una storia unica, impossibile da ripetersi. Con il passare del tempo, il destino ha costantemente creato appuntamenti magici tra queste due vite, in apparenza lontane, ma nella realt\u00e0 dei fatti vicinissime e complici. Proprio come un\u2019amicizia vera, bellissima e rara.<\/p>\n<p><strong>&#8220;Il curioso caso di Ciro Ferrara&#8221;<\/strong><\/p>\n<p>Ci sono persone baciate dal dio Talento, che vengono al mondo con tutto l&#8217;occorrente per il successo, e ci sono persone che nascono con un feroce desiderio di migliorarsi, per le quali l&#8217;obiettivo raggiunto \u00e8 solo un punto di partenza verso un&#8217;altra avventura da affrontare con rinnovata determinazione e coraggio. Ciro Ferrara appartiene a quest&#8217;ultima tipologia di uomini. Caso pi\u00f9 unico che raro, \u00e8 stato il primo allenatore al mondo a difendere la societ\u00e0 che lo stava licenziando. Una Juventus accusata di non aver accompagnato e protetto come si conveniva il suo giovane comandante in uno dei periodi pi\u00f9 delicati della sua storia. L&#8217;autore esamina il fallimento della stagione bianconera ripercorrendo la gestione Ferrara tra rapide impennate e brusche discese: infortuni in serie, giocatori incapaci di reagire di fronte alle difficolt\u00e0, una societ\u00e0 senza pi\u00f9 timone. Ma la storia di Ferrara \u00e8 anche altro, e parte da lontano: \u00e8 la storia di un giocatore che, insieme a stelle come Maradona, Zola, Zidane e Del Piero, ha fatto la storia del Napoli e della Juventus, del calcio italiano e di una fetta di quello mondiale, da Stoccarda a Tokyo, passando per Lecce, Udine e Berlino. Una storia che non \u00e8 certo finita in una fredda notte di Milano. Il ritratto a pi\u00f9 voci del calciatore-allenatore si salda strettamente con quello dell&#8217;uomo Ciro Ferrara, campione sui campi di calcio e persona perbene nella vita di tutti i giorni.<\/p>\n<\/div><\/section><\/p><\/div><div  class='flex_column av-gfmqhc-ae98b246db5647bed779646d72fbbb60 av_one_third  avia-builder-el-18  el_after_av_two_third  avia-builder-el-last  flex_column_div  '     ><div  class='avia-builder-widget-area clearfix  avia-builder-el-19  avia-builder-el-no-sibling '><div id=\"custom_html-3\" class=\"widget_text widget clearfix widget_custom_html\"><div class=\"textwidget custom-html-widget\">\n<style type=\"text\/css\" data-created_by=\"avia_inline_auto\" id=\"style-css-av-dskg1y-7640993e4bf78f89128063a9fecf1497\">\n.av_promobox.av-dskg1y-7640993e4bf78f89128063a9fecf1497{\ncolor:#ffffff;\nbackground:#444444;\nborder-color:#333333;\n}\n<\/style>\n<div  class='av_promobox av-dskg1y-7640993e4bf78f89128063a9fecf1497 avia-button-no'><div class='avia-promocontent'><h3 style=\"text-align: center;\"><span style=\"color: #ffffff;\">To know costs and availability<\/span><\/h3>\n<\/div><\/div>\r\n<form action=\"https:\/\/www.promostudio.info\/en\/speakers\/mazzon-andrea\/\" method=\"post\" data-fields-with-error=\"Found errors in the following field(s):\" class=\"avia_ajax_form av-form-labels-hidden    \" data-avia-form-id=\"1\" data-avia-redirect='' ><h3 class=''>Fill out the form<\/h3><fieldset><p class='  first_form  form_element form_element_half' id='element_avia_1_1'><label for=\"avia_1_1\">Name <abbr class=\"required\" title=\"required\">*<\/abbr><\/label> <input name=\"avia_1_1\" class=\"text_input is_empty\" type=\"text\" id=\"avia_1_1\" value=\"\"  placeholder='Name*'\/><\/p><p class='  form_element form_element_half' id='element_avia_2_1'><label for=\"avia_2_1\">Surname <abbr class=\"required\" title=\"required\">*<\/abbr><\/label> <input name=\"avia_2_1\" class=\"text_input is_empty\" type=\"text\" id=\"avia_2_1\" value=\"\"  placeholder='Surname*'\/><\/p><p class='  first_form  form_element form_fullwidth' id='element_avia_3_1'><label for=\"avia_3_1\">Company <abbr class=\"required\" title=\"required\">*<\/abbr><\/label> <input name=\"avia_3_1\" class=\"text_input is_empty\" type=\"text\" id=\"avia_3_1\" value=\"\"  placeholder='Company*'\/><\/p><p class='  first_form  form_element form_element_half' id='element_avia_4_1'><label for=\"avia_4_1\">E-mail <abbr class=\"required\" title=\"required\">*<\/abbr><\/label> <input name=\"avia_4_1\" class=\"text_input is_email\" type=\"text\" id=\"avia_4_1\" value=\"\"  placeholder='E-mail*'\/><\/p><p class='  form_element form_element_half' id='element_avia_5_1'><label for=\"avia_5_1\">Phone <abbr class=\"required\" title=\"required\">*<\/abbr><\/label> <input name=\"avia_5_1\" class=\"text_input is_number\" type=\"text\" id=\"avia_5_1\" value=\"\"  placeholder='Phone*'\/><\/p><p class='  first_form  form_element form_fullwidth' id='element_avia_6_1'><label for=\"avia_6_1\">Speaker of your interest <abbr class=\"required\" title=\"required\">*<\/abbr><\/label> <input name=\"avia_6_1\" class=\"text_input is_empty\" type=\"text\" id=\"avia_6_1\" value=\"\"  placeholder='Speaker of your interest*'\/><\/p><p class='  first_form  form_element form_fullwidth' id='element_avia_7_1'><label for=\"avia_7_1\" class=\"textare_label hidden textare_label_avia_7_1\">Message <abbr class=\"required\" title=\"required\">*<\/abbr><\/label><textarea  placeholder='Message*' name=\"avia_7_1\" class=\"text_area is_empty\" cols=\"40\" rows=\"7\" id=\"avia_7_1\" ><\/textarea><\/p><p class=\"hidden\"><input type=\"text\" name=\"avia_8_1\" class=\"hidden \" id=\"avia_8_1\" value=\"\" \/><\/p><p class=' av_form_privacy_check av_contact_privacy_check first_form  form_element form_fullwidth' id='element_avia_9_1'><input  name=\"avia_9_1\" class=\"input_checkbox is_empty\" type=\"checkbox\" id=\"avia_9_1\" value=\"true\"\/><label class=\"input_checkbox_label\" for=\"avia_9_1\">I consent to the processing of my data according to our <a href='https:\/\/www.promostudio.info\/privacy-policy\/' target='_blank'>Privacy Policy<\/a> (GDPR Ue 2016\/679) <abbr class=\"required\" title=\"required\">*<\/abbr><\/label><\/p><p class=\"form_element \"><input type=\"hidden\" value=\"1\" name=\"avia_generated_form1\" \/><input type=\"submit\" value=\"Submit your request\" class=\"button\"  data-sending-label=\"Sending\"\/><\/p><\/fieldset><\/form><div id=\"ajaxresponse_1\" class=\"ajaxresponse ajaxresponse_1 hidden\"><\/div><\/div><\/div><\/div><\/div><\/div><\/div><\/div><!-- close content main div --><\/div><\/div><div id='after_section_2'  class='main_color av_default_container_wrap container_wrap sidebar_right'  ><div class='container av-section-cont-open' ><div class='template-page content  av-content-small alpha units'><div class='post-entry post-entry-type-page post-entry-4161'><div class='entry-content-wrapper clearfix'>\n","protected":false},"excerpt":{"rendered":"","protected":false},"featured_media":4162,"comment_status":"closed","ping_status":"closed","template":"","meta":[],"product_brand":[],"product_cat":[42],"product_tag":[],"class_list":{"0":"post-4161","1":"product","2":"type-product","3":"status-publish","4":"has-post-thumbnail","6":"product_cat-sportivi","8":"first","9":"instock","10":"shipping-taxable","11":"product-type-simple"},"_links":{"self":[{"href":"https:\/\/www.promostudio.info\/en\/wp-json\/wp\/v2\/product\/4161","targetHints":{"allow":["GET"]}}],"collection":[{"href":"https:\/\/www.promostudio.info\/en\/wp-json\/wp\/v2\/product"}],"about":[{"href":"https:\/\/www.promostudio.info\/en\/wp-json\/wp\/v2\/types\/product"}],"replies":[{"embeddable":true,"href":"https:\/\/www.promostudio.info\/en\/wp-json\/wp\/v2\/comments?post=4161"}],"wp:featuredmedia":[{"embeddable":true,"href":"https:\/\/www.promostudio.info\/en\/wp-json\/wp\/v2\/media\/4162"}],"wp:attachment":[{"href":"https:\/\/www.promostudio.info\/en\/wp-json\/wp\/v2\/media?parent=4161"}],"wp:term":[{"taxonomy":"product_brand","embeddable":true,"href":"https:\/\/www.promostudio.info\/en\/wp-json\/wp\/v2\/product_brand?post=4161"},{"taxonomy":"product_cat","embeddable":true,"href":"https:\/\/www.promostudio.info\/en\/wp-json\/wp\/v2\/product_cat?post=4161"},{"taxonomy":"product_tag","embeddable":true,"href":"https:\/\/www.promostudio.info\/en\/wp-json\/wp\/v2\/product_tag?post=4161"}],"curies":[{"name":"wp","href":"https:\/\/api.w.org\/{rel}","templated":true}]}}