{"id":4595,"date":"2022-03-01T15:14:01","date_gmt":"2022-03-01T14:14:01","guid":{"rendered":"https:\/\/www.promostudio.info\/speakers\/bourguignon-francois\/"},"modified":"2022-04-14T08:00:35","modified_gmt":"2022-04-14T06:00:35","slug":"bourguignon-francois","status":"publish","type":"product","link":"https:\/\/www.promostudio.info\/en\/speakers\/bourguignon-francois\/","title":{"rendered":"Bourguignon, Fran\u00e7ois"},"content":{"rendered":"\n<style type=\"text\/css\" data-created_by=\"avia_inline_auto\" id=\"style-css-av-152gyf4-a89c68acd52248436d8e5a205d02e8c0\">\n.avia-section.av-152gyf4-a89c68acd52248436d8e5a205d02e8c0{\nbackground-color:#ededed;\nbackground-image:url(https:\/\/www.promostudio.info\/wp-content\/uploads\/2021\/01\/Professional-Speakers-650x380-1.jpg);\nbackground-repeat:no-repeat;\nbackground-position:50% 100%;\nbackground-attachment:fixed;\n}\n.avia-section.av-152gyf4-a89c68acd52248436d8e5a205d02e8c0 .av-section-color-overlay{\nopacity:0.8;\nbackground-color:#0a0a0a;\n}\n<\/style>\n<div id='av_section_1'  class='avia-section av-152gyf4-a89c68acd52248436d8e5a205d02e8c0 main_color avia-section-default avia-no-border-styling  avia-builder-el-0  el_before_av_section  avia-builder-el-first  avia-full-stretch avia-bg-style-fixed av-section-color-overlay-active av-minimum-height av-minimum-height-50 av-height-50  container_wrap sidebar_right'  data-section-bg-repeat='stretch' data-av_minimum_height_pc='50' data-av_min_height_opt='50'><div class=\"av-section-color-overlay-wrap\"><div class=\"av-section-color-overlay\"><\/div><div class='container av-section-cont-open' ><main  role=\"main\" itemprop=\"mainContentOfPage\"  class='template-page content  av-content-small alpha units'><div class='post-entry post-entry-type-page post-entry-4595'><div class='entry-content-wrapper clearfix'>\n<div  class='flex_column av-12qyp40-5615ff8e291fe348483aa6ab5e3050fc av_three_fourth  avia-builder-el-1  el_before_av_one_fourth  avia-builder-el-first  first flex_column_div  '     ><p>\n<style type=\"text\/css\" data-created_by=\"avia_inline_auto\" id=\"style-css-av-kzf57q1e-571b9498adc2f9e521c653b20809e45e\">\n#top .av-special-heading.av-kzf57q1e-571b9498adc2f9e521c653b20809e45e{\npadding-bottom:10px;\ncolor:#ffffff;\n}\nbody .av-special-heading.av-kzf57q1e-571b9498adc2f9e521c653b20809e45e .av-special-heading-tag .heading-char{\nfont-size:25px;\n}\n.av-special-heading.av-kzf57q1e-571b9498adc2f9e521c653b20809e45e .special-heading-inner-border{\nborder-color:#ffffff;\n}\n.av-special-heading.av-kzf57q1e-571b9498adc2f9e521c653b20809e45e .av-subheading{\nfont-size:15px;\n}\n<\/style>\n<div  class='av-special-heading av-kzf57q1e-571b9498adc2f9e521c653b20809e45e av-special-heading-h1 custom-color-heading blockquote modern-quote  avia-builder-el-2  el_before_av_hr  avia-builder-el-first '><h1 class='av-special-heading-tag '  itemprop=\"headline\"  >Fran\u00e7ois Bourguignon<\/h1><div class=\"special-heading-border\"><div class=\"special-heading-inner-border\"><\/div><\/div><\/div><br \/>\n<div  class='hr av-113af5c-cc8156eef509e55f349a36c5aaf277ef hr-default  avia-builder-el-3  el_after_av_heading  el_before_av_heading '><span class='hr-inner '><span class=\"hr-inner-style\"><\/span><\/span><\/div><br \/>\n\n<style type=\"text\/css\" data-created_by=\"avia_inline_auto\" id=\"style-css-av-kzf5937c-39e457212ab9f34f03f7526e938c11f8\">\n#top .av-special-heading.av-kzf5937c-39e457212ab9f34f03f7526e938c11f8{\npadding-bottom:10px;\ncolor:#ffffff;\n}\nbody .av-special-heading.av-kzf5937c-39e457212ab9f34f03f7526e938c11f8 .av-special-heading-tag .heading-char{\nfont-size:25px;\n}\n.av-special-heading.av-kzf5937c-39e457212ab9f34f03f7526e938c11f8 .special-heading-inner-border{\nborder-color:#ffffff;\n}\n.av-special-heading.av-kzf5937c-39e457212ab9f34f03f7526e938c11f8 .av-subheading{\nfont-size:15px;\n}\n<\/style>\n<div  class='av-special-heading av-kzf5937c-39e457212ab9f34f03f7526e938c11f8 av-special-heading-h3 custom-color-heading blockquote modern-quote  avia-builder-el-4  el_after_av_hr  avia-builder-el-last '><h3 class='av-special-heading-tag '  itemprop=\"headline\"  >Professor of Economics<\/h3><div class='av_custom_color av-subheading av-subheading_below'><p>Paris School of Economics, Paris<\/p>\n<\/div><div class=\"special-heading-border\"><div class=\"special-heading-inner-border\"><\/div><\/div><\/div><\/p><\/div><div  class='flex_column av-xv9gs0-a3f4be6d55e7f45a261c6adcb061c709 av_one_fourth  avia-builder-el-5  el_after_av_three_fourth  el_before_av_three_fourth  flex_column_div  '     ><div  class='avia-slideshow av-kzf58hy7-9ece3ff4705a1331adb438d53b64e1db avia-slideshow-medium av_slideshow avia-slide-slider  avia-builder-el-6  avia-builder-el-no-sibling  av-slideshow-ui av-control-default av-slideshow-manual av-loop-once av-loop-manual-endless av-default-height-applied avia-slideshow-1' data-slideshow-options=\"{&quot;animation&quot;:&quot;slide&quot;,&quot;autoplay&quot;:false,&quot;loop_autoplay&quot;:&quot;once&quot;,&quot;interval&quot;:5,&quot;loop_manual&quot;:&quot;manual-endless&quot;,&quot;autoplay_stopper&quot;:false,&quot;noNavigation&quot;:false,&quot;bg_slider&quot;:false,&quot;keep_padding&quot;:false,&quot;hoverpause&quot;:false,&quot;show_slide_delay&quot;:0}\"  itemprop=\"image\" itemscope=\"itemscope\" itemtype=\"https:\/\/schema.org\/ImageObject\" ><ul class='avia-slideshow-inner ' style='padding-bottom: 120%;'><li  class='avia-slideshow-slide av-kzf58hy7-9ece3ff4705a1331adb438d53b64e1db__0  av-single-slide slide-1 slide-odd'><div data-rel='slideshow-1' class='avia-slide-wrap '   ><img decoding=\"async\" fetchpriority=\"high\" class=\"wp-image-4328 avia-img-lazy-loading-not-4328\"  src=\"https:\/\/www.promostudio.info\/wp-content\/uploads\/2022\/03\/Francois-Bourguignon.jpg\" width=\"250\" height=\"300\" title='Fran\u00e7ois-Bourguignon' alt=''  itemprop=\"thumbnailUrl\"   \/><\/div><\/li><\/ul><\/div><\/div><div class='flex_column_table av-wmoba8-dec7f8f9d484960e2e1f93ca6e2755af sc-av_three_fourth av-equal-height-column-flextable'><div  class='flex_column av-wmoba8-dec7f8f9d484960e2e1f93ca6e2755af av_three_fourth  avia-builder-el-7  el_after_av_one_fourth  el_before_av_one_fourth  first flex_column_table_cell av-equal-height-column av-align-top  column-top-margin'     ><\/div><div class='av-flex-placeholder'><\/div><div  class='flex_column av-pyjrkw-0779f53d34dee3653f9096a2011fbb0a av_one_fourth  avia-builder-el-9  el_after_av_three_fourth  avia-builder-el-last  flex_column_table_cell av-equal-height-column av-align-top  column-top-margin'     ><\/div><\/div><!--close column table wrapper. Autoclose: 1 -->\n\n<\/div><\/div><\/main><!-- close content main element --><\/div><\/div><\/div><div id='av_section_2'  class='avia-section av-opubrk-4e1a0203b844b1187cca99449cd65ada main_color avia-section-default avia-no-border-styling  avia-builder-el-10  el_after_av_section  avia-builder-el-last  avia-bg-style-scroll container_wrap sidebar_right'  ><div class='container av-section-cont-open' ><div class='template-page content  av-content-small alpha units'><div class='post-entry post-entry-type-page post-entry-4595'><div class='entry-content-wrapper clearfix'>\n\n<style type=\"text\/css\" data-created_by=\"avia_inline_auto\" id=\"style-css-av-276ihc-a26785eb47cc9d688a56ea43ce34861f\">\n@keyframes av_boxShadowEffect_av-276ihc-a26785eb47cc9d688a56ea43ce34861f-column {\n0%   { box-shadow:  0 0 0 0 #a8a8a8; opacity: 1; }\n100% { box-shadow:  0 0 10px 0 #a8a8a8; opacity: 1; }\n}\n.flex_column.av-276ihc-a26785eb47cc9d688a56ea43ce34861f{\nbox-shadow: 0 0 10px 0 #a8a8a8;\nborder-width:1px;\nborder-color:#bfbfbf;\nborder-style:solid;\npadding:30px 30px 30px 30px;\nbackground-color:#ffffff;\n}\n<\/style>\n<div  class='flex_column av-276ihc-a26785eb47cc9d688a56ea43ce34861f av_two_third  avia-builder-el-11  el_before_av_one_third  avia-builder-el-first  first flex_column_div shadow-not-animated  '     ><p>\n<style type=\"text\/css\" data-created_by=\"avia_inline_auto\" id=\"style-css-av-kh8hzk-ffb5e671763c450172697b72a7fc9c44\">\n#top .av-special-heading.av-kh8hzk-ffb5e671763c450172697b72a7fc9c44{\npadding-bottom:10px;\n}\nbody .av-special-heading.av-kh8hzk-ffb5e671763c450172697b72a7fc9c44 .av-special-heading-tag .heading-char{\nfont-size:25px;\n}\n.av-special-heading.av-kh8hzk-ffb5e671763c450172697b72a7fc9c44 .av-subheading{\nfont-size:15px;\n}\n<\/style>\n<div  class='av-special-heading av-kh8hzk-ffb5e671763c450172697b72a7fc9c44 av-special-heading-h2 blockquote modern-quote  avia-builder-el-12  el_before_av_textblock  avia-builder-el-first '><h2 class='av-special-heading-tag '  itemprop=\"headline\"  >Main Topics:<\/h2><div class=\"special-heading-border\"><div class=\"special-heading-inner-border\"><\/div><\/div><\/div><br \/>\n<section  class='av_textblock_section av-kzf59i86-40d695b0813fa7d35d44b20530c0a1e3 '   itemscope=\"itemscope\" itemtype=\"https:\/\/schema.org\/CreativeWork\" ><div class='avia_textblock'  itemprop=\"text\" ><ul>\n<li>Income distribution<\/li>\n<li>Inequality and poverty<\/li>\n<li>Wealth, income, and redistribution<\/li>\n<li>Political Economics<\/li>\n<li>Economic development<\/li>\n<li>International trade<\/li>\n<\/ul>\n<\/div><\/section><br \/>\n\n<style type=\"text\/css\" data-created_by=\"avia_inline_auto\" id=\"style-css-av-j6zc00-25059ecdf8da27235ff4cd7501638d12\">\n#top .av-special-heading.av-j6zc00-25059ecdf8da27235ff4cd7501638d12{\npadding-bottom:10px;\n}\nbody .av-special-heading.av-j6zc00-25059ecdf8da27235ff4cd7501638d12 .av-special-heading-tag .heading-char{\nfont-size:25px;\n}\n.av-special-heading.av-j6zc00-25059ecdf8da27235ff4cd7501638d12 .av-subheading{\nfont-size:15px;\n}\n<\/style>\n<div  class='av-special-heading av-j6zc00-25059ecdf8da27235ff4cd7501638d12 av-special-heading-h2 blockquote modern-quote  avia-builder-el-14  el_after_av_textblock  el_before_av_textblock '><h2 class='av-special-heading-tag '  itemprop=\"headline\"  >Professional Profile:<\/h2><div class=\"special-heading-border\"><div class=\"special-heading-inner-border\"><\/div><\/div><\/div><br \/>\n<section  class='av_textblock_section av-kzf5aahq-75230411adb2423faeac6a9a3a216ea2 '   itemscope=\"itemscope\" itemtype=\"https:\/\/schema.org\/CreativeWork\" ><div class='avia_textblock'  itemprop=\"text\" ><p>Fran\u00e7ois Bourguignon is professor of Economics at the <i>Paris School of Economics<\/i> and at the <i>Ecole des Hautes Etudes en Sciences Sociales<\/i> in Paris.<\/p>\n<p>He is a specialist in public economic policy, income distribution and inequality, and economic development and has authored a large number of academic papers and books.<\/p>\n<p>Prior to his current appointment, he held the position of <i>Senior Vice President<\/i> for Development Economics and Chief Economist at the World Bank from 2003 to 2007. He was then appointed as the director of the newly created <i>Paris School of Economics<\/i>, an appointment he held until 2013.<\/p>\n<p>Along teaching economics and supervising doctoral students, he is presently involved in several research projects.<\/p>\n<p>He is also active in the international development community, lecturing and advising leading international agencies as well as foreign governments.<\/p>\n<\/div><\/section><br \/>\n\n<style type=\"text\/css\" data-created_by=\"avia_inline_auto\" id=\"style-css-av-2hsoba-bfe19977a8ea69f2cba99b835105fc19\">\n#top .av-special-heading.av-2hsoba-bfe19977a8ea69f2cba99b835105fc19{\npadding-bottom:10px;\n}\nbody .av-special-heading.av-2hsoba-bfe19977a8ea69f2cba99b835105fc19 .av-special-heading-tag .heading-char{\nfont-size:25px;\n}\n.av-special-heading.av-2hsoba-bfe19977a8ea69f2cba99b835105fc19 .av-subheading{\nfont-size:15px;\n}\n<\/style>\n<div  class='av-special-heading av-2hsoba-bfe19977a8ea69f2cba99b835105fc19 av-special-heading-h2 blockquote modern-quote  avia-builder-el-16  el_after_av_textblock  el_before_av_textblock '><h2 class='av-special-heading-tag '  itemprop=\"headline\"  >Selected Works:<\/h2><div class=\"special-heading-border\"><div class=\"special-heading-inner-border\"><\/div><\/div><\/div><br \/>\n<section  class='av_textblock_section av-l0877mq2-4a5d90b584eeecf75129c17004e89b67 '   itemscope=\"itemscope\" itemtype=\"https:\/\/schema.org\/CreativeWork\" ><div class='avia_textblock'  itemprop=\"text\" ><ul>\n<li><strong>La globalizzazione della disuguaglianza<\/strong>, Fran\u00e7ois Bourguignon, codice edizioni, 2013<br \/>\n(La globalizzazione \u00e8 normalmente identificata come causa di ingiustizie e tensioni sociali: i dati per\u00f2, mentre disegnano un mondo fatto di disuguaglianze sempre crescenti fra gli individui, ci dicono anche come le differenze nella ricchezza delle nazioni si siano alquanto livellate, portando il tenore di vita medio dei cittadini di paesi emergenti come il Brasile, la Cina e l&#8217;India ad avvicinarsi a quello di nordamericani ed europei. La globalizzazione \u00e8 quindi stata &#8220;anche&#8221; un&#8217;opportunit\u00e0 per i paesi emergenti e in via di sviluppo? Un paradosso che Fran\u00e7ois Bourguignon affronta corredando la sua analisi con la descrizione degli strumenti normativi a disposizione di governi e organizzazioni.)<\/li>\n<\/ul>\n<ul>\n<li><em>La mondialisation de l&#8217;in\u00e9galit\u00e9<\/em>, Le Seuil, 2012 (translated in German and Italian), an expanded version due to appear in English, (&#8220;The globalization of Inequality&#8221;, Princeton University Press, March 2015); Handbook of Income Distribution Volume 2, Elsevier (co-editedwith A. B. Atkinson).<\/li>\n<li><em>Multidimensional Poverty Ordering, Theory and Applications<\/em>, edited with S. Chakravarty, Chapter 18 of \u201cArguments for a Better World \u2013Essays in Honor of Amartya Sen\u201d\u2013Volume 1. Oxford University Press, New York, 2009.<\/li>\n<li><em>Global Crises, Global Solution<\/em>, Second Edition, edited by Bjorn Lomborg, Chapter \u201c Expert Panel Ranking\u201dwith Jagdish N. Bhagwati, Finn E. Kydland, Robert Mundell, Douglass C. North, Thomas Schelling, Vernon L. Smith, Nancy L. Stokey (pages 657 to 679)<\/li>\n<li><em>Income Distribution in Computable General Equilibrium Modeling<\/em>, with Bussolo, M., In: Dixon, P.B., Jorgenson, D.W. (Eds.), Handbook of Computable General Equilibrium Modeling. North Holland, Elsevier B.V., pages1383\u20131437,2013<\/li>\n<\/ul>\n<\/div><\/section><\/p><\/div><div  class='flex_column av-fl4h8w-28029dcf709a1abb04b159112a8b2ade av_one_third  avia-builder-el-18  el_after_av_two_third  avia-builder-el-last  flex_column_div  '     ><div  class='avia-builder-widget-area clearfix '><div id=\"custom_html-3\" class=\"widget_text widget clearfix widget_custom_html\"><div class=\"textwidget custom-html-widget\">\n<style type=\"text\/css\" data-created_by=\"avia_inline_auto\" id=\"style-css-av-dskg1y-7640993e4bf78f89128063a9fecf1497\">\n.av_promobox.av-dskg1y-7640993e4bf78f89128063a9fecf1497{\ncolor:#ffffff;\nbackground:#444444;\nborder-color:#333333;\n}\n<\/style>\n<div  class='av_promobox av-dskg1y-7640993e4bf78f89128063a9fecf1497 avia-button-no'><div class='avia-promocontent'><h3 style=\"text-align: center;\"><span style=\"color: #ffffff;\">To know costs and availability<\/span><\/h3>\n<\/div><\/div>\r\n<form action=\"https:\/\/www.promostudio.info\/en\/speakers\/bourguignon-francois\/\" method=\"post\" data-fields-with-error=\"Found errors in the following field(s):\" class=\"avia_ajax_form av-form-labels-hidden    \" data-avia-form-id=\"1\" data-avia-redirect='' ><h3 class=''>Fill out the form<\/h3><fieldset><p class='  first_form  form_element form_element_half' id='element_avia_1_1'><label for=\"avia_1_1\">Name <abbr class=\"required\" title=\"required\">*<\/abbr><\/label> <input name=\"avia_1_1\" class=\"text_input is_empty\" type=\"text\" id=\"avia_1_1\" value=\"\"  placeholder='Name*'\/><\/p><p class='  form_element form_element_half' id='element_avia_2_1'><label for=\"avia_2_1\">Surname <abbr class=\"required\" title=\"required\">*<\/abbr><\/label> <input name=\"avia_2_1\" class=\"text_input is_empty\" type=\"text\" id=\"avia_2_1\" value=\"\"  placeholder='Surname*'\/><\/p><p class='  first_form  form_element form_fullwidth' id='element_avia_3_1'><label for=\"avia_3_1\">Company <abbr class=\"required\" title=\"required\">*<\/abbr><\/label> <input name=\"avia_3_1\" class=\"text_input is_empty\" type=\"text\" id=\"avia_3_1\" value=\"\"  placeholder='Company*'\/><\/p><p class='  first_form  form_element form_element_half' id='element_avia_4_1'><label for=\"avia_4_1\">E-mail <abbr class=\"required\" title=\"required\">*<\/abbr><\/label> <input name=\"avia_4_1\" class=\"text_input is_email\" type=\"text\" id=\"avia_4_1\" value=\"\"  placeholder='E-mail*'\/><\/p><p class='  form_element form_element_half' id='element_avia_5_1'><label for=\"avia_5_1\">Phone <abbr class=\"required\" title=\"required\">*<\/abbr><\/label> <input name=\"avia_5_1\" class=\"text_input is_number\" type=\"text\" id=\"avia_5_1\" value=\"\"  placeholder='Phone*'\/><\/p><p class='  first_form  form_element form_fullwidth' id='element_avia_6_1'><label for=\"avia_6_1\">Speaker of your interest <abbr class=\"required\" title=\"required\">*<\/abbr><\/label> <input name=\"avia_6_1\" class=\"text_input is_empty\" type=\"text\" id=\"avia_6_1\" value=\"\"  placeholder='Speaker of your interest*'\/><\/p><p class='  first_form  form_element form_fullwidth' id='element_avia_7_1'><label for=\"avia_7_1\" class=\"textare_label hidden textare_label_avia_7_1\">Message <abbr class=\"required\" title=\"required\">*<\/abbr><\/label><textarea  placeholder='Message*' name=\"avia_7_1\" class=\"text_area is_empty\" cols=\"40\" rows=\"7\" id=\"avia_7_1\" ><\/textarea><\/p><p class=\"hidden\"><input type=\"text\" name=\"avia_8_1\" class=\"hidden \" id=\"avia_8_1\" value=\"\" \/><\/p><p class=' av_form_privacy_check av_contact_privacy_check first_form  form_element form_fullwidth' id='element_avia_9_1'><input  name=\"avia_9_1\" class=\"input_checkbox is_empty\" type=\"checkbox\" id=\"avia_9_1\" value=\"true\"\/><label class=\"input_checkbox_label\" for=\"avia_9_1\">I consent to the processing of my data according to our <a href='https:\/\/www.promostudio.info\/privacy-policy\/' target='_blank'>Privacy Policy<\/a> (GDPR Ue 2016\/679) <abbr class=\"required\" title=\"required\">*<\/abbr><\/label><\/p><p class=\"form_element \"><input type=\"hidden\" value=\"1\" name=\"avia_generated_form1\" \/><input type=\"submit\" value=\"Submit your request\" class=\"button\"  data-sending-label=\"Sending\"\/><\/p><\/fieldset><\/form><div id=\"ajaxresponse_1\" class=\"ajaxresponse ajaxresponse_1 hidden\"><\/div><\/div><\/div><\/div><\/div><\/div><\/div><\/div><!-- close content main div --><\/div><\/div><div id='after_section_2'  class='main_color av_default_container_wrap container_wrap sidebar_right'  ><div class='container av-section-cont-open' ><div class='template-page content  av-content-small alpha units'><div class='post-entry post-entry-type-page post-entry-4595'><div class='entry-content-wrapper clearfix'>\n","protected":false},"excerpt":{"rendered":"","protected":false},"featured_media":4328,"comment_status":"closed","ping_status":"closed","template":"","meta":[],"product_brand":[],"product_cat":[63],"product_tag":[],"class_list":{"0":"post-4595","1":"product","2":"type-product","3":"status-publish","4":"has-post-thumbnail","6":"product_cat-economy-finance","8":"first","9":"instock","10":"shipping-taxable","11":"product-type-simple"},"_links":{"self":[{"href":"https:\/\/www.promostudio.info\/en\/wp-json\/wp\/v2\/product\/4595","targetHints":{"allow":["GET"]}}],"collection":[{"href":"https:\/\/www.promostudio.info\/en\/wp-json\/wp\/v2\/product"}],"about":[{"href":"https:\/\/www.promostudio.info\/en\/wp-json\/wp\/v2\/types\/product"}],"replies":[{"embeddable":true,"href":"https:\/\/www.promostudio.info\/en\/wp-json\/wp\/v2\/comments?post=4595"}],"wp:featuredmedia":[{"embeddable":true,"href":"https:\/\/www.promostudio.info\/en\/wp-json\/wp\/v2\/media\/4328"}],"wp:attachment":[{"href":"https:\/\/www.promostudio.info\/en\/wp-json\/wp\/v2\/media?parent=4595"}],"wp:term":[{"taxonomy":"product_brand","embeddable":true,"href":"https:\/\/www.promostudio.info\/en\/wp-json\/wp\/v2\/product_brand?post=4595"},{"taxonomy":"product_cat","embeddable":true,"href":"https:\/\/www.promostudio.info\/en\/wp-json\/wp\/v2\/product_cat?post=4595"},{"taxonomy":"product_tag","embeddable":true,"href":"https:\/\/www.promostudio.info\/en\/wp-json\/wp\/v2\/product_tag?post=4595"}],"curies":[{"name":"wp","href":"https:\/\/api.w.org\/{rel}","templated":true}]}}