{"id":4618,"date":"2022-03-02T09:47:03","date_gmt":"2022-03-02T08:47:03","guid":{"rendered":"https:\/\/www.promostudio.info\/speakers\/fitoussi-jean-paul\/"},"modified":"2022-04-14T08:13:08","modified_gmt":"2022-04-14T06:13:08","slug":"fitoussi-jean-paul","status":"publish","type":"product","link":"https:\/\/www.promostudio.info\/en\/speakers\/fitoussi-jean-paul\/","title":{"rendered":"Fitoussi, Jean Paul"},"content":{"rendered":"\n<style type=\"text\/css\" data-created_by=\"avia_inline_auto\" id=\"style-css-av-152gyf4-a89c68acd52248436d8e5a205d02e8c0\">\n.avia-section.av-152gyf4-a89c68acd52248436d8e5a205d02e8c0{\nbackground-color:#ededed;\nbackground-image:url(https:\/\/www.promostudio.info\/wp-content\/uploads\/2021\/01\/Professional-Speakers-650x380-1.jpg);\nbackground-repeat:no-repeat;\nbackground-position:50% 100%;\nbackground-attachment:fixed;\n}\n.avia-section.av-152gyf4-a89c68acd52248436d8e5a205d02e8c0 .av-section-color-overlay{\nopacity:0.8;\nbackground-color:#0a0a0a;\n}\n<\/style>\n<div id='av_section_1'  class='avia-section av-152gyf4-a89c68acd52248436d8e5a205d02e8c0 main_color avia-section-default avia-no-border-styling  avia-builder-el-0  el_before_av_section  avia-builder-el-first  avia-full-stretch avia-bg-style-fixed av-section-color-overlay-active av-minimum-height av-minimum-height-50 av-height-50  container_wrap sidebar_right'  data-section-bg-repeat='stretch' data-av_minimum_height_pc='50' data-av_min_height_opt='50'><div class=\"av-section-color-overlay-wrap\"><div class=\"av-section-color-overlay\"><\/div><div class='container av-section-cont-open' ><main  role=\"main\" itemprop=\"mainContentOfPage\"  class='template-page content  av-content-small alpha units'><div class='post-entry post-entry-type-page post-entry-4618'><div class='entry-content-wrapper clearfix'>\n<div  class='flex_column av-12qyp40-5615ff8e291fe348483aa6ab5e3050fc av_three_fourth  avia-builder-el-1  el_before_av_one_fourth  avia-builder-el-first  first flex_column_div  '     ><p>\n<style type=\"text\/css\" data-created_by=\"avia_inline_auto\" id=\"style-css-av-kzf57q1e-bfc690ef6c9ecd91e653f15ea22a7977\">\n#top .av-special-heading.av-kzf57q1e-bfc690ef6c9ecd91e653f15ea22a7977{\npadding-bottom:10px;\ncolor:#ffffff;\n}\nbody .av-special-heading.av-kzf57q1e-bfc690ef6c9ecd91e653f15ea22a7977 .av-special-heading-tag .heading-char{\nfont-size:25px;\n}\n.av-special-heading.av-kzf57q1e-bfc690ef6c9ecd91e653f15ea22a7977 .special-heading-inner-border{\nborder-color:#ffffff;\n}\n.av-special-heading.av-kzf57q1e-bfc690ef6c9ecd91e653f15ea22a7977 .av-subheading{\nfont-size:15px;\n}\n<\/style>\n<div  class='av-special-heading av-kzf57q1e-bfc690ef6c9ecd91e653f15ea22a7977 av-special-heading-h1 custom-color-heading blockquote modern-quote  avia-builder-el-2  el_before_av_hr  avia-builder-el-first '><h1 class='av-special-heading-tag '  itemprop=\"headline\"  >Jean Paul Fitoussi<\/h1><div class=\"special-heading-border\"><div class=\"special-heading-inner-border\"><\/div><\/div><\/div><br \/>\n<div  class='hr av-113af5c-cc8156eef509e55f349a36c5aaf277ef hr-default  avia-builder-el-3  el_after_av_heading  el_before_av_heading '><span class='hr-inner '><span class=\"hr-inner-style\"><\/span><\/span><\/div><br \/>\n\n<style type=\"text\/css\" data-created_by=\"avia_inline_auto\" id=\"style-css-av-kzf5937c-39e457212ab9f34f03f7526e938c11f8\">\n#top .av-special-heading.av-kzf5937c-39e457212ab9f34f03f7526e938c11f8{\npadding-bottom:10px;\ncolor:#ffffff;\n}\nbody .av-special-heading.av-kzf5937c-39e457212ab9f34f03f7526e938c11f8 .av-special-heading-tag .heading-char{\nfont-size:25px;\n}\n.av-special-heading.av-kzf5937c-39e457212ab9f34f03f7526e938c11f8 .special-heading-inner-border{\nborder-color:#ffffff;\n}\n.av-special-heading.av-kzf5937c-39e457212ab9f34f03f7526e938c11f8 .av-subheading{\nfont-size:15px;\n}\n<\/style>\n<div  class='av-special-heading av-kzf5937c-39e457212ab9f34f03f7526e938c11f8 av-special-heading-h3 custom-color-heading blockquote modern-quote  avia-builder-el-4  el_after_av_hr  avia-builder-el-last '><h3 class='av-special-heading-tag '  itemprop=\"headline\"  >Professor of Economics<\/h3><div class='av_custom_color av-subheading av-subheading_below'><p>Sciences-Po, Paris and Luiss University, Rome. Coordinator of the Commissione Stiglitz-Sen-Fitoussi, &#8220;Commission on the Measurement of Economic Performance and Social Progress&#8221; (CMEPSP) , Paris.<\/p>\n<\/div><div class=\"special-heading-border\"><div class=\"special-heading-inner-border\"><\/div><\/div><\/div><\/p><\/div><div  class='flex_column av-xv9gs0-a3f4be6d55e7f45a261c6adcb061c709 av_one_fourth  avia-builder-el-5  el_after_av_three_fourth  el_before_av_three_fourth  flex_column_div  '     ><div  class='avia-slideshow av-kzf58hy7-9ece3ff4705a1331adb438d53b64e1db avia-slideshow-medium av_slideshow avia-slide-slider  avia-builder-el-6  avia-builder-el-no-sibling  av-slideshow-ui av-control-default av-slideshow-manual av-loop-once av-loop-manual-endless av-default-height-applied avia-slideshow-1' data-slideshow-options=\"{&quot;animation&quot;:&quot;slide&quot;,&quot;autoplay&quot;:false,&quot;loop_autoplay&quot;:&quot;once&quot;,&quot;interval&quot;:5,&quot;loop_manual&quot;:&quot;manual-endless&quot;,&quot;autoplay_stopper&quot;:false,&quot;noNavigation&quot;:false,&quot;bg_slider&quot;:false,&quot;keep_padding&quot;:false,&quot;hoverpause&quot;:false,&quot;show_slide_delay&quot;:0}\"  itemprop=\"image\" itemscope=\"itemscope\" itemtype=\"https:\/\/schema.org\/ImageObject\" ><ul class='avia-slideshow-inner ' style='padding-bottom: 120%;'><li  class='avia-slideshow-slide av-kzf58hy7-9ece3ff4705a1331adb438d53b64e1db__0  av-single-slide slide-1 slide-odd'><div data-rel='slideshow-1' class='avia-slide-wrap '   ><img decoding=\"async\" fetchpriority=\"high\" class=\"wp-image-4343 avia-img-lazy-loading-not-4343\"  src=\"https:\/\/www.promostudio.info\/wp-content\/uploads\/2022\/03\/Jean-Paul-Fitoussi.jpg\" width=\"250\" height=\"300\" title='Jean-Paul-Fitoussi' alt=''  itemprop=\"thumbnailUrl\"   \/><\/div><\/li><\/ul><\/div><\/div><div class='flex_column_table av-wmoba8-dec7f8f9d484960e2e1f93ca6e2755af sc-av_three_fourth av-equal-height-column-flextable'><div  class='flex_column av-wmoba8-dec7f8f9d484960e2e1f93ca6e2755af av_three_fourth  avia-builder-el-7  el_after_av_one_fourth  el_before_av_one_fourth  first flex_column_table_cell av-equal-height-column av-align-top  column-top-margin'     ><\/div><div class='av-flex-placeholder'><\/div><div  class='flex_column av-pyjrkw-0779f53d34dee3653f9096a2011fbb0a av_one_fourth  avia-builder-el-9  el_after_av_three_fourth  avia-builder-el-last  flex_column_table_cell av-equal-height-column av-align-top  column-top-margin'     ><\/div><\/div><!--close column table wrapper. Autoclose: 1 -->\n\n<\/div><\/div><\/main><!-- close content main element --><\/div><\/div><\/div><div id='av_section_2'  class='avia-section av-opubrk-4e1a0203b844b1187cca99449cd65ada main_color avia-section-default avia-no-border-styling  avia-builder-el-10  el_after_av_section  avia-builder-el-last  avia-bg-style-scroll container_wrap sidebar_right'  ><div class='container av-section-cont-open' ><div class='template-page content  av-content-small alpha units'><div class='post-entry post-entry-type-page post-entry-4618'><div class='entry-content-wrapper clearfix'>\n\n<style type=\"text\/css\" data-created_by=\"avia_inline_auto\" id=\"style-css-av-276ihc-a26785eb47cc9d688a56ea43ce34861f\">\n@keyframes av_boxShadowEffect_av-276ihc-a26785eb47cc9d688a56ea43ce34861f-column {\n0%   { box-shadow:  0 0 0 0 #a8a8a8; opacity: 1; }\n100% { box-shadow:  0 0 10px 0 #a8a8a8; opacity: 1; }\n}\n.flex_column.av-276ihc-a26785eb47cc9d688a56ea43ce34861f{\nbox-shadow: 0 0 10px 0 #a8a8a8;\nborder-width:1px;\nborder-color:#bfbfbf;\nborder-style:solid;\npadding:30px 30px 30px 30px;\nbackground-color:#ffffff;\n}\n<\/style>\n<div  class='flex_column av-276ihc-a26785eb47cc9d688a56ea43ce34861f av_two_third  avia-builder-el-11  el_before_av_one_third  avia-builder-el-first  first flex_column_div shadow-not-animated  '     ><p>\n<style type=\"text\/css\" data-created_by=\"avia_inline_auto\" id=\"style-css-av-kh8hzk-ffb5e671763c450172697b72a7fc9c44\">\n#top .av-special-heading.av-kh8hzk-ffb5e671763c450172697b72a7fc9c44{\npadding-bottom:10px;\n}\nbody .av-special-heading.av-kh8hzk-ffb5e671763c450172697b72a7fc9c44 .av-special-heading-tag .heading-char{\nfont-size:25px;\n}\n.av-special-heading.av-kh8hzk-ffb5e671763c450172697b72a7fc9c44 .av-subheading{\nfont-size:15px;\n}\n<\/style>\n<div  class='av-special-heading av-kh8hzk-ffb5e671763c450172697b72a7fc9c44 av-special-heading-h2 blockquote modern-quote  avia-builder-el-12  el_before_av_textblock  avia-builder-el-first '><h2 class='av-special-heading-tag '  itemprop=\"headline\"  >Main Topics:<\/h2><div class=\"special-heading-border\"><div class=\"special-heading-inner-border\"><\/div><\/div><\/div><br \/>\n<section  class='av_textblock_section av-kzf59i86-40d695b0813fa7d35d44b20530c0a1e3 '   itemscope=\"itemscope\" itemtype=\"https:\/\/schema.org\/CreativeWork\" ><div class='avia_textblock'  itemprop=\"text\" ><ul>\n<li>European economy policy<\/li>\n<li>European government system<\/li>\n<li>Welfare economics<\/li>\n<li>Economics of sustainability<\/li>\n<li>Theories of inflation<\/li>\n<li>Unemployment<\/li>\n<li>Foreign trade<\/li>\n<li>Role of macroeconomic policies, economic integration, and the economics of transition<\/li>\n<\/ul>\n<\/div><\/section><br \/>\n\n<style type=\"text\/css\" data-created_by=\"avia_inline_auto\" id=\"style-css-av-j6zc00-25059ecdf8da27235ff4cd7501638d12\">\n#top .av-special-heading.av-j6zc00-25059ecdf8da27235ff4cd7501638d12{\npadding-bottom:10px;\n}\nbody .av-special-heading.av-j6zc00-25059ecdf8da27235ff4cd7501638d12 .av-special-heading-tag .heading-char{\nfont-size:25px;\n}\n.av-special-heading.av-j6zc00-25059ecdf8da27235ff4cd7501638d12 .av-subheading{\nfont-size:15px;\n}\n<\/style>\n<div  class='av-special-heading av-j6zc00-25059ecdf8da27235ff4cd7501638d12 av-special-heading-h2 blockquote modern-quote  avia-builder-el-14  el_after_av_textblock  el_before_av_textblock '><h2 class='av-special-heading-tag '  itemprop=\"headline\"  >Professional Profile:<\/h2><div class=\"special-heading-border\"><div class=\"special-heading-inner-border\"><\/div><\/div><\/div><br \/>\n<section  class='av_textblock_section av-kzf5aahq-75230411adb2423faeac6a9a3a216ea2 '   itemscope=\"itemscope\" itemtype=\"https:\/\/schema.org\/CreativeWork\" ><div class='avia_textblock'  itemprop=\"text\" ><p>Professor Emeritus at the Institut d&#8217;Etudes Politiques de Paris (SciencesPo), Paris and Professor at LUISS Guido Carli University, Rome, Jean-Paul Fitoussi is also a member of the Centre for Capitalism and Society at Columbia University.<\/p>\n<p>After having chaired with Joseph Stiglitz and Amartya Sen the Commission for Economic performances and social Progress 2007-2009, he has been, since January 2013, Co-Chair with Joseph Stiglitz and Martine Durand of the High Level Expert Group on the measurement of Economic Performances and Social Progress.<\/p>\n<p>From 1990 to 1993, he contributed to the creation and the development of the EBRD. From 1995 to 2014, he was a member of the Economic Commission of the Nation. From 1997 to 2012, he was a member of the Council of Economic Advisers of the Prime Minister (CAE). From 1990 to 2010 he was President of OFCE, the economic research centre of Sciences-Po.<\/p>\n<p>He has published a number of articles in international scientific journals and numerous books and essays on related subjects.<\/p>\n<p>Dr. Fitoussi has contributed regularly to French and foreign newspapers.<\/p>\n<p>From 2000 to 2009 he has been an expert at the European Parliament, Commission of Monetary and Economic Affairs. He was also a member of the UN Commission on the Reform of the International Monetary and Financial System and Coordinator of the Commission on the Measurement of Economic Performance and Social Progress (2008-2009).<\/p>\n<p>He has received together with Joseph Stiglitz and Amartya Sen the medal 2016 of the Society for Progress for the book &#8220;Mismeasuring our Lives&#8221;, and the Prize of the French Economic Association for his book, Le th\u00e9or\u00e8me du lampadaire<br \/>\n. He received the International Prize Pico Della Mirandola for his work (2017).<\/p>\n<p>Dr Fitoussi was awarded for his PhD the Prize of the Association Fran\u00e7aise de Science Economique, and the Rossi Prize of the Acad\u00e9mie des Sciences Morales et Politiques. He has received distinctions, including Honorary Dean of the Faculty of Economics of Strasbourg, Doctor Honoris Causa of the universities of Buenos Aires and Tres de Febrero, Professor Onorario of the University of Trento. He is Officier de l&#8217;Ordre National du M\u00e9rite and Officier de la legion d&#8217;honneur in his own nation, and Grand Officier de l&#8217;ordre de l&#8217;Infant Henri in Portugal. He is also Commendatore al merito della Republica Italiana<\/p>\n<\/div><\/section><br \/>\n\n<style type=\"text\/css\" data-created_by=\"avia_inline_auto\" id=\"style-css-av-l09bvzo9-94d677b36bb0dcd658da47d6b6a55e99\">\n#top .av-special-heading.av-l09bvzo9-94d677b36bb0dcd658da47d6b6a55e99{\npadding-bottom:10px;\n}\nbody .av-special-heading.av-l09bvzo9-94d677b36bb0dcd658da47d6b6a55e99 .av-special-heading-tag .heading-char{\nfont-size:25px;\n}\n.av-special-heading.av-l09bvzo9-94d677b36bb0dcd658da47d6b6a55e99 .av-subheading{\nfont-size:15px;\n}\n<\/style>\n<div  class='av-special-heading av-l09bvzo9-94d677b36bb0dcd658da47d6b6a55e99 av-special-heading-h2 blockquote modern-quote  avia-builder-el-16  el_after_av_textblock  el_before_av_textblock '><h2 class='av-special-heading-tag '  itemprop=\"headline\"  >Selected Works:<\/h2><div class=\"special-heading-border\"><div class=\"special-heading-inner-border\"><\/div><\/div><\/div><br \/>\n<section  class='av_textblock_section av-l09bqonp-b32ec9eb8859c04e4d7117b02f4b49d8 '   itemscope=\"itemscope\" itemtype=\"https:\/\/schema.org\/CreativeWork\" ><div class='avia_textblock'  itemprop=\"text\" ><ul>\n<li>Mismeasuring our lives, with Joseph Stiglitz and Amartya Sen, the New Press, 2010<br \/>\n&#8211; After the Crisis, the Way Ahead, with Edmund S. Phelps, Christopher Pissarides and al., Luiss University Press, 2010<br \/>\n&#8211; Report on the State of the European Union, with Jacques Le Cacheux, Palgrave, 2010<br \/>\n&#8211; Le th\u00e9or\u00e8me du lampadaire, Les liens qui Lib\u00e9rent, 2013 (also published by Einaudi)<br \/>\n&#8211; Measuring What Counts, The Global Movement for Well Being, with Joseph Stiglitz and Martine Durand , the New Press 2019,<br \/>\n&#8211; La Neolingua dell economia, Einaudi 2019.<\/li>\n<\/ul>\n<\/div><\/section><\/p><\/div><div  class='flex_column av-fl4h8w-28029dcf709a1abb04b159112a8b2ade av_one_third  avia-builder-el-18  el_after_av_two_third  avia-builder-el-last  flex_column_div  '     ><div  class='avia-builder-widget-area clearfix '><div id=\"custom_html-3\" class=\"widget_text widget clearfix widget_custom_html\"><div class=\"textwidget custom-html-widget\">\n<style type=\"text\/css\" data-created_by=\"avia_inline_auto\" id=\"style-css-av-dskg1y-7640993e4bf78f89128063a9fecf1497\">\n.av_promobox.av-dskg1y-7640993e4bf78f89128063a9fecf1497{\ncolor:#ffffff;\nbackground:#444444;\nborder-color:#333333;\n}\n<\/style>\n<div  class='av_promobox av-dskg1y-7640993e4bf78f89128063a9fecf1497 avia-button-no'><div class='avia-promocontent'><h3 style=\"text-align: center;\"><span style=\"color: #ffffff;\">To know costs and availability<\/span><\/h3>\n<\/div><\/div>\r\n<form action=\"https:\/\/www.promostudio.info\/en\/speakers\/fitoussi-jean-paul\/\" method=\"post\" data-fields-with-error=\"Found errors in the following field(s):\" class=\"avia_ajax_form av-form-labels-hidden    \" data-avia-form-id=\"1\" data-avia-redirect='' ><h3 class=''>Fill out the form<\/h3><fieldset><p class='  first_form  form_element form_element_half' id='element_avia_1_1'><label for=\"avia_1_1\">Name <abbr class=\"required\" title=\"required\">*<\/abbr><\/label> <input name=\"avia_1_1\" class=\"text_input is_empty\" type=\"text\" id=\"avia_1_1\" value=\"\"  placeholder='Name*'\/><\/p><p class='  form_element form_element_half' id='element_avia_2_1'><label for=\"avia_2_1\">Surname <abbr class=\"required\" title=\"required\">*<\/abbr><\/label> <input name=\"avia_2_1\" class=\"text_input is_empty\" type=\"text\" id=\"avia_2_1\" value=\"\"  placeholder='Surname*'\/><\/p><p class='  first_form  form_element form_fullwidth' id='element_avia_3_1'><label for=\"avia_3_1\">Company <abbr class=\"required\" title=\"required\">*<\/abbr><\/label> <input name=\"avia_3_1\" class=\"text_input is_empty\" type=\"text\" id=\"avia_3_1\" value=\"\"  placeholder='Company*'\/><\/p><p class='  first_form  form_element form_element_half' id='element_avia_4_1'><label for=\"avia_4_1\">E-mail <abbr class=\"required\" title=\"required\">*<\/abbr><\/label> <input name=\"avia_4_1\" class=\"text_input is_email\" type=\"text\" id=\"avia_4_1\" value=\"\"  placeholder='E-mail*'\/><\/p><p class='  form_element form_element_half' id='element_avia_5_1'><label for=\"avia_5_1\">Phone <abbr class=\"required\" title=\"required\">*<\/abbr><\/label> <input name=\"avia_5_1\" class=\"text_input is_number\" type=\"text\" id=\"avia_5_1\" value=\"\"  placeholder='Phone*'\/><\/p><p class='  first_form  form_element form_fullwidth' id='element_avia_6_1'><label for=\"avia_6_1\">Speaker of your interest <abbr class=\"required\" title=\"required\">*<\/abbr><\/label> <input name=\"avia_6_1\" class=\"text_input is_empty\" type=\"text\" id=\"avia_6_1\" value=\"\"  placeholder='Speaker of your interest*'\/><\/p><p class='  first_form  form_element form_fullwidth' id='element_avia_7_1'><label for=\"avia_7_1\" class=\"textare_label hidden textare_label_avia_7_1\">Message <abbr class=\"required\" title=\"required\">*<\/abbr><\/label><textarea  placeholder='Message*' name=\"avia_7_1\" class=\"text_area is_empty\" cols=\"40\" rows=\"7\" id=\"avia_7_1\" ><\/textarea><\/p><p class=\"hidden\"><input type=\"text\" name=\"avia_8_1\" class=\"hidden \" id=\"avia_8_1\" value=\"\" \/><\/p><p class=' av_form_privacy_check av_contact_privacy_check first_form  form_element form_fullwidth' id='element_avia_9_1'><input  name=\"avia_9_1\" class=\"input_checkbox is_empty\" type=\"checkbox\" id=\"avia_9_1\" value=\"true\"\/><label class=\"input_checkbox_label\" for=\"avia_9_1\">I consent to the processing of my data according to our <a href='https:\/\/www.promostudio.info\/privacy-policy\/' target='_blank'>Privacy Policy<\/a> (GDPR Ue 2016\/679) <abbr class=\"required\" title=\"required\">*<\/abbr><\/label><\/p><p class=\"form_element \"><input type=\"hidden\" value=\"1\" name=\"avia_generated_form1\" \/><input type=\"submit\" value=\"Submit your request\" class=\"button\"  data-sending-label=\"Sending\"\/><\/p><\/fieldset><\/form><div id=\"ajaxresponse_1\" class=\"ajaxresponse ajaxresponse_1 hidden\"><\/div><\/div><\/div><\/div><\/div><\/div><\/div><\/div><!-- close content main div --><\/div><\/div><div id='after_section_2'  class='main_color av_default_container_wrap container_wrap sidebar_right'  ><div class='container av-section-cont-open' ><div class='template-page content  av-content-small alpha units'><div class='post-entry post-entry-type-page post-entry-4618'><div class='entry-content-wrapper clearfix'>\n","protected":false},"excerpt":{"rendered":"","protected":false},"featured_media":4343,"comment_status":"closed","ping_status":"closed","template":"","meta":[],"product_brand":[],"product_cat":[],"product_tag":[],"class_list":{"0":"post-4618","1":"product","2":"type-product","3":"status-publish","4":"has-post-thumbnail","7":"first","8":"instock","9":"shipping-taxable","10":"product-type-simple"},"_links":{"self":[{"href":"https:\/\/www.promostudio.info\/en\/wp-json\/wp\/v2\/product\/4618","targetHints":{"allow":["GET"]}}],"collection":[{"href":"https:\/\/www.promostudio.info\/en\/wp-json\/wp\/v2\/product"}],"about":[{"href":"https:\/\/www.promostudio.info\/en\/wp-json\/wp\/v2\/types\/product"}],"replies":[{"embeddable":true,"href":"https:\/\/www.promostudio.info\/en\/wp-json\/wp\/v2\/comments?post=4618"}],"wp:featuredmedia":[{"embeddable":true,"href":"https:\/\/www.promostudio.info\/en\/wp-json\/wp\/v2\/media\/4343"}],"wp:attachment":[{"href":"https:\/\/www.promostudio.info\/en\/wp-json\/wp\/v2\/media?parent=4618"}],"wp:term":[{"taxonomy":"product_brand","embeddable":true,"href":"https:\/\/www.promostudio.info\/en\/wp-json\/wp\/v2\/product_brand?post=4618"},{"taxonomy":"product_cat","embeddable":true,"href":"https:\/\/www.promostudio.info\/en\/wp-json\/wp\/v2\/product_cat?post=4618"},{"taxonomy":"product_tag","embeddable":true,"href":"https:\/\/www.promostudio.info\/en\/wp-json\/wp\/v2\/product_tag?post=4618"}],"curies":[{"name":"wp","href":"https:\/\/api.w.org\/{rel}","templated":true}]}}