{"id":4755,"date":"2022-04-19T09:55:22","date_gmt":"2022-04-19T07:55:22","guid":{"rendered":"https:\/\/www.promostudio.info\/speakers\/leonhard-gerd-copy\/"},"modified":"2026-04-04T07:57:10","modified_gmt":"2026-04-04T05:57:10","slug":"marion-bruno","status":"publish","type":"product","link":"https:\/\/www.promostudio.info\/en\/speakers\/marion-bruno\/","title":{"rendered":"Marion, Bruno"},"content":{"rendered":"\n<style type=\"text\/css\" data-created_by=\"avia_inline_auto\" id=\"style-css-av-xkawec-6abc0e09c640edaf82e920dd9c611c67\">\n.avia-section.av-xkawec-6abc0e09c640edaf82e920dd9c611c67{\nbackground-color:#ededed;\nbackground-image:url(https:\/\/www.promostudio.info\/wp-content\/uploads\/2021\/01\/Professional-Speakers-650x380-1.jpg);\nbackground-repeat:no-repeat;\nbackground-position:50% 100%;\nbackground-attachment:fixed;\n}\n.avia-section.av-xkawec-6abc0e09c640edaf82e920dd9c611c67 .av-section-color-overlay{\nopacity:0.8;\nbackground-color:#0a0a0a;\n}\n<\/style>\n<div id='av_section_1'  class='avia-section av-xkawec-6abc0e09c640edaf82e920dd9c611c67 main_color avia-section-default avia-no-border-styling  avia-builder-el-0  el_before_av_section  avia-builder-el-first  avia-full-stretch avia-bg-style-fixed av-section-color-overlay-active av-minimum-height av-minimum-height-50 av-height-50  container_wrap sidebar_right'  data-section-bg-repeat='stretch' data-av_minimum_height_pc='50' data-av_min_height_opt='50'><div class=\"av-section-color-overlay-wrap\"><div class=\"av-section-color-overlay\"><\/div><div class='container av-section-cont-open' ><main  role=\"main\" itemprop=\"mainContentOfPage\"  class='template-page content  av-content-small alpha units'><div class='post-entry post-entry-type-page post-entry-4755'><div class='entry-content-wrapper clearfix'>\n<div  class='flex_column av-wmt1wk-6fa083cd904516cf4bb8453d81ab57c3 av_three_fourth  avia-builder-el-1  el_before_av_one_fourth  avia-builder-el-first  first flex_column_div  '     ><p>\n<style type=\"text\/css\" data-created_by=\"avia_inline_auto\" id=\"style-css-av-l204tm81-53817bc53a7c2745c6a64d8608223820\">\n#top .av-special-heading.av-l204tm81-53817bc53a7c2745c6a64d8608223820{\npadding-bottom:10px;\ncolor:#ffffff;\n}\nbody .av-special-heading.av-l204tm81-53817bc53a7c2745c6a64d8608223820 .av-special-heading-tag .heading-char{\nfont-size:25px;\n}\n.av-special-heading.av-l204tm81-53817bc53a7c2745c6a64d8608223820 .special-heading-inner-border{\nborder-color:#ffffff;\n}\n.av-special-heading.av-l204tm81-53817bc53a7c2745c6a64d8608223820 .av-subheading{\nfont-size:15px;\n}\n<\/style>\n<div  class='av-special-heading av-l204tm81-53817bc53a7c2745c6a64d8608223820 av-special-heading-h1 custom-color-heading blockquote modern-quote  avia-builder-el-2  el_before_av_hr  avia-builder-el-first '><h1 class='av-special-heading-tag '  itemprop=\"headline\"  >Bruno Marion<\/h1><div class=\"special-heading-border\"><div class=\"special-heading-inner-border\"><\/div><\/div><\/div><br \/>\n<div  class='hr av-uquums-480d685352e58dabae62f9266bd4efae hr-default  avia-builder-el-3  el_after_av_heading  el_before_av_heading '><span class='hr-inner '><span class=\"hr-inner-style\"><\/span><\/span><\/div><br \/>\n\n<style type=\"text\/css\" data-created_by=\"avia_inline_auto\" id=\"style-css-av-tbf7ok-4eddba4a5fa468858019d0c970a366c7\">\n#top .av-special-heading.av-tbf7ok-4eddba4a5fa468858019d0c970a366c7{\npadding-bottom:10px;\ncolor:#ffffff;\n}\nbody .av-special-heading.av-tbf7ok-4eddba4a5fa468858019d0c970a366c7 .av-special-heading-tag .heading-char{\nfont-size:25px;\n}\n.av-special-heading.av-tbf7ok-4eddba4a5fa468858019d0c970a366c7 .special-heading-inner-border{\nborder-color:#ffffff;\n}\n.av-special-heading.av-tbf7ok-4eddba4a5fa468858019d0c970a366c7 .av-subheading{\nfont-size:15px;\n}\n<\/style>\n<div  class='av-special-heading av-tbf7ok-4eddba4a5fa468858019d0c970a366c7 av-special-heading-h3 custom-color-heading blockquote modern-quote  avia-builder-el-4  el_after_av_hr  avia-builder-el-last '><h3 class='av-special-heading-tag '  itemprop=\"headline\"  >Futurist<\/h3><div class='av_custom_color av-subheading av-subheading_below'><p>Expert in Chaos Theory Applied to Leadership and Management<br \/>\n&#8220;The keynote speaker who turns chaos into good news.&#8221;<\/p>\n<\/div><div class=\"special-heading-border\"><div class=\"special-heading-inner-border\"><\/div><\/div><\/div><\/p><\/div><div  class='flex_column av-rbnepg-0b2411487f98525e561468676b501ee7 av_one_fourth  avia-builder-el-5  el_after_av_three_fourth  el_before_av_three_fourth  flex_column_div  '     ><div  class='avia-slideshow av-l204veq6-a5b7b0a274f8232dc3917d85be677a35 avia-slideshow-medium av_slideshow avia-slide-slider  avia-builder-el-6  avia-builder-el-no-sibling  av-slideshow-ui av-control-default av-slideshow-manual av-loop-once av-loop-manual-endless av-default-height-applied avia-slideshow-1' data-slideshow-options=\"{&quot;animation&quot;:&quot;slide&quot;,&quot;autoplay&quot;:false,&quot;loop_autoplay&quot;:&quot;once&quot;,&quot;interval&quot;:5,&quot;loop_manual&quot;:&quot;manual-endless&quot;,&quot;autoplay_stopper&quot;:false,&quot;noNavigation&quot;:false,&quot;bg_slider&quot;:false,&quot;keep_padding&quot;:false,&quot;hoverpause&quot;:false,&quot;show_slide_delay&quot;:0}\"  itemprop=\"image\" itemscope=\"itemscope\" itemtype=\"https:\/\/schema.org\/ImageObject\" ><ul class='avia-slideshow-inner ' style='padding-bottom: 120%;'><li  class='avia-slideshow-slide av-l204veq6-a5b7b0a274f8232dc3917d85be677a35__0  av-single-slide slide-1 slide-odd'><a href=\"https:\/\/www.promostudio.info\/wp-content\/uploads\/2022\/04\/Bruno-Marion.jpg\"  data-rel='slideshow-1' class='avia-slide-wrap '   ><img decoding=\"async\" fetchpriority=\"high\" class=\"wp-image-4756 avia-img-lazy-loading-not-4756\"  src=\"https:\/\/www.promostudio.info\/wp-content\/uploads\/2022\/04\/Bruno-Marion.jpg\" width=\"250\" height=\"300\" title='Bruno-Marion' alt=''  itemprop=\"thumbnailUrl\"   \/><\/a><\/li><\/ul><\/div><\/div><div class='flex_column_table av-q6ict0-dd785472ac31f176b48596b7aff047b4 sc-av_three_fourth av-equal-height-column-flextable'><div  class='flex_column av-q6ict0-dd785472ac31f176b48596b7aff047b4 av_three_fourth  avia-builder-el-7  el_after_av_one_fourth  el_before_av_one_fourth  first flex_column_table_cell av-equal-height-column av-align-top  column-top-margin'     ><\/div><div class='av-flex-placeholder'><\/div><div  class='flex_column av-locy78-a46754f852ea59a19142acf3ff4946db av_one_fourth  avia-builder-el-9  el_after_av_three_fourth  avia-builder-el-last  flex_column_table_cell av-equal-height-column av-align-top  column-top-margin'     ><\/div><\/div><!--close column table wrapper. Autoclose: 1 --><\/div><\/div><\/main><!-- close content main element --><\/div><\/div><\/div><div id='av_section_2'  class='avia-section av-k81dk4-226a5fffc40d1c0842c467f2aed9564f main_color avia-section-default avia-no-border-styling  avia-builder-el-10  el_after_av_section  avia-builder-el-last  avia-bg-style-scroll container_wrap sidebar_right'  ><div class='container av-section-cont-open' ><div class='template-page content  av-content-small alpha units'><div class='post-entry post-entry-type-page post-entry-4755'><div class='entry-content-wrapper clearfix'>\n\n<style type=\"text\/css\" data-created_by=\"avia_inline_auto\" id=\"style-css-av-ifoms4-f9f7dfacd8c79915cf5e7d322a9bce7c\">\n@keyframes av_boxShadowEffect_av-ifoms4-f9f7dfacd8c79915cf5e7d322a9bce7c-column {\n0%   { box-shadow:  0 0 0 0 #a8a8a8; opacity: 1; }\n100% { box-shadow:  0 0 10px 0 #a8a8a8; opacity: 1; }\n}\n.flex_column.av-ifoms4-f9f7dfacd8c79915cf5e7d322a9bce7c{\nbox-shadow: 0 0 10px 0 #a8a8a8;\nborder-width:1px;\nborder-color:#bfbfbf;\nborder-style:solid;\npadding:30px 30px 30px 30px;\nbackground-color:#ffffff;\n}\n<\/style>\n<div  class='flex_column av-ifoms4-f9f7dfacd8c79915cf5e7d322a9bce7c av_two_third  avia-builder-el-11  el_before_av_one_third  avia-builder-el-first  first flex_column_div shadow-not-animated  '     ><p>\n<style type=\"text\/css\" data-created_by=\"avia_inline_auto\" id=\"style-css-av-h6km9w-056bdf603e4b7df21083257730caf375\">\n#top .av-special-heading.av-h6km9w-056bdf603e4b7df21083257730caf375{\npadding-bottom:10px;\n}\nbody .av-special-heading.av-h6km9w-056bdf603e4b7df21083257730caf375 .av-special-heading-tag .heading-char{\nfont-size:25px;\n}\n.av-special-heading.av-h6km9w-056bdf603e4b7df21083257730caf375 .av-subheading{\nfont-size:15px;\n}\n<\/style>\n<div  class='av-special-heading av-h6km9w-056bdf603e4b7df21083257730caf375 av-special-heading-h2 blockquote modern-quote  avia-builder-el-12  el_before_av_textblock  avia-builder-el-first '><h2 class='av-special-heading-tag '  itemprop=\"headline\"  >Main Topics:<\/h2><div class=\"special-heading-border\"><div class=\"special-heading-inner-border\"><\/div><\/div><\/div><br \/>\n<section  class='av_textblock_section av-f70qsk-9e66675e1fb9ddde1a658d6911441752 '   itemscope=\"itemscope\" itemtype=\"https:\/\/schema.org\/CreativeWork\" ><div class='avia_textblock'  itemprop=\"text\" ><ul>\n<li><strong>Uncertainty<\/strong><\/li>\n<li><strong>Chaos<\/strong><\/li>\n<li><strong>Complexity<\/strong><\/li>\n<li><strong>Resilience<\/strong><\/li>\n<li><strong>Transformation<\/strong><\/li>\n<li><strong>Antifragility<\/strong><\/li>\n<li><strong>Innovation <\/strong><\/li>\n<li><strong>Change Management<\/strong><\/li>\n<li><strong>Leadership\u00a0 <\/strong><\/li>\n<\/ul>\n<p><strong><strong>VALUE PROPOSITION<\/strong><\/strong><\/p>\n<p>Bruno Marion helps leaders and their teams regain clarity, energy and the power to act in a world that has become chaotic, through a counter-intuitive framework and tools powered by the science of chaos, and applicable from the very next day.<\/p>\n<p><strong>PITCH<\/strong><\/p>\n<p>In an environment where traditional planning no longer holds, Bruno Marion brings a rigorous framework (Chaos Theory) to help organizations make better decisions, increase engagement and accelerate adaptation. Over 30 years, he has delivered 1,000+ keynotes in 40 countries, in French and English, for major organizations (Airbus, L&#8217;Or\u00e9al, BNP Paribas, BCG, Herm\u00e8s, Bulgari-LVMH, KPMG, General Electric, Nestl\u00e9\u2026).<\/p>\n<p>Participants leave with simple, actionable frameworks they can apply the very next day.<\/p>\n<p><strong>WHY CLIENTS CHOOSE BRUNO MARION<\/strong><\/p>\n<ol>\n<li>Re-energize teams after a difficult period: reorganization, crisis, uncertainty, merger. Bruno brings energy and an actionable vision<\/li>\n<li>Step back and gain perspective with concrete tools: understand the deep mechanisms of chaos to make better decisions and move forward with confidence<\/li>\n<li>Inject energy into an event: his direct, dynamic and engaging style consistently generates strong audience involvement<\/li>\n<li>Provide an optimistic AND realistic vision: no doom and gloom, no wishful thinking, a clear-eyed analysis grounded in deep conviction<\/li>\n<li>Make better decisions in an uncertain world: practical frameworks that leaders continue to use long after the keynote<\/li>\n<\/ol>\n<p><strong>WHAT PARTICIPANTS TAKE AWAY<\/strong><\/p>\n<ul>\n<li>A shift in perspective: moving from &#8220;suffering through uncertainty&#8221; to &#8220;turning it into opportunity&#8221;<\/li>\n<li>A practical toolkit from Chaos Theory, immediately actionable: the attractor (clear direction, coherence without micro-management), exponential routines (small actions, big effects)<\/li>\n<li>A deep and well-argued conviction: you have more power to change things than you think<\/li>\n<li>Renewed energy and a sense of agency: what Bruno calls &#8220;active optimism&#8221;<\/li>\n<\/ul>\n<p><strong>SIGNATURE KEYNOTE<\/strong><\/p>\n<p><strong><em>&#8220;Chaos Isn&#8217;t Chaos! \u2014 Transform Uncertainty into Opportunities&#8221;<\/em><\/strong><\/p>\n<p>When the world becomes non-linear, conventional management strategies fail.<\/p>\n<p>Bruno shares a new model based on Chaos Theory \u2014 accessible, immediately applicable \u2014 along with simple tools to make better decisions under uncertainty, build resilience and turn crises into competitive advantage.<\/p>\n<p>Participants leave with answers to three fundamental questions:<\/p>\n<ul>\n<li>Why and how has our world become structurally more uncertain?<\/li>\n<li>What practical tools can we use to ride the wave of constant change?<\/li>\n<li>Why do you have more power than ever to shape what happens next?<\/li>\n<\/ul>\n<p>Ideal for: annual conferences, executive committees, leadership seminars, plenary sessions, leadership days.<\/p>\n<p><strong>FORMAT<\/strong><\/p>\n<ul>\n<li>Keynote 45\u201360 min \u2014 plenary, convention, seminar opening or closing. In French or English.<\/li>\n<li>Interactive keynote 90 min \u2014 with discussion and tool application. Recommended for leadership seminars, executive committees.<\/li>\n<li>Half-day or full day \u2014 in-depth work with teams on tools and their application to your specific context.<\/li>\n<\/ul>\n<p><strong>VIDEOS:<\/strong><\/p>\n<ul>\n<li><strong>Showreel:<\/strong> <a href=\"https:\/\/youtu.be\/_2Iu_Z23O5k?si=t4jYAVaj7gQ9oH2r\" target=\"_blank\" rel=\"noopener\">https:\/\/youtu.be\/_2Iu_Z23O5k?si=t4jYAVaj7gQ9oH2r<\/a><\/li>\n<li><strong>Keynote in French:<\/strong> <a href=\"https:\/\/youtu.be\/EVB4xYH0-WU\" target=\"_blank\" rel=\"noopener\">https:\/\/youtu.be\/EVB4xYH0-WU<\/a><\/li>\n<li><strong>Keynote in English:<\/strong> <a href=\"https:\/\/youtu.be\/2Aj75XIt7CM?si=-tv1JY_bjmHOkbdq\" target=\"_blank\" rel=\"noopener\">https:\/\/youtu.be\/2Aj75XIt7CM?si=-tv1JY_bjmHOkbdq<\/a><\/li>\n<\/ul>\n<\/div><\/section><br \/>\n\n<style type=\"text\/css\" data-created_by=\"avia_inline_auto\" id=\"style-css-av-dkl1ro-0eb26e3fafdfaaae3aac16302ce5b04b\">\n#top .av-special-heading.av-dkl1ro-0eb26e3fafdfaaae3aac16302ce5b04b{\npadding-bottom:10px;\n}\nbody .av-special-heading.av-dkl1ro-0eb26e3fafdfaaae3aac16302ce5b04b .av-special-heading-tag .heading-char{\nfont-size:25px;\n}\n.av-special-heading.av-dkl1ro-0eb26e3fafdfaaae3aac16302ce5b04b .av-subheading{\nfont-size:15px;\n}\n<\/style>\n<div  class='av-special-heading av-dkl1ro-0eb26e3fafdfaaae3aac16302ce5b04b av-special-heading-h2 blockquote modern-quote  avia-builder-el-14  el_after_av_textblock  el_before_av_textblock '><h2 class='av-special-heading-tag '  itemprop=\"headline\"  >Professional Profile:<\/h2><div class=\"special-heading-border\"><div class=\"special-heading-inner-border\"><\/div><\/div><\/div><br \/>\n<section  class='av_textblock_section av-16c0pw-5357a540dc4a7515bb6ac1b88b51c912 '   itemscope=\"itemscope\" itemtype=\"https:\/\/schema.org\/CreativeWork\" ><div class='avia_textblock'  itemprop=\"text\" ><p>Known as the Futurist Monk, Bruno Marion is the only keynote speaker to have translated Chaos Theory into tools directly applicable to leadership and management. This is not a metaphor, it is a rigorous framework, field-tested over three decades.<\/p>\n<p>After an international career in industry and management, Bruno made a radical choice: to dedicate his life to understanding the unprecedented transition humanity is going through \u2014 in its scale, speed and consequences.<\/p>\n<p>Rather than accumulating trends or &#8220;best practices from elsewhere&#8221;, he builds on a scientific framework: Chaos Theory, which reveals how patterns emerge from apparent instability, and how small, well-chosen levers can produce outsized results.<\/p>\n<p>On stage, Bruno combines clarity, energy and pragmatism: he gives participants a new lens through which to read the world, then a set of concrete tools they can apply the very next day.<\/p>\n<p>He reads over 100 books a year, meditates daily, experiments with new technologies and travels the world \u2014 meeting CEOs, entrepreneurs, special forces, scientists \u2014 to fuel an approach that is both grounded and visionary.<\/p>\n<p>His books <em>Chaos, a User&#8217;s Guide<\/em> and <em>Not Everyone Will End Up with an Axe in the Forest<\/em> are the reference works on the subject.<\/p>\n<p>He has delivered over 1,000 keynotes in 40 countries, in French and English, for organizations such as Airbus, L&#8217;Or\u00e9al, BNP Paribas, BCG, Herm\u00e8s, Bulgari-LVMH, KPMG, General Electric, Nestl\u00e9\u2026<\/p>\n<p><strong>TESTIMONIALS:<\/strong><\/p>\n<p>&#8220;Bruno was one of our main speakers at our global annual conference. The energy and enthusiasm he brought on stage were incredible. His content and delivery are both highly engaging and inspiring!&#8221; <strong>\u2014 Teresa Ricciuti, Regional Manager \u2014 Boston Consulting Group<\/strong><strong>\u00a0<\/strong><\/p>\n<p>&#8220;Bruno is a very inspiring speaker with a remarkable ability to present complex concepts in a simple and captivating way. I highly recommend him for any inspiring, out-of-the-box keynote.&#8221; <strong>\u2014 Serena Poletto, Strategic Purchasing &amp; Supply Director \u2014 Bulgari, LVMH Group<\/strong><\/p>\n<p>&#8220;Bruno is a very professional speaker and a pleasure to work with. A truly inspiring keynote speaker.&#8221; <strong>\u2014 Irina Gkini, Conference Producer &amp; Content Curator \u2014 KPMG<\/strong><\/p>\n<p>&#8220;Very useful insights on how to deal with a fast-changing environment, with seemingly less and less certainty and predictability. I really appreciated Bruno&#8217;s perspectives and the simple, pragmatic actions he proposes to navigate this context and see it as an opportunity rather than a risk.&#8221;<strong> \u2014 Christoph Zammert, Head of Program A320 Family \u2014 Airbus<\/strong><\/p>\n<p>&#8220;Bruno&#8217;s presentation is mind-blowing, paradigm-shifting and immediately actionable.&#8221; <strong>\u2014 Ruth Connely, Senior Vice President \u2014 General Electric<\/strong><\/p>\n<\/div><\/section><\/p><\/div><div  class='flex_column av-4jrdjo-b90be56678c51c72421ea70e1bdca564 av_one_third  avia-builder-el-16  el_after_av_two_third  avia-builder-el-last  flex_column_div  '     ><div  class='avia-builder-widget-area clearfix  avia-builder-el-17  avia-builder-el-no-sibling '><div id=\"custom_html-3\" class=\"widget_text widget clearfix widget_custom_html\"><div class=\"textwidget custom-html-widget\">\n<style type=\"text\/css\" data-created_by=\"avia_inline_auto\" id=\"style-css-av-dskg1y-7640993e4bf78f89128063a9fecf1497\">\n.av_promobox.av-dskg1y-7640993e4bf78f89128063a9fecf1497{\ncolor:#ffffff;\nbackground:#444444;\nborder-color:#333333;\n}\n<\/style>\n<div  class='av_promobox av-dskg1y-7640993e4bf78f89128063a9fecf1497 avia-button-no'><div class='avia-promocontent'><h3 style=\"text-align: center;\"><span style=\"color: #ffffff;\">To know costs and availability<\/span><\/h3>\n<\/div><\/div>\r\n<form action=\"https:\/\/www.promostudio.info\/en\/speakers\/marion-bruno\/\" method=\"post\" data-fields-with-error=\"Found errors in the following field(s):\" class=\"avia_ajax_form av-form-labels-hidden    \" data-avia-form-id=\"1\" data-avia-redirect='' ><h3 class=''>Fill out the form<\/h3><fieldset><p class='  first_form  form_element form_element_half' id='element_avia_1_1'><label for=\"avia_1_1\">Name <abbr class=\"required\" title=\"required\">*<\/abbr><\/label> <input name=\"avia_1_1\" class=\"text_input is_empty\" type=\"text\" id=\"avia_1_1\" value=\"\"  placeholder='Name*'\/><\/p><p class='  form_element form_element_half' id='element_avia_2_1'><label for=\"avia_2_1\">Surname <abbr class=\"required\" title=\"required\">*<\/abbr><\/label> <input name=\"avia_2_1\" class=\"text_input is_empty\" type=\"text\" id=\"avia_2_1\" value=\"\"  placeholder='Surname*'\/><\/p><p class='  first_form  form_element form_fullwidth' id='element_avia_3_1'><label for=\"avia_3_1\">Company <abbr class=\"required\" title=\"required\">*<\/abbr><\/label> <input name=\"avia_3_1\" class=\"text_input is_empty\" type=\"text\" id=\"avia_3_1\" value=\"\"  placeholder='Company*'\/><\/p><p class='  first_form  form_element form_element_half' id='element_avia_4_1'><label for=\"avia_4_1\">E-mail <abbr class=\"required\" title=\"required\">*<\/abbr><\/label> <input name=\"avia_4_1\" class=\"text_input is_email\" type=\"text\" id=\"avia_4_1\" value=\"\"  placeholder='E-mail*'\/><\/p><p class='  form_element form_element_half' id='element_avia_5_1'><label for=\"avia_5_1\">Phone <abbr class=\"required\" title=\"required\">*<\/abbr><\/label> <input name=\"avia_5_1\" class=\"text_input is_number\" type=\"text\" id=\"avia_5_1\" value=\"\"  placeholder='Phone*'\/><\/p><p class='  first_form  form_element form_fullwidth' id='element_avia_6_1'><label for=\"avia_6_1\">Speaker of your interest <abbr class=\"required\" title=\"required\">*<\/abbr><\/label> <input name=\"avia_6_1\" class=\"text_input is_empty\" type=\"text\" id=\"avia_6_1\" value=\"\"  placeholder='Speaker of your interest*'\/><\/p><p class='  first_form  form_element form_fullwidth' id='element_avia_7_1'><label for=\"avia_7_1\" class=\"textare_label hidden textare_label_avia_7_1\">Message <abbr class=\"required\" title=\"required\">*<\/abbr><\/label><textarea  placeholder='Message*' name=\"avia_7_1\" class=\"text_area is_empty\" cols=\"40\" rows=\"7\" id=\"avia_7_1\" ><\/textarea><\/p><p class=\"hidden\"><input type=\"text\" name=\"avia_8_1\" class=\"hidden \" id=\"avia_8_1\" value=\"\" \/><\/p><p class=' av_form_privacy_check av_contact_privacy_check first_form  form_element form_fullwidth' id='element_avia_9_1'><input  name=\"avia_9_1\" class=\"input_checkbox is_empty\" type=\"checkbox\" id=\"avia_9_1\" value=\"true\"\/><label class=\"input_checkbox_label\" for=\"avia_9_1\">I consent to the processing of my data according to our <a href=\"https:\/\/www.promostudio.info\/privacy-policy\/\" target=\"_blank\">Privacy Policy<\/a> (GDPR Ue 2016\/679) <abbr class=\"required\" title=\"required\">*<\/abbr><\/label><\/p><p class=\"form_element \"><input type=\"hidden\" value=\"1\" name=\"avia_generated_form1\" \/><input type=\"submit\" value=\"Submit your request\" class=\"button\"  data-sending-label=\"Sending\"\/><\/p><\/fieldset><\/form><div id=\"ajaxresponse_1\" class=\"ajaxresponse ajaxresponse_1 hidden\"><\/div><\/div><\/div><\/div><\/div>\n<\/div><\/div><\/div><!-- close content main div --><\/div><\/div><div id='after_section_2'  class='main_color av_default_container_wrap container_wrap sidebar_right'  ><div class='container av-section-cont-open' ><div class='template-page content  av-content-small alpha units'><div class='post-entry post-entry-type-page post-entry-4755'><div class='entry-content-wrapper clearfix'><\/p>\n","protected":false},"excerpt":{"rendered":"","protected":false},"featured_media":4756,"comment_status":"closed","ping_status":"closed","template":"","meta":[],"product_brand":[],"product_cat":[61],"product_tag":[],"class_list":{"0":"post-4755","1":"product","2":"type-product","3":"status-publish","4":"has-post-thumbnail","6":"product_cat-management-en","8":"first","9":"instock","10":"shipping-taxable","11":"product-type-simple"},"_links":{"self":[{"href":"https:\/\/www.promostudio.info\/en\/wp-json\/wp\/v2\/product\/4755","targetHints":{"allow":["GET"]}}],"collection":[{"href":"https:\/\/www.promostudio.info\/en\/wp-json\/wp\/v2\/product"}],"about":[{"href":"https:\/\/www.promostudio.info\/en\/wp-json\/wp\/v2\/types\/product"}],"replies":[{"embeddable":true,"href":"https:\/\/www.promostudio.info\/en\/wp-json\/wp\/v2\/comments?post=4755"}],"wp:featuredmedia":[{"embeddable":true,"href":"https:\/\/www.promostudio.info\/en\/wp-json\/wp\/v2\/media\/4756"}],"wp:attachment":[{"href":"https:\/\/www.promostudio.info\/en\/wp-json\/wp\/v2\/media?parent=4755"}],"wp:term":[{"taxonomy":"product_brand","embeddable":true,"href":"https:\/\/www.promostudio.info\/en\/wp-json\/wp\/v2\/product_brand?post=4755"},{"taxonomy":"product_cat","embeddable":true,"href":"https:\/\/www.promostudio.info\/en\/wp-json\/wp\/v2\/product_cat?post=4755"},{"taxonomy":"product_tag","embeddable":true,"href":"https:\/\/www.promostudio.info\/en\/wp-json\/wp\/v2\/product_tag?post=4755"}],"curies":[{"name":"wp","href":"https:\/\/api.w.org\/{rel}","templated":true}]}}