{"id":4834,"date":"2022-03-07T14:42:29","date_gmt":"2022-03-07T13:42:29","guid":{"rendered":"https:\/\/www.promostudio.info\/speakers\/lazar-marc\/"},"modified":"2022-04-19T13:33:39","modified_gmt":"2022-04-19T11:33:39","slug":"lazar-marc","status":"publish","type":"product","link":"https:\/\/www.promostudio.info\/en\/speakers\/lazar-marc\/","title":{"rendered":"Lazar, Marc"},"content":{"rendered":"\n<style type=\"text\/css\" data-created_by=\"avia_inline_auto\" id=\"style-css-av-108cygw-d6651d9a081aa75e9849e8f60e85125c\">\n.avia-section.av-108cygw-d6651d9a081aa75e9849e8f60e85125c{\nbackground-color:#ededed;\nbackground-image:url(https:\/\/www.promostudio.info\/wp-content\/uploads\/2021\/01\/Professional-Speakers-650x380-1.jpg);\nbackground-repeat:no-repeat;\nbackground-position:50% 100%;\nbackground-attachment:fixed;\n}\n.avia-section.av-108cygw-d6651d9a081aa75e9849e8f60e85125c .av-section-color-overlay{\nopacity:0.8;\nbackground-color:#0a0a0a;\n}\n<\/style>\n<div id='av_section_1'  class='avia-section av-108cygw-d6651d9a081aa75e9849e8f60e85125c main_color avia-section-default avia-no-border-styling  avia-builder-el-0  el_before_av_section  avia-builder-el-first  avia-full-stretch avia-bg-style-fixed av-section-color-overlay-active av-minimum-height av-minimum-height-50 av-height-50  container_wrap sidebar_right'  data-section-bg-repeat='stretch' data-av_minimum_height_pc='50' data-av_min_height_opt='50'><div class=\"av-section-color-overlay-wrap\"><div class=\"av-section-color-overlay\"><\/div><div class='container av-section-cont-open' ><main  role=\"main\" itemprop=\"mainContentOfPage\"  class='template-page content  av-content-small alpha units'><div class='post-entry post-entry-type-page post-entry-4834'><div class='entry-content-wrapper clearfix'>\n<div  class='flex_column av-y3b92o-c44cd479ab1679fdda6fbc5c0aba0a57 av_three_fourth  avia-builder-el-1  el_before_av_one_fourth  avia-builder-el-first  first flex_column_div  '     ><p>\n<style type=\"text\/css\" data-created_by=\"avia_inline_auto\" id=\"style-css-av-l09nui5v-68b044e7a4f5edd64bbe6422ad18f00c\">\n#top .av-special-heading.av-l09nui5v-68b044e7a4f5edd64bbe6422ad18f00c{\npadding-bottom:10px;\ncolor:#ffffff;\n}\nbody .av-special-heading.av-l09nui5v-68b044e7a4f5edd64bbe6422ad18f00c .av-special-heading-tag .heading-char{\nfont-size:25px;\n}\n.av-special-heading.av-l09nui5v-68b044e7a4f5edd64bbe6422ad18f00c .special-heading-inner-border{\nborder-color:#ffffff;\n}\n.av-special-heading.av-l09nui5v-68b044e7a4f5edd64bbe6422ad18f00c .av-subheading{\nfont-size:15px;\n}\n<\/style>\n<div  class='av-special-heading av-l09nui5v-68b044e7a4f5edd64bbe6422ad18f00c av-special-heading-h1 custom-color-heading blockquote modern-quote  avia-builder-el-2  el_before_av_hr  avia-builder-el-first '><h1 class='av-special-heading-tag '  itemprop=\"headline\"  >Marc Lazar<\/h1><div class=\"special-heading-border\"><div class=\"special-heading-inner-border\"><\/div><\/div><\/div><br \/>\n<div  class='hr av-39y9lc-38fc1f437ef3da0af5555c7d7ed856b7 hr-default  avia-builder-el-3  el_after_av_heading  el_before_av_heading '><span class='hr-inner '><span class=\"hr-inner-style\"><\/span><\/span><\/div><br \/>\n\n<style type=\"text\/css\" data-created_by=\"avia_inline_auto\" id=\"style-css-av-l09nwjx0-c47df017f587aba1f92bc5e73b8eb6e6\">\n#top .av-special-heading.av-l09nwjx0-c47df017f587aba1f92bc5e73b8eb6e6{\npadding-bottom:10px;\ncolor:#ffffff;\n}\nbody .av-special-heading.av-l09nwjx0-c47df017f587aba1f92bc5e73b8eb6e6 .av-special-heading-tag .heading-char{\nfont-size:25px;\n}\n.av-special-heading.av-l09nwjx0-c47df017f587aba1f92bc5e73b8eb6e6 .special-heading-inner-border{\nborder-color:#ffffff;\n}\n.av-special-heading.av-l09nwjx0-c47df017f587aba1f92bc5e73b8eb6e6 .av-subheading{\nfont-size:15px;\n}\n<\/style>\n<div  class='av-special-heading av-l09nwjx0-c47df017f587aba1f92bc5e73b8eb6e6 av-special-heading-h3 custom-color-heading blockquote modern-quote  avia-builder-el-4  el_after_av_hr  avia-builder-el-last '><h3 class='av-special-heading-tag '  itemprop=\"headline\"  >Professor of Political History and Sociology at Sciences Po (Paris)<\/h3><div class='av_custom_color av-subheading av-subheading_below'><p>and \u201cVisiting professor\u201d at Luiss University-Guido Carli (Roma)<\/p>\n<\/div><div class=\"special-heading-border\"><div class=\"special-heading-inner-border\"><\/div><\/div><\/div><\/p><\/div><div  class='flex_column av-v0hmj4-0c48f8c775d55ae4a6f96cba9b868149 av_one_fourth  avia-builder-el-5  el_after_av_three_fourth  el_before_av_three_fourth  flex_column_div  '     ><div  class='avia-slideshow av-l09nusd9-4e5caf181d2e35b75c0e6c674ad24a08 avia-slideshow-medium av_slideshow avia-slide-slider  avia-builder-el-6  avia-builder-el-no-sibling  av-slideshow-ui av-control-default av-slideshow-manual av-loop-once av-loop-manual-endless av-default-height-applied avia-slideshow-1' data-slideshow-options=\"{&quot;animation&quot;:&quot;slide&quot;,&quot;autoplay&quot;:false,&quot;loop_autoplay&quot;:&quot;once&quot;,&quot;interval&quot;:5,&quot;loop_manual&quot;:&quot;manual-endless&quot;,&quot;autoplay_stopper&quot;:false,&quot;noNavigation&quot;:false,&quot;bg_slider&quot;:false,&quot;keep_padding&quot;:false,&quot;hoverpause&quot;:false,&quot;show_slide_delay&quot;:0}\"  itemprop=\"image\" itemscope=\"itemscope\" itemtype=\"https:\/\/schema.org\/ImageObject\" ><ul class='avia-slideshow-inner ' style='padding-bottom: 120%;'><li  class='avia-slideshow-slide av-l09nusd9-4e5caf181d2e35b75c0e6c674ad24a08__0  av-single-slide slide-1 slide-odd'><div data-rel='slideshow-1' class='avia-slide-wrap '   ><img decoding=\"async\" fetchpriority=\"high\" class=\"wp-image-4454 avia-img-lazy-loading-not-4454\"  src=\"https:\/\/www.promostudio.info\/wp-content\/uploads\/2022\/03\/Marc-Lazar.jpg\" width=\"250\" height=\"300\" title='Marc-Lazar' alt=''  itemprop=\"thumbnailUrl\"   \/><\/div><\/li><\/ul><\/div><\/div><div class='flex_column_table av-t10r2o-958312173f7dec8ed43153ac64b3a6dc sc-av_three_fourth av-equal-height-column-flextable'><div  class='flex_column av-t10r2o-958312173f7dec8ed43153ac64b3a6dc av_three_fourth  avia-builder-el-7  el_after_av_one_fourth  el_before_av_one_fourth  first flex_column_table_cell av-equal-height-column av-align-top  column-top-margin'     ><\/div><div class='av-flex-placeholder'><\/div><div  class='flex_column av-qb40n4-8809355afa840be72041ea2473dc7e60 av_one_fourth  avia-builder-el-9  el_after_av_three_fourth  avia-builder-el-last  flex_column_table_cell av-equal-height-column av-align-top  column-top-margin'     ><\/div><\/div><!--close column table wrapper. Autoclose: 1 -->\n\n<\/div><\/div><\/main><!-- close content main element --><\/div><\/div><\/div><div id='av_section_2'  class='avia-section av-nu7klc-b36ccafcc837df15268562b59ce6b142 main_color avia-section-default avia-no-border-styling  avia-builder-el-10  el_after_av_section  avia-builder-el-last  avia-bg-style-scroll container_wrap sidebar_right'  ><div class='container av-section-cont-open' ><div class='template-page content  av-content-small alpha units'><div class='post-entry post-entry-type-page post-entry-4834'><div class='entry-content-wrapper clearfix'>\n\n<style type=\"text\/css\" data-created_by=\"avia_inline_auto\" id=\"style-css-av-luf4gw-82e368508a27c627ea16aaea44bda8a3\">\n@keyframes av_boxShadowEffect_av-luf4gw-82e368508a27c627ea16aaea44bda8a3-column {\n0%   { box-shadow:  0 0 0 0 #a8a8a8; opacity: 1; }\n100% { box-shadow:  0 0 10px 0 #a8a8a8; opacity: 1; }\n}\n.flex_column.av-luf4gw-82e368508a27c627ea16aaea44bda8a3{\nbox-shadow: 0 0 10px 0 #a8a8a8;\nborder-width:1px;\nborder-color:#bfbfbf;\nborder-style:solid;\npadding:30px 30px 30px 30px;\nbackground-color:#ffffff;\n}\n<\/style>\n<div  class='flex_column av-luf4gw-82e368508a27c627ea16aaea44bda8a3 av_two_third  avia-builder-el-11  el_before_av_one_third  avia-builder-el-first  first flex_column_div shadow-not-animated  '     ><p>\n<style type=\"text\/css\" data-created_by=\"avia_inline_auto\" id=\"style-css-av-kmo6xs-318cb990eba35154fdca759379857c3e\">\n#top .av-special-heading.av-kmo6xs-318cb990eba35154fdca759379857c3e{\npadding-bottom:10px;\n}\nbody .av-special-heading.av-kmo6xs-318cb990eba35154fdca759379857c3e .av-special-heading-tag .heading-char{\nfont-size:25px;\n}\n.av-special-heading.av-kmo6xs-318cb990eba35154fdca759379857c3e .av-subheading{\nfont-size:15px;\n}\n<\/style>\n<div  class='av-special-heading av-kmo6xs-318cb990eba35154fdca759379857c3e av-special-heading-h2 blockquote modern-quote  avia-builder-el-12  el_before_av_textblock  avia-builder-el-first '><h2 class='av-special-heading-tag '  itemprop=\"headline\"  >Main Topics:<\/h2><div class=\"special-heading-border\"><div class=\"special-heading-inner-border\"><\/div><\/div><\/div><br \/>\n<section  class='av_textblock_section av-l09nx9p8-5355aee62b6ad61beb193c91fe80a8d5 '   itemscope=\"itemscope\" itemtype=\"https:\/\/schema.org\/CreativeWork\" ><div class='avia_textblock'  itemprop=\"text\" ><ul>\n<li>Changes in politics in France and Italy<\/li>\n<li>Comparison of political systems and parties in Europe<\/li>\n<li>Socialist and social-democrat left in Europe<\/li>\n<li>French left<\/li>\n<li>The radical lefts in Europe<\/li>\n<li>Populism in Europe<\/li>\n<li>Politics in Europe<\/li>\n<li>Political sociology<\/li>\n<li>Relations between History and Political Science<\/li>\n<\/ul>\n<\/div><\/section><br \/>\n\n<style type=\"text\/css\" data-created_by=\"avia_inline_auto\" id=\"style-css-av-j1okww-b756fe395dd0f5a352ee0c87eb813e06\">\n#top .av-special-heading.av-j1okww-b756fe395dd0f5a352ee0c87eb813e06{\npadding-bottom:10px;\n}\nbody .av-special-heading.av-j1okww-b756fe395dd0f5a352ee0c87eb813e06 .av-special-heading-tag .heading-char{\nfont-size:25px;\n}\n.av-special-heading.av-j1okww-b756fe395dd0f5a352ee0c87eb813e06 .av-subheading{\nfont-size:15px;\n}\n<\/style>\n<div  class='av-special-heading av-j1okww-b756fe395dd0f5a352ee0c87eb813e06 av-special-heading-h2 blockquote modern-quote  avia-builder-el-14  el_after_av_textblock  el_before_av_textblock '><h2 class='av-special-heading-tag '  itemprop=\"headline\"  >Professional Profile:<\/h2><div class=\"special-heading-border\"><div class=\"special-heading-inner-border\"><\/div><\/div><\/div><br \/>\n<section  class='av_textblock_section av-l09nyh2l-b799fdc5d84775e71ca0e3609e54ca9e '   itemscope=\"itemscope\" itemtype=\"https:\/\/schema.org\/CreativeWork\" ><div class='avia_textblock'  itemprop=\"text\" ><p>Marc Lazar is a French Professor of Political History and Sociology at Sciences Po (Paris).<\/p>\n<p>In this University he is the director of the Centre d\u2019Histoire and President of the Advisory Board. He is also professor at Luiss University-Guido Carli (Rome) where he is President of the Advisory Board of the School of Government.<\/p>\n<p>Jean Monnet Fellowship at the European University Institute in 1986-1987, he has been Associate Professor at Stanford University Program of Paris from 1994 to 2005. He has been invited for teaching in different universities in Europe as in USA.<\/p>\n<p>He has been for a long time member Council of the French Association of Political Science. He is member of three Advisory boards of European Universities and of several editorial or advisory boards of French, Italian, European and American academic journals. He is President of the Association for Political History. He is an expert for Italian Universities.<\/p>\n<p>His main research are on Politics in Italy and France, Comparative Politics in European Union, especially on Populism, and European Left.<br \/>\nHe published 24 books and 195 articles in French, Italian, English, German, Romanian in academical journals.<\/p>\n<p>He is Cavaliere ufficiale della Repubblica italiana and Chevalier de la L\u00e9gion d\u2019Honneur.<\/p>\n<\/div><\/section><br \/>\n\n<style type=\"text\/css\" data-created_by=\"avia_inline_auto\" id=\"style-css-av-l0ckq8j9-8f9373607e8a402a87275480b89f0088\">\n#top .av-special-heading.av-l0ckq8j9-8f9373607e8a402a87275480b89f0088{\npadding-bottom:10px;\n}\nbody .av-special-heading.av-l0ckq8j9-8f9373607e8a402a87275480b89f0088 .av-special-heading-tag .heading-char{\nfont-size:25px;\n}\n.av-special-heading.av-l0ckq8j9-8f9373607e8a402a87275480b89f0088 .av-subheading{\nfont-size:15px;\n}\n<\/style>\n<div  class='av-special-heading av-l0ckq8j9-8f9373607e8a402a87275480b89f0088 av-special-heading-h2 blockquote modern-quote  avia-builder-el-16  el_after_av_textblock  el_before_av_textblock '><h2 class='av-special-heading-tag '  itemprop=\"headline\"  >Selected Works:<\/h2><div class=\"special-heading-border\"><div class=\"special-heading-inner-border\"><\/div><\/div><\/div><br \/>\n<section  class='av_textblock_section av-l0ckqfyz-5a1e60ab4980e9ddd1b0d1f69cafffa4 '   itemscope=\"itemscope\" itemtype=\"https:\/\/schema.org\/CreativeWork\" ><div class='avia_textblock'  itemprop=\"text\" ><p>His more recent books are:<\/p>\n<ul>\n<li>Le communisme, une passion fran\u00e7aise, Tempus, 2005<\/li>\n<li>L\u2019Italie \u00e0 la derive, Paris, Perrin, 2006<\/li>\n<li>L\u2019Italie des ann\u00e9es de plomb, Autrement, 2010<\/li>\n<\/ul>\n<p>with other authors:<\/p>\n<ul>\n<li>Le Parti Socialiste Unifi\u00e9. Histoire et post\u00e9rit\u00e9, Presses Universitaires de Rennes, 2013<\/li>\n<\/ul>\n<p>Among his most recent articles in academic journals:<\/p>\n<ul>\n<li>&#8220;Renzi\u2019s Leadership between Party and Government&#8221;, Italian Politics, vol. 32, 2017, pp. 40-58<\/li>\n<li>&#8220;Le terrorisme en France et en Italie. Questions de recherche&#8221;, Vingti\u00e8me si\u00e8cle. Revue d\u2019histoire, num\u00e9ro 1334, avril-juin 2017, pp. 37-50.<\/li>\n<\/ul>\n<p>He use to collaborate with French, Italian and English newspapers, radio and Television. He is editor for La Repubblica.<\/p>\n<\/div><\/section><\/p><\/div><div  class='flex_column av-gfmqhc-ae98b246db5647bed779646d72fbbb60 av_one_third  avia-builder-el-18  el_after_av_two_third  avia-builder-el-last  flex_column_div  '     ><div  class='avia-builder-widget-area clearfix  avia-builder-el-19  avia-builder-el-no-sibling '><div id=\"custom_html-3\" class=\"widget_text widget clearfix widget_custom_html\"><div class=\"textwidget custom-html-widget\">\n<style type=\"text\/css\" data-created_by=\"avia_inline_auto\" id=\"style-css-av-dskg1y-7640993e4bf78f89128063a9fecf1497\">\n.av_promobox.av-dskg1y-7640993e4bf78f89128063a9fecf1497{\ncolor:#ffffff;\nbackground:#444444;\nborder-color:#333333;\n}\n<\/style>\n<div  class='av_promobox av-dskg1y-7640993e4bf78f89128063a9fecf1497 avia-button-no'><div class='avia-promocontent'><h3 style=\"text-align: center;\"><span style=\"color: #ffffff;\">To know costs and availability<\/span><\/h3>\n<\/div><\/div>\r\n<form action=\"https:\/\/www.promostudio.info\/en\/speakers\/lazar-marc\/\" method=\"post\" data-fields-with-error=\"Found errors in the following field(s):\" class=\"avia_ajax_form av-form-labels-hidden    \" data-avia-form-id=\"1\" data-avia-redirect='' ><h3 class=''>Fill out the form<\/h3><fieldset><p class='  first_form  form_element form_element_half' id='element_avia_1_1'><label for=\"avia_1_1\">Name <abbr class=\"required\" title=\"required\">*<\/abbr><\/label> <input name=\"avia_1_1\" class=\"text_input is_empty\" type=\"text\" id=\"avia_1_1\" value=\"\"  placeholder='Name*'\/><\/p><p class='  form_element form_element_half' id='element_avia_2_1'><label for=\"avia_2_1\">Surname <abbr class=\"required\" title=\"required\">*<\/abbr><\/label> <input name=\"avia_2_1\" class=\"text_input is_empty\" type=\"text\" id=\"avia_2_1\" value=\"\"  placeholder='Surname*'\/><\/p><p class='  first_form  form_element form_fullwidth' id='element_avia_3_1'><label for=\"avia_3_1\">Company <abbr class=\"required\" title=\"required\">*<\/abbr><\/label> <input name=\"avia_3_1\" class=\"text_input is_empty\" type=\"text\" id=\"avia_3_1\" value=\"\"  placeholder='Company*'\/><\/p><p class='  first_form  form_element form_element_half' id='element_avia_4_1'><label for=\"avia_4_1\">E-mail <abbr class=\"required\" title=\"required\">*<\/abbr><\/label> <input name=\"avia_4_1\" class=\"text_input is_email\" type=\"text\" id=\"avia_4_1\" value=\"\"  placeholder='E-mail*'\/><\/p><p class='  form_element form_element_half' id='element_avia_5_1'><label for=\"avia_5_1\">Phone <abbr class=\"required\" title=\"required\">*<\/abbr><\/label> <input name=\"avia_5_1\" class=\"text_input is_number\" type=\"text\" id=\"avia_5_1\" value=\"\"  placeholder='Phone*'\/><\/p><p class='  first_form  form_element form_fullwidth' id='element_avia_6_1'><label for=\"avia_6_1\">Speaker of your interest <abbr class=\"required\" title=\"required\">*<\/abbr><\/label> <input name=\"avia_6_1\" class=\"text_input is_empty\" type=\"text\" id=\"avia_6_1\" value=\"\"  placeholder='Speaker of your interest*'\/><\/p><p class='  first_form  form_element form_fullwidth' id='element_avia_7_1'><label for=\"avia_7_1\" class=\"textare_label hidden textare_label_avia_7_1\">Message <abbr class=\"required\" title=\"required\">*<\/abbr><\/label><textarea  placeholder='Message*' name=\"avia_7_1\" class=\"text_area is_empty\" cols=\"40\" rows=\"7\" id=\"avia_7_1\" ><\/textarea><\/p><p class=\"hidden\"><input type=\"text\" name=\"avia_8_1\" class=\"hidden \" id=\"avia_8_1\" value=\"\" \/><\/p><p class=' av_form_privacy_check av_contact_privacy_check first_form  form_element form_fullwidth' id='element_avia_9_1'><input  name=\"avia_9_1\" class=\"input_checkbox is_empty\" type=\"checkbox\" id=\"avia_9_1\" value=\"true\"\/><label class=\"input_checkbox_label\" for=\"avia_9_1\">I consent to the processing of my data according to our <a href='https:\/\/www.promostudio.info\/privacy-policy\/' target='_blank'>Privacy Policy<\/a> (GDPR Ue 2016\/679) <abbr class=\"required\" title=\"required\">*<\/abbr><\/label><\/p><p class=\"form_element \"><input type=\"hidden\" value=\"1\" name=\"avia_generated_form1\" \/><input type=\"submit\" value=\"Submit your request\" class=\"button\"  data-sending-label=\"Sending\"\/><\/p><\/fieldset><\/form><div id=\"ajaxresponse_1\" class=\"ajaxresponse ajaxresponse_1 hidden\"><\/div><\/div><\/div><\/div><\/div><\/div><\/div><\/div><!-- close content main div --><\/div><\/div><div id='after_section_2'  class='main_color av_default_container_wrap container_wrap sidebar_right'  ><div class='container av-section-cont-open' ><div class='template-page content  av-content-small alpha units'><div class='post-entry post-entry-type-page post-entry-4834'><div class='entry-content-wrapper clearfix'>\n","protected":false},"excerpt":{"rendered":"","protected":false},"featured_media":4454,"comment_status":"closed","ping_status":"closed","template":"","meta":[],"product_brand":[],"product_cat":[65],"product_tag":[],"class_list":{"0":"post-4834","1":"product","2":"type-product","3":"status-publish","4":"has-post-thumbnail","6":"product_cat-international-relations","8":"first","9":"instock","10":"shipping-taxable","11":"product-type-simple"},"_links":{"self":[{"href":"https:\/\/www.promostudio.info\/en\/wp-json\/wp\/v2\/product\/4834","targetHints":{"allow":["GET"]}}],"collection":[{"href":"https:\/\/www.promostudio.info\/en\/wp-json\/wp\/v2\/product"}],"about":[{"href":"https:\/\/www.promostudio.info\/en\/wp-json\/wp\/v2\/types\/product"}],"replies":[{"embeddable":true,"href":"https:\/\/www.promostudio.info\/en\/wp-json\/wp\/v2\/comments?post=4834"}],"wp:featuredmedia":[{"embeddable":true,"href":"https:\/\/www.promostudio.info\/en\/wp-json\/wp\/v2\/media\/4454"}],"wp:attachment":[{"href":"https:\/\/www.promostudio.info\/en\/wp-json\/wp\/v2\/media?parent=4834"}],"wp:term":[{"taxonomy":"product_brand","embeddable":true,"href":"https:\/\/www.promostudio.info\/en\/wp-json\/wp\/v2\/product_brand?post=4834"},{"taxonomy":"product_cat","embeddable":true,"href":"https:\/\/www.promostudio.info\/en\/wp-json\/wp\/v2\/product_cat?post=4834"},{"taxonomy":"product_tag","embeddable":true,"href":"https:\/\/www.promostudio.info\/en\/wp-json\/wp\/v2\/product_tag?post=4834"}],"curies":[{"name":"wp","href":"https:\/\/api.w.org\/{rel}","templated":true}]}}