{"id":5079,"date":"2023-02-07T09:25:03","date_gmt":"2023-02-07T08:25:03","guid":{"rendered":"https:\/\/www.promostudio.info\/speakers\/origlia-maria-cristina\/"},"modified":"2023-02-07T09:28:40","modified_gmt":"2023-02-07T08:28:40","slug":"origlia-maria-cristina","status":"publish","type":"product","link":"https:\/\/www.promostudio.info\/en\/speakers\/origlia-maria-cristina\/","title":{"rendered":"Origlia, Maria Cristina"},"content":{"rendered":"\n<style type=\"text\/css\" data-created_by=\"avia_inline_auto\" id=\"style-css-av-lyotqu-311e211f663a4de0d7b82231c6ede19b\">\n.avia-section.av-lyotqu-311e211f663a4de0d7b82231c6ede19b{\nbackground-color:#ededed;\nbackground-image:url(https:\/\/www.promostudio.info\/wp-content\/uploads\/2021\/01\/Professional-Speakers-650x380-1.jpg);\nbackground-repeat:no-repeat;\nbackground-position:50% 100%;\nbackground-attachment:fixed;\n}\n.avia-section.av-lyotqu-311e211f663a4de0d7b82231c6ede19b .av-section-color-overlay{\nopacity:0.8;\nbackground-color:#0a0a0a;\n}\n<\/style>\n<div id='av_section_1'  class='avia-section av-lyotqu-311e211f663a4de0d7b82231c6ede19b main_color avia-section-default avia-no-border-styling  avia-builder-el-0  el_before_av_section  avia-builder-el-first  avia-full-stretch avia-bg-style-fixed av-section-color-overlay-active av-minimum-height av-minimum-height-50 av-height-50  container_wrap sidebar_right'  data-section-bg-repeat='stretch' data-av_minimum_height_pc='50' data-av_min_height_opt='50'><div class=\"av-section-color-overlay-wrap\"><div class=\"av-section-color-overlay\"><\/div><div class='container av-section-cont-open' ><main  role=\"main\" itemprop=\"mainContentOfPage\"  class='template-page content  av-content-small alpha units'><div class='post-entry post-entry-type-page post-entry-5079'><div class='entry-content-wrapper clearfix'>\n<div  class='flex_column av-l4w2x2-56c3570ce7231c74b4de69be3262defa av_three_fourth  avia-builder-el-1  el_before_av_one_fourth  avia-builder-el-first  first flex_column_div  '     ><p>\n<style type=\"text\/css\" data-created_by=\"avia_inline_auto\" id=\"style-css-av-l2a5xpjk-705dc2c137920c99ac92689bc505fd3e\">\n#top .av-special-heading.av-l2a5xpjk-705dc2c137920c99ac92689bc505fd3e{\npadding-bottom:10px;\ncolor:#ffffff;\n}\nbody .av-special-heading.av-l2a5xpjk-705dc2c137920c99ac92689bc505fd3e .av-special-heading-tag .heading-char{\nfont-size:25px;\n}\n.av-special-heading.av-l2a5xpjk-705dc2c137920c99ac92689bc505fd3e .special-heading-inner-border{\nborder-color:#ffffff;\n}\n.av-special-heading.av-l2a5xpjk-705dc2c137920c99ac92689bc505fd3e .av-subheading{\nfont-size:15px;\n}\n<\/style>\n<div  class='av-special-heading av-l2a5xpjk-705dc2c137920c99ac92689bc505fd3e av-special-heading-h1 custom-color-heading blockquote modern-quote  avia-builder-el-2  el_before_av_hr  avia-builder-el-first '><h1 class='av-special-heading-tag '  itemprop=\"headline\"  >Maria Cristina Origlia<\/h1><div class=\"special-heading-border\"><div class=\"special-heading-inner-border\"><\/div><\/div><\/div><br \/>\n<div  class='hr av-j05qh2-61d6cd69af29e120124b8b66adc756b9 hr-default  avia-builder-el-3  el_after_av_heading  el_before_av_heading '><span class='hr-inner '><span class=\"hr-inner-style\"><\/span><\/span><\/div><br \/>\n\n<style type=\"text\/css\" data-created_by=\"avia_inline_auto\" id=\"style-css-av-l2a5zpk5-db5f307cf55d6f8a9ec131a1592c1581\">\n#top .av-special-heading.av-l2a5zpk5-db5f307cf55d6f8a9ec131a1592c1581{\npadding-bottom:10px;\ncolor:#ffffff;\n}\nbody .av-special-heading.av-l2a5zpk5-db5f307cf55d6f8a9ec131a1592c1581 .av-special-heading-tag .heading-char{\nfont-size:25px;\n}\n.av-special-heading.av-l2a5zpk5-db5f307cf55d6f8a9ec131a1592c1581 .special-heading-inner-border{\nborder-color:#ffffff;\n}\n.av-special-heading.av-l2a5zpk5-db5f307cf55d6f8a9ec131a1592c1581 .av-subheading{\nfont-size:15px;\n}\n<\/style>\n<div  class='av-special-heading av-l2a5zpk5-db5f307cf55d6f8a9ec131a1592c1581 av-special-heading-h3 custom-color-heading blockquote modern-quote  avia-builder-el-4  el_after_av_hr  avia-builder-el-last '><h3 class='av-special-heading-tag '  itemprop=\"headline\"  >Giornalista professionista socio-economica<\/h3><div class='av_custom_color av-subheading av-subheading_below'><p>divulgatrice scientifica sui temi della sostenibilit\u00e0, autrice, advisory board member, presidente del Forum della Meritocrazia<\/p>\n<\/div><div class=\"special-heading-border\"><div class=\"special-heading-inner-border\"><\/div><\/div><\/div><\/p><\/div><div  class='flex_column av-h6pzdi-2ef170e83b599e0636a047e8d92a022d av_one_fourth  avia-builder-el-5  el_after_av_three_fourth  el_before_av_three_fourth  flex_column_div  '     ><div  class='avia-slideshow av-l2a5ygi8-6834182805d8c09bcbf95d1a577c4277 avia-slideshow-medium av_slideshow avia-slide-slider  avia-builder-el-6  avia-builder-el-no-sibling  av-slideshow-ui av-control-default av-slideshow-manual av-loop-once av-loop-manual-endless av-default-height-applied avia-slideshow-1' data-slideshow-options=\"{&quot;animation&quot;:&quot;slide&quot;,&quot;autoplay&quot;:false,&quot;loop_autoplay&quot;:&quot;once&quot;,&quot;interval&quot;:5,&quot;loop_manual&quot;:&quot;manual-endless&quot;,&quot;autoplay_stopper&quot;:false,&quot;noNavigation&quot;:false,&quot;bg_slider&quot;:false,&quot;keep_padding&quot;:false,&quot;hoverpause&quot;:false,&quot;show_slide_delay&quot;:0}\"  itemprop=\"image\" itemscope=\"itemscope\" itemtype=\"https:\/\/schema.org\/ImageObject\" ><ul class='avia-slideshow-inner ' style='padding-bottom: 120%;'><li  class='avia-slideshow-slide av-l2a5ygi8-6834182805d8c09bcbf95d1a577c4277__0  av-single-slide slide-1 slide-odd'><div data-rel='slideshow-1' class='avia-slide-wrap '   ><img decoding=\"async\" fetchpriority=\"high\" class=\"wp-image-5078 avia-img-lazy-loading-not-5078\"  src=\"https:\/\/www.promostudio.info\/wp-content\/uploads\/2023\/02\/Maria-Cristina-Origlia-250x300.jpg\" width=\"250\" height=\"300\" title='Maria-Cristina-Origlia' alt=''  itemprop=\"thumbnailUrl\" srcset=\"https:\/\/www.promostudio.info\/wp-content\/uploads\/2023\/02\/Maria-Cristina-Origlia-250x300.jpg 250w, https:\/\/www.promostudio.info\/wp-content\/uploads\/2023\/02\/Maria-Cristina-Origlia-588x705.jpg 588w, https:\/\/www.promostudio.info\/wp-content\/uploads\/2023\/02\/Maria-Cristina-Origlia-450x540.jpg 450w, https:\/\/www.promostudio.info\/wp-content\/uploads\/2023\/02\/Maria-Cristina-Origlia.jpg 600w\" sizes=\"(max-width: 250px) 100vw, 250px\" \/><\/div><\/li><\/ul><\/div><\/div><div class='flex_column_table av-gib7km-a6a10e2607dc29908183941ca0a9390b sc-av_three_fourth av-equal-height-column-flextable'><div  class='flex_column av-gib7km-a6a10e2607dc29908183941ca0a9390b av_three_fourth  avia-builder-el-7  el_after_av_one_fourth  el_before_av_one_fourth  first flex_column_table_cell av-equal-height-column av-align-top  column-top-margin'     ><\/div><div class='av-flex-placeholder'><\/div><div  class='flex_column av-ct8m5i-eeb3a61169cab6c3831e8464a99ad46c av_one_fourth  avia-builder-el-9  el_after_av_three_fourth  avia-builder-el-last  flex_column_table_cell av-equal-height-column av-align-top  column-top-margin'     ><\/div><\/div><!--close column table wrapper. Autoclose: 1 --><\/div><\/div><\/main><!-- close content main element --><\/div><\/div><\/div><div id='av_section_2'  class='avia-section av-bjgt5y-078ff197532446be3a9d4f6461440219 main_color avia-section-default avia-no-border-styling  avia-builder-el-10  el_after_av_section  avia-builder-el-last  avia-bg-style-scroll container_wrap sidebar_right'  ><div class='container av-section-cont-open' ><div class='template-page content  av-content-small alpha units'><div class='post-entry post-entry-type-page post-entry-5079'><div class='entry-content-wrapper clearfix'>\n\n<style type=\"text\/css\" data-created_by=\"avia_inline_auto\" id=\"style-css-av-98571y-1a7a977d63a27190e55f379c923423ac\">\n@keyframes av_boxShadowEffect_av-98571y-1a7a977d63a27190e55f379c923423ac-column {\n0%   { box-shadow:  0 0 0 0 #a8a8a8; opacity: 1; }\n100% { box-shadow:  0 0 10px 0 #a8a8a8; opacity: 1; }\n}\n.flex_column.av-98571y-1a7a977d63a27190e55f379c923423ac{\nbox-shadow: 0 0 10px 0 #a8a8a8;\nborder-width:1px;\nborder-color:#bfbfbf;\nborder-style:solid;\npadding:30px 30px 30px 30px;\nbackground-color:#ffffff;\n}\n<\/style>\n<div  class='flex_column av-98571y-1a7a977d63a27190e55f379c923423ac av_two_third  avia-builder-el-11  el_before_av_one_third  avia-builder-el-first  first flex_column_div shadow-not-animated  '     ><p>\n<style type=\"text\/css\" data-created_by=\"avia_inline_auto\" id=\"style-css-av-7wfqcm-d701c75a38ebf6b7e32b89002bcc5d88\">\n#top .av-special-heading.av-7wfqcm-d701c75a38ebf6b7e32b89002bcc5d88{\npadding-bottom:10px;\n}\nbody .av-special-heading.av-7wfqcm-d701c75a38ebf6b7e32b89002bcc5d88 .av-special-heading-tag .heading-char{\nfont-size:25px;\n}\n.av-special-heading.av-7wfqcm-d701c75a38ebf6b7e32b89002bcc5d88 .av-subheading{\nfont-size:15px;\n}\n<\/style>\n<div  class='av-special-heading av-7wfqcm-d701c75a38ebf6b7e32b89002bcc5d88 av-special-heading-h2 blockquote modern-quote  avia-builder-el-12  el_before_av_textblock  avia-builder-el-first '><h2 class='av-special-heading-tag '  itemprop=\"headline\"  >Main Topics:<\/h2><div class=\"special-heading-border\"><div class=\"special-heading-inner-border\"><\/div><\/div><\/div><br \/>\n<section  class='av_textblock_section av-l2a62z6k-a025c9ea19c0a690912fcb8456086b31 '   itemscope=\"itemscope\" itemtype=\"https:\/\/schema.org\/CreativeWork\" ><div class='avia_textblock'  itemprop=\"text\" ><ul>\n<li>Management: cultura manageriale per favorire la transizione digitale a green<\/li>\n<li>Lavoro: trasformazione del mondo del lavoro e modelli organizzativi emergenti<\/li>\n<li>Impact economy: evoluzione del capitalismo in nuovi modelli di sviluppo sostenibile<\/li>\n<li>Competitivit\u00e0 e meritocrazia: la valorizzazione del capitale umano di un paese\/azienda<\/li>\n<li>Sostenibilit\u00e0: dalla cultura aziendale alle strategie ESG oriented<\/li>\n<li>Pari opportunit\u00e0: il fattore strategico gender equality nelle policy Hr<\/li>\n<li>Diversity Equity &amp; Inclusion: policy meritocratiche per favorire l&#8217;equit\u00e0 non solo di genere<\/li>\n<\/ul>\n<\/div><\/section><br \/>\n\n<style type=\"text\/css\" data-created_by=\"avia_inline_auto\" id=\"style-css-av-59j0t2-aca3e2caf84d1cd2ae8243ede78df6b7\">\n#top .av-special-heading.av-59j0t2-aca3e2caf84d1cd2ae8243ede78df6b7{\npadding-bottom:10px;\n}\nbody .av-special-heading.av-59j0t2-aca3e2caf84d1cd2ae8243ede78df6b7 .av-special-heading-tag .heading-char{\nfont-size:25px;\n}\n.av-special-heading.av-59j0t2-aca3e2caf84d1cd2ae8243ede78df6b7 .av-subheading{\nfont-size:15px;\n}\n<\/style>\n<div  class='av-special-heading av-59j0t2-aca3e2caf84d1cd2ae8243ede78df6b7 av-special-heading-h2 blockquote modern-quote  avia-builder-el-14  el_after_av_textblock  el_before_av_textblock '><h2 class='av-special-heading-tag '  itemprop=\"headline\"  >Professional Profile:<\/h2><div class=\"special-heading-border\"><div class=\"special-heading-inner-border\"><\/div><\/div><\/div><br \/>\n<section  class='av_textblock_section av-l2a640vs-5ab767d7a79b2fb956a8d4effc0b13c4 '   itemscope=\"itemscope\" itemtype=\"https:\/\/schema.org\/CreativeWork\" ><div class='avia_textblock'  itemprop=\"text\" ><p>Maria Cristina Origlia, giornalista socio-economica dal 2002, con esperienza di direzione editoriale di magazine, contenuti web, video, collane di libri, saggista e opinionista, che da sempre si distingue per una lettura sistemica e innovativa dell&#8217;attualit\u00e0.<\/p>\n<p>Ha sviluppato una forte competenza nell&#8217;evoluzione della governance e della cultura manageriale in ottica sostenibile, costruita in vent&#8217;anni di lavoro al Sole 24 Ore, di cui otto da capo-redattrice del magazine \u201cL\u2019Impresa\u201d, la pi\u00f9 antica rivista di management italiana. Da tempo \u00e8 impegnata in un&#8217;intensa attivit\u00e0 convegnistica, di dibattiti e talk, sia come speaker sia come chairman in contesti prestigiosi. Ha guidato uno dei primi blog dedicati alla sostenibilit\u00e0 in Italia (\u201cAvoicomunicare\u201d di Telecom Italia) e ha condotto alcune rubriche televisive, tra cui \u201cCircular economy\u201d e \u201cLeadership\u201d per Reteconomy\/Sky.<\/p>\n<p>Oggi \u00e8 considerata un&#8217;opinionista sui temi relativi all&#8217;innovazione culturale e organizzativa necessaria per operare la transizione digitale e green nelle aziende e nella Pa. Di questo scrive sul blog Alley Oop-Sole 24 Ore, su Il Dirigente, Progetto Manager e Divercity, e parla in diversi contesti pubblici. Grazie alla sua reputation, \u00e8 membro del Comitato scientifico dell&#8217;Osservatorio sul Lavoro sostenibile di Gi Group e dell&#8217;Advisory Board del master COM.FIL.DEC (Competenze filosofiche per le decisioni economiche) dell&#8217;Universit\u00e0 Cattolica. Di recente ha ideato un format orginale che contamia diversi linguaggi in un contesto teatrale, dal titolo \u201cSHAKE. Un&#8217;altra idea di futuro, che ha riscosso molto successo nella community di CFMT-Manageritalia.<\/p>\n<p>Inoltre, in qualit\u00e0 di Presidente del Forum della Meritocrazia, \u00e8 impegna nella diffusione della Cultura del Merito in Italia, attraverso progetti innovativi a forte impatto sociale, che si rivolgono ai giovani, alle organizzazioni e alle Istituzioni. Un tema strettamente legato alla valorizzazione del capitale umano, alla base dell&#8217;economia della conoscenza del XXI secolo, di cui ha parlato nel suo primo libro Questione di Merito. Dieci proposte per l&#8217;Italia (Guerini, 2020).<\/p>\n<p>Ha una formazione classica, una laurea in Economia e Commercio all&#8217;Universit\u00e0 Cattolica di Milano e un master estivo presso la London School of Economics, ma il suo apprendimento \u00e8 continuo. Di recente, \u00e8 stata alunna di IntheBoardroom di Valore D, del corso Designing Your Life della Stanford University, a NYC, e di RestartHer, corso di progettazione imprenditoriale.<\/p>\n<p>Per passione, ha co-fondato il Festival letterario della citt\u00e0 di Biella, #fuoriluogo, di cui \u00e8 membro del Comitato direttivo.<\/p>\n<\/div><\/section><\/p><\/div><div  class='flex_column av-4w01xy-96bc4f5ef1b9968a448bcc60f0143dc6 av_one_third  avia-builder-el-16  el_after_av_two_third  avia-builder-el-last  flex_column_div  '     ><div  class='avia-builder-widget-area clearfix  avia-builder-el-17  avia-builder-el-no-sibling '><div id=\"custom_html-3\" class=\"widget_text widget clearfix widget_custom_html\"><div class=\"textwidget custom-html-widget\">\n<style type=\"text\/css\" data-created_by=\"avia_inline_auto\" id=\"style-css-av-dskg1y-7640993e4bf78f89128063a9fecf1497\">\n.av_promobox.av-dskg1y-7640993e4bf78f89128063a9fecf1497{\ncolor:#ffffff;\nbackground:#444444;\nborder-color:#333333;\n}\n<\/style>\n<div  class='av_promobox av-dskg1y-7640993e4bf78f89128063a9fecf1497 avia-button-no'><div class='avia-promocontent'><h3 style=\"text-align: center;\"><span style=\"color: #ffffff;\">To know costs and availability<\/span><\/h3>\n<\/div><\/div>\r\n<form action=\"https:\/\/www.promostudio.info\/en\/speakers\/origlia-maria-cristina\/\" method=\"post\" data-fields-with-error=\"Found errors in the following field(s):\" class=\"avia_ajax_form av-form-labels-hidden    \" data-avia-form-id=\"1\" data-avia-redirect='' ><h3 class=''>Fill out the form<\/h3><fieldset><p class='  first_form  form_element form_element_half' id='element_avia_1_1'><label for=\"avia_1_1\">Name <abbr class=\"required\" title=\"required\">*<\/abbr><\/label> <input name=\"avia_1_1\" class=\"text_input is_empty\" type=\"text\" id=\"avia_1_1\" value=\"\"  placeholder='Name*'\/><\/p><p class='  form_element form_element_half' id='element_avia_2_1'><label for=\"avia_2_1\">Surname <abbr class=\"required\" title=\"required\">*<\/abbr><\/label> <input name=\"avia_2_1\" class=\"text_input is_empty\" type=\"text\" id=\"avia_2_1\" value=\"\"  placeholder='Surname*'\/><\/p><p class='  first_form  form_element form_fullwidth' id='element_avia_3_1'><label for=\"avia_3_1\">Company <abbr class=\"required\" title=\"required\">*<\/abbr><\/label> <input name=\"avia_3_1\" class=\"text_input is_empty\" type=\"text\" id=\"avia_3_1\" value=\"\"  placeholder='Company*'\/><\/p><p class='  first_form  form_element form_element_half' id='element_avia_4_1'><label for=\"avia_4_1\">E-mail <abbr class=\"required\" title=\"required\">*<\/abbr><\/label> <input name=\"avia_4_1\" class=\"text_input is_email\" type=\"text\" id=\"avia_4_1\" value=\"\"  placeholder='E-mail*'\/><\/p><p class='  form_element form_element_half' id='element_avia_5_1'><label for=\"avia_5_1\">Phone <abbr class=\"required\" title=\"required\">*<\/abbr><\/label> <input name=\"avia_5_1\" class=\"text_input is_number\" type=\"text\" id=\"avia_5_1\" value=\"\"  placeholder='Phone*'\/><\/p><p class='  first_form  form_element form_fullwidth' id='element_avia_6_1'><label for=\"avia_6_1\">Speaker of your interest <abbr class=\"required\" title=\"required\">*<\/abbr><\/label> <input name=\"avia_6_1\" class=\"text_input is_empty\" type=\"text\" id=\"avia_6_1\" value=\"\"  placeholder='Speaker of your interest*'\/><\/p><p class='  first_form  form_element form_fullwidth' id='element_avia_7_1'><label for=\"avia_7_1\" class=\"textare_label hidden textare_label_avia_7_1\">Message <abbr class=\"required\" title=\"required\">*<\/abbr><\/label><textarea  placeholder='Message*' name=\"avia_7_1\" class=\"text_area is_empty\" cols=\"40\" rows=\"7\" id=\"avia_7_1\" ><\/textarea><\/p><p class=\"hidden\"><input type=\"text\" name=\"avia_8_1\" class=\"hidden \" id=\"avia_8_1\" value=\"\" \/><\/p><p class=' av_form_privacy_check av_contact_privacy_check first_form  form_element form_fullwidth' id='element_avia_9_1'><input  name=\"avia_9_1\" class=\"input_checkbox is_empty\" type=\"checkbox\" id=\"avia_9_1\" value=\"true\"\/><label class=\"input_checkbox_label\" for=\"avia_9_1\">I consent to the processing of my data according to our <a href='https:\/\/www.promostudio.info\/privacy-policy\/' target='_blank'>Privacy Policy<\/a> (GDPR Ue 2016\/679) <abbr class=\"required\" title=\"required\">*<\/abbr><\/label><\/p><p class=\"form_element \"><input type=\"hidden\" value=\"1\" name=\"avia_generated_form1\" \/><input type=\"submit\" value=\"Submit your request\" class=\"button\"  data-sending-label=\"Sending\"\/><\/p><\/fieldset><\/form><div id=\"ajaxresponse_1\" class=\"ajaxresponse ajaxresponse_1 hidden\"><\/div><\/div><\/div><\/div><\/div><\/div><\/div><\/div><!-- close content main div --><\/div><\/div><div id='after_section_2'  class='main_color av_default_container_wrap container_wrap sidebar_right'  ><div class='container av-section-cont-open' ><div class='template-page content  av-content-small alpha units'><div class='post-entry post-entry-type-page post-entry-5079'><div class='entry-content-wrapper clearfix'><\/p>\n","protected":false},"excerpt":{"rendered":"","protected":false},"featured_media":5078,"comment_status":"closed","ping_status":"closed","template":"","meta":[],"product_brand":[],"product_cat":[61,62],"product_tag":[],"class_list":{"0":"post-5079","1":"product","2":"type-product","3":"status-publish","4":"has-post-thumbnail","6":"product_cat-management-en","7":"product_cat-ethics-sustainability","9":"first","10":"instock","11":"shipping-taxable","12":"product-type-simple"},"_links":{"self":[{"href":"https:\/\/www.promostudio.info\/en\/wp-json\/wp\/v2\/product\/5079","targetHints":{"allow":["GET"]}}],"collection":[{"href":"https:\/\/www.promostudio.info\/en\/wp-json\/wp\/v2\/product"}],"about":[{"href":"https:\/\/www.promostudio.info\/en\/wp-json\/wp\/v2\/types\/product"}],"replies":[{"embeddable":true,"href":"https:\/\/www.promostudio.info\/en\/wp-json\/wp\/v2\/comments?post=5079"}],"wp:featuredmedia":[{"embeddable":true,"href":"https:\/\/www.promostudio.info\/en\/wp-json\/wp\/v2\/media\/5078"}],"wp:attachment":[{"href":"https:\/\/www.promostudio.info\/en\/wp-json\/wp\/v2\/media?parent=5079"}],"wp:term":[{"taxonomy":"product_brand","embeddable":true,"href":"https:\/\/www.promostudio.info\/en\/wp-json\/wp\/v2\/product_brand?post=5079"},{"taxonomy":"product_cat","embeddable":true,"href":"https:\/\/www.promostudio.info\/en\/wp-json\/wp\/v2\/product_cat?post=5079"},{"taxonomy":"product_tag","embeddable":true,"href":"https:\/\/www.promostudio.info\/en\/wp-json\/wp\/v2\/product_tag?post=5079"}],"curies":[{"name":"wp","href":"https:\/\/api.w.org\/{rel}","templated":true}]}}