{"id":5171,"date":"2023-03-20T16:33:41","date_gmt":"2023-03-20T15:33:41","guid":{"rendered":"https:\/\/www.promostudio.info\/speakers\/ghedina-kristian\/"},"modified":"2023-03-20T16:45:33","modified_gmt":"2023-03-20T15:45:33","slug":"ghedina-kristian","status":"publish","type":"product","link":"https:\/\/www.promostudio.info\/en\/speakers\/ghedina-kristian\/","title":{"rendered":"Ghedina, Kristian"},"content":{"rendered":"\n<style type=\"text\/css\" data-created_by=\"avia_inline_auto\" id=\"style-css-av-z1iexs-1bb2062085c6eb9a74ff3567c0902bd5\">\n.avia-section.av-z1iexs-1bb2062085c6eb9a74ff3567c0902bd5{\nbackground-color:#ededed;\nbackground-image:url(https:\/\/www.promostudio.info\/wp-content\/uploads\/2021\/01\/Professional-Speakers-650x380-1.jpg);\nbackground-repeat:no-repeat;\nbackground-position:50% 100%;\nbackground-attachment:fixed;\n}\n.avia-section.av-z1iexs-1bb2062085c6eb9a74ff3567c0902bd5 .av-section-color-overlay{\nopacity:0.8;\nbackground-color:#0a0a0a;\n}\n<\/style>\n<div id='av_section_1'  class='avia-section av-z1iexs-1bb2062085c6eb9a74ff3567c0902bd5 main_color avia-section-default avia-no-border-styling  avia-builder-el-0  el_before_av_section  avia-builder-el-first  avia-full-stretch avia-bg-style-fixed av-section-color-overlay-active av-minimum-height av-minimum-height-50 av-height-50  container_wrap sidebar_right'  data-section-bg-repeat='stretch' data-av_minimum_height_pc='50' data-av_min_height_opt='50'><div class=\"av-section-color-overlay-wrap\"><div class=\"av-section-color-overlay\"><\/div><div class='container av-section-cont-open' ><main  role=\"main\" itemprop=\"mainContentOfPage\"  class='template-page content  av-content-small alpha units'><div class='post-entry post-entry-type-page post-entry-5171'><div class='entry-content-wrapper clearfix'>\n<div  class='flex_column av-xprnxs-ae39e17f39626584e6a38ac5941aeca5 av_three_fourth  avia-builder-el-1  el_before_av_one_fourth  avia-builder-el-first  first flex_column_div  '     ><p>\n<style type=\"text\/css\" data-created_by=\"avia_inline_auto\" id=\"style-css-av-wuywtc-38edc7e43ec5bfe275b7495315d9d352\">\n#top .av-special-heading.av-wuywtc-38edc7e43ec5bfe275b7495315d9d352{\npadding-bottom:10px;\ncolor:#ffffff;\n}\nbody .av-special-heading.av-wuywtc-38edc7e43ec5bfe275b7495315d9d352 .av-special-heading-tag .heading-char{\nfont-size:25px;\n}\n.av-special-heading.av-wuywtc-38edc7e43ec5bfe275b7495315d9d352 .special-heading-inner-border{\nborder-color:#ffffff;\n}\n.av-special-heading.av-wuywtc-38edc7e43ec5bfe275b7495315d9d352 .av-subheading{\nfont-size:15px;\n}\n<\/style>\n<div  class='av-special-heading av-wuywtc-38edc7e43ec5bfe275b7495315d9d352 av-special-heading-h1 custom-color-heading blockquote modern-quote  avia-builder-el-2  el_before_av_hr  avia-builder-el-first '><h1 class='av-special-heading-tag '  itemprop=\"headline\"  >Kristian Ghedina<\/h1><div class=\"special-heading-border\"><div class=\"special-heading-inner-border\"><\/div><\/div><\/div><br \/>\n<div  class='hr av-v0dksw-66cc5c19255dc736b80d9a4d50633c1b hr-default  avia-builder-el-3  el_after_av_heading  el_before_av_heading '><span class='hr-inner '><span class=\"hr-inner-style\"><\/span><\/span><\/div><br \/>\n\n<style type=\"text\/css\" data-created_by=\"avia_inline_auto\" id=\"style-css-av-tofbqo-a5e616a486e95425c66d4fbaedccaed7\">\n#top .av-special-heading.av-tofbqo-a5e616a486e95425c66d4fbaedccaed7{\npadding-bottom:10px;\ncolor:#ffffff;\n}\nbody .av-special-heading.av-tofbqo-a5e616a486e95425c66d4fbaedccaed7 .av-special-heading-tag .heading-char{\nfont-size:25px;\n}\n.av-special-heading.av-tofbqo-a5e616a486e95425c66d4fbaedccaed7 .special-heading-inner-border{\nborder-color:#ffffff;\n}\n.av-special-heading.av-tofbqo-a5e616a486e95425c66d4fbaedccaed7 .av-subheading{\nfont-size:15px;\n}\n<\/style>\n<div  class='av-special-heading av-tofbqo-a5e616a486e95425c66d4fbaedccaed7 av-special-heading-h3 custom-color-heading blockquote modern-quote  avia-builder-el-4  el_after_av_hr  avia-builder-el-last '><h3 class='av-special-heading-tag '  itemprop=\"headline\"  >Ex sciatore alpino <\/h3><div class='av_custom_color av-subheading av-subheading_below'><p>Allenatore di sci alpino  e pilota automobilistico, attuale pilota offshore e speaker<\/p>\n<\/div><div class=\"special-heading-border\"><div class=\"special-heading-inner-border\"><\/div><\/div><\/div><\/p><\/div><div  class='flex_column av-rp7o2o-0b4eed55e723fe3ed86969a0852acbb0 av_one_fourth  avia-builder-el-5  el_after_av_three_fourth  el_before_av_three_fourth  flex_column_div  '     ><div  class='avia-slideshow av-l4xvffjf-98ba64f7e8bd061eaf832d510252ccec avia-slideshow-medium av_slideshow avia-slide-slider  avia-builder-el-6  avia-builder-el-no-sibling  av-slideshow-ui av-control-default av-slideshow-manual av-loop-once av-loop-manual-endless av-default-height-applied avia-slideshow-1' data-slideshow-options=\"{&quot;animation&quot;:&quot;slide&quot;,&quot;autoplay&quot;:false,&quot;loop_autoplay&quot;:&quot;once&quot;,&quot;interval&quot;:5,&quot;loop_manual&quot;:&quot;manual-endless&quot;,&quot;autoplay_stopper&quot;:false,&quot;noNavigation&quot;:false,&quot;bg_slider&quot;:false,&quot;keep_padding&quot;:false,&quot;hoverpause&quot;:false,&quot;show_slide_delay&quot;:0}\"  itemprop=\"image\" itemscope=\"itemscope\" itemtype=\"https:\/\/schema.org\/ImageObject\" ><ul class='avia-slideshow-inner ' style='padding-bottom: 120%;'><li  class='avia-slideshow-slide av-l4xvffjf-98ba64f7e8bd061eaf832d510252ccec__0  av-single-slide slide-1 slide-odd'><a href=\"https:\/\/www.promostudio.info\/wp-content\/uploads\/2023\/03\/Kristian-Ghedina.jpg\" data-srcset=\"https:\/\/www.promostudio.info\/wp-content\/uploads\/2023\/03\/Kristian-Ghedina.jpg 600w, https:\/\/www.promostudio.info\/wp-content\/uploads\/2023\/03\/Kristian-Ghedina-250x300.jpg 250w, https:\/\/www.promostudio.info\/wp-content\/uploads\/2023\/03\/Kristian-Ghedina-588x705.jpg 588w, https:\/\/www.promostudio.info\/wp-content\/uploads\/2023\/03\/Kristian-Ghedina-450x540.jpg 450w\" data-sizes=\"(max-width: 600px) 100vw, 600px\"  data-rel='slideshow-1' class='avia-slide-wrap '   ><img decoding=\"async\" fetchpriority=\"high\" class=\"wp-image-5170 avia-img-lazy-loading-not-5170\"  src=\"https:\/\/www.promostudio.info\/wp-content\/uploads\/2023\/03\/Kristian-Ghedina-250x300.jpg\" width=\"250\" height=\"300\" title='Kristian Ghedina' alt=''  itemprop=\"thumbnailUrl\" srcset=\"https:\/\/www.promostudio.info\/wp-content\/uploads\/2023\/03\/Kristian-Ghedina-250x300.jpg 250w, https:\/\/www.promostudio.info\/wp-content\/uploads\/2023\/03\/Kristian-Ghedina-588x705.jpg 588w, https:\/\/www.promostudio.info\/wp-content\/uploads\/2023\/03\/Kristian-Ghedina-450x540.jpg 450w, https:\/\/www.promostudio.info\/wp-content\/uploads\/2023\/03\/Kristian-Ghedina.jpg 600w\" sizes=\"(max-width: 250px) 100vw, 250px\" \/><\/a><\/li><\/ul><\/div><\/div><div class='flex_column_table av-q163ps-bb045c8749ce31d3f19f51009dac007b sc-av_three_fourth av-equal-height-column-flextable'><div  class='flex_column av-q163ps-bb045c8749ce31d3f19f51009dac007b av_three_fourth  avia-builder-el-7  el_after_av_one_fourth  el_before_av_one_fourth  first flex_column_table_cell av-equal-height-column av-align-top  column-top-margin'     ><\/div><div class='av-flex-placeholder'><\/div><div  class='flex_column av-mestds-7037e31806e7407b081ba6c3fd1db232 av_one_fourth  avia-builder-el-9  el_after_av_three_fourth  avia-builder-el-last  flex_column_table_cell av-equal-height-column av-align-top  column-top-margin'     ><\/div><\/div><!--close column table wrapper. Autoclose: 1 --><\/div><\/div><\/main><!-- close content main element --><\/div><\/div><\/div><div id='av_section_2'  class='avia-section av-kzhogw-335078aec702b3b9988e4aa31239b509 main_color avia-section-default avia-no-border-styling  avia-builder-el-10  el_after_av_section  avia-builder-el-last  avia-bg-style-scroll container_wrap sidebar_right'  ><div class='container av-section-cont-open' ><div class='template-page content  av-content-small alpha units'><div class='post-entry post-entry-type-page post-entry-5171'><div class='entry-content-wrapper clearfix'>\n\n<style type=\"text\/css\" data-created_by=\"avia_inline_auto\" id=\"style-css-av-imkmgg-06577b701f18f163238a90b582b8177f\">\n@keyframes av_boxShadowEffect_av-imkmgg-06577b701f18f163238a90b582b8177f-column {\n0%   { box-shadow:  0 0 0 0 #a8a8a8; opacity: 1; }\n100% { box-shadow:  0 0 10px 0 #a8a8a8; opacity: 1; }\n}\n.flex_column.av-imkmgg-06577b701f18f163238a90b582b8177f{\nbox-shadow: 0 0 10px 0 #a8a8a8;\nborder-width:1px;\nborder-color:#bfbfbf;\nborder-style:solid;\npadding:30px 30px 30px 30px;\nbackground-color:#ffffff;\n}\n<\/style>\n<div  class='flex_column av-imkmgg-06577b701f18f163238a90b582b8177f av_two_third  avia-builder-el-11  el_before_av_one_third  avia-builder-el-first  first flex_column_div shadow-not-animated  '     ><p>\n<style type=\"text\/css\" data-created_by=\"avia_inline_auto\" id=\"style-css-av-hgc4sw-33dd7013c32c97e97981c89cd6838671\">\n#top .av-special-heading.av-hgc4sw-33dd7013c32c97e97981c89cd6838671{\npadding-bottom:10px;\n}\nbody .av-special-heading.av-hgc4sw-33dd7013c32c97e97981c89cd6838671 .av-special-heading-tag .heading-char{\nfont-size:25px;\n}\n.av-special-heading.av-hgc4sw-33dd7013c32c97e97981c89cd6838671 .av-subheading{\nfont-size:15px;\n}\n<\/style>\n<div  class='av-special-heading av-hgc4sw-33dd7013c32c97e97981c89cd6838671 av-special-heading-h2 blockquote modern-quote  avia-builder-el-12  el_before_av_textblock  avia-builder-el-first '><h2 class='av-special-heading-tag '  itemprop=\"headline\"  >Main Topics:<\/h2><div class=\"special-heading-border\"><div class=\"special-heading-inner-border\"><\/div><\/div><\/div><br \/>\n<section  class='av_textblock_section av-1lsni8-636cb119914f11a3d7cedaa88d48834f '   itemscope=\"itemscope\" itemtype=\"https:\/\/schema.org\/CreativeWork\" ><div class='avia_textblock'  itemprop=\"text\" ><ul>\n<li>Motivazione<\/li>\n<li>Sacrificio, sforzo fisico e mentale per il raggiungimento degli obiettivi<\/li>\n<li>Leadership e mentalit\u00e0 vincente<\/li>\n<li>Cambiamento<\/li>\n<li>Leadership e mentalit\u00e0 vincente del Team<\/li>\n<li>Resilienza<\/li>\n<li>La sua attivit\u00e0 sportiva agonistica , che spazia dallo sci , motociclismo, automobilismo e motonautica<\/li>\n<\/ul>\n<\/div><\/section><br \/>\n\n<style type=\"text\/css\" data-created_by=\"avia_inline_auto\" id=\"style-css-av-erbjs0-669d96b68c27a1c406287cd10213b749\">\n#top .av-special-heading.av-erbjs0-669d96b68c27a1c406287cd10213b749{\npadding-bottom:10px;\n}\nbody .av-special-heading.av-erbjs0-669d96b68c27a1c406287cd10213b749 .av-special-heading-tag .heading-char{\nfont-size:25px;\n}\n.av-special-heading.av-erbjs0-669d96b68c27a1c406287cd10213b749 .av-subheading{\nfont-size:15px;\n}\n<\/style>\n<div  class='av-special-heading av-erbjs0-669d96b68c27a1c406287cd10213b749 av-special-heading-h2 blockquote modern-quote  avia-builder-el-14  el_after_av_textblock  el_before_av_textblock '><h2 class='av-special-heading-tag '  itemprop=\"headline\"  >Professional Profile:<\/h2><div class=\"special-heading-border\"><div class=\"special-heading-inner-border\"><\/div><\/div><\/div><br \/>\n<section  class='av_textblock_section av-czalds-ba283edb6eec292df5d5ed4cf6446f04 '   itemscope=\"itemscope\" itemtype=\"https:\/\/schema.org\/CreativeWork\" ><div class='avia_textblock'  itemprop=\"text\" ><p>Ghedo per tutti, Kristian nasce a Cortina d\u2019Ampezzo, nel cuore delle Dolomiti, ed eredita la passione dello sci dalla madre, prima storica maestra di sci di Cortina. Discesista, \u00e8 stato uno degli atleti di punta della nazionale azzurra negli anni &#8217;90.La stagione agonistica che lo ha lanciato nell&#8217;olimpo della discesa libera risale al 1990-91, quando il giovane e impetuoso ampezzano centr\u00f2 in Val Gardena il primo podio. Quell&#8217;anno colse due vittorie, la prima attraverso memorabili discese su quelle &#8220;Tofane&#8221; che conosceva cos\u00ec bene e che sono quasi la sua seconda casa, poi con irresistibili vittorie in Svezia ad Are.<\/p>\n<p>Purtroppo un&#8217;infortunio a met\u00e0 stagione gli fa saltare la parte centrale del circuito, annullandogli di fatto la possibilit\u00e0 di competere per la Coppa di specialit\u00e0. Ma i guai non finiscono qua, il destino sembra accanirgisi contro. Inarrestabile sulle piste da sci, viene fermato nella pi\u00f9 prosaica e meno affascinante autostrada, una &#8220;pista&#8221; grigia e monotona che sa riservare amare sorprese anche a quelli abituati alle velocit\u00e0 pi\u00f9 folli. Nel 1993, infatti, un grave incidente automobilistico non gli permette di affrontare altre gare e di affermarsi definitivamente.<\/p>\n<p>Costretto a letto, inattivo ma indomito, sogna di tornare presto ad inforcare gli sci e di prendersi la meritata rivincita. Nel 1995 per\u00f2, quando riappare sulle piste, \u00e8 lecito domandarsi se due anni di ferma forzata non possano aver influito in modo irreparabile sulla sua tempra. Fortunatamente torna a vincere a Wengen, diventando anzi il punto di riferimento della leggendaria squadra azzurra di discesa, l&#8217;Italia (soprannominata &#8220;Italjet&#8221;, un appellativo che dice tutto), di mostri sacri come Runggaldier, Vitalini e Perathoner.<\/p>\n<p>A partire da quel trionfo collezioner\u00e0 altri nove successi (tra cui un Super-G), diventando con &#8220;Lucio&#8221; Alphand (suo caro amico), Franz Heinzer ed Hermann Maier, tra i pi\u00f9 forti discesisti dal 1990; il Francese, per\u00f2, per pochi punti, avrebbe poi soffiato la Coppa di discesa al talentuoso collega ampezzano.<\/p>\n<p>Ma quali sono le caratteristiche che hanno reso cos\u00ec forte lo sciatore bellunese? A detta degli esperti, la caratteristica che lo ha reso un campione, \u00e8 la &#8220;scorrevolezza&#8221;: pochi al mondo sanno ridurre al minimo gli attriti sulla neve. Anche per questo, ai tracciati assai angolati e ghiacciati, predilige la neve morbida e i curvoni veloci. Soffre la scarsa visibilit\u00e0; d&#8217;altronde senza veder bene la fisionomia del tracciato non pu\u00f2 assecondarlo e accarezzarlo come sa.<\/p>\n<p>Ghedina ha vinto quasi tutte le classiche, ma tra le sue vittorie ricordiamo, in un breve riassunto, quando nel 1998 dom\u00f2 la Streif di Kitz, la Discesa per antonomasia, e il tris sulla Saslong della Val Gardena. Pi\u00f9 volte campione italiano di libera e Super-G, ha conquistato il bronzo ai mondiali di Saalbach nel 1991 in combinata, il bronzo ai mondiali del Sestriere nel 1997 in discesa e l&#8217;argento in discesa nel 1996 a Sierra Nevada.<\/p>\n<p>Da quel lontano 1998, per\u00f2, la carriera di Ghedina non ha pi\u00f9 visto altri fulgidi esempi di gare condotte alla grande, in un preoccupante stand-by agonistico. Un infortunio avuto in Argentina durante un allenamento estivo ha poi tenuto il campione ampezzano lontano dalle piste di gara del circuito di Coppa del Mondo.<\/p>\n<p>Nel 2002, dopo tante delusioni, Kristian Ghedina \u00e8 tornato alla vittoria. L&#8217;azzurro ha fatto sua la gara di super-G ai Campionati italiani di sci alpino di Piancavallo (Pordenone). Si tratta del suo nono titolo tricolore, il terzo in super-G (gli altri sei li ha conquistati nella discesa libera), a dodici anni dal primo, conquistato nel 1990.<\/p>\n<p>Nella stagione 2005\/2006 \u00e8 stato l&#8217;atleta pi\u00f9 anziano tra i partecipanti alla Coppa del Mondo di sci alpino, la sedicesima per lui. Per un breve periodo ha persino detenuto il record assoluto di atleta pi\u00f9 anziano, salito sul podio di Coppa del Mondo.<\/p>\n<p>Il 26 aprile 2006 ha annunciato il ritiro dalle gare di sci per dedicarsi all&#8217;automobilismo, tanto per dimostrare che per lui la velocit\u00e0 \u00e8 una necessit\u00e0 quasi fisiologica.<\/p>\n<p>Gi\u00e0 in passato appassionato di MOTORI , Debutta in F.3000 International Masters 2006 a bordo di una Lola B99\/50 della scuderia Bigazzi, corre nel Campionato Italiano Superturismo , Partecipa per 4 anni al campionato europeo Superstars \u00a0Series \u00a0con il team BMW , Ha esordito anche nel Porsche Supercup, con il Morellato Stars Team. Si ritira dalle corse nell&#8217;estate del 2011.<\/p>\n<p>Negli anni seguenti lavora come allenatore nelle specialit\u00e0 sciistiche di velocit\u00e0: discesa libera, e superG. Il suo allievo di punta \u00e8 il campione croato dello sci alpino Ivica Kosteli\u0107. Nel 2014 Kristian Ghedina fonda una scuola sci a Cortina d&#8217;Ampezzo. Nel 2021 \u00e8 <strong>Ambassador<\/strong> dei campionati mondiali \u00a0Invernali che si svolgono proprio a Cortina.<\/p>\n<p>Nel 2021 partecipa al campionato Italiano automobilistico con la LEGEND CARS concludendo al Settimo posto.<\/p>\n<p>Nel 2022 Debutta nel campionato mondiale\/europeo\/italiano di Offshore con il pluricampione Giampaolo Montavoci diventando campioni europei.<\/p>\n<p>Nella stagione 2023 ripeter\u00e0 il campionato e cercher\u00e0 di difendere l&#8217;europeo e cercher\u00e0 di conquistare il mondiale con una nuova Barca.<\/p>\n<p>Kristian Ghedina, inoltre, ha confermato la sua partecipazione al prologo della Venezia \u2013 Montecarlo con il team Tornado 01 \u00a0con lui ci sar\u00e0 anche Alberto Tomba.<\/p>\n<\/div><\/section><\/p><\/div><div  class='flex_column av-3k88dc-fde391875317a822347a2b1df64d8419 av_one_third  avia-builder-el-16  el_after_av_two_third  avia-builder-el-last  flex_column_div  '     ><div  class='avia-builder-widget-area clearfix  avia-builder-el-17  avia-builder-el-no-sibling '><div id=\"custom_html-3\" class=\"widget_text widget clearfix widget_custom_html\"><div class=\"textwidget custom-html-widget\">\n<style type=\"text\/css\" data-created_by=\"avia_inline_auto\" id=\"style-css-av-dskg1y-7640993e4bf78f89128063a9fecf1497\">\n.av_promobox.av-dskg1y-7640993e4bf78f89128063a9fecf1497{\ncolor:#ffffff;\nbackground:#444444;\nborder-color:#333333;\n}\n<\/style>\n<div  class='av_promobox av-dskg1y-7640993e4bf78f89128063a9fecf1497 avia-button-no'><div class='avia-promocontent'><h3 style=\"text-align: center;\"><span style=\"color: #ffffff;\">To know costs and availability<\/span><\/h3>\n<\/div><\/div>\r\n<form action=\"https:\/\/www.promostudio.info\/en\/speakers\/ghedina-kristian\/\" method=\"post\" data-fields-with-error=\"Found errors in the following field(s):\" class=\"avia_ajax_form av-form-labels-hidden    \" data-avia-form-id=\"1\" data-avia-redirect='' ><h3 class=''>Fill out the form<\/h3><fieldset><p class='  first_form  form_element form_element_half' id='element_avia_1_1'><label for=\"avia_1_1\">Name <abbr class=\"required\" title=\"required\">*<\/abbr><\/label> <input name=\"avia_1_1\" class=\"text_input is_empty\" type=\"text\" id=\"avia_1_1\" value=\"\"  placeholder='Name*'\/><\/p><p class='  form_element form_element_half' id='element_avia_2_1'><label for=\"avia_2_1\">Surname <abbr class=\"required\" title=\"required\">*<\/abbr><\/label> <input name=\"avia_2_1\" class=\"text_input is_empty\" type=\"text\" id=\"avia_2_1\" value=\"\"  placeholder='Surname*'\/><\/p><p class='  first_form  form_element form_fullwidth' id='element_avia_3_1'><label for=\"avia_3_1\">Company <abbr class=\"required\" title=\"required\">*<\/abbr><\/label> <input name=\"avia_3_1\" class=\"text_input is_empty\" type=\"text\" id=\"avia_3_1\" value=\"\"  placeholder='Company*'\/><\/p><p class='  first_form  form_element form_element_half' id='element_avia_4_1'><label for=\"avia_4_1\">E-mail <abbr class=\"required\" title=\"required\">*<\/abbr><\/label> <input name=\"avia_4_1\" class=\"text_input is_email\" type=\"text\" id=\"avia_4_1\" value=\"\"  placeholder='E-mail*'\/><\/p><p class='  form_element form_element_half' id='element_avia_5_1'><label for=\"avia_5_1\">Phone <abbr class=\"required\" title=\"required\">*<\/abbr><\/label> <input name=\"avia_5_1\" class=\"text_input is_number\" type=\"text\" id=\"avia_5_1\" value=\"\"  placeholder='Phone*'\/><\/p><p class='  first_form  form_element form_fullwidth' id='element_avia_6_1'><label for=\"avia_6_1\">Speaker of your interest <abbr class=\"required\" title=\"required\">*<\/abbr><\/label> <input name=\"avia_6_1\" class=\"text_input is_empty\" type=\"text\" id=\"avia_6_1\" value=\"\"  placeholder='Speaker of your interest*'\/><\/p><p class='  first_form  form_element form_fullwidth' id='element_avia_7_1'><label for=\"avia_7_1\" class=\"textare_label hidden textare_label_avia_7_1\">Message <abbr class=\"required\" title=\"required\">*<\/abbr><\/label><textarea  placeholder='Message*' name=\"avia_7_1\" class=\"text_area is_empty\" cols=\"40\" rows=\"7\" id=\"avia_7_1\" ><\/textarea><\/p><p class=\"hidden\"><input type=\"text\" name=\"avia_8_1\" class=\"hidden \" id=\"avia_8_1\" value=\"\" \/><\/p><p class=' av_form_privacy_check av_contact_privacy_check first_form  form_element form_fullwidth' id='element_avia_9_1'><input  name=\"avia_9_1\" class=\"input_checkbox is_empty\" type=\"checkbox\" id=\"avia_9_1\" value=\"true\"\/><label class=\"input_checkbox_label\" for=\"avia_9_1\">I consent to the processing of my data according to our <a href='https:\/\/www.promostudio.info\/privacy-policy\/' target='_blank'>Privacy Policy<\/a> (GDPR Ue 2016\/679) <abbr class=\"required\" title=\"required\">*<\/abbr><\/label><\/p><p class=\"form_element \"><input type=\"hidden\" value=\"1\" name=\"avia_generated_form1\" \/><input type=\"submit\" value=\"Submit your request\" class=\"button\"  data-sending-label=\"Sending\"\/><\/p><\/fieldset><\/form><div id=\"ajaxresponse_1\" class=\"ajaxresponse ajaxresponse_1 hidden\"><\/div><\/div><\/div><\/div><\/div>\n<\/div><\/div><\/div><!-- close content main div --><\/div><\/div><div id='after_section_2'  class='main_color av_default_container_wrap container_wrap sidebar_right'  ><div class='container av-section-cont-open' ><div class='template-page content  av-content-small alpha units'><div class='post-entry post-entry-type-page post-entry-5171'><div class='entry-content-wrapper clearfix'><\/p>\n","protected":false},"excerpt":{"rendered":"","protected":false},"featured_media":5170,"comment_status":"closed","ping_status":"closed","template":"","meta":[],"product_brand":[],"product_cat":[66],"product_tag":[],"class_list":{"0":"post-5171","1":"product","2":"type-product","3":"status-publish","4":"has-post-thumbnail","6":"product_cat-sportsmen","8":"first","9":"instock","10":"shipping-taxable","11":"product-type-simple"},"_links":{"self":[{"href":"https:\/\/www.promostudio.info\/en\/wp-json\/wp\/v2\/product\/5171","targetHints":{"allow":["GET"]}}],"collection":[{"href":"https:\/\/www.promostudio.info\/en\/wp-json\/wp\/v2\/product"}],"about":[{"href":"https:\/\/www.promostudio.info\/en\/wp-json\/wp\/v2\/types\/product"}],"replies":[{"embeddable":true,"href":"https:\/\/www.promostudio.info\/en\/wp-json\/wp\/v2\/comments?post=5171"}],"wp:featuredmedia":[{"embeddable":true,"href":"https:\/\/www.promostudio.info\/en\/wp-json\/wp\/v2\/media\/5170"}],"wp:attachment":[{"href":"https:\/\/www.promostudio.info\/en\/wp-json\/wp\/v2\/media?parent=5171"}],"wp:term":[{"taxonomy":"product_brand","embeddable":true,"href":"https:\/\/www.promostudio.info\/en\/wp-json\/wp\/v2\/product_brand?post=5171"},{"taxonomy":"product_cat","embeddable":true,"href":"https:\/\/www.promostudio.info\/en\/wp-json\/wp\/v2\/product_cat?post=5171"},{"taxonomy":"product_tag","embeddable":true,"href":"https:\/\/www.promostudio.info\/en\/wp-json\/wp\/v2\/product_tag?post=5171"}],"curies":[{"name":"wp","href":"https:\/\/api.w.org\/{rel}","templated":true}]}}