{"id":5422,"date":"2024-09-23T08:39:59","date_gmt":"2024-09-23T06:39:59","guid":{"rendered":"https:\/\/www.promostudio.info\/speakers\/perri-luca\/"},"modified":"2024-09-23T08:46:47","modified_gmt":"2024-09-23T06:46:47","slug":"perri-luca","status":"publish","type":"product","link":"https:\/\/www.promostudio.info\/en\/speakers\/perri-luca\/","title":{"rendered":"Perri, Luca"},"content":{"rendered":"\n<style type=\"text\/css\" data-created_by=\"avia_inline_auto\" id=\"style-css-av-z1iexs-1bb2062085c6eb9a74ff3567c0902bd5\">\n.avia-section.av-z1iexs-1bb2062085c6eb9a74ff3567c0902bd5{\nbackground-color:#ededed;\nbackground-image:url(https:\/\/www.promostudio.info\/wp-content\/uploads\/2021\/01\/Professional-Speakers-650x380-1.jpg);\nbackground-repeat:no-repeat;\nbackground-position:50% 100%;\nbackground-attachment:fixed;\n}\n.avia-section.av-z1iexs-1bb2062085c6eb9a74ff3567c0902bd5 .av-section-color-overlay{\nopacity:0.8;\nbackground-color:#0a0a0a;\n}\n<\/style>\n<div id='av_section_1'  class='avia-section av-z1iexs-1bb2062085c6eb9a74ff3567c0902bd5 main_color avia-section-default avia-no-border-styling  avia-builder-el-0  el_before_av_section  avia-builder-el-first  avia-full-stretch avia-bg-style-fixed av-section-color-overlay-active av-minimum-height av-minimum-height-50 av-height-50  container_wrap sidebar_right'  data-section-bg-repeat='stretch' data-av_minimum_height_pc='50' data-av_min_height_opt='50'><div class=\"av-section-color-overlay-wrap\"><div class=\"av-section-color-overlay\"><\/div><div class='container av-section-cont-open' ><main  role=\"main\" itemprop=\"mainContentOfPage\"  class='template-page content  av-content-small alpha units'><div class='post-entry post-entry-type-page post-entry-5422'><div class='entry-content-wrapper clearfix'>\n<div  class='flex_column av-xprnxs-ae39e17f39626584e6a38ac5941aeca5 av_three_fourth  avia-builder-el-1  el_before_av_one_fourth  avia-builder-el-first  first flex_column_div  '     ><p>\n<style type=\"text\/css\" data-created_by=\"avia_inline_auto\" id=\"style-css-av-wuywtc-3e22c2eb1a26b16536ab85916ee9d5d3\">\n#top .av-special-heading.av-wuywtc-3e22c2eb1a26b16536ab85916ee9d5d3{\npadding-bottom:10px;\ncolor:#ffffff;\n}\nbody .av-special-heading.av-wuywtc-3e22c2eb1a26b16536ab85916ee9d5d3 .av-special-heading-tag .heading-char{\nfont-size:25px;\n}\n.av-special-heading.av-wuywtc-3e22c2eb1a26b16536ab85916ee9d5d3 .special-heading-inner-border{\nborder-color:#ffffff;\n}\n.av-special-heading.av-wuywtc-3e22c2eb1a26b16536ab85916ee9d5d3 .av-subheading{\nfont-size:15px;\n}\n<\/style>\n<div  class='av-special-heading av-wuywtc-3e22c2eb1a26b16536ab85916ee9d5d3 av-special-heading-h1 custom-color-heading blockquote modern-quote  avia-builder-el-2  el_before_av_hr  avia-builder-el-first '><h1 class='av-special-heading-tag '  itemprop=\"headline\"  >Luca Perri<\/h1><div class=\"special-heading-border\"><div class=\"special-heading-inner-border\"><\/div><\/div><\/div><br \/>\n<div  class='hr av-v0dksw-66cc5c19255dc736b80d9a4d50633c1b hr-default  avia-builder-el-3  el_after_av_heading  el_before_av_heading '><span class='hr-inner '><span class=\"hr-inner-style\"><\/span><\/span><\/div><br \/>\n\n<style type=\"text\/css\" data-created_by=\"avia_inline_auto\" id=\"style-css-av-tofbqo-f3f311096464b0aeb0689acd4266d514\">\n#top .av-special-heading.av-tofbqo-f3f311096464b0aeb0689acd4266d514{\npadding-bottom:10px;\ncolor:#ffffff;\n}\nbody .av-special-heading.av-tofbqo-f3f311096464b0aeb0689acd4266d514 .av-special-heading-tag .heading-char{\nfont-size:25px;\n}\n.av-special-heading.av-tofbqo-f3f311096464b0aeb0689acd4266d514 .special-heading-inner-border{\nborder-color:#ffffff;\n}\n.av-special-heading.av-tofbqo-f3f311096464b0aeb0689acd4266d514 .av-subheading{\nfont-size:15px;\n}\n<\/style>\n<div  class='av-special-heading av-tofbqo-f3f311096464b0aeb0689acd4266d514 av-special-heading-h3 custom-color-heading blockquote modern-quote  avia-builder-el-4  el_after_av_hr  avia-builder-el-last '><h3 class='av-special-heading-tag '  itemprop=\"headline\"  >Astrofisico e divulgatore scientifico<\/h3><div class=\"special-heading-border\"><div class=\"special-heading-inner-border\"><\/div><\/div><\/div><\/p><\/div><div  class='flex_column av-rp7o2o-0b4eed55e723fe3ed86969a0852acbb0 av_one_fourth  avia-builder-el-5  el_after_av_three_fourth  el_before_av_three_fourth  flex_column_div  '     ><div  class='avia-slideshow av-l4xvffjf-93aa618486cbe6245ef13e56985e1726 avia-slideshow-medium av_slideshow avia-slide-slider  avia-builder-el-6  avia-builder-el-no-sibling  av-slideshow-ui av-control-default av-slideshow-manual av-loop-once av-loop-manual-endless av-default-height-applied avia-slideshow-1' data-slideshow-options=\"{&quot;animation&quot;:&quot;slide&quot;,&quot;autoplay&quot;:false,&quot;loop_autoplay&quot;:&quot;once&quot;,&quot;interval&quot;:5,&quot;loop_manual&quot;:&quot;manual-endless&quot;,&quot;autoplay_stopper&quot;:false,&quot;noNavigation&quot;:false,&quot;bg_slider&quot;:false,&quot;keep_padding&quot;:false,&quot;hoverpause&quot;:false,&quot;show_slide_delay&quot;:0}\"  itemprop=\"image\" itemscope=\"itemscope\" itemtype=\"https:\/\/schema.org\/ImageObject\" ><ul class='avia-slideshow-inner ' style='padding-bottom: 120%;'><li  class='avia-slideshow-slide av-l4xvffjf-93aa618486cbe6245ef13e56985e1726__0  av-single-slide slide-1 slide-odd'><a href=\"https:\/\/www.promostudio.info\/wp-content\/uploads\/2024\/09\/Luca-Perri.jpg\" data-srcset=\"https:\/\/www.promostudio.info\/wp-content\/uploads\/2024\/09\/Luca-Perri.jpg 600w, https:\/\/www.promostudio.info\/wp-content\/uploads\/2024\/09\/Luca-Perri-250x300.jpg 250w, https:\/\/www.promostudio.info\/wp-content\/uploads\/2024\/09\/Luca-Perri-588x705.jpg 588w, https:\/\/www.promostudio.info\/wp-content\/uploads\/2024\/09\/Luca-Perri-450x540.jpg 450w\" data-sizes=\"(max-width: 600px) 100vw, 600px\"  data-rel='slideshow-1' class='avia-slide-wrap '   ><img decoding=\"async\" fetchpriority=\"high\" class=\"wp-image-5421 avia-img-lazy-loading-not-5421\"  src=\"https:\/\/www.promostudio.info\/wp-content\/uploads\/2024\/09\/Luca-Perri-250x300.jpg\" width=\"250\" height=\"300\" title='Luca Perri' alt=''  itemprop=\"thumbnailUrl\" srcset=\"https:\/\/www.promostudio.info\/wp-content\/uploads\/2024\/09\/Luca-Perri-250x300.jpg 250w, https:\/\/www.promostudio.info\/wp-content\/uploads\/2024\/09\/Luca-Perri-588x705.jpg 588w, https:\/\/www.promostudio.info\/wp-content\/uploads\/2024\/09\/Luca-Perri-450x540.jpg 450w, https:\/\/www.promostudio.info\/wp-content\/uploads\/2024\/09\/Luca-Perri.jpg 600w\" sizes=\"(max-width: 250px) 100vw, 250px\" \/><\/a><\/li><\/ul><\/div><\/div><div class='flex_column_table av-q163ps-bb045c8749ce31d3f19f51009dac007b sc-av_three_fourth av-equal-height-column-flextable'><div  class='flex_column av-q163ps-bb045c8749ce31d3f19f51009dac007b av_three_fourth  avia-builder-el-7  el_after_av_one_fourth  el_before_av_one_fourth  first flex_column_table_cell av-equal-height-column av-align-top  column-top-margin'     ><\/div><div class='av-flex-placeholder'><\/div><div  class='flex_column av-mestds-7037e31806e7407b081ba6c3fd1db232 av_one_fourth  avia-builder-el-9  el_after_av_three_fourth  avia-builder-el-last  flex_column_table_cell av-equal-height-column av-align-top  column-top-margin'     ><\/div><\/div><!--close column table wrapper. Autoclose: 1 --><\/div><\/div><\/main><!-- close content main element --><\/div><\/div><\/div><div id='av_section_2'  class='avia-section av-kzhogw-335078aec702b3b9988e4aa31239b509 main_color avia-section-default avia-no-border-styling  avia-builder-el-10  el_after_av_section  avia-builder-el-last  avia-bg-style-scroll container_wrap sidebar_right'  ><div class='container av-section-cont-open' ><div class='template-page content  av-content-small alpha units'><div class='post-entry post-entry-type-page post-entry-5422'><div class='entry-content-wrapper clearfix'>\n\n<style type=\"text\/css\" data-created_by=\"avia_inline_auto\" id=\"style-css-av-imkmgg-06577b701f18f163238a90b582b8177f\">\n@keyframes av_boxShadowEffect_av-imkmgg-06577b701f18f163238a90b582b8177f-column {\n0%   { box-shadow:  0 0 0 0 #a8a8a8; opacity: 1; }\n100% { box-shadow:  0 0 10px 0 #a8a8a8; opacity: 1; }\n}\n.flex_column.av-imkmgg-06577b701f18f163238a90b582b8177f{\nbox-shadow: 0 0 10px 0 #a8a8a8;\nborder-width:1px;\nborder-color:#bfbfbf;\nborder-style:solid;\npadding:30px 30px 30px 30px;\nbackground-color:#ffffff;\n}\n<\/style>\n<div  class='flex_column av-imkmgg-06577b701f18f163238a90b582b8177f av_two_third  avia-builder-el-11  el_before_av_one_third  avia-builder-el-first  first flex_column_div shadow-not-animated  '     ><p>\n<style type=\"text\/css\" data-created_by=\"avia_inline_auto\" id=\"style-css-av-hgc4sw-33dd7013c32c97e97981c89cd6838671\">\n#top .av-special-heading.av-hgc4sw-33dd7013c32c97e97981c89cd6838671{\npadding-bottom:10px;\n}\nbody .av-special-heading.av-hgc4sw-33dd7013c32c97e97981c89cd6838671 .av-special-heading-tag .heading-char{\nfont-size:25px;\n}\n.av-special-heading.av-hgc4sw-33dd7013c32c97e97981c89cd6838671 .av-subheading{\nfont-size:15px;\n}\n<\/style>\n<div  class='av-special-heading av-hgc4sw-33dd7013c32c97e97981c89cd6838671 av-special-heading-h2 blockquote modern-quote  avia-builder-el-12  el_before_av_textblock  avia-builder-el-first '><h2 class='av-special-heading-tag '  itemprop=\"headline\"  >Main Topics:<\/h2><div class=\"special-heading-border\"><div class=\"special-heading-inner-border\"><\/div><\/div><\/div><br \/>\n<section  class='av_textblock_section av-1lsni8-dc25ab31cc5cec91639f99d4096d2fa6 '   itemscope=\"itemscope\" itemtype=\"https:\/\/schema.org\/CreativeWork\" ><div class='avia_textblock'  itemprop=\"text\" ><ul>\n<li>Divulgazione scientifica<\/li>\n<li>Sostenibilit\u00e0<\/li>\n<li>Cosmo<\/li>\n<li>Cambiamento climatico<\/li>\n<\/ul>\n<p>I suoi speech sono divulgativi e parlano tendenzialmente di tematiche legate al cosmo, al cambiamento climatico ed a temi scientifici divertenti, legati a temi motivazionali.<\/p>\n<p>Un possibile intervento traendo spunto dal suo spettacolo, potrebbe essese<strong> \u201c<\/strong><strong>IGNOBEL \u2013 L\u2019utilit\u00e0 dell\u2019inutilit\u00e0 scientifica\u201d<\/strong> di cui vi diamo alcuni dettagli:<\/p>\n<p>L\u2019immagine che si ha degli scienziati \u00e8 solitamente quella di persone serie. Accade per\u00f2 di sfogliare una rivista scientifica e imbattersi in pubblicazioni quali \u201cLo spennamento di un pollo come misura della velocit\u00e0 di un tornado\u201d. E non \u00e8 insolito che a pubblicarle siano studiosi di un certo peso, con alle spalle premi e riconoscimenti internazionali.<\/p>\n<p>Un riconoscimento annuale raccoglie le dieci ricerche pi\u00f9 squilibrate, realizzate dai ricercatori di tutto il mondo, nelle pi\u00f9 disparate discipline scientifiche: il premio Ig Nobel. Ma tali studi sono davvero inutili oppure nascondono insegnamenti pronti a stupirci?.<br \/>\nQuesto per inserirsi nel discorso motivazionale legato al seguire i propri sogni, le proprie idee ed ambizioni, contestualizzato in ambito scientifico.<strong><\/p>\n<p><\/strong><\/p>\n<\/div><\/section><br \/>\n\n<style type=\"text\/css\" data-created_by=\"avia_inline_auto\" id=\"style-css-av-erbjs0-669d96b68c27a1c406287cd10213b749\">\n#top .av-special-heading.av-erbjs0-669d96b68c27a1c406287cd10213b749{\npadding-bottom:10px;\n}\nbody .av-special-heading.av-erbjs0-669d96b68c27a1c406287cd10213b749 .av-special-heading-tag .heading-char{\nfont-size:25px;\n}\n.av-special-heading.av-erbjs0-669d96b68c27a1c406287cd10213b749 .av-subheading{\nfont-size:15px;\n}\n<\/style>\n<div  class='av-special-heading av-erbjs0-669d96b68c27a1c406287cd10213b749 av-special-heading-h2 blockquote modern-quote  avia-builder-el-14  el_after_av_textblock  el_before_av_textblock '><h2 class='av-special-heading-tag '  itemprop=\"headline\"  >Professional Profile:<\/h2><div class=\"special-heading-border\"><div class=\"special-heading-inner-border\"><\/div><\/div><\/div><br \/>\n<section  class='av_textblock_section av-czalds-e8cb7eed9462922f7b5d3620308b88bc '   itemscope=\"itemscope\" itemtype=\"https:\/\/schema.org\/CreativeWork\" ><div class='avia_textblock'  itemprop=\"text\" ><p>Luca Perri \u00e8 dottorato in Fisica e Astrofisica all&#8217;Universit\u00e0 dell&#8217;Insubria e all&#8217;Osservatorio di Milano Brera. \u00c8 astrofisico ed astronomo della Societ\u00e0 Italiana di Fisica (SIF), dell\u2019Osservatorio di Merate, del Planetario di Milano e del Planetario di Lecco. Ha lavorato per l&#8217;Istituto Nazionale di Astrofisica (INAF) e l&#8217;Istituto Nazionale di Fisica Nucleare (INFN).<\/p>\n<p>Si occupa di divulgazione su radio, televisioni, carta stampata, festival e social networks. Tra le sue collaborazioni vi sono Agenzia Spaziale Europea (ESA), Consiglio Nazionale delle Ricerche (CNR), Istituto Nazionale di Fisica Nucleare (INFN), Kilimangiaro (Rai 3), Rai 2, Radio2, Radio Deejay, Radio24, Radio Capital, Repubblica, Corriere della Sera, Le Scienze, Focus, Focus Junior, WIRED, Pikaia, CICAP, TeDx, Notte Europea dei Ricercatori, Festival della Scienza di Genova, BergamoScienza, Festival delle Scienze di Roma, Focus Live, Festival della Comunicazione di Camogli, MUSE di Trento, Piccolo Teatro di Milano, Play Modena e Lucca Comics &amp; Games.<\/p>\n<p>\u00c8 campione italiano e finalista internazionale di FameLab 2015, talent show sulla divulgazione scientifica.<\/p>\n<p>\u00c8 stato fra gli ideatori del progetto di citizen science del CNR <strong>&#8220;#scienzasulbalcone&#8221;<\/strong>, selezionato dalla rivista Nature come una delle iniziative scientifiche pi\u00f9 interessanti nate durante la prima ondata della pandemia. \u00c8 stato membro del Comitato Scientifico del CICAPFest ed \u00e8 attualmente Coordinatore Scientifico di Bergamoscienza.<\/p>\n<p>\u00c8 autore e conduttore di diverse trasmissioni di Rai Cultura, fra cui \u201cNautilus\u201d, <strong>\u201cSuperquark+\u201d<\/strong> con Piero Angela e <strong>&#8220;Noos&#8221;<\/strong> con Alberto Angela.<\/p>\n<p>\u00c8 formatore nei corsi interateneo sulle competenze trasversali per dottorandi delle universit\u00e0 lombarde ed \u00e8 autore e formatore per DeAgostini Scuola. Assieme allo storico della scienza e divulgatore Adrian Fartade ha pubblicato per Audible i podcast <strong>\u201cVS &#8211; Verso lo spazio\u201d<\/strong>, <strong>\u201cIgNobel &#8211; l\u2019utilit\u00e0 dell\u2019inutilit\u00e0 scientifica\u201d<\/strong>, <strong>&#8220;Astrobio&#8221;<\/strong> (finalista nella categoria &#8220;Talk&#8221; al premio IlPod per i migliori podcast italiani 2022), <strong>&#8220;Cineastri&#8221;<\/strong> e <strong>&#8220;Cineastri, il Ritorno&#8221;<\/strong> (finalista nella categoria &#8220;Scienza&#8221; al premio IlPod per i migliori podcast italiani 2024).<\/p>\n<p>Insieme al divulgatore e performer Barbascura X ha scritto e condotto il documentario sulla crisi dell&#8217;informazione <strong>&#8220;Infodemic &#8211; il virus siamo noi&#8221;<\/strong>, su Amazon Prime Video e YouTube. Assieme a diverse personalit\u00e0 italiane ed internazionali, quali l&#8217;attrice Premio Oscar Susan Sarandon, ha preso parte al documentario sulla sostenibilit\u00e0 <strong>Materia Viva<\/strong>, trasmesso da Rai3, premiato &#8220;Best Green Documentary&#8221; al Giffoni Film Festival 2023, &#8220;Green Drop Award&#8221; alla Mostra Internazionale di Arte Cinematografica di Venezia 2023 e in concorso ai David di Donatello 2024.<\/p>\n<p>Per Chora Media ha scritto e condotto il podcast Red Bull <strong>&#8220;Esperimento 36&#8221;<\/strong>, con la partecipazione di atlete ed atleti di caratura internazionale.<\/p>\n<p>\u00c8 autore di libri divulgativi tradotti in sei lingue: <strong>\u201cLa pazza scienza\u201d<\/strong> (Sironi Editore), <strong>\u201cErrori Galattici\u201d<\/strong> (DeAgostini), <strong>\u201cAstrobufale\u201d<\/strong> (Rizzoli, vincitore del Premio COSMOS degli Studenti 2019),<strong> \u201cPartenze a Razzo\u201d<\/strong> (DeAgostini, finalista al Premio Nazionale Divulgazione Scientifica per ragazzi 2020), <strong>\u201cPinguini all\u2019equatore\u201d <\/strong>con Serena Giacomin (DeAgostini), <strong>&#8220;La scienza di Guerre Stellari&#8221; <\/strong>(Rizzoli), <strong>&#8220;Apollo Credici&#8221;<\/strong> con Adrian Fartade e Leo Ortolani (DeAgostini, vincitore del Premio Nazionale Divulgazione Scientifica per ragazzi 2022) e <strong>&#8220;La tempesta imperfetta&#8221;<\/strong> con Barbascura X e Sio (DeAgostini).<\/p>\n<\/div><\/section><\/p><\/div><div  class='flex_column av-3k88dc-fde391875317a822347a2b1df64d8419 av_one_third  avia-builder-el-16  el_after_av_two_third  avia-builder-el-last  flex_column_div  '     ><div  class='avia-builder-widget-area clearfix  avia-builder-el-17  avia-builder-el-no-sibling '><div id=\"custom_html-3\" class=\"widget_text widget clearfix widget_custom_html\"><div class=\"textwidget custom-html-widget\">\n<style type=\"text\/css\" data-created_by=\"avia_inline_auto\" id=\"style-css-av-dskg1y-7640993e4bf78f89128063a9fecf1497\">\n.av_promobox.av-dskg1y-7640993e4bf78f89128063a9fecf1497{\ncolor:#ffffff;\nbackground:#444444;\nborder-color:#333333;\n}\n<\/style>\n<div  class='av_promobox av-dskg1y-7640993e4bf78f89128063a9fecf1497 avia-button-no'><div class='avia-promocontent'><h3 style=\"text-align: center;\"><span style=\"color: #ffffff;\">To know costs and availability<\/span><\/h3>\n<\/div><\/div>\r\n<form action=\"https:\/\/www.promostudio.info\/en\/speakers\/perri-luca\/\" method=\"post\" data-fields-with-error=\"Found errors in the following field(s):\" class=\"avia_ajax_form av-form-labels-hidden    \" data-avia-form-id=\"1\" data-avia-redirect='' ><h3 class=''>Fill out the form<\/h3><fieldset><p class='  first_form  form_element form_element_half' id='element_avia_1_1'><label for=\"avia_1_1\">Name <abbr class=\"required\" title=\"required\">*<\/abbr><\/label> <input name=\"avia_1_1\" class=\"text_input is_empty\" type=\"text\" id=\"avia_1_1\" value=\"\"  placeholder='Name*'\/><\/p><p class='  form_element form_element_half' id='element_avia_2_1'><label for=\"avia_2_1\">Surname <abbr class=\"required\" title=\"required\">*<\/abbr><\/label> <input name=\"avia_2_1\" class=\"text_input is_empty\" type=\"text\" id=\"avia_2_1\" value=\"\"  placeholder='Surname*'\/><\/p><p class='  first_form  form_element form_fullwidth' id='element_avia_3_1'><label for=\"avia_3_1\">Company <abbr class=\"required\" title=\"required\">*<\/abbr><\/label> <input name=\"avia_3_1\" class=\"text_input is_empty\" type=\"text\" id=\"avia_3_1\" value=\"\"  placeholder='Company*'\/><\/p><p class='  first_form  form_element form_element_half' id='element_avia_4_1'><label for=\"avia_4_1\">E-mail <abbr class=\"required\" title=\"required\">*<\/abbr><\/label> <input name=\"avia_4_1\" class=\"text_input is_email\" type=\"text\" id=\"avia_4_1\" value=\"\"  placeholder='E-mail*'\/><\/p><p class='  form_element form_element_half' id='element_avia_5_1'><label for=\"avia_5_1\">Phone <abbr class=\"required\" title=\"required\">*<\/abbr><\/label> <input name=\"avia_5_1\" class=\"text_input is_number\" type=\"text\" id=\"avia_5_1\" value=\"\"  placeholder='Phone*'\/><\/p><p class='  first_form  form_element form_fullwidth' id='element_avia_6_1'><label for=\"avia_6_1\">Speaker of your interest <abbr class=\"required\" title=\"required\">*<\/abbr><\/label> <input name=\"avia_6_1\" class=\"text_input is_empty\" type=\"text\" id=\"avia_6_1\" value=\"\"  placeholder='Speaker of your interest*'\/><\/p><p class='  first_form  form_element form_fullwidth' id='element_avia_7_1'><label for=\"avia_7_1\" class=\"textare_label hidden textare_label_avia_7_1\">Message <abbr class=\"required\" title=\"required\">*<\/abbr><\/label><textarea  placeholder='Message*' name=\"avia_7_1\" class=\"text_area is_empty\" cols=\"40\" rows=\"7\" id=\"avia_7_1\" ><\/textarea><\/p><p class=\"hidden\"><input type=\"text\" name=\"avia_8_1\" class=\"hidden \" id=\"avia_8_1\" value=\"\" \/><\/p><p class=' av_form_privacy_check av_contact_privacy_check first_form  form_element form_fullwidth' id='element_avia_9_1'><input  name=\"avia_9_1\" class=\"input_checkbox is_empty\" type=\"checkbox\" id=\"avia_9_1\" value=\"true\"\/><label class=\"input_checkbox_label\" for=\"avia_9_1\">I consent to the processing of my data according to our <a href='https:\/\/www.promostudio.info\/privacy-policy\/' target='_blank'>Privacy Policy<\/a> (GDPR Ue 2016\/679) <abbr class=\"required\" title=\"required\">*<\/abbr><\/label><\/p><p class=\"form_element \"><input type=\"hidden\" value=\"1\" name=\"avia_generated_form1\" \/><input type=\"submit\" value=\"Submit your request\" class=\"button\"  data-sending-label=\"Sending\"\/><\/p><\/fieldset><\/form><div id=\"ajaxresponse_1\" class=\"ajaxresponse ajaxresponse_1 hidden\"><\/div><\/div><\/div><\/div><\/div><\/div><\/div><\/div><!-- close content main div --><\/div><\/div><div id='after_section_2'  class='main_color av_default_container_wrap container_wrap sidebar_right'  ><div class='container av-section-cont-open' ><div class='template-page content  av-content-small alpha units'><div class='post-entry post-entry-type-page post-entry-5422'><div class='entry-content-wrapper clearfix'><\/p>\n","protected":false},"excerpt":{"rendered":"","protected":false},"featured_media":5421,"comment_status":"closed","ping_status":"closed","template":"","meta":[],"product_brand":[],"product_cat":[62],"product_tag":[],"class_list":{"0":"post-5422","1":"product","2":"type-product","3":"status-publish","4":"has-post-thumbnail","6":"product_cat-ethics-sustainability","8":"first","9":"instock","10":"shipping-taxable","11":"product-type-simple"},"_links":{"self":[{"href":"https:\/\/www.promostudio.info\/en\/wp-json\/wp\/v2\/product\/5422","targetHints":{"allow":["GET"]}}],"collection":[{"href":"https:\/\/www.promostudio.info\/en\/wp-json\/wp\/v2\/product"}],"about":[{"href":"https:\/\/www.promostudio.info\/en\/wp-json\/wp\/v2\/types\/product"}],"replies":[{"embeddable":true,"href":"https:\/\/www.promostudio.info\/en\/wp-json\/wp\/v2\/comments?post=5422"}],"wp:featuredmedia":[{"embeddable":true,"href":"https:\/\/www.promostudio.info\/en\/wp-json\/wp\/v2\/media\/5421"}],"wp:attachment":[{"href":"https:\/\/www.promostudio.info\/en\/wp-json\/wp\/v2\/media?parent=5422"}],"wp:term":[{"taxonomy":"product_brand","embeddable":true,"href":"https:\/\/www.promostudio.info\/en\/wp-json\/wp\/v2\/product_brand?post=5422"},{"taxonomy":"product_cat","embeddable":true,"href":"https:\/\/www.promostudio.info\/en\/wp-json\/wp\/v2\/product_cat?post=5422"},{"taxonomy":"product_tag","embeddable":true,"href":"https:\/\/www.promostudio.info\/en\/wp-json\/wp\/v2\/product_tag?post=5422"}],"curies":[{"name":"wp","href":"https:\/\/api.w.org\/{rel}","templated":true}]}}