{"id":5426,"date":"2022-03-04T16:06:27","date_gmt":"2022-03-04T15:06:27","guid":{"rendered":"https:\/\/www.promostudio.info\/speakers\/spaccavento-sergio\/"},"modified":"2022-03-04T16:06:27","modified_gmt":"2022-03-04T15:06:27","slug":"spaccavento-sergio","status":"publish","type":"product","link":"https:\/\/www.promostudio.info\/en\/speakers\/spaccavento-sergio\/","title":{"rendered":"Spaccavento, Sergio"},"content":{"rendered":"\n<style type=\"text\/css\" data-created_by=\"avia_inline_auto\" id=\"style-css-av-108cygw-d6651d9a081aa75e9849e8f60e85125c\">\n.avia-section.av-108cygw-d6651d9a081aa75e9849e8f60e85125c{\nbackground-color:#ededed;\nbackground-image:url(https:\/\/www.promostudio.info\/wp-content\/uploads\/2021\/01\/Professional-Speakers-650x380-1.jpg);\nbackground-repeat:no-repeat;\nbackground-position:50% 100%;\nbackground-attachment:fixed;\n}\n.avia-section.av-108cygw-d6651d9a081aa75e9849e8f60e85125c .av-section-color-overlay{\nopacity:0.8;\nbackground-color:#0a0a0a;\n}\n<\/style>\n<div id='av_section_1'  class='avia-section av-108cygw-d6651d9a081aa75e9849e8f60e85125c main_color avia-section-default avia-no-border-styling  avia-builder-el-0  el_before_av_section  avia-builder-el-first  avia-full-stretch avia-bg-style-fixed av-section-color-overlay-active av-minimum-height av-minimum-height-50 av-height-50  container_wrap sidebar_right'  data-section-bg-repeat='stretch' data-av_minimum_height_pc='50' data-av_min_height_opt='50'><div class=\"av-section-color-overlay-wrap\"><div class=\"av-section-color-overlay\"><\/div><div class='container av-section-cont-open' ><main  role=\"main\" itemprop=\"mainContentOfPage\"  class='template-page content  av-content-small alpha units'><div class='post-entry post-entry-type-page post-entry-5426'><div class='entry-content-wrapper clearfix'>\n<div  class='flex_column av-y3b92o-c44cd479ab1679fdda6fbc5c0aba0a57 av_three_fourth  avia-builder-el-1  el_before_av_one_fourth  avia-builder-el-first  first flex_column_div  '     ><p>\n<style type=\"text\/css\" data-created_by=\"avia_inline_auto\" id=\"style-css-av-l09nui5v-41cc570308c10407d2298ce66b4ca80e\">\n#top .av-special-heading.av-l09nui5v-41cc570308c10407d2298ce66b4ca80e{\npadding-bottom:10px;\ncolor:#ffffff;\n}\nbody .av-special-heading.av-l09nui5v-41cc570308c10407d2298ce66b4ca80e .av-special-heading-tag .heading-char{\nfont-size:25px;\n}\n.av-special-heading.av-l09nui5v-41cc570308c10407d2298ce66b4ca80e .special-heading-inner-border{\nborder-color:#ffffff;\n}\n.av-special-heading.av-l09nui5v-41cc570308c10407d2298ce66b4ca80e .av-subheading{\nfont-size:15px;\n}\n<\/style>\n<div  class='av-special-heading av-l09nui5v-41cc570308c10407d2298ce66b4ca80e av-special-heading-h1 custom-color-heading blockquote modern-quote  avia-builder-el-2  el_before_av_hr  avia-builder-el-first '><h1 class='av-special-heading-tag '  itemprop=\"headline\"  >Sergio Spaccavento<\/h1><div class=\"special-heading-border\"><div class=\"special-heading-inner-border\"><\/div><\/div><\/div><br \/>\n<div  class='hr av-39y9lc-38fc1f437ef3da0af5555c7d7ed856b7 hr-default  avia-builder-el-3  el_after_av_heading  el_before_av_heading '><span class='hr-inner '><span class=\"hr-inner-style\"><\/span><\/span><\/div><br \/>\n\n<style type=\"text\/css\" data-created_by=\"avia_inline_auto\" id=\"style-css-av-l09nwjx0-a8713e66c884c3bce12480e40c59ea13\">\n#top .av-special-heading.av-l09nwjx0-a8713e66c884c3bce12480e40c59ea13{\npadding-bottom:10px;\ncolor:#ffffff;\n}\nbody .av-special-heading.av-l09nwjx0-a8713e66c884c3bce12480e40c59ea13 .av-special-heading-tag .heading-char{\nfont-size:25px;\n}\n.av-special-heading.av-l09nwjx0-a8713e66c884c3bce12480e40c59ea13 .special-heading-inner-border{\nborder-color:#ffffff;\n}\n.av-special-heading.av-l09nwjx0-a8713e66c884c3bce12480e40c59ea13 .av-subheading{\nfont-size:15px;\n}\n<\/style>\n<div  class='av-special-heading av-l09nwjx0-a8713e66c884c3bce12480e40c59ea13 av-special-heading-h3 custom-color-heading blockquote modern-quote  avia-builder-el-4  el_after_av_hr  avia-builder-el-last '><h3 class='av-special-heading-tag '  itemprop=\"headline\"  >Creativo pubblicitario e autore TV, radio e cinema<\/h3><div class='av_custom_color av-subheading av-subheading_below'><p>Docente universitario<\/p>\n<\/div><div class=\"special-heading-border\"><div class=\"special-heading-inner-border\"><\/div><\/div><\/div><\/p><\/div><div  class='flex_column av-v0hmj4-0c48f8c775d55ae4a6f96cba9b868149 av_one_fourth  avia-builder-el-5  el_after_av_three_fourth  el_before_av_three_fourth  flex_column_div  '     ><div  class='avia-slideshow av-l09nusd9-4e5caf181d2e35b75c0e6c674ad24a08 avia-slideshow-medium av_slideshow avia-slide-slider  avia-builder-el-6  avia-builder-el-no-sibling  av-slideshow-ui av-control-default av-slideshow-manual av-loop-once av-loop-manual-endless av-default-height-applied avia-slideshow-1' data-slideshow-options=\"{&quot;animation&quot;:&quot;slide&quot;,&quot;autoplay&quot;:false,&quot;loop_autoplay&quot;:&quot;once&quot;,&quot;interval&quot;:5,&quot;loop_manual&quot;:&quot;manual-endless&quot;,&quot;autoplay_stopper&quot;:false,&quot;noNavigation&quot;:false,&quot;bg_slider&quot;:false,&quot;keep_padding&quot;:false,&quot;hoverpause&quot;:false,&quot;show_slide_delay&quot;:0}\"  itemprop=\"image\" itemscope=\"itemscope\" itemtype=\"https:\/\/schema.org\/ImageObject\" ><ul class='avia-slideshow-inner ' style='padding-bottom: 120%;'><li  class='avia-slideshow-slide av-l09nusd9-4e5caf181d2e35b75c0e6c674ad24a08__0  av-single-slide slide-1 slide-odd'><div data-rel='slideshow-1' class='avia-slide-wrap '   ><img decoding=\"async\" fetchpriority=\"high\" class=\"wp-image-4439 avia-img-lazy-loading-not-4439\"  src=\"https:\/\/www.promostudio.info\/wp-content\/uploads\/2022\/03\/Sergio-Spaccavento-1.jpg\" width=\"250\" height=\"300\" title='Sergio-Spaccavento' alt=''  itemprop=\"thumbnailUrl\"   \/><\/div><\/li><\/ul><\/div><\/div><div class='flex_column_table av-t10r2o-958312173f7dec8ed43153ac64b3a6dc sc-av_three_fourth av-equal-height-column-flextable'><div  class='flex_column av-t10r2o-958312173f7dec8ed43153ac64b3a6dc av_three_fourth  avia-builder-el-7  el_after_av_one_fourth  el_before_av_one_fourth  first flex_column_table_cell av-equal-height-column av-align-top  column-top-margin'     ><\/div><div class='av-flex-placeholder'><\/div><div  class='flex_column av-qb40n4-8809355afa840be72041ea2473dc7e60 av_one_fourth  avia-builder-el-9  el_after_av_three_fourth  avia-builder-el-last  flex_column_table_cell av-equal-height-column av-align-top  column-top-margin'     ><\/div><\/div><!--close column table wrapper. Autoclose: 1 --><\/div><\/div><\/main><!-- close content main element --><\/div><\/div><\/div><div id='av_section_2'  class='avia-section av-nu7klc-b36ccafcc837df15268562b59ce6b142 main_color avia-section-default avia-no-border-styling  avia-builder-el-10  el_after_av_section  avia-builder-el-last  avia-bg-style-scroll container_wrap sidebar_right'  ><div class='container av-section-cont-open' ><div class='template-page content  av-content-small alpha units'><div class='post-entry post-entry-type-page post-entry-5426'><div class='entry-content-wrapper clearfix'>\n\n<style type=\"text\/css\" data-created_by=\"avia_inline_auto\" id=\"style-css-av-luf4gw-82e368508a27c627ea16aaea44bda8a3\">\n@keyframes av_boxShadowEffect_av-luf4gw-82e368508a27c627ea16aaea44bda8a3-column {\n0%   { box-shadow:  0 0 0 0 #a8a8a8; opacity: 1; }\n100% { box-shadow:  0 0 10px 0 #a8a8a8; opacity: 1; }\n}\n.flex_column.av-luf4gw-82e368508a27c627ea16aaea44bda8a3{\nbox-shadow: 0 0 10px 0 #a8a8a8;\nborder-width:1px;\nborder-color:#bfbfbf;\nborder-style:solid;\npadding:30px 30px 30px 30px;\nbackground-color:#ffffff;\n}\n<\/style>\n<div  class='flex_column av-luf4gw-82e368508a27c627ea16aaea44bda8a3 av_two_third  avia-builder-el-11  el_before_av_one_third  avia-builder-el-first  first flex_column_div shadow-not-animated  '     ><p>\n<style type=\"text\/css\" data-created_by=\"avia_inline_auto\" id=\"style-css-av-kmo6xs-ff18f3ba73f0d88b2188287349360031\">\n#top .av-special-heading.av-kmo6xs-ff18f3ba73f0d88b2188287349360031{\npadding-bottom:10px;\n}\nbody .av-special-heading.av-kmo6xs-ff18f3ba73f0d88b2188287349360031 .av-special-heading-tag .heading-char{\nfont-size:25px;\n}\n.av-special-heading.av-kmo6xs-ff18f3ba73f0d88b2188287349360031 .av-subheading{\nfont-size:15px;\n}\n<\/style>\n<div  class='av-special-heading av-kmo6xs-ff18f3ba73f0d88b2188287349360031 av-special-heading-h2 blockquote modern-quote  avia-builder-el-12  el_before_av_textblock  avia-builder-el-first '><h2 class='av-special-heading-tag '  itemprop=\"headline\"  >Ambiti Principali:<\/h2><div class=\"special-heading-border\"><div class=\"special-heading-inner-border\"><\/div><\/div><\/div><br \/>\n<section  class='av_textblock_section av-l09nx9p8-63f63c2b3633e2da8ae2d4537e5593be '   itemscope=\"itemscope\" itemtype=\"https:\/\/schema.org\/CreativeWork\" ><div class='avia_textblock'  itemprop=\"text\" ><ul>\n<li>Pubblicit\u00e0<\/li>\n<li>Social Network<\/li>\n<li>Creativit\u00e0 umana e computazionale<\/li>\n<li>Comunicazione<\/li>\n<li>Umorismo<\/li>\n<\/ul>\n<h3><strong>POSSIBILI INTERVENTI:<\/strong><\/h3>\n<p><strong>CREATIVITA\u2019 COMPUTAZIONALE:<\/strong><\/p>\n<p><strong>Titolo: L\u2019algoritmo lisergico<\/strong><br \/>\nDi che parla: Una visione personale e filosofica della creativit\u00e0 artificiale attraverso le sue tappe evolutive: dalle origini agli scenari imminenti, caratterizzati da sistemi di deep learning e machine learning. Tracciando il passato, il presente e il futuro del ruolo del creativo, si esamineranno con un linguaggio semplice e ironico le principali differenze tra creativit\u00e0 umana e creativit\u00e0 computazionale, l&#8217;AIsplaining e le allucinazioni dell&#8217;IA come veri atti creativi.<\/p>\n<p>A chi \u00e8 rivolto: Pu\u00f2 essere rivolto agli studenti universitari come ai professionisti di ogni settore. Tempo: Dai 20 ai 60 minuti, modulabile.<\/p>\n<p><strong>UMORISMO:<\/strong><\/p>\n<p><strong>Titolo: Dietro la risata.<\/strong><br \/>\nDi che parla: E\u2019 una conferenza che parla della forza dell\u2019umorismo con accenni di psicologia, teoria dell\u2019evoluzione e chimica. Verranno raccontate le varie chiavi comiche con esempi pratici in base al perimetro richiesto.<\/p>\n<p>A chi \u00e8 rivolto: Pu\u00f2 essere rivolto agli studenti universitari come ai professionisti di ogni settore. Si pu\u00f2 personalizzare in base alla nazione. Pu\u00f2 essere anche in lingua inglese.<br \/>\nTempo: Dai 20 ai 45 minuti, modulabile. Opzionabile la presenza sul palco anche di un comico in chiusura.<\/p>\n<p><strong>Titolo: Il beep del beep nel beep. Satira e censura.<\/strong><strong><br \/>\n<\/strong>Di che parla: Analisi dettagliata della satira dall\u2019antica Grecia ai giorni nostri, passando attraverso Charlie Hebdo, la censura, il black humor e il concetto di libert\u00e0 di espressione, per scoprire che il \u201ccastigare ridendo mores\u201d non funziona come si vorrebbe.<\/p>\n<p>A chi \u00e8 rivolto: Pu\u00f2 essere rivolto agli studenti universitari come ai professionisti.<br \/>\nTempo: Dai 20 ai 60 minuti, modulabile. Opzionabile la presenza sul palco anche di SAVERIO RAIMONDO.<\/p>\n<p><strong>PUBBLICITA\u2019 E COMUNICAZIONE:<\/strong><\/p>\n<p><strong>Titolo: La creativit\u00e0 me la fa il computer di mio cugino.<\/strong><br \/>\nDi che parla: Il relatore si concentrer\u00e0 sullo sviluppo della creativit\u00e0 computazionale, in un percorso che ne ripercorre le tappe evolutive: dalle origini \u2013 nella figura pionieristica di Ada Lovelace, a cui \u00e8 attribuito il primo algoritmo espressamente inteso per essere elaborato da una macchina \u2013 fino agli scenari imminenti, caratterizzati da sistemi di deep e machine learning. Tracciando passato, presente e futuro del ruolo creativo, si offrir\u00e0 una prospettiva in cui si intersecano i temi dell\u2019omnicanalit\u00e0 e delle dinamiche conversazionali.<\/p>\n<p>A chi \u00e8 rivolto: Pu\u00f2 essere rivolto agli studenti universitari come ai professionisti di vari settori.<br \/>\nTempo: Dai 20 ai 45 minuti, modulabile.<\/p>\n<p><strong>Titolo: Ahahadv. Meccanismi comici nella comunicazione pubblicitaria.<\/strong><br \/>\nDi che parla: E\u2019 una conferenza che parla della forza dell\u2019umorismo come mezzo di comunicazione con accenni di psicologia, teoria dell\u2019evoluzione e chimica. Sono raccontati i vari meccanismi con esempi pratici.<\/p>\n<p>A chi \u00e8 rivolto: Pu\u00f2 essere rivolto agli studenti universitari come ai professionisti della comunicazione. Si pu\u00f2 personalizzare in base alla nazione.<br \/>\nPu\u00f2 essere anche in lingua inglese.<br \/>\nTempo: Dai 45 minuti alle 2 ore e mezzo, modulabile.<\/p>\n<p><strong>Titolo: Oggi il viral marketing paga? E viceversa?<\/strong><br \/>\nDi che parla: La storia del viral marketing degli ultimi 20 anni, perch\u00e9 funziona, come si dovrebbe fare e come \u00e8 cambiato oggi.<\/p>\n<p>A chi \u00e8 rivolto: Pu\u00f2 essere rivolto agli studenti universitari come ai professionisti della comunicazione.<br \/>\nTempo: 45-60 minuti modulabile.<\/p>\n<p><strong>Titolo: Le grandi furbate della pubblicit\u00e0<\/strong><br \/>\nDi che parla: Analisi delle idee pi\u00f9 furbe e \u201ctruffaldine\u201d della comunicazione, dal modo di dire: \u201cUna mela al giorno, toglie il medico di torno\u201d, al Babbo Natale di Coca-Cola, alla campagna OOH di Vegemite della seconda guerra mondiale. Case history mai raccontate che ci insegnano cosa c\u2019\u00e8 oltre la pubblicit\u00e0.<\/p>\n<p>A chi \u00e8 rivolto: A universitari, a un pubblico di pubblicitari, alle aziende.<br \/>\nTempo: 45-60 minuti modulabile.<\/p>\n<p><strong>Titolo: Sex Talks.<\/strong><br \/>\nDi che parla: Spaccavento discuter\u00e0 animatamente sull\u2019utilizzo del sesso in comunicazione e in pubblicit\u00e0. Spiegher\u00e0 il perch\u00e9 il sesso \u00e8<br \/>\ncos\u00ec importante e scoprir\u00e0 se \u00e8 davvero capace di vendere. Approfondir\u00e0 poi, quali sono i pericoli e le deviazioni.<\/p>\n<p>A chi \u00e8 rivolto: Pu\u00f2 essere rivolto agli studenti universitari come ai professionisti di vari settori.<br \/>\nTempo: Dai 30 ai 45 minuti, modulabile. Opzionabile la presenza sul palco anche di FRANCO TRENTALANCE.<\/p>\n<p><strong>Titolo: Carpe Advertising, ovvero tanto rumore per nulla.<\/strong><br \/>\nDi che parla: La storia dell\u2019instant advertising dal dopo guerra ad oggi. Analisi dei casi pi\u00f9 importanti italiani e internazionali con l\u2019esperienza personale della gestione social di Ceres, e del perch\u00e9 adesso non dovremmo pi\u00f9 parlarne.<\/p>\n<p>A chi \u00e8 rivolto: A universitari, a un pubblico di pubblicitari junior e all\u2019interno di aziende.<br \/>\nTempo: Dai 60 minuti alle due ore e mezzo, modulabile.<\/p>\n<\/div><\/section><br \/>\n\n<style type=\"text\/css\" data-created_by=\"avia_inline_auto\" id=\"style-css-av-j1okww-e52b994a1170aece6ec46f08c2c403ef\">\n#top .av-special-heading.av-j1okww-e52b994a1170aece6ec46f08c2c403ef{\npadding-bottom:10px;\n}\nbody .av-special-heading.av-j1okww-e52b994a1170aece6ec46f08c2c403ef .av-special-heading-tag .heading-char{\nfont-size:25px;\n}\n.av-special-heading.av-j1okww-e52b994a1170aece6ec46f08c2c403ef .av-subheading{\nfont-size:15px;\n}\n<\/style>\n<div  class='av-special-heading av-j1okww-e52b994a1170aece6ec46f08c2c403ef av-special-heading-h2 blockquote modern-quote  avia-builder-el-14  el_after_av_textblock  el_before_av_textblock '><h2 class='av-special-heading-tag '  itemprop=\"headline\"  >Profilo Professionale:<\/h2><div class=\"special-heading-border\"><div class=\"special-heading-inner-border\"><\/div><\/div><\/div><br \/>\n<section  class='av_textblock_section av-l09nyh2l-4cadfae365594e3620ff27575ea3c5df '   itemscope=\"itemscope\" itemtype=\"https:\/\/schema.org\/CreativeWork\" ><div class='avia_textblock'  itemprop=\"text\" ><p>Sergio Spaccavento \u00e8 un creativo, autore e docente universitario.<\/p>\n<p>Nella sua carriera ha lavorato in agenzie internazionali e italiane, sia di medie che di grandi dimensioni, come art director e copywriter su tutti i media: dall\u2019ATL al social.<\/p>\n<p>Ha firmato campagne pubblicitarie per i pi\u00f9 grossi marchi, BMW, Coca-Cola, Fineco, Ceres e tanti altri.<\/p>\n<p>Ha vinto diversi premi nei principali festival pubblicitari nazionali e internazionali tra cui il Grand Prix dell\u2019ADCI con la strategia social di Ceres.<\/p>\n<p>\u00c8 anche autore di programmi televisivi (Mai dire Grande Fratello, Mai dire luned\u00ec, All music Show, Ma anche no etc) vincendo gli MTV Awards con la serie TV \u201cMARIO\u201d.<\/p>\n<p>E\u2019 stato per 7 anni autore dello ZOO di 105 con cui ha vinto due cuffie d\u2019oro.<\/p>\n<p>E\u2019 stato soggettista e sceneggiatore dei film \u201cItaliano Medio\u201d e \u201cOmicidio all\u2019italiana\u201d con cui ha ottenuto 3 nomination ai Nastri d\u2019argento.<\/p>\n<p>Sergio insegna a Milano alla NABA (Nuova accademia di belle arti) e comunicazione al Politecnico, fa molte conferenze in Italia e all\u2019estero parlando dei meccanismi della comicit\u00e0 e della creativit\u00e0.<\/p>\n<\/div><\/section><\/p><\/div><div  class='flex_column av-gfmqhc-ae98b246db5647bed779646d72fbbb60 av_one_third  avia-builder-el-16  el_after_av_two_third  avia-builder-el-last  flex_column_div  '     ><div  class='avia-builder-widget-area clearfix  avia-builder-el-17  avia-builder-el-no-sibling '><div id=\"custom_html-3\" class=\"widget_text widget clearfix widget_custom_html\"><div class=\"textwidget custom-html-widget\">\n<style type=\"text\/css\" data-created_by=\"avia_inline_auto\" id=\"style-css-av-dskg1y-7640993e4bf78f89128063a9fecf1497\">\n.av_promobox.av-dskg1y-7640993e4bf78f89128063a9fecf1497{\ncolor:#ffffff;\nbackground:#444444;\nborder-color:#333333;\n}\n<\/style>\n<div  class='av_promobox av-dskg1y-7640993e4bf78f89128063a9fecf1497 avia-button-no'><div class='avia-promocontent'><h3 style=\"text-align: center;\"><span style=\"color: #ffffff;\">To know costs and availability<\/span><\/h3>\n<\/div><\/div>\r\n<form action=\"https:\/\/www.promostudio.info\/en\/speakers\/spaccavento-sergio\/\" method=\"post\" data-fields-with-error=\"Found errors in the following field(s):\" class=\"avia_ajax_form av-form-labels-hidden    \" data-avia-form-id=\"1\" data-avia-redirect='' ><h3 class=''>Fill out the form<\/h3><fieldset><p class='  first_form  form_element form_element_half' id='element_avia_1_1'><label for=\"avia_1_1\">Name <abbr class=\"required\" title=\"required\">*<\/abbr><\/label> <input name=\"avia_1_1\" class=\"text_input is_empty\" type=\"text\" id=\"avia_1_1\" value=\"\"  placeholder='Name*'\/><\/p><p class='  form_element form_element_half' id='element_avia_2_1'><label for=\"avia_2_1\">Surname <abbr class=\"required\" title=\"required\">*<\/abbr><\/label> <input name=\"avia_2_1\" class=\"text_input is_empty\" type=\"text\" id=\"avia_2_1\" value=\"\"  placeholder='Surname*'\/><\/p><p class='  first_form  form_element form_fullwidth' id='element_avia_3_1'><label for=\"avia_3_1\">Company <abbr class=\"required\" title=\"required\">*<\/abbr><\/label> <input name=\"avia_3_1\" class=\"text_input is_empty\" type=\"text\" id=\"avia_3_1\" value=\"\"  placeholder='Company*'\/><\/p><p class='  first_form  form_element form_element_half' id='element_avia_4_1'><label for=\"avia_4_1\">E-mail <abbr class=\"required\" title=\"required\">*<\/abbr><\/label> <input name=\"avia_4_1\" class=\"text_input is_email\" type=\"text\" id=\"avia_4_1\" value=\"\"  placeholder='E-mail*'\/><\/p><p class='  form_element form_element_half' id='element_avia_5_1'><label for=\"avia_5_1\">Phone <abbr class=\"required\" title=\"required\">*<\/abbr><\/label> <input name=\"avia_5_1\" class=\"text_input is_number\" type=\"text\" id=\"avia_5_1\" value=\"\"  placeholder='Phone*'\/><\/p><p class='  first_form  form_element form_fullwidth' id='element_avia_6_1'><label for=\"avia_6_1\">Speaker of your interest <abbr class=\"required\" title=\"required\">*<\/abbr><\/label> <input name=\"avia_6_1\" class=\"text_input is_empty\" type=\"text\" id=\"avia_6_1\" value=\"\"  placeholder='Speaker of your interest*'\/><\/p><p class='  first_form  form_element form_fullwidth' id='element_avia_7_1'><label for=\"avia_7_1\" class=\"textare_label hidden textare_label_avia_7_1\">Message <abbr class=\"required\" title=\"required\">*<\/abbr><\/label><textarea  placeholder='Message*' name=\"avia_7_1\" class=\"text_area is_empty\" cols=\"40\" rows=\"7\" id=\"avia_7_1\" ><\/textarea><\/p><p class=\"hidden\"><input type=\"text\" name=\"avia_8_1\" class=\"hidden \" id=\"avia_8_1\" value=\"\" \/><\/p><p class=' av_form_privacy_check av_contact_privacy_check first_form  form_element form_fullwidth' id='element_avia_9_1'><input  name=\"avia_9_1\" class=\"input_checkbox is_empty\" type=\"checkbox\" id=\"avia_9_1\" value=\"true\"\/><label class=\"input_checkbox_label\" for=\"avia_9_1\">I consent to the processing of my data according to our <a href='https:\/\/www.promostudio.info\/privacy-policy\/' target='_blank'>Privacy Policy<\/a> (GDPR Ue 2016\/679) <abbr class=\"required\" title=\"required\">*<\/abbr><\/label><\/p><p class=\"form_element \"><input type=\"hidden\" value=\"1\" name=\"avia_generated_form1\" \/><input type=\"submit\" value=\"Submit your request\" class=\"button\"  data-sending-label=\"Sending\"\/><\/p><\/fieldset><\/form><div id=\"ajaxresponse_1\" class=\"ajaxresponse ajaxresponse_1 hidden\"><\/div><\/div><\/div><\/div><\/div><\/div><\/div><\/div><!-- close content main div --><\/div><\/div><div id='after_section_2'  class='main_color av_default_container_wrap container_wrap sidebar_right'  ><div class='container av-section-cont-open' ><div class='template-page content  av-content-small alpha units'><div class='post-entry post-entry-type-page post-entry-5426'><div class='entry-content-wrapper clearfix'><\/p>\n","protected":false},"excerpt":{"rendered":"","protected":false},"featured_media":4439,"comment_status":"closed","ping_status":"closed","template":"","meta":[],"product_brand":[],"product_cat":[61],"product_tag":[],"class_list":{"0":"post-5426","1":"product","2":"type-product","3":"status-publish","4":"has-post-thumbnail","6":"product_cat-management-en","8":"first","9":"instock","10":"shipping-taxable","11":"product-type-simple"},"_links":{"self":[{"href":"https:\/\/www.promostudio.info\/en\/wp-json\/wp\/v2\/product\/5426","targetHints":{"allow":["GET"]}}],"collection":[{"href":"https:\/\/www.promostudio.info\/en\/wp-json\/wp\/v2\/product"}],"about":[{"href":"https:\/\/www.promostudio.info\/en\/wp-json\/wp\/v2\/types\/product"}],"replies":[{"embeddable":true,"href":"https:\/\/www.promostudio.info\/en\/wp-json\/wp\/v2\/comments?post=5426"}],"wp:featuredmedia":[{"embeddable":true,"href":"https:\/\/www.promostudio.info\/en\/wp-json\/wp\/v2\/media\/4439"}],"wp:attachment":[{"href":"https:\/\/www.promostudio.info\/en\/wp-json\/wp\/v2\/media?parent=5426"}],"wp:term":[{"taxonomy":"product_brand","embeddable":true,"href":"https:\/\/www.promostudio.info\/en\/wp-json\/wp\/v2\/product_brand?post=5426"},{"taxonomy":"product_cat","embeddable":true,"href":"https:\/\/www.promostudio.info\/en\/wp-json\/wp\/v2\/product_cat?post=5426"},{"taxonomy":"product_tag","embeddable":true,"href":"https:\/\/www.promostudio.info\/en\/wp-json\/wp\/v2\/product_tag?post=5426"}],"curies":[{"name":"wp","href":"https:\/\/api.w.org\/{rel}","templated":true}]}}